{"id":4425,"date":"2026-02-18T10:54:05","date_gmt":"2026-02-18T10:54:05","guid":{"rendered":"https:\/\/darkviolet-jay-311267.hostingersite.com\/villa-bura\/"},"modified":"2026-04-25T11:47:59","modified_gmt":"2026-04-25T11:47:59","slug":"villa-bura","status":"publish","type":"page","link":"https:\/\/realestate-facilities.com\/nl\/villa-bura\/","title":{"rendered":"Villa Bura"},"content":{"rendered":"\t\t<div data-elementor-type=\"wp-page\" data-elementor-id=\"4425\" class=\"elementor elementor-4425 elementor-3066\">\n\t\t\t\t<div class=\"elementor-element elementor-element-2756419 e-flex e-con-boxed e-con e-parent\" data-id=\"2756419\" data-element_type=\"container\" data-e-type=\"container\" data-settings=\"{&quot;background_background&quot;:&quot;classic&quot;,&quot;shape_divider_bottom&quot;:&quot;mountains&quot;}\">\n\t\t\t\t\t<div class=\"e-con-inner\">\n\t\t\t\t<div class=\"elementor-shape elementor-shape-bottom\" aria-hidden=\"true\" data-negative=\"false\">\n\t\t\t<svg xmlns=\"http:\/\/www.w3.org\/2000\/svg\" viewBox=\"0 0 1000 100\" preserveAspectRatio=\"none\">\n\t<path class=\"elementor-shape-fill\" opacity=\"0.33\" d=\"M473,67.3c-203.9,88.3-263.1-34-320.3,0C66,119.1,0,59.7,0,59.7V0h1000v59.7 c0,0-62.1,26.1-94.9,29.3c-32.8,3.3-62.8-12.3-75.8-22.1C806,49.6,745.3,8.7,694.9,4.7S492.4,59,473,67.3z\"\/>\n\t<path class=\"elementor-shape-fill\" opacity=\"0.66\" d=\"M734,67.3c-45.5,0-77.2-23.2-129.1-39.1c-28.6-8.7-150.3-10.1-254,39.1 s-91.7-34.4-149.2,0C115.7,118.3,0,39.8,0,39.8V0h1000v36.5c0,0-28.2-18.5-92.1-18.5C810.2,18.1,775.7,67.3,734,67.3z\"\/>\n\t<path class=\"elementor-shape-fill\" d=\"M766.1,28.9c-200-57.5-266,65.5-395.1,19.5C242,1.8,242,5.4,184.8,20.6C128,35.8,132.3,44.9,89.9,52.5C28.6,63.7,0,0,0,0 h1000c0,0-9.9,40.9-83.6,48.1S829.6,47,766.1,28.9z\"\/>\n<\/svg>\t\t<\/div>\n\t\t<div class=\"elementor-element elementor-element-b3e4675 e-con-full e-flex e-con e-child\" data-id=\"b3e4675\" data-element_type=\"container\" data-e-type=\"container\">\n\t\t\t\t<div class=\"elementor-element elementor-element-1f82dd3 elementor-widget elementor-widget-heading\" data-id=\"1f82dd3\" data-element_type=\"widget\" data-e-type=\"widget\" data-widget_type=\"heading.default\">\n\t\t\t\t<div class=\"elementor-widget-container\">\n\t\t\t\t\t<h2 class=\"elementor-heading-title elementor-size-default\">Villa Bura<\/h2>\t\t\t\t<\/div>\n\t\t\t\t<\/div>\n\t\t\t\t<\/div>\n\t\t\t\t\t<\/div>\n\t\t\t\t<\/div>\n\t\t<div class=\"elementor-element elementor-element-994c947 e-flex e-con-boxed e-con e-parent\" data-id=\"994c947\" data-element_type=\"container\" data-e-type=\"container\">\n\t\t\t\t\t<div class=\"e-con-inner\">\n\t\t\t\t<div class=\"elementor-element elementor-element-3a6d874 elementor-widget elementor-widget-counter\" data-id=\"3a6d874\" data-element_type=\"widget\" data-e-type=\"widget\" data-widget_type=\"counter.default\">\n\t\t\t\t<div class=\"elementor-widget-container\">\n\t\t\t\t\t\t\t<div class=\"elementor-counter\">\n\t\t\t<div class=\"elementor-counter-title\">Kamers<\/div>\t\t\t<div class=\"elementor-counter-number-wrapper\">\n\t\t\t\t<span class=\"elementor-counter-number-prefix\"><\/span>\n\t\t\t\t<span class=\"elementor-counter-number\" data-duration=\"2000\" data-to-value=\"6\" data-from-value=\"0\" data-delimiter=\",\">0<\/span>\n\t\t\t\t<span class=\"elementor-counter-number-suffix\"><\/span>\n\t\t\t<\/div>\n\t\t<\/div>\n\t\t\t\t\t\t<\/div>\n\t\t\t\t<\/div>\n\t\t\t\t<div class=\"elementor-element elementor-element-e95964a elementor-widget elementor-widget-counter\" data-id=\"e95964a\" data-element_type=\"widget\" data-e-type=\"widget\" data-widget_type=\"counter.default\">\n\t\t\t\t<div class=\"elementor-widget-container\">\n\t\t\t\t\t\t\t<div class=\"elementor-counter\">\n\t\t\t<div class=\"elementor-counter-title\">m2<\/div>\t\t\t<div class=\"elementor-counter-number-wrapper\">\n\t\t\t\t<span class=\"elementor-counter-number-prefix\"><\/span>\n\t\t\t\t<span class=\"elementor-counter-number\" data-duration=\"2000\" data-to-value=\"230\" data-from-value=\"0\" data-delimiter=\",\">0<\/span>\n\t\t\t\t<span class=\"elementor-counter-number-suffix\"><\/span>\n\t\t\t<\/div>\n\t\t<\/div>\n\t\t\t\t\t\t<\/div>\n\t\t\t\t<\/div>\n\t\t\t\t<div class=\"elementor-element elementor-element-728ab84 elementor-widget elementor-widget-counter\" data-id=\"728ab84\" data-element_type=\"widget\" data-e-type=\"widget\" data-widget_type=\"counter.default\">\n\t\t\t\t<div class=\"elementor-widget-container\">\n\t\t\t\t\t\t\t<div class=\"elementor-counter\">\n\t\t\t<div class=\"elementor-counter-title\">Terrassen<\/div>\t\t\t<div class=\"elementor-counter-number-wrapper\">\n\t\t\t\t<span class=\"elementor-counter-number-prefix\"><\/span>\n\t\t\t\t<span class=\"elementor-counter-number\" data-duration=\"2000\" data-to-value=\"2\" data-from-value=\"0\" data-delimiter=\",\">0<\/span>\n\t\t\t\t<span class=\"elementor-counter-number-suffix\"><\/span>\n\t\t\t<\/div>\n\t\t<\/div>\n\t\t\t\t\t\t<\/div>\n\t\t\t\t<\/div>\n\t\t\t\t\t<\/div>\n\t\t\t\t<\/div>\n\t\t<div class=\"elementor-element elementor-element-ba1452d e-flex e-con-boxed e-con e-parent\" data-id=\"ba1452d\" data-element_type=\"container\" data-e-type=\"container\">\n\t\t\t\t\t<div class=\"e-con-inner\">\n\t\t<div class=\"elementor-element elementor-element-b658611 e-con-full e-flex e-con e-child\" data-id=\"b658611\" data-element_type=\"container\" data-e-type=\"container\">\n\t\t\t\t<div class=\"elementor-element elementor-element-8f65316 elementor-widget elementor-widget-heading\" data-id=\"8f65316\" data-element_type=\"widget\" data-e-type=\"widget\" data-widget_type=\"heading.default\">\n\t\t\t\t<div class=\"elementor-widget-container\">\n\t\t\t\t\t<h2 class=\"elementor-heading-title elementor-size-default\">Villa Bura<\/h2>\t\t\t\t<\/div>\n\t\t\t\t<\/div>\n\t\t\t\t<div class=\"elementor-element elementor-element-29ae5e0 elementor-widget elementor-widget-text-editor\" data-id=\"29ae5e0\" data-element_type=\"widget\" data-e-type=\"widget\" data-widget_type=\"text-editor.default\">\n\t\t\t\t<div class=\"elementor-widget-container\">\n\t\t\t\t\t\t\t\t\t<p>Vertegenwoordig het toppunt van Dalmatisch kustleven, gelegen in het adembenemende dorp Maru\u0161i\u0107i aan de Makarska Riviera met een indrukwekkend, ononderbroken uitzicht over de Adriatische Zee. Omlijst door de ruige toppen van natuurpark Biokovo en de dramatische canyon van de rivier de Cetina, maar toch op minder dan 38 kilometer van Split en op slechts 23 kilometer van de beroemde restaurants en het nachtleven van Makarska, bieden deze ultra-exclusieve villa&#8217;s een zeldzame combinatie van ongerepte natuur, volledige privacy en moeiteloze toegang tot het allerbeste van de Kroatische kust. <\/p>\t\t\t\t\t\t\t\t<\/div>\n\t\t\t\t<\/div>\n\t\t\t\t<\/div>\n\t\t<div class=\"elementor-element elementor-element-52f3258 e-con-full e-flex e-con e-child\" data-id=\"52f3258\" data-element_type=\"container\" data-e-type=\"container\">\n\t\t\t\t<div class=\"elementor-element elementor-element-2cfc9f6 elementor-widget elementor-widget-image\" data-id=\"2cfc9f6\" data-element_type=\"widget\" data-e-type=\"widget\" data-widget_type=\"image.default\">\n\t\t\t\t<div class=\"elementor-widget-container\">\n\t\t\t\t\t\t\t\t\t\t\t\t\t\t\t<img fetchpriority=\"high\" decoding=\"async\" width=\"800\" height=\"550\" src=\"https:\/\/realestate-facilities.com\/wp-content\/uploads\/2026\/02\/luxury-villa-croatia-infinity-pool-sunloungers.jpg\" class=\"attachment-large size-large wp-image-4413\" alt=\"luxe villa kroati\u00eb overloop zwembad ligstoelen\" srcset=\"https:\/\/realestate-facilities.com\/wp-content\/uploads\/2026\/02\/luxury-villa-croatia-infinity-pool-sunloungers.jpg 800w, https:\/\/realestate-facilities.com\/wp-content\/uploads\/2026\/02\/luxury-villa-croatia-infinity-pool-sunloungers-300x206.jpg 300w, https:\/\/realestate-facilities.com\/wp-content\/uploads\/2026\/02\/luxury-villa-croatia-infinity-pool-sunloungers-768x528.jpg 768w\" sizes=\"(max-width: 800px) 100vw, 800px\" \/>\t\t\t\t\t\t\t\t\t\t\t\t\t\t\t<\/div>\n\t\t\t\t<\/div>\n\t\t\t\t<\/div>\n\t\t\t\t\t<\/div>\n\t\t\t\t<\/div>\n\t\t<div class=\"elementor-element elementor-element-190f72e e-flex e-con-boxed e-con e-parent\" data-id=\"190f72e\" data-element_type=\"container\" data-e-type=\"container\">\n\t\t\t\t\t<div class=\"e-con-inner\">\n\t\t<div class=\"elementor-element elementor-element-eae87ec e-con-full e-flex e-con e-child\" data-id=\"eae87ec\" data-element_type=\"container\" data-e-type=\"container\">\n\t\t\t\t<div class=\"elementor-element elementor-element-876c0ce elementor-arrows-position-inside elementor-widget elementor-widget-image-carousel\" data-id=\"876c0ce\" data-element_type=\"widget\" data-e-type=\"widget\" data-settings=\"{&quot;slides_to_show&quot;:&quot;1&quot;,&quot;navigation&quot;:&quot;arrows&quot;,&quot;lazyload&quot;:&quot;yes&quot;,&quot;effect&quot;:&quot;fade&quot;,&quot;speed&quot;:1000,&quot;autoplay&quot;:&quot;yes&quot;,&quot;pause_on_hover&quot;:&quot;yes&quot;,&quot;pause_on_interaction&quot;:&quot;yes&quot;,&quot;autoplay_speed&quot;:5000,&quot;infinite&quot;:&quot;yes&quot;}\" data-widget_type=\"image-carousel.default\">\n\t\t\t\t<div class=\"elementor-widget-container\">\n\t\t\t\t\t\t\t<div class=\"elementor-image-carousel-wrapper swiper\" role=\"region\" aria-roledescription=\"carousel\" aria-label=\"Afbeelding carrousel\" dir=\"ltr\">\n\t\t\t<div class=\"elementor-image-carousel swiper-wrapper\" aria-live=\"off\">\n\t\t\t\t\t\t\t\t<div class=\"swiper-slide\" role=\"group\" aria-roledescription=\"slide\" aria-label=\"1 van 15\"><figure class=\"swiper-slide-inner\"><img class=\"swiper-slide-image swiper-lazy\" data-src=\"https:\/\/realestate-facilities.com\/wp-content\/uploads\/2026\/02\/luxury-villa-croatia-rooftop-terrace-sea-view.jpg\" alt=\"luxe villa kroati\u00eb dakterras zeezicht\" \/><div class=\"swiper-lazy-preloader\"><\/div><\/figure><\/div><div class=\"swiper-slide\" role=\"group\" aria-roledescription=\"slide\" aria-label=\"2 van 15\"><figure class=\"swiper-slide-inner\"><img class=\"swiper-slide-image swiper-lazy\" data-src=\"https:\/\/realestate-facilities.com\/wp-content\/uploads\/2026\/02\/luxury-villa-croatia-rooftop-adriatic-panorama.jpg\" alt=\"luxe villa kroati\u00eb dakterras adriatisch panorama\" \/><div class=\"swiper-lazy-preloader\"><\/div><\/figure><\/div><div class=\"swiper-slide\" role=\"group\" aria-roledescription=\"slide\" aria-label=\"3 van 15\"><figure class=\"swiper-slide-inner\"><img class=\"swiper-slide-image swiper-lazy\" data-src=\"https:\/\/realestate-facilities.com\/wp-content\/uploads\/2026\/02\/luxury-villa-croatia-pool-wooden-slat-design.jpg\" alt=\"luxe villa kroati\u00eb zwembad houten lamellen ontwerp\" \/><div class=\"swiper-lazy-preloader\"><\/div><\/figure><\/div><div class=\"swiper-slide\" role=\"group\" aria-roledescription=\"slide\" aria-label=\"4 van 15\"><figure class=\"swiper-slide-inner\"><img class=\"swiper-slide-image swiper-lazy\" data-src=\"https:\/\/realestate-facilities.com\/wp-content\/uploads\/2026\/02\/luxury-villa-croatia-marble-bathroom-en-suite.jpg\" alt=\"luxe villa kroati\u00eb marmeren badkamer en suite\" \/><div class=\"swiper-lazy-preloader\"><\/div><\/figure><\/div><div class=\"swiper-slide\" role=\"group\" aria-roledescription=\"slide\" aria-label=\"5 van 15\"><figure class=\"swiper-slide-inner\"><img class=\"swiper-slide-image swiper-lazy\" data-src=\"https:\/\/realestate-facilities.com\/wp-content\/uploads\/2026\/02\/luxury-villa-croatia-living-room-adriatic-view.jpg\" alt=\"luxe villa kroati\u00eb woonkamer adriatisch uitzicht\" \/><div class=\"swiper-lazy-preloader\"><\/div><\/figure><\/div><div class=\"swiper-slide\" role=\"group\" aria-roledescription=\"slide\" aria-label=\"6 van 15\"><figure class=\"swiper-slide-inner\"><img class=\"swiper-slide-image swiper-lazy\" data-src=\"https:\/\/realestate-facilities.com\/wp-content\/uploads\/2026\/02\/luxury-villa-croatia-steam-room-hammam.jpg\" alt=\"luxe villa kroati\u00eb stoombad hammam\" \/><div class=\"swiper-lazy-preloader\"><\/div><\/figure><\/div><div class=\"swiper-slide\" role=\"group\" aria-roledescription=\"slide\" aria-label=\"7 van 15\"><figure class=\"swiper-slide-inner\"><img class=\"swiper-slide-image swiper-lazy\" data-src=\"https:\/\/realestate-facilities.com\/wp-content\/uploads\/2026\/02\/luxury-villa-croatia-sea-view-terrace-sunset.jpg\" alt=\"luxe villa kroati\u00eb zeezicht terras zonsondergang\" \/><div class=\"swiper-lazy-preloader\"><\/div><\/figure><\/div><div class=\"swiper-slide\" role=\"group\" aria-roledescription=\"slide\" aria-label=\"8 van 15\"><figure class=\"swiper-slide-inner\"><img class=\"swiper-slide-image swiper-lazy\" data-src=\"https:\/\/realestate-facilities.com\/wp-content\/uploads\/2026\/02\/luxury-villa-croatia-sauna-spa-chromotherapy.jpg\" alt=\"luxe villa kroati\u00eb sauna spa chromotherapie\" \/><div class=\"swiper-lazy-preloader\"><\/div><\/figure><\/div><div class=\"swiper-slide\" role=\"group\" aria-roledescription=\"slide\" aria-label=\"9 van 15\"><figure class=\"swiper-slide-inner\"><img class=\"swiper-slide-image swiper-lazy\" data-src=\"https:\/\/realestate-facilities.com\/wp-content\/uploads\/2026\/02\/luxury-villa-croatia-infinity-pool-sunloungers.jpg\" alt=\"luxe villa kroati\u00eb overloop zwembad ligstoelen\" \/><div class=\"swiper-lazy-preloader\"><\/div><\/figure><\/div><div class=\"swiper-slide\" role=\"group\" aria-roledescription=\"slide\" aria-label=\"10 van 15\"><figure class=\"swiper-slide-inner\"><img class=\"swiper-slide-image swiper-lazy\" data-src=\"https:\/\/realestate-facilities.com\/wp-content\/uploads\/2026\/02\/luxury-villa-croatia-gym-jacuzzi-wellness.jpg\" alt=\"luxe villa kroati\u00eb fitnessruimte jacuzzi wellness\" \/><div class=\"swiper-lazy-preloader\"><\/div><\/figure><\/div><div class=\"swiper-slide\" role=\"group\" aria-roledescription=\"slide\" aria-label=\"11 van 15\"><figure class=\"swiper-slide-inner\"><img class=\"swiper-slide-image swiper-lazy\" data-src=\"https:\/\/realestate-facilities.com\/wp-content\/uploads\/2026\/02\/luxury-villa-croatia-dining-room-sea-view.jpg\" alt=\"luxe villa kroati\u00eb eetkamer zeezicht\" \/><div class=\"swiper-lazy-preloader\"><\/div><\/figure><\/div><div class=\"swiper-slide\" role=\"group\" aria-roledescription=\"slide\" aria-label=\"12 van 15\"><figure class=\"swiper-slide-inner\"><img class=\"swiper-slide-image swiper-lazy\" data-src=\"https:\/\/realestate-facilities.com\/wp-content\/uploads\/2026\/02\/luxury-villa-croatia-bedroom-sea-view-terrace.jpg\" alt=\"luxe villa kroati\u00eb slaapkamer zeezicht terras\" \/><div class=\"swiper-lazy-preloader\"><\/div><\/figure><\/div><div class=\"swiper-slide\" role=\"group\" aria-roledescription=\"slide\" aria-label=\"13 van 15\"><figure class=\"swiper-slide-inner\"><img class=\"swiper-slide-image swiper-lazy\" data-src=\"https:\/\/realestate-facilities.com\/wp-content\/uploads\/2026\/02\/luxury-villa-croatia-aerial-pools-top-view.jpg\" alt=\"luxe villa kroati\u00eb luchtzwembaden bovenaanzicht\" \/><div class=\"swiper-lazy-preloader\"><\/div><\/figure><\/div><div class=\"swiper-slide\" role=\"group\" aria-roledescription=\"slide\" aria-label=\"14 van 15\"><figure class=\"swiper-slide-inner\"><img class=\"swiper-slide-image swiper-lazy\" data-src=\"https:\/\/realestate-facilities.com\/wp-content\/uploads\/2026\/02\/luxury-villa-croatia-aerial-night-view-complex.jpg\" alt=\"luxe villa kroati\u00eb luchtfoto nachtzicht complex\" \/><div class=\"swiper-lazy-preloader\"><\/div><\/figure><\/div><div class=\"swiper-slide\" role=\"group\" aria-roledescription=\"slide\" aria-label=\"15 van 15\"><figure class=\"swiper-slide-inner\"><img class=\"swiper-slide-image swiper-lazy\" data-src=\"https:\/\/realestate-facilities.com\/wp-content\/uploads\/2026\/02\/luxury-villa-croatia-aerial-night-pool-illuminated.jpg\" alt=\"luxe villa kroati\u00eb antenne nacht zwembad verlicht\" \/><div class=\"swiper-lazy-preloader\"><\/div><\/figure><\/div>\t\t\t<\/div>\n\t\t\t\t\t\t\t\t\t\t\t\t<div class=\"elementor-swiper-button elementor-swiper-button-prev\" role=\"button\" tabindex=\"0\">\n\t\t\t\t\t\t<i aria-hidden=\"true\" class=\"eicon-chevron-left\"><\/i>\t\t\t\t\t<\/div>\n\t\t\t\t\t<div class=\"elementor-swiper-button elementor-swiper-button-next\" role=\"button\" tabindex=\"0\">\n\t\t\t\t\t\t<i aria-hidden=\"true\" class=\"eicon-chevron-right\"><\/i>\t\t\t\t\t<\/div>\n\t\t\t\t\n\t\t\t\t\t\t\t\t\t<\/div>\n\t\t\t\t\t\t<\/div>\n\t\t\t\t<\/div>\n\t\t\t\t<div class=\"elementor-element elementor-element-cf149eb elementor-widget elementor-widget-text-editor\" data-id=\"cf149eb\" data-element_type=\"widget\" data-e-type=\"widget\" data-widget_type=\"text-editor.default\">\n\t\t\t\t<div class=\"elementor-widget-container\">\n\t\t\t\t\t\t\t\t\t<p>Luxe villa&#8217;s met panoramisch uitzicht op zee in een rustige kustomgeving, een combinatie van privacy, natuur en toegankelijkheid.<\/p><p data-start=\"4655\" data-end=\"4671\"><strong data-start=\"4655\" data-end=\"4671\">Belangrijkste details:<\/strong><\/p><ul data-start=\"4672\" data-end=\"4830\"><li data-section-id=\"1a5ogy0\" data-start=\"4672\" data-end=\"4697\">Hoogwaardig villa-ontwerp<\/li><li data-section-id=\"9mwh1v\" data-start=\"4698\" data-end=\"4726\">Panoramisch uitzicht op de Adriatische Zee<\/li><li data-section-id=\"1drcznn\" data-start=\"4727\" data-end=\"4771\">Gelegen in een rustige en groene omgeving<\/li><li data-section-id=\"1dbottr\" data-start=\"4772\" data-end=\"4830\">In de buurt van stranden, natuurpark Biokovo en de rivier Cetina<\/li><\/ul><p data-start=\"4832\" data-end=\"4908\"><strong data-start=\"4832\" data-end=\"4845\">Locatie:<\/strong> Maru\u0161i\u0107i, bij Omi\u0161 (13 km), Makarska (23 km), Split (38 km)<\/p><p data-start=\"4910\" data-end=\"4933\"><strong data-start=\"4910\" data-end=\"4920\">Prijs:<\/strong> Op aanvraag<\/p><p data-start=\"989\" data-end=\"1074\"> <\/p>\t\t\t\t\t\t\t\t<\/div>\n\t\t\t\t<\/div>\n\t\t\t\t<\/div>\n\t\t\t\t\t<\/div>\n\t\t\t\t<\/div>\n\t\t<div class=\"elementor-element elementor-element-14d16fc e-flex e-con-boxed e-con e-parent\" data-id=\"14d16fc\" data-element_type=\"container\" data-e-type=\"container\">\n\t\t\t\t\t<div class=\"e-con-inner\">\n\t\t\t\t<div class=\"elementor-element elementor-element-15673be elementor-widget elementor-widget-google_maps\" data-id=\"15673be\" data-element_type=\"widget\" data-e-type=\"widget\" data-widget_type=\"google_maps.default\">\n\t\t\t\t<div class=\"elementor-widget-container\">\n\t\t\t\t\t\t\t<div class=\"elementor-custom-embed\">\n\t\t\t<iframe loading=\"lazy\"\n\t\t\t\t\tsrc=\"https:\/\/maps.google.com\/maps?q=primosten&#038;t=m&#038;z=12&#038;output=embed&#038;iwloc=near\"\n\t\t\t\t\ttitle=\"primosten\"\n\t\t\t\t\taria-label=\"primosten\"\n\t\t\t><\/iframe>\n\t\t<\/div>\n\t\t\t\t\t\t<\/div>\n\t\t\t\t<\/div>\n\t\t\t\t\t<\/div>\n\t\t\t\t<\/div>\n\t\t\t\t<\/div>\n\t\t","protected":false},"excerpt":{"rendered":"<p>Villa Bura Kamers 0 m2 0 Terrassen 0 Villa Bura Vertegenwoordig het toppunt van Dalmatisch kustleven, gelegen in het adembenemende dorp Maru\u0161i\u0107i aan de Makarska Riviera met een indrukwekkend, ononderbroken uitzicht over de Adriatische Zee. Omlijst door de ruige toppen van natuurpark Biokovo en de dramatische canyon van de rivier de Cetina, maar toch op [&hellip;]<\/p>\n","protected":false},"author":1,"featured_media":0,"parent":0,"menu_order":0,"comment_status":"closed","ping_status":"closed","template":"","meta":{"footnotes":""},"class_list":["post-4425","page","type-page","status-publish","hentry"],"blocksy_meta":[],"_links":{"self":[{"href":"https:\/\/realestate-facilities.com\/nl\/wp-json\/wp\/v2\/pages\/4425","targetHints":{"allow":["GET"]}}],"collection":[{"href":"https:\/\/realestate-facilities.com\/nl\/wp-json\/wp\/v2\/pages"}],"about":[{"href":"https:\/\/realestate-facilities.com\/nl\/wp-json\/wp\/v2\/types\/page"}],"author":[{"embeddable":true,"href":"https:\/\/realestate-facilities.com\/nl\/wp-json\/wp\/v2\/users\/1"}],"replies":[{"embeddable":true,"href":"https:\/\/realestate-facilities.com\/nl\/wp-json\/wp\/v2\/comments?post=4425"}],"version-history":[{"count":1,"href":"https:\/\/realestate-facilities.com\/nl\/wp-json\/wp\/v2\/pages\/4425\/revisions"}],"predecessor-version":[{"id":4438,"href":"https:\/\/realestate-facilities.com\/nl\/wp-json\/wp\/v2\/pages\/4425\/revisions\/4438"}],"wp:attachment":[{"href":"https:\/\/realestate-facilities.com\/nl\/wp-json\/wp\/v2\/media?parent=4425"}],"curies":[{"name":"wp","href":"https:\/\/api.w.org\/{rel}","templated":true}]}}