{"id":4159,"date":"2026-01-30T19:31:48","date_gmt":"2026-01-30T19:31:48","guid":{"rendered":"https:\/\/darkviolet-jay-311267.hostingersite.com\/over-ons\/"},"modified":"2026-04-25T11:37:47","modified_gmt":"2026-04-25T11:37:47","slug":"over-ons","status":"publish","type":"page","link":"https:\/\/realestate-facilities.com\/nl\/over-ons\/","title":{"rendered":"Over ons"},"content":{"rendered":"\t\t<div data-elementor-type=\"wp-page\" data-elementor-id=\"4159\" class=\"elementor elementor-4159 elementor-2415\">\n\t\t\t\t<div class=\"elementor-element elementor-element-825f1f6 e-flex e-con-boxed e-con e-parent\" data-id=\"825f1f6\" data-element_type=\"container\" data-e-type=\"container\" data-settings=\"{&quot;background_background&quot;:&quot;classic&quot;,&quot;shape_divider_bottom&quot;:&quot;mountains&quot;}\">\n\t\t\t\t\t<div class=\"e-con-inner\">\n\t\t\t\t<div class=\"elementor-shape elementor-shape-bottom\" aria-hidden=\"true\" data-negative=\"false\">\n\t\t\t<svg xmlns=\"http:\/\/www.w3.org\/2000\/svg\" viewBox=\"0 0 1000 100\" preserveAspectRatio=\"none\">\n\t<path class=\"elementor-shape-fill\" opacity=\"0.33\" d=\"M473,67.3c-203.9,88.3-263.1-34-320.3,0C66,119.1,0,59.7,0,59.7V0h1000v59.7 c0,0-62.1,26.1-94.9,29.3c-32.8,3.3-62.8-12.3-75.8-22.1C806,49.6,745.3,8.7,694.9,4.7S492.4,59,473,67.3z\"\/>\n\t<path class=\"elementor-shape-fill\" opacity=\"0.66\" d=\"M734,67.3c-45.5,0-77.2-23.2-129.1-39.1c-28.6-8.7-150.3-10.1-254,39.1 s-91.7-34.4-149.2,0C115.7,118.3,0,39.8,0,39.8V0h1000v36.5c0,0-28.2-18.5-92.1-18.5C810.2,18.1,775.7,67.3,734,67.3z\"\/>\n\t<path class=\"elementor-shape-fill\" d=\"M766.1,28.9c-200-57.5-266,65.5-395.1,19.5C242,1.8,242,5.4,184.8,20.6C128,35.8,132.3,44.9,89.9,52.5C28.6,63.7,0,0,0,0 h1000c0,0-9.9,40.9-83.6,48.1S829.6,47,766.1,28.9z\"\/>\n<\/svg>\t\t<\/div>\n\t\t<div class=\"elementor-element elementor-element-8d63952 e-con-full e-flex e-con e-child\" data-id=\"8d63952\" data-element_type=\"container\" data-e-type=\"container\">\n\t\t\t\t<div class=\"elementor-element elementor-element-1ff5632 elementor-widget elementor-widget-heading\" data-id=\"1ff5632\" data-element_type=\"widget\" data-e-type=\"widget\" data-widget_type=\"heading.default\">\n\t\t\t\t<div class=\"elementor-widget-container\">\n\t\t\t\t\t<h2 class=\"elementor-heading-title elementor-size-default\">Over ons<\/h2>\t\t\t\t<\/div>\n\t\t\t\t<\/div>\n\t\t\t\t<div class=\"elementor-element elementor-element-be11111 elementor-widget elementor-widget-text-editor\" data-id=\"be11111\" data-element_type=\"widget\" data-e-type=\"widget\" data-widget_type=\"text-editor.default\">\n\t\t\t\t<div class=\"elementor-widget-container\">\n\t\t\t\t\t\t\t\t\t<p>Met meer dan 25 jaar ervaring op de Kroatische vastgoedmarkt begeleiden we onze klanten van het eerste idee tot de uiteindelijke realisatie. Door onze diepgaande lokale kennis te combineren met een internationale aanpak, cre\u00ebren we naadloze en veilige investeringsreizen langs de Adriatische kust. <\/p>\t\t\t\t\t\t\t\t<\/div>\n\t\t\t\t<\/div>\n\t\t\t\t<div class=\"elementor-element elementor-element-09e8ce1 elementor-align-center elementor-widget elementor-widget-button\" data-id=\"09e8ce1\" data-element_type=\"widget\" data-e-type=\"widget\" data-widget_type=\"button.default\">\n\t\t\t\t<div class=\"elementor-widget-container\">\n\t\t\t\t\t\t\t\t\t<div class=\"elementor-button-wrapper\">\n\t\t\t\t\t<a class=\"elementor-button elementor-button-link elementor-size-sm\" href=\"https:\/\/darkviolet-jay-311267.hostingersite.com\/our-projects\/\">\n\t\t\t\t\t\t<span class=\"elementor-button-content-wrapper\">\n\t\t\t\t\t\t\t\t\t<span class=\"elementor-button-text\">PROJECTEN BEKIJKEN<\/span>\n\t\t\t\t\t<\/span>\n\t\t\t\t\t<\/a>\n\t\t\t\t<\/div>\n\t\t\t\t\t\t\t\t<\/div>\n\t\t\t\t<\/div>\n\t\t\t\t<\/div>\n\t\t\t\t\t<\/div>\n\t\t\t\t<\/div>\n\t\t<div class=\"elementor-element elementor-element-9818345 e-flex e-con-boxed e-con e-parent\" data-id=\"9818345\" data-element_type=\"container\" data-e-type=\"container\">\n\t\t\t\t\t<div class=\"e-con-inner\">\n\t\t\t\t<div class=\"elementor-element elementor-element-7e73b83 elementor-widget elementor-widget-counter\" data-id=\"7e73b83\" data-element_type=\"widget\" data-e-type=\"widget\" data-widget_type=\"counter.default\">\n\t\t\t\t<div class=\"elementor-widget-container\">\n\t\t\t\t\t\t\t<div class=\"elementor-counter\">\n\t\t\t<div class=\"elementor-counter-title\">Aantal jaren ervaring<\/div>\t\t\t<div class=\"elementor-counter-number-wrapper\">\n\t\t\t\t<span class=\"elementor-counter-number-prefix\"><\/span>\n\t\t\t\t<span class=\"elementor-counter-number\" data-duration=\"2000\" data-to-value=\"25\" data-from-value=\"0\" data-delimiter=\",\">0<\/span>\n\t\t\t\t<span class=\"elementor-counter-number-suffix\">+<\/span>\n\t\t\t<\/div>\n\t\t<\/div>\n\t\t\t\t\t\t<\/div>\n\t\t\t\t<\/div>\n\t\t\t\t<div class=\"elementor-element elementor-element-63c2e0e elementor-widget elementor-widget-counter\" data-id=\"63c2e0e\" data-element_type=\"widget\" data-e-type=\"widget\" data-widget_type=\"counter.default\">\n\t\t\t\t<div class=\"elementor-widget-container\">\n\t\t\t\t\t\t\t<div class=\"elementor-counter\">\n\t\t\t<div class=\"elementor-counter-title\">Volledige serviceondersteuning<\/div>\t\t\t<div class=\"elementor-counter-number-wrapper\">\n\t\t\t\t<span class=\"elementor-counter-number-prefix\"><\/span>\n\t\t\t\t<span class=\"elementor-counter-number\" data-duration=\"2000\" data-to-value=\"100\" data-from-value=\"0\" data-delimiter=\",\">0<\/span>\n\t\t\t\t<span class=\"elementor-counter-number-suffix\">%<\/span>\n\t\t\t<\/div>\n\t\t<\/div>\n\t\t\t\t\t\t<\/div>\n\t\t\t\t<\/div>\n\t\t\t\t\t<\/div>\n\t\t\t\t<\/div>\n\t\t<div class=\"elementor-element elementor-element-dca57ad e-flex e-con-boxed e-con e-parent\" data-id=\"dca57ad\" data-element_type=\"container\" data-e-type=\"container\">\n\t\t\t\t\t<div class=\"e-con-inner\">\n\t\t<div class=\"elementor-element elementor-element-8ec59ee e-con-full e-flex e-con e-child\" data-id=\"8ec59ee\" data-element_type=\"container\" data-e-type=\"container\">\n\t\t\t\t<div class=\"elementor-element elementor-element-7da0e9e elementor-widget elementor-widget-heading\" data-id=\"7da0e9e\" data-element_type=\"widget\" data-e-type=\"widget\" data-widget_type=\"heading.default\">\n\t\t\t\t<div class=\"elementor-widget-container\">\n\t\t\t\t\t<h2 class=\"elementor-heading-title elementor-size-default\">Waarom kiezen voor vastgoedfaciliteiten?<\/h2>\t\t\t\t<\/div>\n\t\t\t\t<\/div>\n\t\t\t\t<div class=\"elementor-element elementor-element-4fda5f2 elementor-widget elementor-widget-text-editor\" data-id=\"4fda5f2\" data-element_type=\"widget\" data-e-type=\"widget\" data-widget_type=\"text-editor.default\">\n\t\t\t\t<div class=\"elementor-widget-container\">\n\t\t\t\t\t\t\t\t\t<p><span style=\"font-weight: 400;\">Zonder lokale kennis geen zekerheid en zonder passie geen resultaat. Real Estate Facilities ondersteunt u vanaf de eerste ori\u00ebntatie tot de uiteindelijke oplevering van uw vastgoed of project. Met meer dan 25 jaar ervaring in Kroati\u00eb kennen we de regelgeving, de markt en de juiste mensen. Of het nu gaat om notarissen, architecten, aannemers of lokale autoriteiten, ons netwerk zorgt ervoor dat uw investering veilig, transparant en goed geregeld is, inclusief eventuele vergunningsprocedures.De toetreding van Kroati\u00eb tot de Europese Unie in 2013 en de invoering van de euro in 2023 hebben het investeringsklimaat aanzienlijk verbeterd. Real Estate Facilities staat voor betrouwbaarheid, duidelijkheid en een realistische stap-voor-stap aanpak.    <\/span><\/p>\t\t\t\t\t\t\t\t<\/div>\n\t\t\t\t<\/div>\n\t\t\t\t<div class=\"elementor-element elementor-element-bef64f4 elementor-widget elementor-widget-video\" data-id=\"bef64f4\" data-element_type=\"widget\" data-e-type=\"widget\" data-settings=\"{&quot;youtube_url&quot;:&quot;https:\\\/\\\/youtu.be\\\/h4XjPaQb47M&quot;,&quot;start&quot;:1,&quot;autoplay&quot;:&quot;yes&quot;,&quot;loop&quot;:&quot;yes&quot;,&quot;yt_privacy&quot;:&quot;yes&quot;,&quot;end&quot;:83,&quot;mute&quot;:&quot;yes&quot;,&quot;video_type&quot;:&quot;youtube&quot;,&quot;controls&quot;:&quot;yes&quot;}\" data-widget_type=\"video.default\">\n\t\t\t\t<div class=\"elementor-widget-container\">\n\t\t\t\t\t\t\t<div class=\"elementor-wrapper elementor-open-inline\">\n\t\t\t<div class=\"elementor-video\"><\/div>\t\t<\/div>\n\t\t\t\t\t\t<\/div>\n\t\t\t\t<\/div>\n\t\t\t\t<\/div>\n\t\t\t\t\t<\/div>\n\t\t\t\t<\/div>\n\t\t<div class=\"elementor-element elementor-element-7066ad8 e-flex e-con-boxed e-con e-parent\" data-id=\"7066ad8\" data-element_type=\"container\" data-e-type=\"container\">\n\t\t\t\t\t<div class=\"e-con-inner\">\n\t\t\t\t<div class=\"elementor-element elementor-element-aa00e3a elementor-view-framed elementor-shape-rounded elementor-mobile-position-block-start elementor-widget elementor-widget-icon-box\" data-id=\"aa00e3a\" data-element_type=\"widget\" data-e-type=\"widget\" data-widget_type=\"icon-box.default\">\n\t\t\t\t<div class=\"elementor-widget-container\">\n\t\t\t\t\t\t\t<div class=\"elementor-icon-box-wrapper\">\n\n\t\t\t\t\t\t<div class=\"elementor-icon-box-icon\">\n\t\t\t\t<span  class=\"elementor-icon\">\n\t\t\t\t<i aria-hidden=\"true\" class=\"fas fa-home\"><\/i>\t\t\t\t<\/span>\n\t\t\t<\/div>\n\t\t\t\n\t\t\t\t\t\t<div class=\"elementor-icon-box-content\">\n\n\t\t\t\t\t\t\t\t\t<h3 class=\"elementor-icon-box-title\">\n\t\t\t\t\t\t<span  >\n\t\t\t\t\t\t\tAppartementen\t\t\t\t\t\t<\/span>\n\t\t\t\t\t<\/h3>\n\t\t\t\t\n\t\t\t\t\t\t\t\t\t<p class=\"elementor-icon-box-description\">\n\t\t\t\t\t\tReal Estate Facilities helpt u bij het vinden van hoogwaardige appartementen in Dalmati\u00eb en omstreken.\nVia ons uitgebreide netwerk bieden wij toegang tot exclusieve appartementen op toplocaties, vari\u00ebrend van moderne stadswoningen tot luxe woningen aan de kust met panoramisch uitzicht op zee.\nWij geven persoonlijk advies, houden zorgvuldig rekening met uw voorkeuren en zorgen ervoor dat u met vertrouwen kunt investeren in een woning die past bij uw levensstijl en langetermijndoelen. Bekijk ons huidige aanbod of laat ons je helpen je ideale appartement in Kroati\u00eb te vinden. \t\t\t\t\t<\/p>\n\t\t\t\t\n\t\t\t<\/div>\n\t\t\t\n\t\t<\/div>\n\t\t\t\t\t\t<\/div>\n\t\t\t\t<\/div>\n\t\t\t\t<div class=\"elementor-element elementor-element-f7709f4 elementor-view-framed elementor-shape-rounded elementor-mobile-position-block-start elementor-widget elementor-widget-icon-box\" data-id=\"f7709f4\" data-element_type=\"widget\" data-e-type=\"widget\" data-widget_type=\"icon-box.default\">\n\t\t\t\t<div class=\"elementor-widget-container\">\n\t\t\t\t\t\t\t<div class=\"elementor-icon-box-wrapper\">\n\n\t\t\t\t\t\t<div class=\"elementor-icon-box-icon\">\n\t\t\t\t<span  class=\"elementor-icon\">\n\t\t\t\t<i aria-hidden=\"true\" class=\"fas fa-handshake\"><\/i>\t\t\t\t<\/span>\n\t\t\t<\/div>\n\t\t\t\n\t\t\t\t\t\t<div class=\"elementor-icon-box-content\">\n\n\t\t\t\t\t\t\t\t\t<h3 class=\"elementor-icon-box-title\">\n\t\t\t\t\t\t<span  >\n\t\t\t\t\t\t\tOntwikkeling\t\t\t\t\t\t<\/span>\n\t\t\t\t\t<\/h3>\n\t\t\t\t\n\t\t\t\t\t\t\t\t\t<p class=\"elementor-icon-box-description\">\n\t\t\t\t\t\tOntwikkeling van appartementen, percelen en vastgoedprojecten in Kroati\u00eb. Real Estate Facilities ondersteunt zowel particuliere kopers als investeerders bij de ontwikkeling en realisatie van appartementen, villa's, penthouses en andere vastgoedprojecten in heel Kroati\u00eb. Met onze uitgebreide ervaring in bouwprocessen en lokale regelgeving begeleiden wij projecten vanaf het eerste concept tot de uiteindelijke oplevering. Samen met ons vertrouwde netwerk van partners zorgen we voor transparantie, hoogwaardige afwerking en een soepel ontwikkelingsproces. We cre\u00ebren residenti\u00eble projecten van hoge kwaliteit op aantrekkelijke locaties langs de Adriatische kust.    \n\t\t\t\t\t<\/p>\n\t\t\t\t\n\t\t\t<\/div>\n\t\t\t\n\t\t<\/div>\n\t\t\t\t\t\t<\/div>\n\t\t\t\t<\/div>\n\t\t\t\t<div class=\"elementor-element elementor-element-7cc6b6b elementor-view-framed elementor-shape-rounded elementor-mobile-position-block-start elementor-widget elementor-widget-icon-box\" data-id=\"7cc6b6b\" data-element_type=\"widget\" data-e-type=\"widget\" data-widget_type=\"icon-box.default\">\n\t\t\t\t<div class=\"elementor-widget-container\">\n\t\t\t\t\t\t\t<div class=\"elementor-icon-box-wrapper\">\n\n\t\t\t\t\t\t<div class=\"elementor-icon-box-icon\">\n\t\t\t\t<span  class=\"elementor-icon\">\n\t\t\t\t<i aria-hidden=\"true\" class=\"fas fa-mountain\"><\/i>\t\t\t\t<\/span>\n\t\t\t<\/div>\n\t\t\t\n\t\t\t\t\t\t<div class=\"elementor-icon-box-content\">\n\n\t\t\t\t\t\t\t\t\t<h3 class=\"elementor-icon-box-title\">\n\t\t\t\t\t\t<span  >\n\t\t\t\t\t\t\tLand\t\t\t\t\t\t<\/span>\n\t\t\t\t\t<\/h3>\n\t\t\t\t\n\t\t\t\t\t\t\t\t\t<p class=\"elementor-icon-box-description\">\n\t\t\t\t\t\tBouwpercelen tegen aantrekkelijke prijzen in Dalmati\u00eb (Kroati\u00eb). Met meer dan 25 jaar persoonlijke ervaring in Kroati\u00eb biedt Real Estate Facilities directe en exclusieve toegang tot bouwpercelen op toplocaties, zonder tussenpersonen.\nDankzij ons zorgvuldig opgebouwde en betrouwbare netwerk kunnen wij grond aanbieden tegen zeer concurrerende prijzen. Zoals altijd begeleiden wij u van A tot Z. Bent u op zoek naar de perfecte bouwkavel in Dalmati\u00eb? Bekijk ons huidige aanbod of dien een vrijblijvende aanvraag in. Je ideale locatie ligt binnen handbereik.    \t\t\t\t\t<\/p>\n\t\t\t\t\n\t\t\t<\/div>\n\t\t\t\n\t\t<\/div>\n\t\t\t\t\t\t<\/div>\n\t\t\t\t<\/div>\n\t\t\t\t\t<\/div>\n\t\t\t\t<\/div>\n\t\t<div class=\"elementor-element elementor-element-4329510 e-flex e-con-boxed e-con e-parent\" data-id=\"4329510\" data-element_type=\"container\" data-e-type=\"container\">\n\t\t\t\t\t<div class=\"e-con-inner\">\n\t\t\t\t<div class=\"elementor-element elementor-element-7794f1f elementor-widget elementor-widget-heading\" data-id=\"7794f1f\" data-element_type=\"widget\" data-e-type=\"widget\" data-widget_type=\"heading.default\">\n\t\t\t\t<div class=\"elementor-widget-container\">\n\t\t\t\t\t<h2 class=\"elementor-heading-title elementor-size-default\">Expertise<\/h2>\t\t\t\t<\/div>\n\t\t\t\t<\/div>\n\t\t\t\t<div class=\"elementor-element elementor-element-9f59c38 elementor-widget elementor-widget-elementskit-accordion\" data-id=\"9f59c38\" data-element_type=\"widget\" data-e-type=\"widget\" data-widget_type=\"elementskit-accordion.default\">\n\t\t\t\t<div class=\"elementor-widget-container\">\n\t\t\t\t\t<div class=\"ekit-wid-con\" >\n        <div class=\"elementskit-accordion accoedion-primary\" id=\"accordion-69fa10a78c25c\">\n\n            \n                <div class=\"elementskit-card active\">\n                    <div class=\"elementskit-card-header\" id=\"primaryHeading-0-9f59c38\">\n                        <a href=\"#collapse-d58c76369fa10a78c25c\" class=\"ekit-accordion--toggler elementskit-btn-link collapsed\" data-ekit-toggle=\"collapse\" data-target=\"#Collapse-d58c76369fa10a78c25c\" aria-expanded=\"true\" aria-controls=\"Collapse-d58c76369fa10a78c25c\">\n                            \n                            <span class=\"ekit-accordion-title\">Expert in bouw en projectontwikkeling in Kroati\u00eb<\/span>\n\n                            \n                                <div class=\"ekit_accordion_icon_group\">\n                                    <div class=\"ekit_accordion_normal_icon\">\n                                        <!-- Normal Icon -->\n\t\t\t\t\t\t\t\t\t\t<i class=\"icon icon-down-arrow1\"><\/i>                                    <\/div>\n\n                                    <div class=\"ekit_accordion_active_icon\">\n                                        <!-- Active Icon -->\n\t\t\t\t\t\t\t\t\t\t<i class=\"icon icon-up-arrow1\"><\/i>                                    <\/div>\n                                <\/div>\n\n                            \n                                                    <\/a>\n                    <\/div>\n\n                    <div id=\"Collapse-d58c76369fa10a78c25c\" class=\" show collapse\" aria-labelledby=\"primaryHeading-0-9f59c38\" data-parent=\"#accordion-69fa10a78c25c\">\n\n                        <div class=\"elementskit-card-body ekit-accordion--content\">\n                            <p><span style=\"font-weight: 400\">Real Estate Facilities werkt met een sterk netwerk van lokale specialisten die je begeleiden bij elke stap van je investering:<\/span><\/p>\n                        <\/div>\n\n                    <\/div>\n\n                <\/div><!-- .elementskit-card END -->\n\n                \n                <div class=\"elementskit-card \">\n                    <div class=\"elementskit-card-header\" id=\"primaryHeading-1-9f59c38\">\n                        <a href=\"#collapse-fe27dda69fa10a78c25c\" class=\"ekit-accordion--toggler elementskit-btn-link collapsed\" data-ekit-toggle=\"collapse\" data-target=\"#Collapse-fe27dda69fa10a78c25c\" aria-expanded=\"false\" aria-controls=\"Collapse-fe27dda69fa10a78c25c\">\n                            \n                            <span class=\"ekit-accordion-title\">Juridisch en fiscaal advies<\/span>\n\n                            \n                                <div class=\"ekit_accordion_icon_group\">\n                                    <div class=\"ekit_accordion_normal_icon\">\n                                        <!-- Normal Icon -->\n\t\t\t\t\t\t\t\t\t\t<i class=\"icon icon-down-arrow1\"><\/i>                                    <\/div>\n\n                                    <div class=\"ekit_accordion_active_icon\">\n                                        <!-- Active Icon -->\n\t\t\t\t\t\t\t\t\t\t<i class=\"icon icon-up-arrow1\"><\/i>                                    <\/div>\n                                <\/div>\n\n                            \n                                                    <\/a>\n                    <\/div>\n\n                    <div id=\"Collapse-fe27dda69fa10a78c25c\" class=\" collapse\" aria-labelledby=\"primaryHeading-1-9f59c38\" data-parent=\"#accordion-69fa10a78c25c\">\n\n                        <div class=\"elementskit-card-body ekit-accordion--content\">\n                            <p><span style=\"font-weight: 400\">Onze lokale advocaten en belastingadviseurs zorgen voor een rechtszekere aankoop.<\/span><\/p>\n                        <\/div>\n\n                    <\/div>\n\n                <\/div><!-- .elementskit-card END -->\n\n                \n                <div class=\"elementskit-card \">\n                    <div class=\"elementskit-card-header\" id=\"primaryHeading-2-9f59c38\">\n                        <a href=\"#collapse-08a6ee569fa10a78c25c\" class=\"ekit-accordion--toggler elementskit-btn-link collapsed\" data-ekit-toggle=\"collapse\" data-target=\"#Collapse-08a6ee569fa10a78c25c\" aria-expanded=\"false\" aria-controls=\"Collapse-08a6ee569fa10a78c25c\">\n                            \n                            <span class=\"ekit-accordion-title\">Bouwvergunningen en architectuur<\/span>\n\n                            \n                                <div class=\"ekit_accordion_icon_group\">\n                                    <div class=\"ekit_accordion_normal_icon\">\n                                        <!-- Normal Icon -->\n\t\t\t\t\t\t\t\t\t\t<i class=\"icon icon-down-arrow1\"><\/i>                                    <\/div>\n\n                                    <div class=\"ekit_accordion_active_icon\">\n                                        <!-- Active Icon -->\n\t\t\t\t\t\t\t\t\t\t<i class=\"icon icon-up-arrow1\"><\/i>                                    <\/div>\n                                <\/div>\n\n                            \n                                                    <\/a>\n                    <\/div>\n\n                    <div id=\"Collapse-08a6ee569fa10a78c25c\" class=\" collapse\" aria-labelledby=\"primaryHeading-2-9f59c38\" data-parent=\"#accordion-69fa10a78c25c\">\n\n                        <div class=\"elementskit-card-body ekit-accordion--content\">\n                            <p><span style=\"font-weight: 400\">In samenwerking met onze architecten en specialisten worden alle vergunningen professioneel beheerd.<\/span><\/p>\n                        <\/div>\n\n                    <\/div>\n\n                <\/div><!-- .elementskit-card END -->\n\n                \n                <div class=\"elementskit-card \">\n                    <div class=\"elementskit-card-header\" id=\"primaryHeading-3-9f59c38\">\n                        <a href=\"#collapse-e4de8d369fa10a78c25c\" class=\"ekit-accordion--toggler elementskit-btn-link collapsed\" data-ekit-toggle=\"collapse\" data-target=\"#Collapse-e4de8d369fa10a78c25c\" aria-expanded=\"false\" aria-controls=\"Collapse-e4de8d369fa10a78c25c\">\n                            \n                            <span class=\"ekit-accordion-title\">Bedrijfsinvesteringen<\/span>\n\n                            \n                                <div class=\"ekit_accordion_icon_group\">\n                                    <div class=\"ekit_accordion_normal_icon\">\n                                        <!-- Normal Icon -->\n\t\t\t\t\t\t\t\t\t\t<i class=\"icon icon-down-arrow1\"><\/i>                                    <\/div>\n\n                                    <div class=\"ekit_accordion_active_icon\">\n                                        <!-- Active Icon -->\n\t\t\t\t\t\t\t\t\t\t<i class=\"icon icon-up-arrow1\"><\/i>                                    <\/div>\n                                <\/div>\n\n                            \n                                                    <\/a>\n                    <\/div>\n\n                    <div id=\"Collapse-e4de8d369fa10a78c25c\" class=\" collapse\" aria-labelledby=\"primaryHeading-3-9f59c38\" data-parent=\"#accordion-69fa10a78c25c\">\n\n                        <div class=\"elementskit-card-body ekit-accordion--content\">\n                            <p><span style=\"font-weight: 400\">Voor investeerders assisteren we bij het opzetten van een Kroatisch bedrijf (d.o.o.), dat binnen een maand operationeel kan zijn, afhankelijk van goedkeuring door de relevante autoriteiten. Kroati\u00eb biedt aantrekkelijke fiscale voordelen. <\/span><\/p>\n                        <\/div>\n\n                    <\/div>\n\n                <\/div><!-- .elementskit-card END -->\n\n                \n                <div class=\"elementskit-card \">\n                    <div class=\"elementskit-card-header\" id=\"primaryHeading-4-9f59c38\">\n                        <a href=\"#collapse-d5f788069fa10a78c25c\" class=\"ekit-accordion--toggler elementskit-btn-link collapsed\" data-ekit-toggle=\"collapse\" data-target=\"#Collapse-d5f788069fa10a78c25c\" aria-expanded=\"false\" aria-controls=\"Collapse-d5f788069fa10a78c25c\">\n                            \n                            <span class=\"ekit-accordion-title\">Huurinkomsten<\/span>\n\n                            \n                                <div class=\"ekit_accordion_icon_group\">\n                                    <div class=\"ekit_accordion_normal_icon\">\n                                        <!-- Normal Icon -->\n\t\t\t\t\t\t\t\t\t\t<i class=\"icon icon-down-arrow1\"><\/i>                                    <\/div>\n\n                                    <div class=\"ekit_accordion_active_icon\">\n                                        <!-- Active Icon -->\n\t\t\t\t\t\t\t\t\t\t<i class=\"icon icon-up-arrow1\"><\/i>                                    <\/div>\n                                <\/div>\n\n                            \n                                                    <\/a>\n                    <\/div>\n\n                    <div id=\"Collapse-d5f788069fa10a78c25c\" class=\" collapse\" aria-labelledby=\"primaryHeading-4-9f59c38\" data-parent=\"#accordion-69fa10a78c25c\">\n\n                        <div class=\"elementskit-card-body ekit-accordion--content\">\n                            <p><span style=\"font-weight: 400\">Commercieel vastgoed in Kroati\u00eb biedt sterke huuropbrengsten, vaak boven het gemiddelde in vergelijking met andere Europese landen.<\/span><\/p>\n                        <\/div>\n\n                    <\/div>\n\n                <\/div><!-- .elementskit-card END -->\n\n                                        <\/div>\n    <\/div>\t\t\t\t<\/div>\n\t\t\t\t<\/div>\n\t\t\t\t\t<\/div>\n\t\t\t\t<\/div>\n\t\t\t\t<\/div>\n\t\t","protected":false},"excerpt":{"rendered":"<p>Over ons Met meer dan 25 jaar ervaring op de Kroatische vastgoedmarkt begeleiden we onze klanten van het eerste idee tot de uiteindelijke realisatie. Door onze diepgaande lokale kennis te combineren met een internationale aanpak, cre\u00ebren we naadloze en veilige investeringsreizen langs de Adriatische kust. PROJECTEN BEKIJKEN Aantal jaren ervaring 0 + Volledige serviceondersteuning 0 [&hellip;]<\/p>\n","protected":false},"author":1,"featured_media":0,"parent":0,"menu_order":0,"comment_status":"closed","ping_status":"closed","template":"","meta":{"footnotes":""},"class_list":["post-4159","page","type-page","status-publish","hentry"],"blocksy_meta":[],"_links":{"self":[{"href":"https:\/\/realestate-facilities.com\/nl\/wp-json\/wp\/v2\/pages\/4159","targetHints":{"allow":["GET"]}}],"collection":[{"href":"https:\/\/realestate-facilities.com\/nl\/wp-json\/wp\/v2\/pages"}],"about":[{"href":"https:\/\/realestate-facilities.com\/nl\/wp-json\/wp\/v2\/types\/page"}],"author":[{"embeddable":true,"href":"https:\/\/realestate-facilities.com\/nl\/wp-json\/wp\/v2\/users\/1"}],"replies":[{"embeddable":true,"href":"https:\/\/realestate-facilities.com\/nl\/wp-json\/wp\/v2\/comments?post=4159"}],"version-history":[{"count":2,"href":"https:\/\/realestate-facilities.com\/nl\/wp-json\/wp\/v2\/pages\/4159\/revisions"}],"predecessor-version":[{"id":4162,"href":"https:\/\/realestate-facilities.com\/nl\/wp-json\/wp\/v2\/pages\/4159\/revisions\/4162"}],"wp:attachment":[{"href":"https:\/\/realestate-facilities.com\/nl\/wp-json\/wp\/v2\/media?parent=4159"}],"curies":[{"name":"wp","href":"https:\/\/api.w.org\/{rel}","templated":true}]}}