{"id":7577,"date":"2024-10-22T11:18:09","date_gmt":"2024-10-22T09:18:09","guid":{"rendered":"https:\/\/realestate-facilities.com\/?page_id=7577"},"modified":"2024-11-12T14:31:55","modified_gmt":"2024-11-12T13:31:55","slug":"primosten","status":"publish","type":"page","link":"https:\/\/realestate-facilities.com\/en\/primosten\/","title":{"rendered":"Primo\u0161ten"},"content":{"rendered":"<p>[et_pb_section fb_built=&#8221;1&#8243; admin_label=&#8221;Header Section&#8221; _builder_version=&#8221;4.16&#8243; background_color=&#8221;#ededed&#8221; use_background_color_gradient=&#8221;on&#8221; background_color_gradient_stops=&#8221;#ffffff 0%|rgba(255,255,255,0) 100%&#8221; background_color_gradient_overlays_image=&#8221;on&#8221; background_color_gradient_start=&#8221;#ffffff&#8221; background_color_gradient_end=&#8221;rgba(255,255,255,0)&#8221; background_position=&#8221;top_center&#8221; custom_padding=&#8221;0px||0px|&#8221; locked=&#8221;off&#8221; global_colors_info=&#8221;{}&#8221;][et_pb_row column_structure=&#8221;1_2,1_2&#8243; use_custom_gutter=&#8221;on&#8221; make_equal=&#8221;on&#8221; admin_label=&#8221;CTA Row&#8221; _builder_version=&#8221;4.27.0&#8243; width=&#8221;100%&#8221; max_width=&#8221;100%&#8221; min_height=&#8221;857.2px&#8221; custom_margin=&#8221;|||&#8221; custom_padding=&#8221;0px|0px|0px|0px||&#8221; use_custom_width=&#8221;on&#8221; width_unit=&#8221;off&#8221; custom_width_percent=&#8221;100%&#8221; global_colors_info=&#8221;{}&#8221;][et_pb_column type=&#8221;1_2&#8243; _builder_version=&#8221;4.16&#8243; custom_padding=&#8221;18%||18%|10%&#8221; custom_padding_tablet=&#8221;|10%||&#8221; custom_padding_phone=&#8221;&#8221; custom_padding_last_edited=&#8221;on|tablet&#8221; global_colors_info=&#8221;{}&#8221; padding_tablet=&#8221;|10%||&#8221; padding_last_edited=&#8221;on|tablet&#8221; custom_padding__hover=&#8221;|||&#8221; padding_phone=&#8221;|10%||&#8221;][et_pb_cta title=&#8221;Project Martin Primo\u0161ten&#8221; button_url=&#8221;@ET-DC@eyJkeW5hbWljIjp0cnVlLCJjb250ZW50IjoicG9zdF9saW5rX3VybF9wYWdlIiwic2V0dGluZ3MiOnsicG9zdF9pZCI6Ijk2In19@&#8221; button_text=&#8221;Contact&#8221; admin_label=&#8221;Heading, Subheading &#038; CTA Button&#8221; _builder_version=&#8221;4.27.0&#8243; _dynamic_attributes=&#8221;button_url&#8221; header_level=&#8221;h1&#8243; header_font=&#8221;Muli|700|||||||&#8221; header_text_align=&#8221;left&#8221; header_font_size=&#8221;65px&#8221; header_line_height=&#8221;1.4em&#8221; body_font=&#8221;Muli|600|||||||&#8221; body_text_align=&#8221;left&#8221; body_font_size=&#8221;18px&#8221; body_line_height=&#8221;1.8em&#8221; use_background_color=&#8221;off&#8221; custom_button=&#8221;on&#8221; button_text_size=&#8221;16px&#8221; button_text_color=&#8221;#ffffff&#8221; button_bg_color=&#8221;#f4583f&#8221; button_border_width=&#8221;10px&#8221; button_border_color=&#8221;#f4583f&#8221; button_border_radius=&#8221;0px&#8221; button_font=&#8221;Muli|700|||||||&#8221; button_use_icon=&#8221;off&#8221; background_layout=&#8221;light&#8221; max_width=&#8221;540px&#8221; module_alignment=&#8221;right&#8221; custom_margin=&#8221;|||&#8221; custom_margin_tablet=&#8221;3vw||3vw|&#8221; custom_margin_phone=&#8221;|||&#8221; custom_margin_last_edited=&#8221;on|desktop&#8221; animation_style=&#8221;fade&#8221; header_font_size_tablet=&#8221;&#8221; header_font_size_phone=&#8221;50px&#8221; header_font_size_last_edited=&#8221;on|phone&#8221; button_border_radius_hover=&#8221;0px&#8221; locked=&#8221;off&#8221; global_colors_info=&#8221;{}&#8221; button_text_size__hover_enabled=&#8221;off&#8221; button_one_text_size__hover_enabled=&#8221;off&#8221; button_two_text_size__hover_enabled=&#8221;off&#8221; button_text_color__hover_enabled=&#8221;off&#8221; button_one_text_color__hover_enabled=&#8221;off&#8221; button_two_text_color__hover_enabled=&#8221;off&#8221; button_border_width__hover_enabled=&#8221;off&#8221; button_one_border_width__hover_enabled=&#8221;off&#8221; button_two_border_width__hover_enabled=&#8221;off&#8221; button_border_color__hover_enabled=&#8221;off&#8221; button_one_border_color__hover_enabled=&#8221;off&#8221; button_two_border_color__hover_enabled=&#8221;off&#8221; button_border_radius__hover_enabled=&#8221;on&#8221; button_border_radius__hover=&#8221;0px&#8221; button_one_border_radius__hover_enabled=&#8221;off&#8221; button_two_border_radius__hover_enabled=&#8221;off&#8221; button_letter_spacing__hover_enabled=&#8221;off&#8221; button_one_letter_spacing__hover_enabled=&#8221;off&#8221; button_two_letter_spacing__hover_enabled=&#8221;off&#8221; button_bg_color__hover_enabled=&#8221;off&#8221; button_one_bg_color__hover_enabled=&#8221;off&#8221; button_two_bg_color__hover_enabled=&#8221;off&#8221;]<\/p>\n<p><strong>Location: Primo\u0161ten <br \/><\/strong><span>Welcome to Project Martin in Primo\u0161ten \u2013 an exclusive opportunity to invest in one of the most beautiful regions of Dalmatia. This project includes three stunning plots, ideal for building your dream home or as a valuable investment. The plots are divided as follows: one plot of 1,100 m\u00b2 and two plots of 1,000 m\u00b2 each. Enjoy the unique location and the proximity to both the charming town of Primo\u0161ten and the stunning Adriatic coast.<\/span><\/p>\n<p><span><\/span><\/p>\n<p>[\/et_pb_cta][\/et_pb_column][et_pb_column type=&#8221;1_2&#8243; _builder_version=&#8221;4.27.0&#8243; background_image=&#8221;https:\/\/realestate-facilities.com\/wp-content\/uploads\/2024\/10\/Primosten-Picture-1.5.png&#8221; custom_padding=&#8221;|||&#8221; global_colors_info=&#8221;{}&#8221; custom_padding__hover=&#8221;|||&#8221;][et_pb_divider show_divider=&#8221;off&#8221; _builder_version=&#8221;4.16&#8243; height=&#8221;110px&#8221; global_colors_info=&#8221;{}&#8221;][\/et_pb_divider][\/et_pb_column][\/et_pb_row][\/et_pb_section][et_pb_section fb_built=&#8221;1&#8243; admin_label=&#8221;CTA Section&#8221; _builder_version=&#8221;4.16&#8243; min_height=&#8221;902.6px&#8221; custom_padding=&#8221;100px||100px|&#8221; locked=&#8221;off&#8221; global_colors_info=&#8221;{}&#8221;][et_pb_row use_custom_gutter=&#8221;on&#8221; admin_label=&#8221;CTA Row&#8221; _builder_version=&#8221;4.16&#8243; custom_margin=&#8221;|||&#8221; custom_padding=&#8221;|||&#8221; global_colors_info=&#8221;{}&#8221;][et_pb_column type=&#8221;4_4&#8243; _builder_version=&#8221;4.16&#8243; custom_padding=&#8221;|||&#8221; global_colors_info=&#8221;{}&#8221; custom_padding__hover=&#8221;|||&#8221;][et_pb_text admin_label=&#8221;Title &#038; Paragraph&#8221; _builder_version=&#8221;4.16&#8243; text_font=&#8221;Muli|600|||||||&#8221; text_font_size=&#8221;18px&#8221; text_line_height=&#8221;1.8em&#8221; header_font=&#8221;||||||||&#8221; header_2_font=&#8221;Muli|700|||||||&#8221; header_2_font_size=&#8221;50px&#8221; header_2_line_height=&#8221;1.4em&#8221; text_orientation=&#8221;center&#8221; max_width=&#8221;640px&#8221; max_width_last_edited=&#8221;off|desktop&#8221; module_alignment=&#8221;center&#8221; custom_margin=&#8221;|||&#8221; custom_margin_tablet=&#8221;0px|||0px&#8221; custom_margin_last_edited=&#8221;off|desktop&#8221; custom_padding=&#8221;|||&#8221; custom_padding_last_edited=&#8221;off|desktop&#8221; header_2_font_size_tablet=&#8221;&#8221; header_2_font_size_phone=&#8221;40px&#8221; header_2_font_size_last_edited=&#8221;on|desktop&#8221; locked=&#8221;off&#8221; global_colors_info=&#8221;{}&#8221;]<\/p>\n<h2 class=\"et_pb_module_header et-fb-editable-element et-fb-editable-element__editing\" data-shortcode-id=\"1.0.0.0-1515376821367\" contenteditable=\"true\">Everything taken care of<\/h2>\n<p>\u00a0If you are looking for building land in Croatia, Real Estate Facilities is the right place for you. With our extensive experience, we assist you in every aspect. From selecting the right location to applying for permits and realizing your construction project.<\/p>\n<p>[\/et_pb_text][\/et_pb_column][\/et_pb_row][et_pb_row column_structure=&#8221;1_3,1_3,1_3&#8243; admin_label=&#8221;Process Row&#8221; _builder_version=&#8221;4.16&#8243; global_colors_info=&#8221;{}&#8221;][et_pb_column type=&#8221;1_3&#8243; _builder_version=&#8221;4.16&#8243; custom_padding=&#8221;|||&#8221; global_colors_info=&#8221;{}&#8221; custom_padding__hover=&#8221;|||&#8221;][et_pb_blurb title=&#8221;Good investment&#8221; image=&#8221;https:\/\/realestate-facilities.com\/wp-content\/uploads\/2020\/08\/number-icons_1.png&#8221; image_icon_width=&#8221;38px&#8221; admin_label=&#8221;Process&#8221; _builder_version=&#8221;4.16&#8243; header_font=&#8221;Muli|700|||||||&#8221; header_text_align=&#8221;center&#8221; header_font_size=&#8221;20px&#8221; header_line_height=&#8221;1.4em&#8221; body_font=&#8221;Muli|600|||||||&#8221; body_text_align=&#8221;center&#8221; body_font_size=&#8221;16px&#8221; body_line_height=&#8221;1.8em&#8221; border_width_all_image=&#8221;4px&#8221; border_color_all_image=&#8221;#f4583f&#8221; image_max_width=&#8221;38px&#8221; global_colors_info=&#8221;{}&#8221;]<\/p>\n<p>Buying building land in Croatia is currently an interesting and sound investment. It\u2019s a great location to live in yourself or to develop a plot on your own.<\/p>\n<p>[\/et_pb_blurb][\/et_pb_column][et_pb_column type=&#8221;1_3&#8243; _builder_version=&#8221;4.16&#8243; custom_padding=&#8221;|||&#8221; global_colors_info=&#8221;{}&#8221; custom_padding__hover=&#8221;|||&#8221;][et_pb_blurb title=&#8221;Complete peace of mind&#8221; image=&#8221;https:\/\/realestate-facilities.com\/wp-content\/uploads\/2020\/08\/number-icons_2.png&#8221; image_icon_width=&#8221;38px&#8221; admin_label=&#8221;Process&#8221; _builder_version=&#8221;4.16&#8243; header_font=&#8221;Muli|700|||||||&#8221; header_text_align=&#8221;center&#8221; header_font_size=&#8221;20px&#8221; header_line_height=&#8221;1.4em&#8221; body_font=&#8221;Muli|600|||||||&#8221; body_text_align=&#8221;center&#8221; body_font_size=&#8221;16px&#8221; body_line_height=&#8221;1.8em&#8221; border_width_all_image=&#8221;4px&#8221; border_color_all_image=&#8221;#f4583f&#8221; image_max_width=&#8221;38px&#8221; global_colors_info=&#8221;{}&#8221;]<\/p>\n<p>Our team is always ready to assist you. Whether it&#8217;s applying for a building permit, designing your dream project, or addressing technical, legal, and tax-related questions, we&#8217;re here to help.<\/p>\n<p>[\/et_pb_blurb][\/et_pb_column][et_pb_column type=&#8221;1_3&#8243; _builder_version=&#8221;4.16&#8243; custom_padding=&#8221;|||&#8221; global_colors_info=&#8221;{}&#8221; custom_padding__hover=&#8221;|||&#8221;][et_pb_blurb title=&#8221;Building&#8221; image=&#8221;https:\/\/realestate-facilities.com\/wp-content\/uploads\/2020\/08\/number-icons_3.png&#8221; image_icon_width=&#8221;38px&#8221; admin_label=&#8221;Process&#8221; _builder_version=&#8221;4.16&#8243; header_font=&#8221;Muli|700|||||||&#8221; header_text_align=&#8221;center&#8221; header_font_size=&#8221;20px&#8221; header_line_height=&#8221;1.4em&#8221; body_font=&#8221;Muli|600|||||||&#8221; body_text_align=&#8221;center&#8221; body_font_size=&#8221;16px&#8221; body_line_height=&#8221;1.8em&#8221; border_width_all_image=&#8221;4px&#8221; border_color_all_image=&#8221;#f4583f&#8221; image_max_width=&#8221;38px&#8221; global_colors_info=&#8221;{}&#8221;]<\/p>\n<p>Real Estate Facilities works with several local, reliable construction companies that deliver according to agreements. Construction supervision is in safe and capable hands with us.<\/p>\n<p>[\/et_pb_blurb][\/et_pb_column][\/et_pb_row][\/et_pb_section][et_pb_section fb_built=&#8221;1&#8243; admin_label=&#8221;Our Works CTA Section&#8221; _builder_version=&#8221;4.16&#8243; background_color=&#8221;#1a1a1a&#8221; custom_padding=&#8221;0px|0px|0px|0px&#8221; global_colors_info=&#8221;{}&#8221;][et_pb_row column_structure=&#8221;1_2,1_2&#8243; admin_label=&#8221;CTA Row&#8221; _builder_version=&#8221;4.27.0&#8243; width=&#8221;100%&#8221; max_width=&#8221;100%&#8221; min_height=&#8221;470.2px&#8221; custom_margin=&#8221;|auto|0px|auto||&#8221; custom_padding=&#8221;0px|0px|2px|0px||&#8221; use_custom_width=&#8221;on&#8221; width_unit=&#8221;off&#8221; custom_width_percent=&#8221;100%&#8221; global_colors_info=&#8221;{}&#8221;][et_pb_column type=&#8221;1_2&#8243; _builder_version=&#8221;4.16&#8243; custom_padding=&#8221;|||&#8221; global_colors_info=&#8221;{}&#8221; custom_padding__hover=&#8221;|||&#8221;][et_pb_image src=&#8221;https:\/\/realestate-facilities.com\/wp-content\/uploads\/2024\/10\/Floorplan-Primosten-1.1.png&#8221; title_text=&#8221;Floorplan Primosten 1.1&#8243; force_fullwidth=&#8221;on&#8221; align_tablet=&#8221;center&#8221; align_phone=&#8221;&#8221; align_last_edited=&#8221;on|desktop&#8221; _builder_version=&#8221;4.27.0&#8243; min_height=&#8221;488.2px&#8221; custom_margin=&#8221;|6px|1px|||&#8221; custom_padding=&#8221;|1px|1px|||&#8221; global_colors_info=&#8221;{}&#8221;][\/et_pb_image][\/et_pb_column][et_pb_column type=&#8221;1_2&#8243; _builder_version=&#8221;4.27.0&#8243; custom_padding=&#8221;40px|50px|40px||false|false&#8221; custom_padding_tablet=&#8221;|||60px&#8221; custom_padding_phone=&#8221;&#8221; custom_padding_last_edited=&#8221;on|desktop&#8221; global_colors_info=&#8221;{}&#8221; padding_tablet=&#8221;|||60px&#8221; padding_last_edited=&#8221;on|desktop&#8221; custom_padding__hover=&#8221;|||&#8221; padding_phone=&#8221;|||60px&#8221;][et_pb_cta title=&#8221;Plot description&#8221; button_url=&#8221;@ET-DC@eyJkeW5hbWljIjp0cnVlLCJjb250ZW50IjoicG9zdF9saW5rX3VybF9wYWdlIiwic2V0dGluZ3MiOnsicG9zdF9pZCI6Ijk2In19@&#8221; button_text=&#8221;Contact&#8221; _builder_version=&#8221;4.27.0&#8243; _dynamic_attributes=&#8221;button_url&#8221; header_font=&#8221;Muli|700|||||||&#8221; header_text_color=&#8221;#ffffff&#8221; header_font_size=&#8221;50px&#8221; header_line_height=&#8221;1.4em&#8221; body_font=&#8221;|600|||||||&#8221; body_text_align=&#8221;left&#8221; body_text_color=&#8221;rgba(255,255,255,0.55)&#8221; body_font_size=&#8221;17px&#8221; body_line_height=&#8221;1.5em&#8221; use_background_color=&#8221;off&#8221; custom_button=&#8221;on&#8221; button_text_size=&#8221;16px&#8221; button_text_color=&#8221;#ffffff&#8221; button_bg_color=&#8221;#f4583f&#8221; button_border_width=&#8221;10px&#8221; button_border_color=&#8221;#f4583f&#8221; button_border_radius=&#8221;0px&#8221; button_font=&#8221;Muli|700|||||||&#8221; button_use_icon=&#8221;off&#8221; max_width=&#8221;600px&#8221; max_width_tablet=&#8221;&#8221; max_width_phone=&#8221;&#8221; max_width_last_edited=&#8221;on|desktop&#8221; module_alignment=&#8221;left&#8221; custom_margin=&#8221;|||&#8221; custom_margin_tablet=&#8221;|||&#8221; custom_margin_phone=&#8221;|||&#8221; custom_margin_last_edited=&#8221;off|desktop&#8221; custom_padding=&#8221;|||&#8221; custom_padding_tablet=&#8221;|||&#8221; custom_padding_phone=&#8221;|||&#8221; custom_padding_last_edited=&#8221;off|desktop&#8221; header_font_size_tablet=&#8221;&#8221; header_font_size_phone=&#8221;40px&#8221; header_font_size_last_edited=&#8221;on|phone&#8221; button_border_radius_hover=&#8221;0px&#8221; global_colors_info=&#8221;{}&#8221; button_text_size__hover_enabled=&#8221;off&#8221; button_one_text_size__hover_enabled=&#8221;off&#8221; button_two_text_size__hover_enabled=&#8221;off&#8221; button_text_color__hover_enabled=&#8221;off&#8221; button_one_text_color__hover_enabled=&#8221;off&#8221; button_two_text_color__hover_enabled=&#8221;off&#8221; button_border_width__hover_enabled=&#8221;off&#8221; button_one_border_width__hover_enabled=&#8221;off&#8221; button_two_border_width__hover_enabled=&#8221;off&#8221; button_border_color__hover_enabled=&#8221;off&#8221; button_one_border_color__hover_enabled=&#8221;off&#8221; button_two_border_color__hover_enabled=&#8221;off&#8221; button_border_radius__hover_enabled=&#8221;on&#8221; button_border_radius__hover=&#8221;0px&#8221; button_one_border_radius__hover_enabled=&#8221;off&#8221; button_two_border_radius__hover_enabled=&#8221;off&#8221; button_letter_spacing__hover_enabled=&#8221;off&#8221; button_one_letter_spacing__hover_enabled=&#8221;off&#8221; button_two_letter_spacing__hover_enabled=&#8221;off&#8221; button_bg_color__hover_enabled=&#8221;off&#8221; button_one_bg_color__hover_enabled=&#8221;off&#8221; button_two_bg_color__hover_enabled=&#8221;off&#8221;]<\/p>\n<p style=\"text-align: center;\">Primo\u0161ten is considered by many to be one of the most beautiful villages in Dalmatia. It covers an area of 57 km\u00b2 with a small and idyllic town center. The village has approximately 3,000 inhabitants and is also located near the stunning waterfalls of Krka National Park. These plots are offered with a master plan for three four-bedroom villas with sea views. Three plots of building land with one plot that is 1100 m2 and two that are 1000 m2, are available. The plots are located along the public road and have a private driveway with utilities nearby.<\/p>\n<p style=\"text-align: center;\"><span style=\"color: #ffffff;\"><strong>Price: \u20ac375,- per m2<\/strong><\/span><\/p>\n<p style=\"text-align: center;\">\n<p><strong>\u00a0 \u00a0 \u00a0 \u00a0 \u00a0 \u00a0 \u00a0 \u00a0 \u00a0 \u00a0 \u00a0 \u00a0 \u00a0 \u00a0 \u00a0 \u00a0 \u00a0 \u00a0 \u00a0 \u00a0 \u00a0 \u00a0 \u00a0 \u00a0 \u00a0 \u00a0 \u00a0\u00a0<\/strong><\/p>\n<p>[\/et_pb_cta][\/et_pb_column][\/et_pb_row][\/et_pb_section][et_pb_section fb_built=&#8221;1&#8243; admin_label=&#8221;Blog Section&#8221; _builder_version=&#8221;4.16&#8243; background_position=&#8221;top_center&#8221; min_height=&#8221;784.9px&#8221; custom_margin=&#8221;-4px|||||&#8221; custom_padding=&#8221;100px|0px|100px|0px&#8221; global_colors_info=&#8221;{}&#8221;][et_pb_row admin_label=&#8221;Title Row&#8221; _builder_version=&#8221;4.16&#8243; global_colors_info=&#8221;{}&#8221;][et_pb_column type=&#8221;4_4&#8243; _builder_version=&#8221;4.16&#8243; custom_padding=&#8221;|||&#8221; global_colors_info=&#8221;{}&#8221; custom_padding__hover=&#8221;|||&#8221;][et_pb_text admin_label=&#8221;Title &#038; Paragraph&#8221; _builder_version=&#8221;4.16&#8243; text_font=&#8221;Muli|600|||||||&#8221; text_font_size=&#8221;18px&#8221; text_line_height=&#8221;1.8em&#8221; header_font=&#8221;||||||||&#8221; header_2_font=&#8221;Muli|700|||||||&#8221; header_2_font_size=&#8221;50px&#8221; header_2_line_height=&#8221;1.4em&#8221; text_orientation=&#8221;center&#8221; max_width=&#8221;640px&#8221; max_width_last_edited=&#8221;off|desktop&#8221; module_alignment=&#8221;center&#8221; custom_margin=&#8221;|||&#8221; custom_margin_tablet=&#8221;0px|||0px&#8221; custom_margin_last_edited=&#8221;off|desktop&#8221; custom_padding=&#8221;|||&#8221; custom_padding_last_edited=&#8221;off|desktop&#8221; header_2_font_size_tablet=&#8221;&#8221; header_2_font_size_phone=&#8221;40px&#8221; header_2_font_size_last_edited=&#8221;on|desktop&#8221; global_colors_info=&#8221;{}&#8221;]<\/p>\n<h2>Impression<\/h2>\n<p>Below you will find a brief impression of the plot and its surroundings. Feel free to request more information or schedule a personal appointment at our office in the Netherlands or Croatia.<\/p>\n<p>[\/et_pb_text][\/et_pb_column][\/et_pb_row][et_pb_row _builder_version=&#8221;4.27.0&#8243; _module_preset=&#8221;default&#8221; global_colors_info=&#8221;{}&#8221;][et_pb_column type=&#8221;4_4&#8243; _builder_version=&#8221;4.27.0&#8243; _module_preset=&#8221;default&#8221; global_colors_info=&#8221;{}&#8221;][et_pb_gallery gallery_ids=&#8221;7545,7512,7527,7530,7524,7521,7518,7515,7533,7536,7539,7542,7503&#8243; show_title_and_caption=&#8221;off&#8221; _builder_version=&#8221;4.27.0&#8243; _module_preset=&#8221;default&#8221; title_font_size=&#8221;13px&#8221; global_colors_info=&#8221;{}&#8221;][\/et_pb_gallery][\/et_pb_column][\/et_pb_row][\/et_pb_section]<\/p>\n","protected":false},"excerpt":{"rendered":"<p>Location: Primo\u0161ten Welcome to Project Martin in Primo\u0161ten \u2013 an exclusive opportunity to invest in one of the most beautiful regions of Dalmatia. This project includes three stunning plots, ideal for building your dream home or as a valuable investment. The plots are divided as follows: one plot of 1,100 m\u00b2 and two plots of [&hellip;]<\/p>\n","protected":false},"author":3,"featured_media":0,"parent":0,"menu_order":0,"comment_status":"closed","ping_status":"closed","template":"","meta":{"_et_pb_use_builder":"on","_et_pb_old_content":"","_et_gb_content_width":"","_monsterinsights_skip_tracking":false,"_monsterinsights_sitenote_active":false,"_monsterinsights_sitenote_note":"","_monsterinsights_sitenote_category":0,"footnotes":""},"class_list":["post-7577","page","type-page","status-publish","hentry"],"yoast_head":"<!-- This site is optimized with the Yoast SEO plugin v27.4 - https:\/\/yoast.com\/product\/yoast-seo-wordpress\/ -->\n<title>Primo\u0161ten - Real Estate Facilities<\/title>\n<meta name=\"robots\" content=\"index, follow, max-snippet:-1, max-image-preview:large, max-video-preview:-1\" \/>\n<link rel=\"canonical\" href=\"https:\/\/realestate-facilities.com\/en\/primosten\/\" \/>\n<meta property=\"og:locale\" content=\"en_US\" \/>\n<meta property=\"og:type\" content=\"article\" \/>\n<meta property=\"og:title\" content=\"Primo\u0161ten - Real Estate Facilities\" \/>\n<meta property=\"og:description\" content=\"Location: Primo\u0161ten Welcome to Project Martin in Primo\u0161ten \u2013 an exclusive opportunity to invest in one of the most beautiful regions of Dalmatia. This project includes three stunning plots, ideal for building your dream home or as a valuable investment. The plots are divided as follows: one plot of 1,100 m\u00b2 and two plots of [&hellip;]\" \/>\n<meta property=\"og:url\" content=\"https:\/\/realestate-facilities.com\/en\/primosten\/\" \/>\n<meta property=\"og:site_name\" content=\"Real Estate Facilities\" \/>\n<meta property=\"article:modified_time\" content=\"2024-11-12T13:31:55+00:00\" \/>\n<meta name=\"twitter:card\" content=\"summary_large_image\" \/>\n<meta name=\"twitter:label1\" content=\"Est. reading time\" \/>\n\t<meta name=\"twitter:data1\" content=\"6 minutes\" \/>\n<script type=\"application\/ld+json\" class=\"yoast-schema-graph\">{\"@context\":\"https:\\\/\\\/schema.org\",\"@graph\":[{\"@type\":\"WebPage\",\"@id\":\"https:\\\/\\\/realestate-facilities.com\\\/en\\\/primosten\\\/\",\"url\":\"https:\\\/\\\/realestate-facilities.com\\\/en\\\/primosten\\\/\",\"name\":\"Primo\u0161ten - Real Estate Facilities\",\"isPartOf\":{\"@id\":\"https:\\\/\\\/realestate-facilities.com\\\/en\\\/#website\"},\"datePublished\":\"2024-10-22T09:18:09+00:00\",\"dateModified\":\"2024-11-12T13:31:55+00:00\",\"breadcrumb\":{\"@id\":\"https:\\\/\\\/realestate-facilities.com\\\/en\\\/primosten\\\/#breadcrumb\"},\"inLanguage\":\"en-US\",\"potentialAction\":[{\"@type\":\"ReadAction\",\"target\":[\"https:\\\/\\\/realestate-facilities.com\\\/en\\\/primosten\\\/\"]}]},{\"@type\":\"BreadcrumbList\",\"@id\":\"https:\\\/\\\/realestate-facilities.com\\\/en\\\/primosten\\\/#breadcrumb\",\"itemListElement\":[{\"@type\":\"ListItem\",\"position\":1,\"name\":\"Home\",\"item\":\"https:\\\/\\\/realestate-facilities.com\\\/en\\\/new\\\/\"},{\"@type\":\"ListItem\",\"position\":2,\"name\":\"Primo\u0161ten\"}]},{\"@type\":\"WebSite\",\"@id\":\"https:\\\/\\\/realestate-facilities.com\\\/en\\\/#website\",\"url\":\"https:\\\/\\\/realestate-facilities.com\\\/en\\\/\",\"name\":\"Projectontwikkeling Kroati\u00eb\",\"description\":\"Projectontwikkeling in Kroati&euml;\",\"potentialAction\":[{\"@type\":\"SearchAction\",\"target\":{\"@type\":\"EntryPoint\",\"urlTemplate\":\"https:\\\/\\\/realestate-facilities.com\\\/en\\\/?s={search_term_string}\"},\"query-input\":{\"@type\":\"PropertyValueSpecification\",\"valueRequired\":true,\"valueName\":\"search_term_string\"}}],\"inLanguage\":\"en-US\"}]}<\/script>\n<!-- \/ Yoast SEO plugin. -->","yoast_head_json":{"title":"Primo\u0161ten - Real Estate Facilities","robots":{"index":"index","follow":"follow","max-snippet":"max-snippet:-1","max-image-preview":"max-image-preview:large","max-video-preview":"max-video-preview:-1"},"canonical":"https:\/\/realestate-facilities.com\/en\/primosten\/","og_locale":"en_US","og_type":"article","og_title":"Primo\u0161ten - Real Estate Facilities","og_description":"Location: Primo\u0161ten Welcome to Project Martin in Primo\u0161ten \u2013 an exclusive opportunity to invest in one of the most beautiful regions of Dalmatia. This project includes three stunning plots, ideal for building your dream home or as a valuable investment. The plots are divided as follows: one plot of 1,100 m\u00b2 and two plots of [&hellip;]","og_url":"https:\/\/realestate-facilities.com\/en\/primosten\/","og_site_name":"Real Estate Facilities","article_modified_time":"2024-11-12T13:31:55+00:00","twitter_card":"summary_large_image","twitter_misc":{"Est. reading time":"6 minutes"},"schema":{"@context":"https:\/\/schema.org","@graph":[{"@type":"WebPage","@id":"https:\/\/realestate-facilities.com\/en\/primosten\/","url":"https:\/\/realestate-facilities.com\/en\/primosten\/","name":"Primo\u0161ten - Real Estate Facilities","isPartOf":{"@id":"https:\/\/realestate-facilities.com\/en\/#website"},"datePublished":"2024-10-22T09:18:09+00:00","dateModified":"2024-11-12T13:31:55+00:00","breadcrumb":{"@id":"https:\/\/realestate-facilities.com\/en\/primosten\/#breadcrumb"},"inLanguage":"en-US","potentialAction":[{"@type":"ReadAction","target":["https:\/\/realestate-facilities.com\/en\/primosten\/"]}]},{"@type":"BreadcrumbList","@id":"https:\/\/realestate-facilities.com\/en\/primosten\/#breadcrumb","itemListElement":[{"@type":"ListItem","position":1,"name":"Home","item":"https:\/\/realestate-facilities.com\/en\/new\/"},{"@type":"ListItem","position":2,"name":"Primo\u0161ten"}]},{"@type":"WebSite","@id":"https:\/\/realestate-facilities.com\/en\/#website","url":"https:\/\/realestate-facilities.com\/en\/","name":"Projectontwikkeling Kroati\u00eb","description":"Projectontwikkeling in Kroati&euml;","potentialAction":[{"@type":"SearchAction","target":{"@type":"EntryPoint","urlTemplate":"https:\/\/realestate-facilities.com\/en\/?s={search_term_string}"},"query-input":{"@type":"PropertyValueSpecification","valueRequired":true,"valueName":"search_term_string"}}],"inLanguage":"en-US"}]}},"_links":{"self":[{"href":"https:\/\/realestate-facilities.com\/en\/wp-json\/wp\/v2\/pages\/7577","targetHints":{"allow":["GET"]}}],"collection":[{"href":"https:\/\/realestate-facilities.com\/en\/wp-json\/wp\/v2\/pages"}],"about":[{"href":"https:\/\/realestate-facilities.com\/en\/wp-json\/wp\/v2\/types\/page"}],"author":[{"embeddable":true,"href":"https:\/\/realestate-facilities.com\/en\/wp-json\/wp\/v2\/users\/3"}],"replies":[{"embeddable":true,"href":"https:\/\/realestate-facilities.com\/en\/wp-json\/wp\/v2\/comments?post=7577"}],"version-history":[{"count":0,"href":"https:\/\/realestate-facilities.com\/en\/wp-json\/wp\/v2\/pages\/7577\/revisions"}],"wp:attachment":[{"href":"https:\/\/realestate-facilities.com\/en\/wp-json\/wp\/v2\/media?parent=7577"}],"curies":[{"name":"wp","href":"https:\/\/api.w.org\/{rel}","templated":true}]}}