{"id":9886,"date":"2025-04-02T16:56:20","date_gmt":"2025-04-02T14:56:20","guid":{"rendered":"https:\/\/realestate-facilities.com\/projekt-kobas-stein\/"},"modified":"2025-04-02T16:56:21","modified_gmt":"2025-04-02T14:56:21","slug":"projekt-kobas-stein","status":"publish","type":"page","link":"https:\/\/realestate-facilities.com\/de\/projekt-kobas-stein\/","title":{"rendered":"Projekt Kobas Stein"},"content":{"rendered":"<p>[et_pb_section fb_built=&#8220;1&#8243; admin_label=&#8220;Header Section&#8220; _builder_version=&#8220;4.16&#8243; background_color=&#8220;#ededed&#8220; use_background_color_gradient=&#8220;on&#8220; background_color_gradient_stops=&#8220;#ffffff 0%|rgba(255,255,255,0) 100%&#8220; background_color_gradient_overlays_image=&#8220;on&#8220; background_color_gradient_start=&#8220;#ffffff&#8220; background_color_gradient_end=&#8220;rgba(255,255,255,0)&#8220; background_position=&#8220;top_center&#8220; custom_padding=&#8220;0px||0px|&#8220; locked=&#8220;off&#8220; global_colors_info=&#8220;{}&#8220;][et_pb_row column_structure=&#8220;1_2,1_2&#8243; use_custom_gutter=&#8220;on&#8220; make_equal=&#8220;on&#8220; admin_label=&#8220;CTA-Reihe&#8220; _builder_version=&#8220;4.24.3&#8243; width=&#8220;100%&#8220; max_width=&#8220;100%&#8220; custom_margin=&#8220;|||&#8220; custom_padding=&#8220;0px|0px|0px|0px&#8220; use_custom_width=&#8220;on&#8220; width_unit=&#8220;off&#8220; custom_width_percent=&#8220;100%&#8220; global_colors_info=&#8220;{}&#8220;][et_pb_column type=&#8220;1_2&#8243; _builder_version=&#8220;4.16&#8243; custom_padding=&#8220;18%||18%|10%&#8220; custom_padding_tablet=&#8220;|10%||&#8220; custom_padding_phone=&#8220;&#8220; custom_padding_last_edited=&#8220;on|tablet&#8220; global_colors_info=&#8220;{}&#8220; padding_tablet=&#8220;|10%||&#8220; padding_last_edited=&#8220;on|tablet&#8220; custom_padding__hover=&#8220;|||&#8220; padding_phone=&#8220;|10%||&#8220;][et_pb_cta title=&#8220;Projekt Kobas &#8211; Ston&#8220; button_url=&#8220;@ET-DC@eyJkeW5hbWljIjp0cnVlLCJjb250ZW50IjoicG9zdF9saW5rX3VybF9wYWdlIiwic2V0dGluZ3MiOnsicG9zdF9pZCI6Ijk2IiwiZW5hYmxlX2h0bWwiOiJvZmYifX0=@&#8220; button_text=&#8220;Kontakt&#8220; admin_label=&#8220;\u00dcberschrift, Unter\u00fcberschrift &amp; CTA-Schaltfl\u00e4che&#8220; _builder_version=&#8220;4.27.0&#8243; _dynamic_attributes=&#8220;button_url&#8220; header_level=&#8220;h1&#8243; header_font=&#8220;Muli|700|||||||&#8220; header_text_align=&#8220;left&#8220; header_font_size=&#8220;65px&#8220; header_line_height=&#8220;1.4em&#8220; body_font=&#8220;Muli|600|||||||&#8220; body_text_align=&#8220;left&#8220; body_font_size=&#8220;18px&#8220; body_line_height=&#8220;1.8em&#8220; use_background_color=&#8220;off&#8220; custom_button=&#8220;on&#8220; button_text_size=&#8220;16px&#8220; button_text_color=&#8220;#ffffff&#8220; button_bg_color=&#8220;#f4583f&#8220; button_border_width=&#8220;10px&#8220; button_border_color=&#8220;#f4583f&#8220; button_border_radius=&#8220;0px&#8220; button_font=&#8220;Muli|700|||||||&#8220; button_use_icon=&#8220;off&#8220; background_layout=&#8220;light&#8220; max_width=&#8220;540px&#8220; module_alignment=&#8220;right&#8220; custom_margin=&#8220;|||&#8220; custom_margin_tablet=&#8220;3vw||3vw|&#8220; custom_margin_phone=&#8220;|||&#8220; custom_margin_last_edited=&#8220;on|desktop&#8220; animation_style=&#8220;fade&#8220; header_font_size_tablet=&#8220;&#8220; header_font_size_phone=&#8220;50px&#8220; header_font_size_last_edited=&#8220;on|phone&#8220; button_border_radius_hover=&#8220;0px&#8220; locked=&#8220;off&#8220; global_colors_info=&#8220;{}&#8220; button_text_size__hover_enabled=&#8220;off&#8220; button_one_text_size__hover_enabled=&#8220;off&#8220; button_two_text_size__hover_enabled=&#8220;off&#8220; button_text_color__hover_enabled=&#8220;off&#8220; button_one_text_color__hover_enabled=&#8220;off&#8220; button_two_text_color__hover_enabled=&#8220;off&#8220; button_border_width__hover_enabled=&#8220;off&#8220; button_one_border_width__hover_enabled=&#8220;off&#8220; button_two_border_width__hover_enabled=&#8220;off&#8220; button_border_color__hover_enabled=&#8220;off&#8220; button_one_border_color__hover_enabled=&#8220;off&#8220; button_two_border_color__hover_enabled=&#8220;off&#8220; button_border_radius__hover_enabled=&#8220;on&#8220; button_border_radius__hover=&#8220;0px&#8220; button_one_border_radius__hover_enabled=&#8220;off&#8220; button_two_border_radius__hover_enabled=&#8220;off&#8220; button_letter_spacing__hover_enabled=&#8220;off&#8220; button_one_letter_spacing__hover_enabled=&#8220;off&#8220; button_two_letter_spacing__hover_enabled=&#8220;off&#8220; button_bg_color__hover_enabled=&#8220;off&#8220; button_one_bg_color__hover_enabled=&#8220;off&#8220; button_two_bg_color__hover_enabled=&#8220;off&#8220;]<\/p>\n<p>Exklusive Investitionsm\u00f6glichkeit an der kroatischen K\u00fcste in Dubrovnik.<br \/>Grundst\u00fcck von 27.901 m2<br \/>Preis pro m2 \u20ac95,- inklusive Genehmigung T1 f\u00fcr Hotel.<\/p>\n<p>[\/et_pb_cta][\/et_pb_column][et_pb_column type=&#8220;1_2&#8243; _builder_version=&#8220;4.24.3&#8243; background_image=&#8220;https:\/\/realestate-facilities.com\/wp-content\/uploads\/2024\/09\/Croatia-real-estate-project-kobas-ston-foto4.jpg&#8220; custom_padding=&#8220;|||&#8220; global_colors_info=&#8220;{}&#8220; custom_padding__hover=&#8220;|||&#8220;][et_pb_divider show_divider=&#8220;off&#8220; _builder_version=&#8220;4.16&#8243; height=&#8220;300px&#8220; global_colors_info=&#8220;{}&#8220;][\/et_pb_divider][\/et_pb_column][\/et_pb_row][\/et_pb_section][et_pb_section fb_built=&#8220;1&#8243; admin_label=&#8220;CTA Section&#8220; _builder_version=&#8220;4.16&#8243; custom_padding=&#8220;100px||100px|&#8220; locked=&#8220;off&#8220; global_colors_info=&#8220;{}&#8220;][et_pb_row use_custom_gutter=&#8220;on&#8220; admin_label=&#8220;CTA-Reihe&#8220; _builder_version=&#8220;4.16&#8243; custom_margin=&#8220;|||&#8220; custom_padding=&#8220;|||&#8220; global_colors_info=&#8220;{}&#8220;][et_pb_column type=&#8220;4_4&#8243; _builder_version=&#8220;4.16&#8243; custom_padding=&#8220;|||&#8220; global_colors_info=&#8220;{}&#8220; custom_padding__hover=&#8220;|||&#8220;][et_pb_text admin_label=&#8220;Title &#038; Paragraph&#8220; _builder_version=&#8220;4.16&#8243; text_font=&#8220;Muli|600|||||||&#8220; text_font_size=&#8220;18px&#8220; text_line_height=&#8220;1.8em&#8220; header_font=&#8220;||||||||&#8220; header_2_font=&#8220;Muli|700|||||||&#8220; header_2_font_size=&#8220;50px&#8220; header_2_line_height=&#8220;1.4em&#8220; text_orientation=&#8220;center&#8220; max_width=&#8220;640px&#8220; max_width_last_edited=&#8220;off|desktop&#8220; module_alignment=&#8220;center&#8220; custom_margin=&#8220;|||&#8220; custom_margin_tablet=&#8220;0px|||0px&#8220; custom_margin_last_edited=&#8220;off|desktop&#8220; custom_padding=&#8220;|||&#8220; custom_padding_last_edited=&#8220;off|desktop&#8220; header_2_font_size_tablet=&#8220;&#8220; header_2_font_size_phone=&#8220;40px&#8220; header_2_font_size_last_edited=&#8220;on|desktop&#8220; locked=&#8220;off&#8220; global_colors_info=&#8220;{}&#8220;]<\/p>\n<h2 class=\"et_pb_module_header et-fb-editable-element et-fb-editable-element__editing\" data-shortcode-id=\"1.0.0.0-1515376821367\" contenteditable=\"true\">Alles f\u00fcr Sie arrangiert<\/h2>\n<p>Wenn Sie auf der Suche nach Bauland in Kroatien sind, sind Sie bei Real Estate Facilities an der richtigen Adresse. Mit unserer umfangreichen Erfahrung helfen wir Ihnen in allen Bereichen. Von der Auswahl des richtigen Standorts \u00fcber die Beantragung von Genehmigungen bis hin zur Realisierung Ihres Bauprojekts.  <\/p>\n<p>[\/et_pb_text][\/et_pb_column][\/et_pb_row][et_pb_row column_structure=&#8220;1_3,1_3,1_3&#8243; admin_label=&#8220;Prozess Reihe&#8220; _builder_version=&#8220;4.16&#8243; global_colors_info=&#8220;{}&#8220;][et_pb_column type=&#8220;1_3&#8243; _builder_version=&#8220;4.16&#8243; custom_padding=&#8220;|||&#8220; global_colors_info=&#8220;{}&#8220; custom_padding__hover=&#8220;|||&#8220;][et_pb_blurb title=&#8220;Gute Investition&#8220; image=&#8220;https:\/\/realestate-facilities.com\/wp-content\/uploads\/2020\/08\/number-icons_1.png&#8220; image_icon_width=&#8220;38px&#8220; admin_label=&#8220;Process&#8220; _builder_version=&#8220;4.16&#8243; header_font=&#8220;Muli|700|||||||&#8220; header_text_align=&#8220;center&#8220; header_font_size=&#8220;20px&#8220; header_line_height=&#8220;1.4em&#8220; body_font=&#8220;Muli|600|||||||&#8220; body_text_align=&#8220;center&#8220; body_font_size=&#8220;16px&#8220; body_line_height=&#8220;1.8em&#8220; border_width_all_image=&#8220;4px&#8220; border_color_all_image=&#8220;#f4583f&#8220; image_max_width=&#8220;38px&#8220; global_colors_info=&#8220;{}&#8220;]<\/p>\n<p>Der Kauf von Bauland in Kroatien ist derzeit eine interessante und gute Investition oder Anlage. Es ist ein sehr guter Standort, um selbst zu wohnen oder ein Grundst\u00fcck zu bebauen. <\/p>\n<p>[\/et_pb_blurb][\/et_pb_column][et_pb_column type=&#8220;1_3&#8243; _builder_version=&#8220;4.16&#8243; custom_padding=&#8220;|||&#8220; global_colors_info=&#8220;{}&#8220; custom_padding__hover=&#8220;|||&#8220;][et_pb_blurb title=&#8220;Vollst\u00e4ndige Entlastung&#8220; image=&#8220;https:\/\/realestate-facilities.com\/wp-content\/uploads\/2020\/08\/number-icons_2.png&#8220; image_icon_width=&#8220;38px&#8220; admin_label=&#8220;Process&#8220; _builder_version=&#8220;4.16&#8243; header_font=&#8220;Muli|700|||||||&#8220; header_text_align=&#8220;center&#8220; header_font_size=&#8220;20px&#8220; header_line_height=&#8220;1.4em&#8220; body_font=&#8220;Muli|600|||||||&#8220; body_text_align=&#8220;center&#8220; body_font_size=&#8220;16px&#8220; body_line_height=&#8220;1.8em&#8220; border_width_all_image=&#8220;4px&#8220; border_color_all_image=&#8220;#f4583f&#8220; image_max_width=&#8220;38px&#8220; global_colors_info=&#8220;{}&#8220;]<\/p>\n<p>Unser Team ist immer f\u00fcr Sie da. Zum Beispiel bei der Beantragung von Baugenehmigungen, bei der Gestaltung Ihres Traumprojekts, bei technischen, rechtlichen und steuerlichen Fragen usw. <\/p>\n<p>[\/et_pb_blurb][\/et_pb_column][et_pb_column type=&#8220;1_3&#8243; _builder_version=&#8220;4.16&#8243; custom_padding=&#8220;|||&#8220; global_colors_info=&#8220;{}&#8220; custom_padding__hover=&#8220;|||&#8220;][et_pb_blurb title=&#8220;Bauwesen&#8220; image=&#8220;https:\/\/realestate-facilities.com\/wp-content\/uploads\/2020\/08\/number-icons_3.png&#8220; image_icon_width=&#8220;38px&#8220; admin_label=&#8220;Process&#8220; _builder_version=&#8220;4.16&#8243; header_font=&#8220;Muli|700|||||||&#8220; header_text_align=&#8220;center&#8220; header_font_size=&#8220;20px&#8220; header_line_height=&#8220;1.4em&#8220; body_font=&#8220;Muli|600|||||||&#8220; body_text_align=&#8220;center&#8220; body_font_size=&#8220;16px&#8220; body_line_height=&#8220;1.8em&#8220; border_width_all_image=&#8220;4px&#8220; border_color_all_image=&#8220;#f4583f&#8220; image_max_width=&#8220;38px&#8220; global_colors_info=&#8220;{}&#8220;]<\/p>\n<p>Real Estate Facilities verf\u00fcgt \u00fcber eine Reihe von zuverl\u00e4ssigen lokalen Bauunternehmen, die wie vereinbart liefern. Die Bau\u00fcberwachung ist bei uns in guten und sicheren H\u00e4nden. <\/p>\n<p>[\/et_pb_blurb][\/et_pb_column][\/et_pb_row][\/et_pb_section][et_pb_section fb_built=&#8220;1&#8243; admin_label=&#8220;Our Works CTA Section&#8220; _builder_version=&#8220;4.16&#8243; background_color=&#8220;#1a1a1a&#8220; custom_padding=&#8220;0px|0px|0px|0px&#8220; global_colors_info=&#8220;{}&#8220;][et_pb_row column_structure=&#8220;1_2,1_2&#8243; admin_label=&#8220;CTA-Reihe&#8220; _builder_version=&#8220;4.27.0&#8243; width=&#8220;100%&#8220; max_width=&#8220;100%&#8220; custom_margin=&#8220;|||&#8220; custom_padding=&#8220;0px|0px|0px|0px&#8220; use_custom_width=&#8220;on&#8220; width_unit=&#8220;off&#8220; custom_width_percent=&#8220;100%&#8220; global_colors_info=&#8220;{}&#8220;][et_pb_column type=&#8220;1_2&#8243; _builder_version=&#8220;4.16&#8243; custom_padding=&#8220;|||&#8220; global_colors_info=&#8220;{}&#8220; custom_padding__hover=&#8220;|||&#8220;][et_pb_image src=&#8220;https:\/\/realestate-facilities.com\/wp-content\/uploads\/2024\/09\/Croatia-real-estate-project-kobas-ston-foto1.jpg&#8220; title_text=&#8220;Kroatien-Immobilien-Projekt-kobas-ston-photo1&#8243; force_fullwidth=&#8220;on&#8220; align_tablet=&#8220;center&#8220; align_phone=&#8220;&#8220; align_last_edited=&#8220;on|desktop&#8220; _builder_version=&#8220;4.24.3&#8243; global_colors_info=&#8220;{}&#8220;][\/et_pb_image][\/et_pb_column][et_pb_column type=&#8220;1_2&#8243; _builder_version=&#8220;4.27.0&#8243; custom_padding=&#8220;40px|50px|40px||false|false&#8220; custom_padding_tablet=&#8220;|||60px&#8220; custom_padding_phone=&#8220;&#8220; custom_padding_last_edited=&#8220;on|desktop&#8220; global_colors_info=&#8220;{}&#8220; padding_tablet=&#8220;|||60px&#8220; padding_last_edited=&#8220;on|desktop&#8220; custom_padding__hover=&#8220;|||&#8220; padding_phone=&#8220;|||60px&#8220;][et_pb_cta title=&#8220;Beschreibung des Plots&#8220; button_url=&#8220;@ET-DC@eyJkeW5hbWljIjp0cnVlLCJjb250ZW50IjoicG9zdF9saW5rX3VybF9wYWdlIiwic2V0dGluZ3MiOnsicG9zdF9pZCI6Ijk2IiwiZW5hYmxlX2h0bWwiOiJvZmYifX0=@&#8220; button_text=&#8220;Kontakt&#8220; _builder_version=&#8220;4.27.0&#8243; _dynamic_attributes=&#8220;button_url&#8220; header_font=&#8220;Muli|700|||||||&#8220; header_text_color=&#8220;#ffffff&#8220; header_font_size=&#8220;50px&#8220; header_line_height=&#8220;1.4em&#8220; body_font=&#8220;|600|||||||&#8220; body_text_align=&#8220;left&#8220; body_text_color=&#8220;rgba(255,255,255,0.55)&#8220; body_font_size=&#8220;17px&#8220; body_line_height=&#8220;1.5em&#8220; use_background_color=&#8220;off&#8220; custom_button=&#8220;on&#8220; button_text_size=&#8220;16px&#8220; button_text_color=&#8220;#ffffff&#8220; button_bg_color=&#8220;#f4583f&#8220; button_border_width=&#8220;10px&#8220; button_border_color=&#8220;#f4583f&#8220; button_border_radius=&#8220;0px&#8220; button_font=&#8220;Muli|700|||||||&#8220; button_use_icon=&#8220;off&#8220; max_width=&#8220;600px&#8220; max_width_tablet=&#8220;&#8220; max_width_phone=&#8220;&#8220; max_width_last_edited=&#8220;on|desktop&#8220; module_alignment=&#8220;left&#8220; custom_margin=&#8220;|||&#8220; custom_margin_tablet=&#8220;|||&#8220; custom_margin_phone=&#8220;|||&#8220; custom_margin_last_edited=&#8220;off|desktop&#8220; custom_padding=&#8220;|||&#8220; custom_padding_tablet=&#8220;|||&#8220; custom_padding_phone=&#8220;|||&#8220; custom_padding_last_edited=&#8220;off|desktop&#8220; header_font_size_tablet=&#8220;&#8220; header_font_size_phone=&#8220;40px&#8220; header_font_size_last_edited=&#8220;on|phone&#8220; button_border_radius_hover=&#8220;0px&#8220; global_colors_info=&#8220;{}&#8220; button_text_size__hover_enabled=&#8220;off&#8220; button_one_text_size__hover_enabled=&#8220;off&#8220; button_two_text_size__hover_enabled=&#8220;off&#8220; button_text_color__hover_enabled=&#8220;off&#8220; button_one_text_color__hover_enabled=&#8220;off&#8220; button_two_text_color__hover_enabled=&#8220;off&#8220; button_border_width__hover_enabled=&#8220;off&#8220; button_one_border_width__hover_enabled=&#8220;off&#8220; button_two_border_width__hover_enabled=&#8220;off&#8220; button_border_color__hover_enabled=&#8220;off&#8220; button_one_border_color__hover_enabled=&#8220;off&#8220; button_two_border_color__hover_enabled=&#8220;off&#8220; button_border_radius__hover_enabled=&#8220;on&#8220; button_border_radius__hover=&#8220;0px&#8220; button_one_border_radius__hover_enabled=&#8220;off&#8220; button_two_border_radius__hover_enabled=&#8220;off&#8220; button_letter_spacing__hover_enabled=&#8220;off&#8220; button_one_letter_spacing__hover_enabled=&#8220;off&#8220; button_two_letter_spacing__hover_enabled=&#8220;off&#8220; button_bg_color__hover_enabled=&#8220;off&#8220; button_one_bg_color__hover_enabled=&#8220;off&#8220; button_two_bg_color__hover_enabled=&#8220;off&#8220;]<\/p>\n<p>An der Einfahrt zum Ston-Kanal, nur 20 Seemeilen von Dubrovnik und 3 Seemeilen von Ston entfernt, bietet dieses au\u00dfergew\u00f6hnliche 27.901 Quadratmeter gro\u00dfe Grundst\u00fcck eine einzigartige Gelegenheit f\u00fcr Investoren. Der neue Raumordnungsplan, der 2023 genehmigt wurde, erm\u00f6glicht es den Investoren, die Entwicklung in Zusammenarbeit mit der \u00f6rtlichen Gemeinde zu gestalten. <\/p>\n<p>Das Grundst\u00fcck ist etwa 400 Meter lang und 70 Meter breit und hat eine K\u00fcstenfl\u00e4che von 7.000 Quadratmetern f\u00fcr Luxuseinrichtungen. Die geplante Entwicklung umfasst eine Genehmigung f\u00fcr ein Luxushotel auf 9.328 Quadratmetern (T1-Zone), zusammen mit Annehmlichkeiten wie einem Swimmingpool, einem Spa,<br \/>Restaurants und Bars. Dar\u00fcber hinaus werden 11.573 Quadratmeter f\u00fcr Gr\u00fcn- und Parkfl\u00e4chen vorgesehen, um die nat\u00fcrliche Sch\u00f6nheit des Gel\u00e4ndes zu erhalten.  <\/p>\n<p>Mit einem atemberaubenden Blick auf die Halbinsel Pelje\u0161ac, die Elafitischen Inseln und Dubrovnik ist dieses Gebiet ein beliebter Ankerplatz f\u00fcr Mega-Yachten. Die N\u00e4he zu dem \u20ac920 Millionen teuren Projekt Three Sisters erh\u00f6ht die Attraktivit\u00e4t des Grundst\u00fccks<br \/>und macht es zu einer ausgezeichneten Gelegenheit f\u00fcr die Entwicklung des Luxustourismus an der unber\u00fchrten kroatischen K\u00fcste. <\/p>\n<p>[\/et_pb_cta][\/et_pb_column][\/et_pb_row][\/et_pb_section][et_pb_section fb_built=&#8220;1&#8243; admin_label=&#8220;Blog Section&#8220; _builder_version=&#8220;4.16&#8243; background_position=&#8220;top_center&#8220; custom_padding=&#8220;100px|0px|100px|0px&#8220; global_colors_info=&#8220;{}&#8220;][et_pb_row admin_label=&#8220;Titelzeile&#8220; _builder_version=&#8220;4.16&#8243; global_colors_info=&#8220;{}&#8220;][et_pb_column type=&#8220;4_4&#8243; _builder_version=&#8220;4.16&#8243; custom_padding=&#8220;|||&#8220; global_colors_info=&#8220;{}&#8220; custom_padding__hover=&#8220;|||&#8220;][et_pb_text admin_label=&#8220;Title &#038; Paragraph&#8220; _builder_version=&#8220;4.16&#8243; text_font=&#8220;Muli|600|||||||&#8220; text_font_size=&#8220;18px&#8220; text_line_height=&#8220;1.8em&#8220; header_font=&#8220;||||||||&#8220; header_2_font=&#8220;Muli|700|||||||&#8220; header_2_font_size=&#8220;50px&#8220; header_2_line_height=&#8220;1.4em&#8220; text_orientation=&#8220;center&#8220; max_width=&#8220;640px&#8220; max_width_last_edited=&#8220;off|desktop&#8220; module_alignment=&#8220;center&#8220; custom_margin=&#8220;|||&#8220; custom_margin_tablet=&#8220;0px|||0px&#8220; custom_margin_last_edited=&#8220;off|desktop&#8220; custom_padding=&#8220;|||&#8220; custom_padding_last_edited=&#8220;off|desktop&#8220; header_2_font_size_tablet=&#8220;&#8220; header_2_font_size_phone=&#8220;40px&#8220; header_2_font_size_last_edited=&#8220;on|desktop&#8220; global_colors_info=&#8220;{}&#8220;]<\/p>\n<h2>Impression<\/h2>\n<p>Unten sehen Sie einen kurzen Eindruck von dem Grundst\u00fcck und seiner Umgebung. Z\u00f6gern Sie nicht, weitere Informationen anzufordern oder einen pers\u00f6nlichen Termin in unserem B\u00fcro in den Niederlanden oder Kroatien zu vereinbaren. <\/p>\n<p>[\/et_pb_text][\/et_pb_column][\/et_pb_row][et_pb_row _builder_version=&#8220;4.27.0&#8243; _module_preset=&#8220;default&#8220; global_colors_info=&#8220;{}&#8220;][et_pb_column type=&#8220;4_4&#8243; _builder_version=&#8220;4.27.0&#8243; _module_preset=&#8220;default&#8220; global_colors_info=&#8220;{}&#8220;][et_pb_gallery gallery_ids=&#8220;6769,6765,6762,6759,6756,6753,6750,6747,6744,6741,6738,6877,6874,6871,7101,7104,7116,7125,7128,7134,7113&#8243; show_title_and_caption=&#8220;off&#8220; _builder_version=&#8220;4.27.0&#8243; _module_preset=&#8220;default&#8220; title_font_size=&#8220;13px&#8220; global_colors_info=&#8220;{}&#8220;][\/et_pb_gallery][\/et_pb_column][\/et_pb_row][\/et_pb_section]<\/p>\n","protected":false},"excerpt":{"rendered":"<p>Exklusive Investitionsm\u00f6glichkeit an der kroatischen K\u00fcste in Dubrovnik.Grundst\u00fcck von 27.901 m2Preis pro m2 \u20ac95,- inklusive Genehmigung T1 f\u00fcr Hotel.Alles f\u00fcr Sie arrangiert Wenn Sie auf der Suche nach Bauland in Kroatien sind, sind Sie bei Real Estate Facilities an der richtigen Adresse. Mit unserer umfangreichen Erfahrung helfen wir Ihnen in allen Bereichen. Von der Auswahl [&hellip;]<\/p>\n","protected":false},"author":1,"featured_media":0,"parent":0,"menu_order":0,"comment_status":"closed","ping_status":"closed","template":"","meta":{"_et_pb_use_builder":"on","_et_pb_old_content":"","_et_gb_content_width":"","_monsterinsights_skip_tracking":false,"_monsterinsights_sitenote_active":false,"_monsterinsights_sitenote_note":"","_monsterinsights_sitenote_category":0,"footnotes":""},"class_list":["post-9886","page","type-page","status-publish","hentry"],"yoast_head":"<!-- This site is optimized with the Yoast SEO plugin v27.4 - https:\/\/yoast.com\/product\/yoast-seo-wordpress\/ -->\n<title>Projekt Kobas Stein - Real Estate Facilities<\/title>\n<meta name=\"robots\" content=\"index, follow, max-snippet:-1, max-image-preview:large, max-video-preview:-1\" \/>\n<link rel=\"canonical\" href=\"https:\/\/realestate-facilities.com\/de\/projekt-kobas-stein\/\" \/>\n<meta property=\"og:locale\" content=\"de_DE\" \/>\n<meta property=\"og:type\" content=\"article\" \/>\n<meta property=\"og:title\" content=\"Projekt Kobas Stein - Real Estate Facilities\" \/>\n<meta property=\"og:description\" content=\"Exklusive Investitionsm\u00f6glichkeit an der kroatischen K\u00fcste in Dubrovnik.Grundst\u00fcck von 27.901 m2Preis pro m2 \u20ac95,- inklusive Genehmigung T1 f\u00fcr Hotel.Alles f\u00fcr Sie arrangiert Wenn Sie auf der Suche nach Bauland in Kroatien sind, sind Sie bei Real Estate Facilities an der richtigen Adresse. Mit unserer umfangreichen Erfahrung helfen wir Ihnen in allen Bereichen. Von der Auswahl [&hellip;]\" \/>\n<meta property=\"og:url\" content=\"https:\/\/realestate-facilities.com\/de\/projekt-kobas-stein\/\" \/>\n<meta property=\"og:site_name\" content=\"Real Estate Facilities\" \/>\n<meta property=\"article:modified_time\" content=\"2025-04-02T14:56:21+00:00\" \/>\n<meta name=\"twitter:card\" content=\"summary_large_image\" \/>\n<meta name=\"twitter:label1\" content=\"Gesch\u00e4tzte Lesezeit\" \/>\n\t<meta name=\"twitter:data1\" content=\"10\u00a0Minuten\" \/>\n<script type=\"application\/ld+json\" class=\"yoast-schema-graph\">{\"@context\":\"https:\\\/\\\/schema.org\",\"@graph\":[{\"@type\":\"WebPage\",\"@id\":\"https:\\\/\\\/realestate-facilities.com\\\/de\\\/projekt-kobas-stein\\\/\",\"url\":\"https:\\\/\\\/realestate-facilities.com\\\/de\\\/projekt-kobas-stein\\\/\",\"name\":\"Projekt Kobas Stein - Real Estate Facilities\",\"isPartOf\":{\"@id\":\"https:\\\/\\\/realestate-facilities.com\\\/de\\\/#website\"},\"datePublished\":\"2025-04-02T14:56:20+00:00\",\"dateModified\":\"2025-04-02T14:56:21+00:00\",\"breadcrumb\":{\"@id\":\"https:\\\/\\\/realestate-facilities.com\\\/de\\\/projekt-kobas-stein\\\/#breadcrumb\"},\"inLanguage\":\"de\",\"potentialAction\":[{\"@type\":\"ReadAction\",\"target\":[\"https:\\\/\\\/realestate-facilities.com\\\/de\\\/projekt-kobas-stein\\\/\"]}]},{\"@type\":\"BreadcrumbList\",\"@id\":\"https:\\\/\\\/realestate-facilities.com\\\/de\\\/projekt-kobas-stein\\\/#breadcrumb\",\"itemListElement\":[{\"@type\":\"ListItem\",\"position\":1,\"name\":\"Home\",\"item\":\"https:\\\/\\\/realestate-facilities.com\\\/de\\\/neu\\\/\"},{\"@type\":\"ListItem\",\"position\":2,\"name\":\"Projekt Kobas Stein\"}]},{\"@type\":\"WebSite\",\"@id\":\"https:\\\/\\\/realestate-facilities.com\\\/de\\\/#website\",\"url\":\"https:\\\/\\\/realestate-facilities.com\\\/de\\\/\",\"name\":\"Projectontwikkeling Kroati\u00eb\",\"description\":\"Projectontwikkeling in Kroati&euml;\",\"potentialAction\":[{\"@type\":\"SearchAction\",\"target\":{\"@type\":\"EntryPoint\",\"urlTemplate\":\"https:\\\/\\\/realestate-facilities.com\\\/de\\\/?s={search_term_string}\"},\"query-input\":{\"@type\":\"PropertyValueSpecification\",\"valueRequired\":true,\"valueName\":\"search_term_string\"}}],\"inLanguage\":\"de\"}]}<\/script>\n<!-- \/ Yoast SEO plugin. -->","yoast_head_json":{"title":"Projekt Kobas Stein - Real Estate Facilities","robots":{"index":"index","follow":"follow","max-snippet":"max-snippet:-1","max-image-preview":"max-image-preview:large","max-video-preview":"max-video-preview:-1"},"canonical":"https:\/\/realestate-facilities.com\/de\/projekt-kobas-stein\/","og_locale":"de_DE","og_type":"article","og_title":"Projekt Kobas Stein - Real Estate Facilities","og_description":"Exklusive Investitionsm\u00f6glichkeit an der kroatischen K\u00fcste in Dubrovnik.Grundst\u00fcck von 27.901 m2Preis pro m2 \u20ac95,- inklusive Genehmigung T1 f\u00fcr Hotel.Alles f\u00fcr Sie arrangiert Wenn Sie auf der Suche nach Bauland in Kroatien sind, sind Sie bei Real Estate Facilities an der richtigen Adresse. Mit unserer umfangreichen Erfahrung helfen wir Ihnen in allen Bereichen. Von der Auswahl [&hellip;]","og_url":"https:\/\/realestate-facilities.com\/de\/projekt-kobas-stein\/","og_site_name":"Real Estate Facilities","article_modified_time":"2025-04-02T14:56:21+00:00","twitter_card":"summary_large_image","twitter_misc":{"Gesch\u00e4tzte Lesezeit":"10\u00a0Minuten"},"schema":{"@context":"https:\/\/schema.org","@graph":[{"@type":"WebPage","@id":"https:\/\/realestate-facilities.com\/de\/projekt-kobas-stein\/","url":"https:\/\/realestate-facilities.com\/de\/projekt-kobas-stein\/","name":"Projekt Kobas Stein - Real Estate Facilities","isPartOf":{"@id":"https:\/\/realestate-facilities.com\/de\/#website"},"datePublished":"2025-04-02T14:56:20+00:00","dateModified":"2025-04-02T14:56:21+00:00","breadcrumb":{"@id":"https:\/\/realestate-facilities.com\/de\/projekt-kobas-stein\/#breadcrumb"},"inLanguage":"de","potentialAction":[{"@type":"ReadAction","target":["https:\/\/realestate-facilities.com\/de\/projekt-kobas-stein\/"]}]},{"@type":"BreadcrumbList","@id":"https:\/\/realestate-facilities.com\/de\/projekt-kobas-stein\/#breadcrumb","itemListElement":[{"@type":"ListItem","position":1,"name":"Home","item":"https:\/\/realestate-facilities.com\/de\/neu\/"},{"@type":"ListItem","position":2,"name":"Projekt Kobas Stein"}]},{"@type":"WebSite","@id":"https:\/\/realestate-facilities.com\/de\/#website","url":"https:\/\/realestate-facilities.com\/de\/","name":"Projectontwikkeling Kroati\u00eb","description":"Projectontwikkeling in Kroati&euml;","potentialAction":[{"@type":"SearchAction","target":{"@type":"EntryPoint","urlTemplate":"https:\/\/realestate-facilities.com\/de\/?s={search_term_string}"},"query-input":{"@type":"PropertyValueSpecification","valueRequired":true,"valueName":"search_term_string"}}],"inLanguage":"de"}]}},"_links":{"self":[{"href":"https:\/\/realestate-facilities.com\/de\/wp-json\/wp\/v2\/pages\/9886","targetHints":{"allow":["GET"]}}],"collection":[{"href":"https:\/\/realestate-facilities.com\/de\/wp-json\/wp\/v2\/pages"}],"about":[{"href":"https:\/\/realestate-facilities.com\/de\/wp-json\/wp\/v2\/types\/page"}],"author":[{"embeddable":true,"href":"https:\/\/realestate-facilities.com\/de\/wp-json\/wp\/v2\/users\/1"}],"replies":[{"embeddable":true,"href":"https:\/\/realestate-facilities.com\/de\/wp-json\/wp\/v2\/comments?post=9886"}],"version-history":[{"count":0,"href":"https:\/\/realestate-facilities.com\/de\/wp-json\/wp\/v2\/pages\/9886\/revisions"}],"wp:attachment":[{"href":"https:\/\/realestate-facilities.com\/de\/wp-json\/wp\/v2\/media?parent=9886"}],"curies":[{"name":"wp","href":"https:\/\/api.w.org\/{rel}","templated":true}]}}