{"id":8871,"date":"2025-02-11T09:41:07","date_gmt":"2025-02-11T08:41:07","guid":{"rendered":"https:\/\/realestate-facilities.com\/investieren-sie-in-immobilien-in-kroatien\/"},"modified":"2025-02-11T09:41:07","modified_gmt":"2025-02-11T08:41:07","slug":"investieren-sie-in-immobilien-in-kroatien","status":"publish","type":"page","link":"https:\/\/realestate-facilities.com\/de\/investieren-sie-in-immobilien-in-kroatien\/","title":{"rendered":"Investieren Sie in Immobilien in Kroatien"},"content":{"rendered":"<p>[et_pb_section fb_built=&#8220;1&#8243; fullwidth=&#8220;on&#8220; _builder_version=&#8220;4.16&#8243; _module_preset=&#8220;default&#8220; global_colors_info=&#8220;{}&#8220;][et_pb_fullwidth_image src=&#8220;https:\/\/realestate-facilities.com\/wp-content\/uploads\/2021\/04\/vila-kopen-in-kroatie-1.jpg&#8220; title_text=&#8220;vila-kaufen-in-kroatien&#8220; _builder_version=&#8220;4.16&#8243; _module_preset=&#8220;default&#8220; global_colors_info=&#8220;{}&#8220;][\/et_pb_fullwidth_image][\/et_pb_section][et_pb_section fb_built=&#8220;1&#8243; admin_label=&#8220;Header Section&#8220; _builder_version=&#8220;4.16&#8243; background_color=&#8220;#e9f0f6&#8243; background_position=&#8220;top_center&#8220; custom_padding=&#8220;6.9%|0px|100px|0px||&#8220; global_colors_info=&#8220;{}&#8220;][et_pb_row custom_padding_last_edited=&#8220;off|desktop&#8220; admin_label=&#8220;Kopfzeile&#8220; _builder_version=&#8220;4.16&#8243; background_size=&#8220;initial&#8220; background_position=&#8220;top_left&#8220; background_repeat=&#8220;repeat&#8220; custom_margin=&#8220;|||&#8220; custom_padding=&#8220;|||&#8220; custom_padding_phone=&#8220;3vw|||&#8220; global_colors_info=&#8220;{}&#8220;][et_pb_column type=&#8220;4_4&#8243; _builder_version=&#8220;4.16&#8243; custom_padding=&#8220;|||&#8220; global_colors_info=&#8220;{}&#8220; custom_padding__hover=&#8220;|||&#8220;][et_pb_text _builder_version=&#8220;4.27.4&#8243; _module_preset=&#8220;default&#8220; global_colors_info=&#8220;{}&#8220;]<\/p>\n<h1>Entdecken Sie Immobilien in Kroatien mit voller Projektunterst\u00fctzung<\/h1>\n<p>Real Estate Facilities ist ein niederl\u00e4ndisches Unternehmen, das sich auf Immobilien in Kroatien, insbesondere in der malerischen Region Dalmatien, spezialisiert hat. Mit mehr als 20 Jahren Erfahrung bietet das Unternehmen umfassende Beratung und Unterst\u00fctzung f\u00fcr Kunden, die Ferienh\u00e4user, Villen oder Grundst\u00fccke f\u00fcr den Bau ihrer Traumimmobilie suchen. Dieser Blog konzentriert sich auf die Dienstleistungen, Angebote und einzigartigen Vorteile, die Real Estate Facilities zum perfekten Partner f\u00fcr Ihre Investition in kroatische Immobilien machen.  <\/p>\n<h2>Warum sollten Sie sich f\u00fcr Real Estate Facilities entscheiden?<\/h2>\n<p>Real Estate Facilities bietet einen umfassenden und ma\u00dfgeschneiderten Ansatz f\u00fcr K\u00e4ufer, die sich f\u00fcr Immobilien in Kroatien interessieren. Das Spezialistenteam besteht aus erfahrenen Anw\u00e4lten, Architekten, Bauunternehmern und Notaren, die f\u00fcr einen reibungslosen und sicheren Ablauf sorgen, von der ersten Beratung bis zur endg\u00fcltigen Transaktion. Hier sind einige der Gr\u00fcnde, warum sich Real Estate Facilities auf dem kroatischen Immobilienmarkt auszeichnet:  <\/p>\n<h3>1. Fachkundige Beratung und Unterst\u00fctzung<\/h3>\n<p>Das Unternehmen bietet pers\u00f6nliche Beratung und Unterst\u00fctzung auf jeder Stufe des Prozesses, egal ob Sie ein Ferienhaus, eine Villa oder ein Bauland suchen. Fundierte Ortskenntnisse und ein starkes Netzwerk erm\u00f6glichen es ihnen, die besten Immobilienangebote mit einem hervorragenden Preis-Leistungs-Verh\u00e4ltnis anzubieten. <\/p>\n<h3>2. Exklusive Standorte mit atemberaubenden Aussichten<\/h3>\n<p>Dalmatien ist eine der begehrtesten Regionen Kroatiens und bekannt f\u00fcr seine atemberaubende K\u00fcste, das kristallklare Wasser und die herrlichen Aussichten. Viele der von Real Estate Facilities angebotenen Immobilien bieten einen atemberaubenden Meerblick, ideal f\u00fcr diejenigen, die die Sch\u00f6nheit Kroatiens bequem von zu Hause aus genie\u00dfen m\u00f6chten. <\/p>\n<h3>3. Problemlose Immobilientransaktionen<\/h3>\n<p>Der Kauf von Immobilien im Ausland kann schwierig sein, aber mit Real Estate Facilities wird der Prozess einfach und sicher. Das Unternehmen stellt sicher, dass alle Immobilien, ob Wohnungen, Villen oder Grundst\u00fccke, sorgf\u00e4ltig gepr\u00fcft werden. Alle Transaktionen werden von erfahrenen Notaren nach dem Zivilrecht \u00fcberwacht, um einen sicheren und transparenten Kauf zu gew\u00e4hrleisten.  <\/p>\n<h3>4. Ma\u00dfgeschneiderte L\u00f6sungen f\u00fcr Investoren<\/h3>\n<p>Kroatien ist ein zunehmend beliebtes Ziel f\u00fcr Immobilieninvestoren. Dank der rasanten Entwicklung des Tourismus und der m\u00f6glichen Einf\u00fchrung des Euro hat der Markt Potenzial f\u00fcr eine weitere Expansion. Real Estate Facilities bietet g\u00fcnstige Investitionsm\u00f6glichkeiten, von Luxusvillen und Penth\u00e4usern bis hin zu Baugrundst\u00fccken.  <\/p>\n<h2>Aktuelle Immobilienangebote<\/h2>\n<p>Real Estate Facilities bietet derzeit mehrere attraktive Immobilien zum Verkauf an, darunter:<\/p>\n<ul>\n<li><strong>Penth\u00e4user:<\/strong> Diese ger\u00e4umigen Penth\u00e4user befinden sich in der exklusiven Anlage Residence Bella Vista und bieten einen Panoramablick auf das Meer und eine luxuri\u00f6se Wohnfl\u00e4che von 160 m\u00b2 bis 200 m\u00b2. Die neueste Phase dieser Penth\u00e4user steht derzeit zum Verkauf, die Preise spiegeln die Qualit\u00e4t und die au\u00dfergew\u00f6hnliche Lage wider. <\/li>\n<li><strong>Wohnungen:<\/strong> F\u00fcr diejenigen, die eine kompaktere Immobilie suchen, verkauft das Unternehmen ger\u00e4umige Wohnungen in der Residenz Bella Vista, mit einer Wohnfl\u00e4che ab 100 m\u00b2. Diese Wohnungen verf\u00fcgen \u00fcber gro\u00dfe Terrassen und sind nur 10 Minuten von Split entfernt. <\/li>\n<li><strong>Baugrundst\u00fccke:<\/strong> Real Estate Facilities bietet auch mehrere Baugrundst\u00fccke in exklusiven Lagen, wie Trogir, Seget Donji und Vinisce. Diese Grundst\u00fccke werden sorgf\u00e4ltig ausgew\u00e4hlt, um den K\u00e4ufern die besten Entwicklungsm\u00f6glichkeiten zu bieten und gleichzeitig die Einhaltung der gesetzlichen Vorschriften zu gew\u00e4hrleisten. <\/li>\n<\/ul>\n<h2>Ihre Investition in Kroatien<\/h2>\n<p>Die Investition in Immobilien in Kroatien wird dank der wachsenden Tourismusindustrie und der au\u00dfergew\u00f6hnlichen nat\u00fcrlichen Sch\u00f6nheit des Landes immer beliebter. Mit \u00fcber 1.200 Inseln und einer K\u00fcstenlinie von mehr als 6.000 Kilometern bietet das Land eine Vielzahl von M\u00f6glichkeiten f\u00fcr Immobilienbesitzer, sowohl zur Eigennutzung als auch zur Investition. <\/p>\n<p>Einer der Hauptvorteile des Kaufs von Immobilien in Kroatien ist die N\u00e4he zu anderen europ\u00e4ischen L\u00e4ndern, mit einer Flugzeit von nur 1 Stunde und 45 Minuten von Rotterdam nach Split. Das macht Kroatien zu einem idealen Standort f\u00fcr einen Zweitwohnsitz oder eine rentable Investition. Dar\u00fcber hinaus bietet Kroatien als EU-Mitgliedstaat einen stabilen rechtlichen Rahmen f\u00fcr ausl\u00e4ndische Immobilienk\u00e4ufer, der f\u00fcr Ruhe und Sicherheit beim Kauf sorgt.  <\/p>\n<h2>Warum jetzt der perfekte Zeitpunkt ist, um in Kroatien zu investieren<\/h2>\n<p>Mit der M\u00f6glichkeit, innerhalb von zwei Jahren den Euro einzuf\u00fchren, d\u00fcrfte der Markt f\u00fcr internationale Investoren noch attraktiver werden. Die starke Tourismusindustrie, g\u00fcnstige Wechselkurse und die beeindruckende Landschaft machen Kroatien zu einem au\u00dfergew\u00f6hnlichen Standort f\u00fcr Immobilieninvestitionen. Ob Sie nun ein Ferienhaus, eine Luxusvilla oder ein Baugrundst\u00fcck suchen, Kroatien bietet ein erhebliches Potenzial f\u00fcr Kapitalwachstum und Mieteinnahmen.  <\/p>\n<h2>Fazit<\/h2>\n<p>Real Estate Facilities ist Ihr zuverl\u00e4ssiger Partner f\u00fcr Investitionen in kroatische Immobilien. Mit umfassender Erfahrung, einem Expertenteam und exklusiven Immobilienangeboten k\u00f6nnen Sie getrost Ihren Weg zur Traumimmobilie in Kroatien beginnen. Ganz gleich, ob Sie ein luxuri\u00f6ses Penthouse mit Meerblick oder ein hochwertiges Baugrundst\u00fcck suchen, Real Estate Facilities verf\u00fcgt \u00fcber das Fachwissen, um Sie durch den gesamten Prozess zu begleiten.  <\/p>\n<p>Wenn Sie bereit sind, die Immobilienm\u00f6glichkeiten in Kroatien zu erkunden, besuchen Sie noch heute die Website von Real Estate Facilities und machen Sie den ersten Schritt zur Verwirklichung Ihrer kroatischen Tr\u00e4ume.<\/p>\n<p>[\/et_pb_text][\/et_pb_column][\/et_pb_row][et_pb_row column_structure=&#8220;1_2,1_2&#8243; _builder_version=&#8220;4.16&#8243; _module_preset=&#8220;default&#8220; global_colors_info=&#8220;{}&#8220;][et_pb_column type=&#8220;1_2&#8243; _builder_version=&#8220;4.16&#8243; _module_preset=&#8220;default&#8220; global_colors_info=&#8220;{}&#8220;][et_pb_image src=&#8220;https:\/\/realestate-facilities.com\/wp-content\/uploads\/2021\/04\/luxe-villa-kopen-kroatie3.jpg&#8220; title_text=&#8220;Luxus-Villa-Kaufen-Kroatien3&#8243; _builder_version=&#8220;4.16&#8243; _module_preset=&#8220;default&#8220; global_colors_info=&#8220;{}&#8220;][\/et_pb_image][\/et_pb_column][et_pb_column type=&#8220;1_2&#8243; _builder_version=&#8220;4.16&#8243; _module_preset=&#8220;default&#8220; global_colors_info=&#8220;{}&#8220;][et_pb_image src=&#8220;https:\/\/realestate-facilities.com\/wp-content\/uploads\/2021\/04\/luxe-villa-kopen-kroatie5.jpg&#8220; title_text=&#8220;luxus-villa-kaufen-kroatien5&#8243; _builder_version=&#8220;4.16&#8243; _module_preset=&#8220;default&#8220; global_colors_info=&#8220;{}&#8220;][\/et_pb_image][\/et_pb_column][\/et_pb_row][et_pb_row column_structure=&#8220;1_3,1_3,1_3&#8243; _builder_version=&#8220;4.16&#8243; _module_preset=&#8220;default&#8220; global_colors_info=&#8220;{}&#8220;][et_pb_column type=&#8220;1_3&#8243; _builder_version=&#8220;4.16&#8243; _module_preset=&#8220;default&#8220; global_colors_info=&#8220;{}&#8220;][et_pb_image src=&#8220;https:\/\/realestate-facilities.com\/wp-content\/uploads\/2021\/04\/luxe-villa-kopen-kroatie12.jpg&#8220; title_text=&#8220;Luxus-Villa-Kaufen-Kroatien12&#8243; _builder_version=&#8220;4.16&#8243; _module_preset=&#8220;default&#8220; global_colors_info=&#8220;{}&#8220;][\/et_pb_image][\/et_pb_column][et_pb_column type=&#8220;1_3&#8243; _builder_version=&#8220;4.16&#8243; _module_preset=&#8220;default&#8220; global_colors_info=&#8220;{}&#8220;][et_pb_image src=&#8220;https:\/\/realestate-facilities.com\/wp-content\/uploads\/2021\/04\/luxe-villa-kopen-kroatie11.jpg&#8220; title_text=&#8220;Luxus-Villa-Kaufen-Kroatien11&#8243; _builder_version=&#8220;4.16&#8243; _module_preset=&#8220;default&#8220; global_colors_info=&#8220;{}&#8220;][\/et_pb_image][\/et_pb_column][et_pb_column type=&#8220;1_3&#8243; _builder_version=&#8220;4.16&#8243; _module_preset=&#8220;default&#8220; global_colors_info=&#8220;{}&#8220;][et_pb_image src=&#8220;https:\/\/realestate-facilities.com\/wp-content\/uploads\/2021\/04\/luxe-villa-kopen-kroatie6.jpg&#8220; title_text=&#8220;Luxus-Villa-Kaufen-Kroatien6&#8243; _builder_version=&#8220;4.16&#8243; _module_preset=&#8220;default&#8220; global_colors_info=&#8220;{}&#8220;][\/et_pb_image][\/et_pb_column][\/et_pb_row][et_pb_row _builder_version=&#8220;4.16&#8243; _module_preset=&#8220;default&#8220; global_colors_info=&#8220;{}&#8220;][et_pb_column type=&#8220;4_4&#8243; _builder_version=&#8220;4.16&#8243; _module_preset=&#8220;default&#8220; global_colors_info=&#8220;{}&#8220;][et_pb_image src=&#8220;https:\/\/realestate-facilities.com\/wp-content\/uploads\/2021\/04\/villa-bura-kraotie.jpg&#8220; title_text=&#8220;villa-bura-kraotie&#8220; _builder_version=&#8220;4.16&#8243; _module_preset=&#8220;default&#8220; global_colors_info=&#8220;{}&#8220;][\/et_pb_image][\/et_pb_column][\/et_pb_row][et_pb_row column_structure=&#8220;1_3,2_3&#8243; admin_label=&#8220;Nachrichtenzeile&#8220; _builder_version=&#8220;4.16&#8243; custom_padding=&#8220;|||&#8220; locked=&#8220;off&#8220; global_colors_info=&#8220;{}&#8220;][et_pb_column type=&#8220;1_3&#8243; _builder_version=&#8220;4.16&#8243; custom_padding=&#8220;|||&#8220; global_colors_info=&#8220;{}&#8220; custom_padding__hover=&#8220;|||&#8220;][et_pb_text admin_label=&#8220;Title&#8220; _builder_version=&#8220;4.27.4&#8243; text_font=&#8220;Muli|600|||||||&#8220; text_text_color=&#8220;#737373&#8243; text_font_size=&#8220;18px&#8220; header_font=&#8220;||||||||&#8220; header_2_font=&#8220;Muli|700|||||||&#8220; header_2_text_align=&#8220;left&#8220; header_2_font_size=&#8220;50px&#8220; header_2_line_height=&#8220;1.4em&#8220; max_width_last_edited=&#8220;off|desktop&#8220; custom_margin=&#8220;|||&#8220; custom_padding=&#8220;|||&#8220; custom_padding_last_edited=&#8220;off|desktop&#8220; header_2_font_size_tablet=&#8220;&#8220; header_2_font_size_phone=&#8220;40px&#8220; header_2_font_size_last_edited=&#8220;on|phone&#8220; global_colors_info=&#8220;{}&#8220;]<\/p>\n<h2>Mehr Informationen:<\/h2>\n<p>[\/et_pb_text][\/et_pb_column][et_pb_column type=&#8220;2_3&#8243; _builder_version=&#8220;4.16&#8243; custom_padding=&#8220;|||&#8220; global_colors_info=&#8220;{}&#8220; custom_padding__hover=&#8220;|||&#8220;][et_pb_text _builder_version=&#8220;4.16&#8243; global_colors_info=&#8220;{}&#8220;]<\/p>\n\n<div class=\"wpcf7 no-js\" id=\"wpcf7-f112-o1\" lang=\"en\" dir=\"ltr\" data-wpcf7-id=\"112\">\n<div class=\"screen-reader-response\"><p role=\"status\" aria-live=\"polite\" aria-atomic=\"true\"><\/p> <ul><\/ul><\/div>\n<form action=\"\/de\/wp-json\/wp\/v2\/pages\/8871#wpcf7-f112-o1\" method=\"post\" class=\"wpcf7-form init\" aria-label=\"Kontaktformular\" novalidate=\"novalidate\" data-status=\"init\">\n<fieldset class=\"hidden-fields-container\"><input type=\"hidden\" name=\"_wpcf7\" value=\"112\" \/><input type=\"hidden\" name=\"_wpcf7_version\" value=\"6.1.5\" \/><input type=\"hidden\" name=\"_wpcf7_locale\" value=\"en\" \/><input type=\"hidden\" name=\"_wpcf7_unit_tag\" value=\"wpcf7-f112-o1\" \/><input type=\"hidden\" name=\"_wpcf7_container_post\" value=\"0\" \/><input type=\"hidden\" name=\"_wpcf7_posted_data_hash\" value=\"\" \/><input type=\"hidden\" name=\"_wpcf7_recaptcha_response\" value=\"\" \/>\n<\/fieldset>\n<p><span class=\"wpcf7-form-control-wrap\" data-name=\"your-name\"><input size=\"40\" maxlength=\"400\" class=\"wpcf7-form-control wpcf7-text wpcf7-validates-as-required\" aria-required=\"true\" aria-invalid=\"false\" placeholder=\"Uw naam\" value=\"\" type=\"text\" name=\"your-name\" \/><\/span>\n<\/p>\n<p><span class=\"wpcf7-form-control-wrap\" data-name=\"your-email\"><input size=\"40\" maxlength=\"400\" class=\"wpcf7-form-control wpcf7-email wpcf7-validates-as-required wpcf7-text wpcf7-validates-as-email\" aria-required=\"true\" aria-invalid=\"false\" placeholder=\"Uw e-mailadres\" value=\"\" type=\"email\" name=\"your-email\" \/><\/span>\n<\/p>\n<p><span class=\"wpcf7-form-control-wrap\" data-name=\"your-tel\"><input size=\"40\" maxlength=\"400\" class=\"wpcf7-form-control wpcf7-tel wpcf7-validates-as-required wpcf7-text wpcf7-validates-as-tel\" aria-required=\"true\" aria-invalid=\"false\" placeholder=\"Uw telefoonnummer\" value=\"\" type=\"tel\" name=\"your-tel\" \/><\/span>\n<\/p>\n<p><span class=\"wpcf7-form-control-wrap\" data-name=\"your-message\"><textarea cols=\"40\" rows=\"10\" maxlength=\"2000\" class=\"wpcf7-form-control wpcf7-textarea\" aria-invalid=\"false\" placeholder=\"Uw vraag\/opmerking\" name=\"your-message\"><\/textarea><\/span>\n<\/p>\n<p><input class=\"wpcf7-form-control wpcf7-submit has-spinner\" type=\"submit\" value=\"Verstuur\" \/>\n<\/p><div class=\"wpcf7-response-output\" aria-hidden=\"true\"><\/div>\n<\/form>\n<\/div>\n\n<p>[\/et_pb_text][\/et_pb_column][\/et_pb_row][\/et_pb_section]<\/p>\n","protected":false},"excerpt":{"rendered":"<p>Entdecken Sie Immobilien in Kroatien mit voller Projektunterst\u00fctzung Real Estate Facilities ist ein niederl\u00e4ndisches Unternehmen, das sich auf Immobilien in Kroatien, insbesondere in der malerischen Region Dalmatien, spezialisiert hat. Mit mehr als 20 Jahren Erfahrung bietet das Unternehmen umfassende Beratung und Unterst\u00fctzung f\u00fcr Kunden, die Ferienh\u00e4user, Villen oder Grundst\u00fccke f\u00fcr den Bau ihrer Traumimmobilie suchen. [&hellip;]<\/p>\n","protected":false},"author":1,"featured_media":0,"parent":0,"menu_order":0,"comment_status":"closed","ping_status":"closed","template":"","meta":{"_et_pb_use_builder":"on","_et_pb_old_content":"","_et_gb_content_width":"","_monsterinsights_skip_tracking":false,"_monsterinsights_sitenote_active":false,"_monsterinsights_sitenote_note":"","_monsterinsights_sitenote_category":0,"footnotes":""},"class_list":["post-8871","page","type-page","status-publish","hentry"],"yoast_head":"<!-- This site is optimized with the Yoast SEO plugin v27.5 - https:\/\/yoast.com\/product\/yoast-seo-wordpress\/ -->\n<title>Investieren Sie in Immobilien in Kroatien - Real Estate Facilities<\/title>\n<meta name=\"robots\" content=\"index, follow, max-snippet:-1, max-image-preview:large, max-video-preview:-1\" \/>\n<link rel=\"canonical\" href=\"https:\/\/realestate-facilities.com\/de\/investieren-sie-in-immobilien-in-kroatien\/\" \/>\n<meta property=\"og:locale\" content=\"de_DE\" \/>\n<meta property=\"og:type\" content=\"article\" \/>\n<meta property=\"og:title\" content=\"Investieren Sie in Immobilien in Kroatien - Real Estate Facilities\" \/>\n<meta property=\"og:description\" content=\"Entdecken Sie Immobilien in Kroatien mit voller Projektunterst\u00fctzung Real Estate Facilities ist ein niederl\u00e4ndisches Unternehmen, das sich auf Immobilien in Kroatien, insbesondere in der malerischen Region Dalmatien, spezialisiert hat. Mit mehr als 20 Jahren Erfahrung bietet das Unternehmen umfassende Beratung und Unterst\u00fctzung f\u00fcr Kunden, die Ferienh\u00e4user, Villen oder Grundst\u00fccke f\u00fcr den Bau ihrer Traumimmobilie suchen. [&hellip;]\" \/>\n<meta property=\"og:url\" content=\"https:\/\/realestate-facilities.com\/de\/investieren-sie-in-immobilien-in-kroatien\/\" \/>\n<meta property=\"og:site_name\" content=\"Real Estate Facilities\" \/>\n<meta name=\"twitter:card\" content=\"summary_large_image\" \/>\n<meta name=\"twitter:label1\" content=\"Gesch\u00e4tzte Lesezeit\" \/>\n\t<meta name=\"twitter:data1\" content=\"7\u00a0Minuten\" \/>\n<script type=\"application\/ld+json\" class=\"yoast-schema-graph\">{\"@context\":\"https:\\\/\\\/schema.org\",\"@graph\":[{\"@type\":\"WebPage\",\"@id\":\"https:\\\/\\\/realestate-facilities.com\\\/de\\\/investieren-sie-in-immobilien-in-kroatien\\\/\",\"url\":\"https:\\\/\\\/realestate-facilities.com\\\/de\\\/investieren-sie-in-immobilien-in-kroatien\\\/\",\"name\":\"Investieren Sie in Immobilien in Kroatien - Real Estate Facilities\",\"isPartOf\":{\"@id\":\"https:\\\/\\\/realestate-facilities.com\\\/de\\\/#website\"},\"datePublished\":\"2025-02-11T08:41:07+00:00\",\"breadcrumb\":{\"@id\":\"https:\\\/\\\/realestate-facilities.com\\\/de\\\/investieren-sie-in-immobilien-in-kroatien\\\/#breadcrumb\"},\"inLanguage\":\"de\",\"potentialAction\":[{\"@type\":\"ReadAction\",\"target\":[\"https:\\\/\\\/realestate-facilities.com\\\/de\\\/investieren-sie-in-immobilien-in-kroatien\\\/\"]}]},{\"@type\":\"BreadcrumbList\",\"@id\":\"https:\\\/\\\/realestate-facilities.com\\\/de\\\/investieren-sie-in-immobilien-in-kroatien\\\/#breadcrumb\",\"itemListElement\":[{\"@type\":\"ListItem\",\"position\":1,\"name\":\"Home\",\"item\":\"https:\\\/\\\/realestate-facilities.com\\\/de\\\/neu\\\/\"},{\"@type\":\"ListItem\",\"position\":2,\"name\":\"Investieren Sie in Immobilien in Kroatien\"}]},{\"@type\":\"WebSite\",\"@id\":\"https:\\\/\\\/realestate-facilities.com\\\/de\\\/#website\",\"url\":\"https:\\\/\\\/realestate-facilities.com\\\/de\\\/\",\"name\":\"Projectontwikkeling Kroati\u00eb\",\"description\":\"Projectontwikkeling in Kroati&euml;\",\"potentialAction\":[{\"@type\":\"SearchAction\",\"target\":{\"@type\":\"EntryPoint\",\"urlTemplate\":\"https:\\\/\\\/realestate-facilities.com\\\/de\\\/?s={search_term_string}\"},\"query-input\":{\"@type\":\"PropertyValueSpecification\",\"valueRequired\":true,\"valueName\":\"search_term_string\"}}],\"inLanguage\":\"de\"}]}<\/script>\n<!-- \/ Yoast SEO plugin. -->","yoast_head_json":{"title":"Investieren Sie in Immobilien in Kroatien - Real Estate Facilities","robots":{"index":"index","follow":"follow","max-snippet":"max-snippet:-1","max-image-preview":"max-image-preview:large","max-video-preview":"max-video-preview:-1"},"canonical":"https:\/\/realestate-facilities.com\/de\/investieren-sie-in-immobilien-in-kroatien\/","og_locale":"de_DE","og_type":"article","og_title":"Investieren Sie in Immobilien in Kroatien - Real Estate Facilities","og_description":"Entdecken Sie Immobilien in Kroatien mit voller Projektunterst\u00fctzung Real Estate Facilities ist ein niederl\u00e4ndisches Unternehmen, das sich auf Immobilien in Kroatien, insbesondere in der malerischen Region Dalmatien, spezialisiert hat. Mit mehr als 20 Jahren Erfahrung bietet das Unternehmen umfassende Beratung und Unterst\u00fctzung f\u00fcr Kunden, die Ferienh\u00e4user, Villen oder Grundst\u00fccke f\u00fcr den Bau ihrer Traumimmobilie suchen. [&hellip;]","og_url":"https:\/\/realestate-facilities.com\/de\/investieren-sie-in-immobilien-in-kroatien\/","og_site_name":"Real Estate Facilities","twitter_card":"summary_large_image","twitter_misc":{"Gesch\u00e4tzte Lesezeit":"7\u00a0Minuten"},"schema":{"@context":"https:\/\/schema.org","@graph":[{"@type":"WebPage","@id":"https:\/\/realestate-facilities.com\/de\/investieren-sie-in-immobilien-in-kroatien\/","url":"https:\/\/realestate-facilities.com\/de\/investieren-sie-in-immobilien-in-kroatien\/","name":"Investieren Sie in Immobilien in Kroatien - Real Estate Facilities","isPartOf":{"@id":"https:\/\/realestate-facilities.com\/de\/#website"},"datePublished":"2025-02-11T08:41:07+00:00","breadcrumb":{"@id":"https:\/\/realestate-facilities.com\/de\/investieren-sie-in-immobilien-in-kroatien\/#breadcrumb"},"inLanguage":"de","potentialAction":[{"@type":"ReadAction","target":["https:\/\/realestate-facilities.com\/de\/investieren-sie-in-immobilien-in-kroatien\/"]}]},{"@type":"BreadcrumbList","@id":"https:\/\/realestate-facilities.com\/de\/investieren-sie-in-immobilien-in-kroatien\/#breadcrumb","itemListElement":[{"@type":"ListItem","position":1,"name":"Home","item":"https:\/\/realestate-facilities.com\/de\/neu\/"},{"@type":"ListItem","position":2,"name":"Investieren Sie in Immobilien in Kroatien"}]},{"@type":"WebSite","@id":"https:\/\/realestate-facilities.com\/de\/#website","url":"https:\/\/realestate-facilities.com\/de\/","name":"Projectontwikkeling Kroati\u00eb","description":"Projectontwikkeling in Kroati&euml;","potentialAction":[{"@type":"SearchAction","target":{"@type":"EntryPoint","urlTemplate":"https:\/\/realestate-facilities.com\/de\/?s={search_term_string}"},"query-input":{"@type":"PropertyValueSpecification","valueRequired":true,"valueName":"search_term_string"}}],"inLanguage":"de"}]}},"_links":{"self":[{"href":"https:\/\/realestate-facilities.com\/de\/wp-json\/wp\/v2\/pages\/8871","targetHints":{"allow":["GET"]}}],"collection":[{"href":"https:\/\/realestate-facilities.com\/de\/wp-json\/wp\/v2\/pages"}],"about":[{"href":"https:\/\/realestate-facilities.com\/de\/wp-json\/wp\/v2\/types\/page"}],"author":[{"embeddable":true,"href":"https:\/\/realestate-facilities.com\/de\/wp-json\/wp\/v2\/users\/1"}],"replies":[{"embeddable":true,"href":"https:\/\/realestate-facilities.com\/de\/wp-json\/wp\/v2\/comments?post=8871"}],"version-history":[{"count":0,"href":"https:\/\/realestate-facilities.com\/de\/wp-json\/wp\/v2\/pages\/8871\/revisions"}],"wp:attachment":[{"href":"https:\/\/realestate-facilities.com\/de\/wp-json\/wp\/v2\/media?parent=8871"}],"curies":[{"name":"wp","href":"https:\/\/api.w.org\/{rel}","templated":true}]}}