{"id":839,"date":"2020-10-06T12:47:18","date_gmt":"2020-10-06T12:47:18","guid":{"rendered":"https:\/\/realestate-facilities.com\/?page_id=839"},"modified":"2024-09-05T15:14:29","modified_gmt":"2024-09-05T13:14:29","slug":"kontakt","status":"publish","type":"page","link":"https:\/\/realestate-facilities.com\/de\/kontakt\/","title":{"rendered":"Kontakt"},"content":{"rendered":"<p>[et_pb_section fb_built=&#8220;1&#8243; admin_label=&#8220;Header Section&#8220; _builder_version=&#8220;4.16&#8243; use_background_color_gradient=&#8220;on&#8220; background_color_gradient_stops=&#8220;#e9f0f6 0%|rgba(233,240,246,0.2) 100%&#8220; background_color_gradient_overlays_image=&#8220;on&#8220; background_color_gradient_start=&#8220;#e9f0f6&#8243; background_color_gradient_end=&#8220;rgba(233,240,246,0.2)&#8220; background_image=&#8220;https:\/\/realestate-facilities.com\/wp-content\/uploads\/2020\/06\/huis-kopen-in-kroatie-contact-nederlandse-makelaar.jpg&#8220; custom_padding=&#8220;10%||20%|&#8220; global_colors_info=&#8220;{}&#8220;][et_pb_row custom_padding_last_edited=&#8220;off|desktop&#8220; admin_label=&#8220;Header Row&#8220; _builder_version=&#8220;4.16&#8243; custom_margin=&#8220;|||&#8220; custom_padding=&#8220;|||&#8220; custom_padding_phone=&#8220;3vw|||&#8220; global_colors_info=&#8220;{}&#8220;][et_pb_column type=&#8220;4_4&#8243; _builder_version=&#8220;4.16&#8243; custom_padding=&#8220;|||&#8220; global_colors_info=&#8220;{}&#8220; custom_padding__hover=&#8220;|||&#8220;][et_pb_text admin_label=&#8220;Heading &#038; Subheading&#8220; _builder_version=&#8220;4.16&#8243; text_font=&#8220;Muli|600|||||||&#8220; text_font_size=&#8220;18px&#8220; text_line_height=&#8220;1.8em&#8220; header_font=&#8220;Muli|700|||||||&#8220; header_font_size=&#8220;65px&#8220; header_line_height=&#8220;1.4em&#8220; header_2_font=&#8220;||||||||&#8220; text_orientation=&#8220;center&#8220; max_width=&#8220;800px&#8220; max_width_last_edited=&#8220;off|desktop&#8220; module_alignment=&#8220;center&#8220; custom_margin=&#8220;|||&#8220; custom_padding=&#8220;|||&#8220; custom_padding_last_edited=&#8220;off|desktop&#8220; animation_style=&#8220;fade&#8220; global_colors_info=&#8220;{}&#8220;]<\/p>\n<h1>Kontakt Formular<\/h1>\n<p>Erw\u00e4gen Sie den Kauf eines Ferienhauses oder Grundst\u00fccks in Kroatien und m\u00f6chten die M\u00f6glichkeiten mit uns besprechen? F\u00fcllen Sie unser Kontaktformular aus und wir werden Sie umgehend kontaktieren.<\/p>\n<p>[\/et_pb_text][\/et_pb_column][\/et_pb_row][\/et_pb_section][et_pb_section fb_built=&#8220;1&#8243; admin_label=&#8220;Contact Section&#8220; _builder_version=&#8220;4.16&#8243; background_color=&#8220;#e9f0f6&#8243; custom_padding=&#8220;54px|0px|22px|0px||&#8220; global_colors_info=&#8220;{}&#8220;][et_pb_row column_structure=&#8220;1_3,2_3&#8243; admin_label=&#8220;Message Row&#8220; _builder_version=&#8220;4.16&#8243; custom_padding=&#8220;|||&#8220; global_colors_info=&#8220;{}&#8220;][et_pb_column type=&#8220;1_3&#8243; _builder_version=&#8220;4.16&#8243; custom_padding=&#8220;|||&#8220; global_colors_info=&#8220;{}&#8220; custom_padding__hover=&#8220;|||&#8220;][et_pb_text admin_label=&#8220;Title&#8220; _builder_version=&#8220;4.16&#8243; text_font=&#8220;Muli|600|||||||&#8220; text_text_color=&#8220;#737373&#8243; text_font_size=&#8220;18px&#8220; header_font=&#8220;||||||||&#8220; header_2_font=&#8220;Muli|700|||||||&#8220; header_2_text_align=&#8220;left&#8220; header_2_font_size=&#8220;50px&#8220; header_2_line_height=&#8220;1.4em&#8220; max_width_last_edited=&#8220;off|desktop&#8220; custom_margin=&#8220;|||&#8220; custom_padding=&#8220;|||&#8220; custom_padding_last_edited=&#8220;off|desktop&#8220; header_2_font_size_tablet=&#8220;&#8220; header_2_font_size_phone=&#8220;40px&#8220; header_2_font_size_last_edited=&#8220;on|phone&#8220; global_colors_info=&#8220;{}&#8220;]<\/p>\n<h2>Senden Sie uns eine Email<\/h2>\n<p>[\/et_pb_text][\/et_pb_column][et_pb_column type=&#8220;2_3&#8243; _builder_version=&#8220;4.16&#8243; custom_padding=&#8220;|||&#8220; global_colors_info=&#8220;{}&#8220; custom_padding__hover=&#8220;|||&#8220;][et_pb_text _builder_version=&#8220;4.16&#8243; global_colors_info=&#8220;{}&#8220;]<\/p>\n\n<div class=\"wpcf7 no-js\" id=\"wpcf7-f2155-o1\" lang=\"en\" dir=\"ltr\" data-wpcf7-id=\"2155\">\n<div class=\"screen-reader-response\"><p role=\"status\" aria-live=\"polite\" aria-atomic=\"true\"><\/p> <ul><\/ul><\/div>\n<form action=\"\/de\/wp-json\/wp\/v2\/pages\/839#wpcf7-f2155-o1\" method=\"post\" class=\"wpcf7-form init\" aria-label=\"Kontaktformular\" novalidate=\"novalidate\" data-status=\"init\">\n<fieldset class=\"hidden-fields-container\"><input type=\"hidden\" name=\"_wpcf7\" value=\"2155\" \/><input type=\"hidden\" name=\"_wpcf7_version\" value=\"6.1.5\" \/><input type=\"hidden\" name=\"_wpcf7_locale\" value=\"en\" \/><input type=\"hidden\" name=\"_wpcf7_unit_tag\" value=\"wpcf7-f2155-o1\" \/><input type=\"hidden\" name=\"_wpcf7_container_post\" value=\"0\" \/><input type=\"hidden\" name=\"_wpcf7_posted_data_hash\" value=\"\" \/><input type=\"hidden\" name=\"_wpcf7_recaptcha_response\" value=\"\" \/>\n<\/fieldset>\n<p><span class=\"wpcf7-form-control-wrap\" data-name=\"your-name\"><input size=\"40\" maxlength=\"400\" class=\"wpcf7-form-control wpcf7-text wpcf7-validates-as-required\" aria-required=\"true\" aria-invalid=\"false\" placeholder=\"Ihre name\" value=\"\" type=\"text\" name=\"your-name\" \/><\/span>\n<\/p>\n<p><span class=\"wpcf7-form-control-wrap\" data-name=\"your-email\"><input size=\"40\" maxlength=\"400\" class=\"wpcf7-form-control wpcf7-email wpcf7-validates-as-required wpcf7-text wpcf7-validates-as-email\" aria-required=\"true\" aria-invalid=\"false\" placeholder=\"Ihre Emailadresse\" value=\"\" type=\"email\" name=\"your-email\" \/><\/span>\n<\/p>\n<p><span class=\"wpcf7-form-control-wrap\" data-name=\"your-tel\"><input size=\"40\" maxlength=\"400\" class=\"wpcf7-form-control wpcf7-tel wpcf7-validates-as-required wpcf7-text wpcf7-validates-as-tel\" aria-required=\"true\" aria-invalid=\"false\" placeholder=\"Ihre Telefonnummer\" value=\"\" type=\"tel\" name=\"your-tel\" \/><\/span>\n<\/p>\n<p><span class=\"wpcf7-form-control-wrap\" data-name=\"your-message\"><textarea cols=\"40\" rows=\"10\" maxlength=\"2000\" class=\"wpcf7-form-control wpcf7-textarea\" aria-invalid=\"false\" placeholder=\"Ihre Frage \/ Nachricht\" name=\"your-message\"><\/textarea><\/span>\n<\/p>\n<p><input class=\"wpcf7-form-control wpcf7-submit has-spinner\" type=\"submit\" value=\"Senden\" \/>\n<\/p><div class=\"wpcf7-response-output\" aria-hidden=\"true\"><\/div>\n<\/form>\n<\/div>\n\n<p>[\/et_pb_text][\/et_pb_column][\/et_pb_row][\/et_pb_section][et_pb_section fb_built=&#8220;1&#8243; admin_label=&#8220;Map Section&#8220; _builder_version=&#8220;4.16&#8243; background_color=&#8220;#e9f0f6&#8243; custom_padding=&#8220;0px|0px|100px|0px||&#8220; global_colors_info=&#8220;{}&#8220;][et_pb_row admin_label=&#8220;Map Row&#8220; _builder_version=&#8220;4.16&#8243; custom_margin=&#8220;|||&#8220; custom_margin_last_edited=&#8220;off|desktop&#8220; custom_padding=&#8220;|||&#8220; global_colors_info=&#8220;{}&#8220;][et_pb_column type=&#8220;4_4&#8243; _builder_version=&#8220;4.16&#8243; custom_padding=&#8220;|||&#8220; global_colors_info=&#8220;{}&#8220; custom_padding__hover=&#8220;|||&#8220;][et_pb_text admin_label=&#8220;Title&#8220; _builder_version=&#8220;4.24.3&#8243; text_font=&#8220;Muli|600|||||||&#8220; text_font_size=&#8220;18px&#8220; text_line_height=&#8220;1.8em&#8220; header_font=&#8220;||||||||&#8220; header_2_font=&#8220;Muli|700|||||||&#8220; header_2_font_size=&#8220;50px&#8220; header_2_line_height=&#8220;1.4em&#8220; text_orientation=&#8220;center&#8220; max_width=&#8220;800px&#8220; max_width_last_edited=&#8220;off|desktop&#8220; module_alignment=&#8220;center&#8220; custom_margin=&#8220;|||&#8220; custom_padding=&#8220;|||&#8220; custom_padding_last_edited=&#8220;off|desktop&#8220; header_2_font_size_tablet=&#8220;&#8220; header_2_font_size_phone=&#8220;40px&#8220; header_2_font_size_last_edited=&#8220;on|phone&#8220; global_colors_info=&#8220;{}&#8220;]<\/p>\n<h2>Besuchen Sie uns<\/h2>\n<p>Wir empfangen Sie in unserem B\u00fcro in Kroatien<\/p>\n<p>[\/et_pb_text][\/et_pb_column][\/et_pb_row][et_pb_row column_structure=&#8220;1_4,1_2,1_4&#8243; _builder_version=&#8220;4.16&#8243; global_colors_info=&#8220;{}&#8220;][et_pb_column type=&#8220;1_4&#8243; _builder_version=&#8220;4.16&#8243; global_colors_info=&#8220;{}&#8220;][\/et_pb_column][et_pb_column type=&#8220;1_2&#8243; _builder_version=&#8220;4.16&#8243; global_colors_info=&#8220;{}&#8220;][et_pb_image src=&#8220;https:\/\/realestate-facilities.com\/wp-content\/uploads\/2024\/09\/adres-real-estate-facilities.jpg&#8220; title_text=&#8220;adres-real-estate-facilities&#8220; _builder_version=&#8220;4.24.3&#8243; hover_enabled=&#8220;0&#8243; global_colors_info=&#8220;{}&#8220; sticky_enabled=&#8220;0&#8243;][\/et_pb_image][\/et_pb_column][et_pb_column type=&#8220;1_4&#8243; _builder_version=&#8220;4.16&#8243; global_colors_info=&#8220;{}&#8220;][\/et_pb_column][\/et_pb_row][\/et_pb_section]<\/p>\n","protected":false},"excerpt":{"rendered":"<p>Kontakt Formular Erw\u00e4gen Sie den Kauf eines Ferienhauses oder Grundst\u00fccks in Kroatien und m\u00f6chten die M\u00f6glichkeiten mit uns besprechen? F\u00fcllen Sie unser Kontaktformular aus und wir werden Sie umgehend kontaktieren.Senden Sie uns eine Email\n<div class=\"wpcf7 no-js\" id=\"wpcf7-f2155-o2\" lang=\"en\" dir=\"ltr\" data-wpcf7-id=\"2155\">\n<div class=\"screen-reader-response\"><p role=\"status\" aria-live=\"polite\" aria-atomic=\"true\"><\/p> <ul><\/ul><\/div>\n<form action=\"\/de\/wp-json\/wp\/v2\/pages\/839#wpcf7-f2155-o2\" method=\"post\" class=\"wpcf7-form init\" aria-label=\"Kontaktformular\" novalidate=\"novalidate\" data-status=\"init\">\n<fieldset class=\"hidden-fields-container\"><input type=\"hidden\" name=\"_wpcf7\" value=\"2155\" \/><input type=\"hidden\" name=\"_wpcf7_version\" value=\"6.1.5\" \/><input type=\"hidden\" name=\"_wpcf7_locale\" value=\"en\" \/><input type=\"hidden\" name=\"_wpcf7_unit_tag\" value=\"wpcf7-f2155-o2\" \/><input type=\"hidden\" name=\"_wpcf7_container_post\" value=\"0\" \/><input type=\"hidden\" name=\"_wpcf7_posted_data_hash\" value=\"\" \/><input type=\"hidden\" name=\"_wpcf7_recaptcha_response\" value=\"\" \/>\n<\/fieldset>\n<p><span class=\"wpcf7-form-control-wrap\" data-name=\"your-name\"><input size=\"40\" maxlength=\"400\" class=\"wpcf7-form-control wpcf7-text wpcf7-validates-as-required\" aria-required=\"true\" aria-invalid=\"false\" placeholder=\"Ihre name\" value=\"\" type=\"text\" name=\"your-name\" \/><\/span>\n<\/p>\n<p><span class=\"wpcf7-form-control-wrap\" data-name=\"your-email\"><input size=\"40\" maxlength=\"400\" class=\"wpcf7-form-control wpcf7-email wpcf7-validates-as-required wpcf7-text wpcf7-validates-as-email\" aria-required=\"true\" aria-invalid=\"false\" placeholder=\"Ihre Emailadresse\" value=\"\" type=\"email\" name=\"your-email\" \/><\/span>\n<\/p>\n<p><span class=\"wpcf7-form-control-wrap\" data-name=\"your-tel\"><input size=\"40\" maxlength=\"400\" class=\"wpcf7-form-control wpcf7-tel wpcf7-validates-as-required wpcf7-text wpcf7-validates-as-tel\" aria-required=\"true\" aria-invalid=\"false\" placeholder=\"Ihre Telefonnummer\" value=\"\" type=\"tel\" name=\"your-tel\" \/><\/span>\n<\/p>\n<p><span class=\"wpcf7-form-control-wrap\" data-name=\"your-message\"><textarea cols=\"40\" rows=\"10\" maxlength=\"2000\" class=\"wpcf7-form-control wpcf7-textarea\" aria-invalid=\"false\" placeholder=\"Ihre Frage \/ Nachricht\" name=\"your-message\"><\/textarea><\/span>\n<\/p>\n<p><input class=\"wpcf7-form-control wpcf7-submit has-spinner\" type=\"submit\" value=\"Senden\" \/>\n<\/p><div class=\"wpcf7-response-output\" aria-hidden=\"true\"><\/div>\n<\/form>\n<\/div>\nBesuchen Sie uns Wir empfangen Sie in unserem B\u00fcro in Kroatien<\/p>\n","protected":false},"author":1,"featured_media":0,"parent":0,"menu_order":0,"comment_status":"closed","ping_status":"closed","template":"","meta":{"_et_pb_use_builder":"on","_et_pb_old_content":"<p>[et_pb_section fb_built=\"1\" admin_label=\"Header Section\" _builder_version=\"4.4.5\" use_background_color_gradient=\"on\" background_color_gradient_start=\"#e9f0f6\" background_color_gradient_end=\"rgba(233,240,246,0.2)\" background_color_gradient_overlays_image=\"on\" background_image=\"https:\/\/realestate-facilities.com\/wp-content\/uploads\/2020\/06\/huis-kopen-in-kroatie-contact-nederlandse-makelaar.jpg\" custom_padding=\"10%||20%|\"][et_pb_row custom_padding_last_edited=\"off|desktop\" admin_label=\"Header Row\" _builder_version=\"3.25\" custom_margin=\"|||\" custom_padding=\"|||\" custom_padding_phone=\"3vw|||\"][et_pb_column type=\"4_4\" _builder_version=\"3.25\" custom_padding=\"|||\" custom_padding__hover=\"|||\"][et_pb_text admin_label=\"Heading & Subheading\" _builder_version=\"4.4.5\" text_font=\"Muli|600|||||||\" text_font_size=\"18px\" text_line_height=\"1.8em\" header_font=\"Muli|700|||||||\" header_font_size=\"65px\" header_line_height=\"1.4em\" header_2_font=\"||||||||\" text_orientation=\"center\" max_width=\"800px\" max_width_last_edited=\"off|desktop\" module_alignment=\"center\" custom_margin=\"|||\" custom_padding=\"|||\" custom_padding_last_edited=\"off|desktop\" animation_style=\"fade\"]<\/p><h1>Contact Formulier<\/h1><p>Overweegt u de aanschaf van een vakantiewoning of perceel in Kroatie en wilt u de mogelijkheden met ons bespreken. Vul dan ons contactformulier in en wij nemen direct contact met u op.<\/p><p>[\/et_pb_text][\/et_pb_column][\/et_pb_row][\/et_pb_section][et_pb_section fb_built=\"1\" admin_label=\"Contact Section\" _builder_version=\"3.22\" background_color=\"#e9f0f6\" custom_padding=\"54px|0px|22px|0px||\"][et_pb_row column_structure=\"1_3,2_3\" admin_label=\"Message Row\" _builder_version=\"3.25\" custom_padding=\"|||\"][et_pb_column type=\"1_3\" _builder_version=\"3.25\" custom_padding=\"|||\" custom_padding__hover=\"|||\"][et_pb_text admin_label=\"Title\" _builder_version=\"4.4.5\" text_font=\"Muli|600|||||||\" text_text_color=\"#737373\" text_font_size=\"18px\" header_font=\"||||||||\" header_2_font=\"Muli|700|||||||\" header_2_text_align=\"left\" header_2_font_size=\"50px\" header_2_line_height=\"1.4em\" max_width_last_edited=\"off|desktop\" custom_margin=\"|||\" custom_padding=\"|||\" custom_padding_last_edited=\"off|desktop\" header_2_font_size_tablet=\"\" header_2_font_size_phone=\"40px\" header_2_font_size_last_edited=\"on|phone\"]<\/p><h2>Stuur ons een e-mail<\/h2><p>[\/et_pb_text][\/et_pb_column][et_pb_column type=\"2_3\" _builder_version=\"3.25\" custom_padding=\"|||\" custom_padding__hover=\"|||\"][et_pb_text _builder_version=\"4.4.5\"]<\/p><p>[contact-form-7 id=\"112\" title=\"Contact form 1\"]<\/p><p>[\/et_pb_text][\/et_pb_column][\/et_pb_row][\/et_pb_section][et_pb_section fb_built=\"1\" admin_label=\"Map Section\" _builder_version=\"3.22\" background_color=\"#e9f0f6\" custom_padding=\"0px|0px|100px|0px||\"][et_pb_row admin_label=\"Map Row\" _builder_version=\"3.25\" custom_margin=\"|||\" custom_margin_last_edited=\"off|desktop\" custom_padding=\"|||\"][et_pb_column type=\"4_4\" _builder_version=\"3.25\" custom_padding=\"|||\" custom_padding__hover=\"|||\"][et_pb_text admin_label=\"Title\" _builder_version=\"4.4.5\" text_font=\"Muli|600|||||||\" text_font_size=\"18px\" text_line_height=\"1.8em\" header_font=\"||||||||\" header_2_font=\"Muli|700|||||||\" header_2_font_size=\"50px\" header_2_line_height=\"1.4em\" text_orientation=\"center\" max_width=\"800px\" max_width_last_edited=\"off|desktop\" module_alignment=\"center\" custom_margin=\"|||\" custom_padding=\"|||\" custom_padding_last_edited=\"off|desktop\" header_2_font_size_tablet=\"\" header_2_font_size_phone=\"40px\" header_2_font_size_last_edited=\"on|phone\"]<\/p><h2>Bezoek ons<\/h2><p>We ontvangen u op ons kantoor in Nederland of op ons kantoor in Kroatie<\/p><p>[\/et_pb_text][\/et_pb_column][\/et_pb_row][et_pb_row column_structure=\"1_2,1_2\" _builder_version=\"4.4.5\"][et_pb_column type=\"1_2\" _builder_version=\"4.4.5\"][et_pb_image src=\"https:\/\/realestate-facilities.com\/wp-content\/uploads\/2020\/06\/adres-nederland-realestatefacilities.jpg\" _builder_version=\"4.4.5\" title_text=\"adres-nederland-realestatefacilities\" hover_enabled=\"0\"][\/et_pb_image][et_pb_text _builder_version=\"4.4.5\" hover_enabled=\"0\"]<\/p><p><strong>Nederland:<br \/><\/strong>Tel: +31 6 531 811 32<\/p><p>[\/et_pb_text][\/et_pb_column][et_pb_column type=\"1_2\" _builder_version=\"4.4.5\"][et_pb_image src=\"https:\/\/realestate-facilities.com\/wp-content\/uploads\/2020\/06\/adres-kroatie-realestatefacilities.jpg\" _builder_version=\"4.4.5\" title_text=\"adres-kroatie-realestatefacilities\" hover_enabled=\"0\"][\/et_pb_image][et_pb_text _builder_version=\"4.4.5\" hover_enabled=\"0\"]<\/p><p><strong>Kroati\u00eb:<\/strong><br \/>Ulica hrvatskih \u017ertava 360<br \/>Seget Donji \u2013 zipcode: 21218<br \/>Tel: +385 98 429 537<\/p><p>[\/et_pb_text][\/et_pb_column][\/et_pb_row][\/et_pb_section]<\/p>","_et_gb_content_width":"","_monsterinsights_skip_tracking":false,"_monsterinsights_sitenote_active":false,"_monsterinsights_sitenote_note":"","_monsterinsights_sitenote_category":0,"footnotes":""},"class_list":["post-839","page","type-page","status-publish","hentry"],"yoast_head":"<!-- This site is optimized with the Yoast SEO plugin v27.4 - https:\/\/yoast.com\/product\/yoast-seo-wordpress\/ -->\n<title>Kontakt - Real Estate Facilities<\/title>\n<meta name=\"robots\" content=\"index, follow, max-snippet:-1, max-image-preview:large, max-video-preview:-1\" \/>\n<link rel=\"canonical\" href=\"https:\/\/realestate-facilities.com\/de\/kontakt\/\" \/>\n<meta property=\"og:locale\" content=\"de_DE\" \/>\n<meta property=\"og:type\" content=\"article\" \/>\n<meta property=\"og:title\" content=\"Kontakt - Real Estate Facilities\" \/>\n<meta property=\"og:description\" content=\"Kontakt Formular Erw\u00e4gen Sie den Kauf eines Ferienhauses oder Grundst\u00fccks in Kroatien und m\u00f6chten die M\u00f6glichkeiten mit uns besprechen? F\u00fcllen Sie unser Kontaktformular aus und wir werden Sie umgehend kontaktieren.Senden Sie uns eine EmailBesuchen Sie uns Wir empfangen Sie in unserem B\u00fcro in Kroatien\" \/>\n<meta property=\"og:url\" content=\"https:\/\/realestate-facilities.com\/de\/kontakt\/\" \/>\n<meta property=\"og:site_name\" content=\"Real Estate Facilities\" \/>\n<meta property=\"article:modified_time\" content=\"2024-09-05T13:14:29+00:00\" \/>\n<meta name=\"twitter:card\" content=\"summary_large_image\" \/>\n<meta name=\"twitter:label1\" content=\"Gesch\u00e4tzte Lesezeit\" \/>\n\t<meta name=\"twitter:data1\" content=\"1\u00a0Minute\" \/>\n<script type=\"application\/ld+json\" class=\"yoast-schema-graph\">{\"@context\":\"https:\\\/\\\/schema.org\",\"@graph\":[{\"@type\":\"WebPage\",\"@id\":\"https:\\\/\\\/realestate-facilities.com\\\/de\\\/kontakt\\\/\",\"url\":\"https:\\\/\\\/realestate-facilities.com\\\/de\\\/kontakt\\\/\",\"name\":\"Kontakt - Real Estate Facilities\",\"isPartOf\":{\"@id\":\"https:\\\/\\\/realestate-facilities.com\\\/de\\\/#website\"},\"datePublished\":\"2020-10-06T12:47:18+00:00\",\"dateModified\":\"2024-09-05T13:14:29+00:00\",\"breadcrumb\":{\"@id\":\"https:\\\/\\\/realestate-facilities.com\\\/de\\\/kontakt\\\/#breadcrumb\"},\"inLanguage\":\"de\",\"potentialAction\":[{\"@type\":\"ReadAction\",\"target\":[\"https:\\\/\\\/realestate-facilities.com\\\/de\\\/kontakt\\\/\"]}]},{\"@type\":\"BreadcrumbList\",\"@id\":\"https:\\\/\\\/realestate-facilities.com\\\/de\\\/kontakt\\\/#breadcrumb\",\"itemListElement\":[{\"@type\":\"ListItem\",\"position\":1,\"name\":\"Home\",\"item\":\"https:\\\/\\\/realestate-facilities.com\\\/de\\\/neu\\\/\"},{\"@type\":\"ListItem\",\"position\":2,\"name\":\"Kontakt\"}]},{\"@type\":\"WebSite\",\"@id\":\"https:\\\/\\\/realestate-facilities.com\\\/de\\\/#website\",\"url\":\"https:\\\/\\\/realestate-facilities.com\\\/de\\\/\",\"name\":\"Projectontwikkeling Kroati\u00eb\",\"description\":\"Projectontwikkeling in Kroati&euml;\",\"potentialAction\":[{\"@type\":\"SearchAction\",\"target\":{\"@type\":\"EntryPoint\",\"urlTemplate\":\"https:\\\/\\\/realestate-facilities.com\\\/de\\\/?s={search_term_string}\"},\"query-input\":{\"@type\":\"PropertyValueSpecification\",\"valueRequired\":true,\"valueName\":\"search_term_string\"}}],\"inLanguage\":\"de\"}]}<\/script>\n<!-- \/ Yoast SEO plugin. -->","yoast_head_json":{"title":"Kontakt - Real Estate Facilities","robots":{"index":"index","follow":"follow","max-snippet":"max-snippet:-1","max-image-preview":"max-image-preview:large","max-video-preview":"max-video-preview:-1"},"canonical":"https:\/\/realestate-facilities.com\/de\/kontakt\/","og_locale":"de_DE","og_type":"article","og_title":"Kontakt - Real Estate Facilities","og_description":"Kontakt Formular Erw\u00e4gen Sie den Kauf eines Ferienhauses oder Grundst\u00fccks in Kroatien und m\u00f6chten die M\u00f6glichkeiten mit uns besprechen? F\u00fcllen Sie unser Kontaktformular aus und wir werden Sie umgehend kontaktieren.Senden Sie uns eine EmailBesuchen Sie uns Wir empfangen Sie in unserem B\u00fcro in Kroatien","og_url":"https:\/\/realestate-facilities.com\/de\/kontakt\/","og_site_name":"Real Estate Facilities","article_modified_time":"2024-09-05T13:14:29+00:00","twitter_card":"summary_large_image","twitter_misc":{"Gesch\u00e4tzte Lesezeit":"1\u00a0Minute"},"schema":{"@context":"https:\/\/schema.org","@graph":[{"@type":"WebPage","@id":"https:\/\/realestate-facilities.com\/de\/kontakt\/","url":"https:\/\/realestate-facilities.com\/de\/kontakt\/","name":"Kontakt - Real Estate Facilities","isPartOf":{"@id":"https:\/\/realestate-facilities.com\/de\/#website"},"datePublished":"2020-10-06T12:47:18+00:00","dateModified":"2024-09-05T13:14:29+00:00","breadcrumb":{"@id":"https:\/\/realestate-facilities.com\/de\/kontakt\/#breadcrumb"},"inLanguage":"de","potentialAction":[{"@type":"ReadAction","target":["https:\/\/realestate-facilities.com\/de\/kontakt\/"]}]},{"@type":"BreadcrumbList","@id":"https:\/\/realestate-facilities.com\/de\/kontakt\/#breadcrumb","itemListElement":[{"@type":"ListItem","position":1,"name":"Home","item":"https:\/\/realestate-facilities.com\/de\/neu\/"},{"@type":"ListItem","position":2,"name":"Kontakt"}]},{"@type":"WebSite","@id":"https:\/\/realestate-facilities.com\/de\/#website","url":"https:\/\/realestate-facilities.com\/de\/","name":"Projectontwikkeling Kroati\u00eb","description":"Projectontwikkeling in Kroati&euml;","potentialAction":[{"@type":"SearchAction","target":{"@type":"EntryPoint","urlTemplate":"https:\/\/realestate-facilities.com\/de\/?s={search_term_string}"},"query-input":{"@type":"PropertyValueSpecification","valueRequired":true,"valueName":"search_term_string"}}],"inLanguage":"de"}]}},"_links":{"self":[{"href":"https:\/\/realestate-facilities.com\/de\/wp-json\/wp\/v2\/pages\/839","targetHints":{"allow":["GET"]}}],"collection":[{"href":"https:\/\/realestate-facilities.com\/de\/wp-json\/wp\/v2\/pages"}],"about":[{"href":"https:\/\/realestate-facilities.com\/de\/wp-json\/wp\/v2\/types\/page"}],"author":[{"embeddable":true,"href":"https:\/\/realestate-facilities.com\/de\/wp-json\/wp\/v2\/users\/1"}],"replies":[{"embeddable":true,"href":"https:\/\/realestate-facilities.com\/de\/wp-json\/wp\/v2\/comments?post=839"}],"version-history":[{"count":0,"href":"https:\/\/realestate-facilities.com\/de\/wp-json\/wp\/v2\/pages\/839\/revisions"}],"wp:attachment":[{"href":"https:\/\/realestate-facilities.com\/de\/wp-json\/wp\/v2\/media?parent=839"}],"curies":[{"name":"wp","href":"https:\/\/api.w.org\/{rel}","templated":true}]}}