{"id":4723,"date":"2026-02-18T11:08:41","date_gmt":"2026-02-18T11:08:41","guid":{"rendered":"https:\/\/darkviolet-jay-311267.hostingersite.com\/villa-seget-vranjica\/"},"modified":"2026-04-25T11:57:47","modified_gmt":"2026-04-25T11:57:47","slug":"villa-seget-vranjica","status":"publish","type":"page","link":"https:\/\/realestate-facilities.com\/de\/villa-seget-vranjica\/","title":{"rendered":"Villa Seget Vranjica"},"content":{"rendered":"\t\t<div data-elementor-type=\"wp-page\" data-elementor-id=\"4723\" class=\"elementor elementor-4723 elementor-3086\">\n\t\t\t\t<div class=\"elementor-element elementor-element-203f85b e-flex e-con-boxed e-con e-parent\" data-id=\"203f85b\" data-element_type=\"container\" data-e-type=\"container\" data-settings=\"{&quot;background_background&quot;:&quot;classic&quot;,&quot;shape_divider_bottom&quot;:&quot;mountains&quot;}\">\n\t\t\t\t\t<div class=\"e-con-inner\">\n\t\t\t\t<div class=\"elementor-shape elementor-shape-bottom\" aria-hidden=\"true\" data-negative=\"false\">\n\t\t\t<svg xmlns=\"http:\/\/www.w3.org\/2000\/svg\" viewBox=\"0 0 1000 100\" preserveAspectRatio=\"none\">\n\t<path class=\"elementor-shape-fill\" opacity=\"0.33\" d=\"M473,67.3c-203.9,88.3-263.1-34-320.3,0C66,119.1,0,59.7,0,59.7V0h1000v59.7 c0,0-62.1,26.1-94.9,29.3c-32.8,3.3-62.8-12.3-75.8-22.1C806,49.6,745.3,8.7,694.9,4.7S492.4,59,473,67.3z\"\/>\n\t<path class=\"elementor-shape-fill\" opacity=\"0.66\" d=\"M734,67.3c-45.5,0-77.2-23.2-129.1-39.1c-28.6-8.7-150.3-10.1-254,39.1 s-91.7-34.4-149.2,0C115.7,118.3,0,39.8,0,39.8V0h1000v36.5c0,0-28.2-18.5-92.1-18.5C810.2,18.1,775.7,67.3,734,67.3z\"\/>\n\t<path class=\"elementor-shape-fill\" d=\"M766.1,28.9c-200-57.5-266,65.5-395.1,19.5C242,1.8,242,5.4,184.8,20.6C128,35.8,132.3,44.9,89.9,52.5C28.6,63.7,0,0,0,0 h1000c0,0-9.9,40.9-83.6,48.1S829.6,47,766.1,28.9z\"\/>\n<\/svg>\t\t<\/div>\n\t\t<div class=\"elementor-element elementor-element-01f598a e-con-full e-flex e-con e-child\" data-id=\"01f598a\" data-element_type=\"container\" data-e-type=\"container\">\n\t\t\t\t<div class=\"elementor-element elementor-element-7b4f6eb elementor-widget elementor-widget-heading\" data-id=\"7b4f6eb\" data-element_type=\"widget\" data-e-type=\"widget\" data-widget_type=\"heading.default\">\n\t\t\t\t<div class=\"elementor-widget-container\">\n\t\t\t\t\t<h2 class=\"elementor-heading-title elementor-size-default\">Villa Seget Vranjica<\/h2>\t\t\t\t<\/div>\n\t\t\t\t<\/div>\n\t\t\t\t<\/div>\n\t\t\t\t\t<\/div>\n\t\t\t\t<\/div>\n\t\t<div class=\"elementor-element elementor-element-c6b8b9c e-flex e-con-boxed e-con e-parent\" data-id=\"c6b8b9c\" data-element_type=\"container\" data-e-type=\"container\">\n\t\t\t\t\t<div class=\"e-con-inner\">\n\t\t\t\t<div class=\"elementor-element elementor-element-47270be elementor-widget elementor-widget-counter\" data-id=\"47270be\" data-element_type=\"widget\" data-e-type=\"widget\" data-widget_type=\"counter.default\">\n\t\t\t\t<div class=\"elementor-widget-container\">\n\t\t\t\t\t\t\t<div class=\"elementor-counter\">\n\t\t\t<div class=\"elementor-counter-title\">Zimmer<\/div>\t\t\t<div class=\"elementor-counter-number-wrapper\">\n\t\t\t\t<span class=\"elementor-counter-number-prefix\"><\/span>\n\t\t\t\t<span class=\"elementor-counter-number\" data-duration=\"2000\" data-to-value=\"6\" data-from-value=\"0\" data-delimiter=\",\">0<\/span>\n\t\t\t\t<span class=\"elementor-counter-number-suffix\"><\/span>\n\t\t\t<\/div>\n\t\t<\/div>\n\t\t\t\t\t\t<\/div>\n\t\t\t\t<\/div>\n\t\t\t\t<div class=\"elementor-element elementor-element-5c2df22 elementor-widget elementor-widget-counter\" data-id=\"5c2df22\" data-element_type=\"widget\" data-e-type=\"widget\" data-widget_type=\"counter.default\">\n\t\t\t\t<div class=\"elementor-widget-container\">\n\t\t\t\t\t\t\t<div class=\"elementor-counter\">\n\t\t\t<div class=\"elementor-counter-title\">m2<\/div>\t\t\t<div class=\"elementor-counter-number-wrapper\">\n\t\t\t\t<span class=\"elementor-counter-number-prefix\"><\/span>\n\t\t\t\t<span class=\"elementor-counter-number\" data-duration=\"2000\" data-to-value=\"230\" data-from-value=\"0\" data-delimiter=\",\">0<\/span>\n\t\t\t\t<span class=\"elementor-counter-number-suffix\"><\/span>\n\t\t\t<\/div>\n\t\t<\/div>\n\t\t\t\t\t\t<\/div>\n\t\t\t\t<\/div>\n\t\t\t\t<div class=\"elementor-element elementor-element-e9061ef elementor-widget elementor-widget-counter\" data-id=\"e9061ef\" data-element_type=\"widget\" data-e-type=\"widget\" data-widget_type=\"counter.default\">\n\t\t\t\t<div class=\"elementor-widget-container\">\n\t\t\t\t\t\t\t<div class=\"elementor-counter\">\n\t\t\t<div class=\"elementor-counter-title\">Terrassen<\/div>\t\t\t<div class=\"elementor-counter-number-wrapper\">\n\t\t\t\t<span class=\"elementor-counter-number-prefix\"><\/span>\n\t\t\t\t<span class=\"elementor-counter-number\" data-duration=\"2000\" data-to-value=\"2\" data-from-value=\"0\" data-delimiter=\",\">0<\/span>\n\t\t\t\t<span class=\"elementor-counter-number-suffix\"><\/span>\n\t\t\t<\/div>\n\t\t<\/div>\n\t\t\t\t\t\t<\/div>\n\t\t\t\t<\/div>\n\t\t\t\t\t<\/div>\n\t\t\t\t<\/div>\n\t\t<div class=\"elementor-element elementor-element-16405ab e-flex e-con-boxed e-con e-parent\" data-id=\"16405ab\" data-element_type=\"container\" data-e-type=\"container\">\n\t\t\t\t\t<div class=\"e-con-inner\">\n\t\t<div class=\"elementor-element elementor-element-a216261 e-con-full e-flex e-con e-child\" data-id=\"a216261\" data-element_type=\"container\" data-e-type=\"container\">\n\t\t\t\t<div class=\"elementor-element elementor-element-6d9c3f4 elementor-widget elementor-widget-heading\" data-id=\"6d9c3f4\" data-element_type=\"widget\" data-e-type=\"widget\" data-widget_type=\"heading.default\">\n\t\t\t\t<div class=\"elementor-widget-container\">\n\t\t\t\t\t<h2 class=\"elementor-heading-title elementor-size-default\">Villa Seget Vranjica<\/h2>\t\t\t\t<\/div>\n\t\t\t\t<\/div>\n\t\t\t\t<div class=\"elementor-element elementor-element-d417219 elementor-widget elementor-widget-text-editor\" data-id=\"d417219\" data-element_type=\"widget\" data-e-type=\"widget\" data-widget_type=\"text-editor.default\">\n\t\t\t\t<div class=\"elementor-widget-container\">\n\t\t\t\t\t\t\t\t\t<p>An der prestigetr\u00e4chtigen Goldenen Meile in Seget Vranjica gelegen, bietet dieses au\u00dfergew\u00f6hnliche 5.147 m\u00b2 gro\u00dfe Baugrundst\u00fcck einen Panoramablick \u00fcber die ber\u00fchmte Blaue Lagune f\u00fcr nur 250 \u20ac pro m\u00b2. Mit einem kompletten Masterplan, genehmigten Baugenehmigungen und sofortigem Baurecht f\u00fcr 11 Apartments und 3 Penth\u00e4user in drei nach S\u00fcden ausgerichteten Geb\u00e4uden, die jeweils \u00fcber private Pools und eine Tiefgarage verf\u00fcgen, ist dies eine wirklich schl\u00fcsselfertige Gelegenheit. Es liegt zwischen der UNESCO-gesch\u00fctzten Stadt Trogir und der K\u00fcste von Marina, und der internationale Flughafen Split ist nur 10 Minuten entfernt. Angeboten f\u00fcr 1.290.000 \u20ac.   <\/p>\t\t\t\t\t\t\t\t<\/div>\n\t\t\t\t<\/div>\n\t\t\t\t<\/div>\n\t\t<div class=\"elementor-element elementor-element-4a83323 e-con-full e-flex e-con e-child\" data-id=\"4a83323\" data-element_type=\"container\" data-e-type=\"container\">\n\t\t\t\t<div class=\"elementor-element elementor-element-42c7b3b elementor-widget elementor-widget-image\" data-id=\"42c7b3b\" data-element_type=\"widget\" data-e-type=\"widget\" data-widget_type=\"image.default\">\n\t\t\t\t<div class=\"elementor-widget-container\">\n\t\t\t\t\t\t\t\t\t\t\t\t\t\t\t<img fetchpriority=\"high\" decoding=\"async\" width=\"800\" height=\"706\" src=\"https:\/\/realestate-facilities.com\/wp-content\/uploads\/2026\/02\/seget-vranjica-croatia-villa-night-render-illuminated.jpg\" class=\"attachment-large size-large wp-image-4708\" alt=\"seget vranjica kroatien villa nacht render beleuchtet\" srcset=\"https:\/\/realestate-facilities.com\/wp-content\/uploads\/2026\/02\/seget-vranjica-croatia-villa-night-render-illuminated.jpg 800w, https:\/\/realestate-facilities.com\/wp-content\/uploads\/2026\/02\/seget-vranjica-croatia-villa-night-render-illuminated-300x265.jpg 300w, https:\/\/realestate-facilities.com\/wp-content\/uploads\/2026\/02\/seget-vranjica-croatia-villa-night-render-illuminated-768x678.jpg 768w\" sizes=\"(max-width: 800px) 100vw, 800px\" \/>\t\t\t\t\t\t\t\t\t\t\t\t\t\t\t<\/div>\n\t\t\t\t<\/div>\n\t\t\t\t<\/div>\n\t\t\t\t\t<\/div>\n\t\t\t\t<\/div>\n\t\t<div class=\"elementor-element elementor-element-f2eb863 e-flex e-con-boxed e-con e-parent\" data-id=\"f2eb863\" data-element_type=\"container\" data-e-type=\"container\">\n\t\t\t\t\t<div class=\"e-con-inner\">\n\t\t<div class=\"elementor-element elementor-element-e3781c8 e-con-full e-flex e-con e-child\" data-id=\"e3781c8\" data-element_type=\"container\" data-e-type=\"container\">\n\t\t\t\t<div class=\"elementor-element elementor-element-38d9ac0 elementor-arrows-position-inside elementor-widget elementor-widget-image-carousel\" data-id=\"38d9ac0\" data-element_type=\"widget\" data-e-type=\"widget\" data-settings=\"{&quot;slides_to_show&quot;:&quot;1&quot;,&quot;navigation&quot;:&quot;arrows&quot;,&quot;lazyload&quot;:&quot;yes&quot;,&quot;effect&quot;:&quot;fade&quot;,&quot;speed&quot;:1000,&quot;autoplay&quot;:&quot;yes&quot;,&quot;pause_on_hover&quot;:&quot;yes&quot;,&quot;pause_on_interaction&quot;:&quot;yes&quot;,&quot;autoplay_speed&quot;:5000,&quot;infinite&quot;:&quot;yes&quot;}\" data-widget_type=\"image-carousel.default\">\n\t\t\t\t<div class=\"elementor-widget-container\">\n\t\t\t\t\t\t\t<div class=\"elementor-image-carousel-wrapper swiper\" role=\"region\" aria-roledescription=\"carousel\" aria-label=\"Afbeelding carrousel\" dir=\"ltr\">\n\t\t\t<div class=\"elementor-image-carousel swiper-wrapper\" aria-live=\"off\">\n\t\t\t\t\t\t\t\t<div class=\"swiper-slide\" role=\"group\" aria-roledescription=\"slide\" aria-label=\"1 von 6\"><figure class=\"swiper-slide-inner\"><img class=\"swiper-slide-image swiper-lazy\" data-src=\"https:\/\/realestate-facilities.com\/wp-content\/uploads\/2026\/02\/seget-donji-vranjica-croatia-waterfront-terrace-sea-view.jpg\" alt=\"seget donji vranjica kroatien terrasse mit meerblick\" \/><div class=\"swiper-lazy-preloader\"><\/div><\/figure><\/div><div class=\"swiper-slide\" role=\"group\" aria-roledescription=\"slide\" aria-label=\"2 von 6\"><figure class=\"swiper-slide-inner\"><img class=\"swiper-slide-image swiper-lazy\" data-src=\"https:\/\/realestate-facilities.com\/wp-content\/uploads\/2026\/02\/seget-vranjica-croatia-luxury-villa-project-hillside.jpg\" alt=\"seget vranjica kroatien luxus villa projekt bergseite\" \/><div class=\"swiper-lazy-preloader\"><\/div><\/figure><\/div><div class=\"swiper-slide\" role=\"group\" aria-roledescription=\"slide\" aria-label=\"3 von 6\"><figure class=\"swiper-slide-inner\"><img class=\"swiper-slide-image swiper-lazy\" data-src=\"https:\/\/realestate-facilities.com\/wp-content\/uploads\/2026\/02\/seget-vranjica-croatia-villa-infinity-pool-night-view.jpg\" alt=\"seget vranjica kroatien villa infinity pool nachtansicht\" \/><div class=\"swiper-lazy-preloader\"><\/div><\/figure><\/div><div class=\"swiper-slide\" role=\"group\" aria-roledescription=\"slide\" aria-label=\"4 von 6\"><figure class=\"swiper-slide-inner\"><img class=\"swiper-slide-image swiper-lazy\" data-src=\"https:\/\/realestate-facilities.com\/wp-content\/uploads\/2026\/02\/seget-vranjica-croatia-villa-infinity-pool-pergola.jpg\" alt=\"seget vranjica kroatien villa infinity pool pergola\" \/><div class=\"swiper-lazy-preloader\"><\/div><\/figure><\/div><div class=\"swiper-slide\" role=\"group\" aria-roledescription=\"slide\" aria-label=\"5 von 6\"><figure class=\"swiper-slide-inner\"><img class=\"swiper-slide-image swiper-lazy\" data-src=\"https:\/\/realestate-facilities.com\/wp-content\/uploads\/2026\/02\/seget-vranjica-croatia-villa-night-render-illuminated.jpg\" alt=\"seget vranjica kroatien villa nacht render beleuchtet\" \/><div class=\"swiper-lazy-preloader\"><\/div><\/figure><\/div><div class=\"swiper-slide\" role=\"group\" aria-roledescription=\"slide\" aria-label=\"6 von 6\"><figure class=\"swiper-slide-inner\"><img class=\"swiper-slide-image swiper-lazy\" data-src=\"https:\/\/realestate-facilities.com\/wp-content\/uploads\/2026\/02\/seget-donji-vranjica-croatia-luxury-villa-sea-view-render.jpg\" alt=\"seget donji vranjica kroatien luxusvilla meerblick render\" \/><div class=\"swiper-lazy-preloader\"><\/div><\/figure><\/div>\t\t\t<\/div>\n\t\t\t\t\t\t\t\t\t\t\t\t<div class=\"elementor-swiper-button elementor-swiper-button-prev\" role=\"button\" tabindex=\"0\">\n\t\t\t\t\t\t<i aria-hidden=\"true\" class=\"eicon-chevron-left\"><\/i>\t\t\t\t\t<\/div>\n\t\t\t\t\t<div class=\"elementor-swiper-button elementor-swiper-button-next\" role=\"button\" tabindex=\"0\">\n\t\t\t\t\t\t<i aria-hidden=\"true\" class=\"eicon-chevron-right\"><\/i>\t\t\t\t\t<\/div>\n\t\t\t\t\n\t\t\t\t\t\t\t\t\t<\/div>\n\t\t\t\t\t\t<\/div>\n\t\t\t\t<\/div>\n\t\t\t\t<div class=\"elementor-element elementor-element-f38b90b elementor-widget elementor-widget-text-editor\" data-id=\"f38b90b\" data-element_type=\"widget\" data-e-type=\"widget\" data-widget_type=\"text-editor.default\">\n\t\t\t\t<div class=\"elementor-widget-container\">\n\t\t\t\t\t\t\t\t\t<p data-start=\"3575\" data-end=\"3673\">Seget Vranjica Entwicklungsgrundst\u00fcck in Kroatien. Ein baureifes Entwicklungsprojekt in bester K\u00fcstenlage mit gro\u00dfem Investitionspotenzial. <\/p><p data-start=\"3675\" data-end=\"3691\"><strong data-start=\"3675\" data-end=\"3691\">Wichtige Details:<\/strong><\/p><ul data-start=\"3692\" data-end=\"3888\"><li data-section-id=\"1vq5myp\" data-start=\"3692\" data-end=\"3710\">Land: 5.147 m\u00b2<\/li><li data-section-id=\"2lqm0b\" data-start=\"3711\" data-end=\"3760\">Masterplan f\u00fcr 11 Wohnungen und 3 Penth\u00e4user<\/li><li data-section-id=\"1btzcp5\" data-start=\"3761\" data-end=\"3799\">Genehmigte Baugenehmigungen inklusive<\/li><li data-section-id=\"kh3by1\" data-start=\"3800\" data-end=\"3843\">Tiefgarage und Poolanlage<\/li><li data-section-id=\"1hps399\" data-start=\"3844\" data-end=\"3888\">Geeignet f\u00fcr hochwertige Mietobjekte<\/li><\/ul><p data-start=\"3890\" data-end=\"3966\"><strong data-start=\"3890\" data-end=\"3903\">Standort:<\/strong> Goldene Meile, zwischen Trogir und Marina, 10 min Flughafen Split<\/p><p data-start=\"3968\" data-end=\"4001\"><strong data-start=\"3968\" data-end=\"3978\">Preis:<\/strong> 1.290.000 \u20ac (250 \u20ac\/m\u00b2)<\/p><p data-start=\"989\" data-end=\"1074\"> <\/p>\t\t\t\t\t\t\t\t<\/div>\n\t\t\t\t<\/div>\n\t\t\t\t<\/div>\n\t\t\t\t\t<\/div>\n\t\t\t\t<\/div>\n\t\t<div class=\"elementor-element elementor-element-cecc32d e-flex e-con-boxed e-con e-parent\" data-id=\"cecc32d\" data-element_type=\"container\" data-e-type=\"container\">\n\t\t\t\t\t<div class=\"e-con-inner\">\n\t\t\t\t<div class=\"elementor-element elementor-element-dd42004 elementor-widget elementor-widget-google_maps\" data-id=\"dd42004\" data-element_type=\"widget\" data-e-type=\"widget\" data-widget_type=\"google_maps.default\">\n\t\t\t\t<div class=\"elementor-widget-container\">\n\t\t\t\t\t\t\t<div class=\"elementor-custom-embed\">\n\t\t\t<iframe loading=\"lazy\"\n\t\t\t\t\tsrc=\"https:\/\/maps.google.com\/maps?q=primosten&#038;t=m&#038;z=12&#038;output=embed&#038;iwloc=near\"\n\t\t\t\t\ttitle=\"primosten\"\n\t\t\t\t\taria-label=\"primosten\"\n\t\t\t><\/iframe>\n\t\t<\/div>\n\t\t\t\t\t\t<\/div>\n\t\t\t\t<\/div>\n\t\t\t\t\t<\/div>\n\t\t\t\t<\/div>\n\t\t\t\t<\/div>\n\t\t","protected":false},"excerpt":{"rendered":"<p>Villa Seget Vranjica Zimmer 0 m2 0 Terrassen 0 Villa Seget Vranjica An der prestigetr\u00e4chtigen Goldenen Meile in Seget Vranjica gelegen, bietet dieses au\u00dfergew\u00f6hnliche 5.147 m\u00b2 gro\u00dfe Baugrundst\u00fcck einen Panoramablick \u00fcber die ber\u00fchmte Blaue Lagune f\u00fcr nur 250 \u20ac pro m\u00b2. Mit einem kompletten Masterplan, genehmigten Baugenehmigungen und sofortigem Baurecht f\u00fcr 11 Apartments und 3 [&hellip;]<\/p>\n","protected":false},"author":1,"featured_media":0,"parent":0,"menu_order":0,"comment_status":"closed","ping_status":"closed","template":"","meta":{"footnotes":""},"class_list":["post-4723","page","type-page","status-publish","hentry"],"blocksy_meta":[],"_links":{"self":[{"href":"https:\/\/realestate-facilities.com\/de\/wp-json\/wp\/v2\/pages\/4723","targetHints":{"allow":["GET"]}}],"collection":[{"href":"https:\/\/realestate-facilities.com\/de\/wp-json\/wp\/v2\/pages"}],"about":[{"href":"https:\/\/realestate-facilities.com\/de\/wp-json\/wp\/v2\/types\/page"}],"author":[{"embeddable":true,"href":"https:\/\/realestate-facilities.com\/de\/wp-json\/wp\/v2\/users\/1"}],"replies":[{"embeddable":true,"href":"https:\/\/realestate-facilities.com\/de\/wp-json\/wp\/v2\/comments?post=4723"}],"version-history":[{"count":1,"href":"https:\/\/realestate-facilities.com\/de\/wp-json\/wp\/v2\/pages\/4723\/revisions"}],"predecessor-version":[{"id":4724,"href":"https:\/\/realestate-facilities.com\/de\/wp-json\/wp\/v2\/pages\/4723\/revisions\/4724"}],"wp:attachment":[{"href":"https:\/\/realestate-facilities.com\/de\/wp-json\/wp\/v2\/media?parent=4723"}],"curies":[{"name":"wp","href":"https:\/\/api.w.org\/{rel}","templated":true}]}}