{"id":4408,"date":"2026-02-21T12:17:32","date_gmt":"2026-02-21T12:17:32","guid":{"rendered":"https:\/\/darkviolet-jay-311267.hostingersite.com\/uvala-luka\/"},"modified":"2026-04-25T11:46:53","modified_gmt":"2026-04-25T11:46:53","slug":"uvala-luka","status":"publish","type":"page","link":"https:\/\/realestate-facilities.com\/de\/uvala-luka\/","title":{"rendered":"Uvala Luka"},"content":{"rendered":"\t\t<div data-elementor-type=\"wp-page\" data-elementor-id=\"4408\" class=\"elementor elementor-4408 elementor-3281\">\n\t\t\t\t<div class=\"elementor-element elementor-element-4154853 e-flex e-con-boxed e-con e-parent\" data-id=\"4154853\" data-element_type=\"container\" data-e-type=\"container\" data-settings=\"{&quot;background_background&quot;:&quot;classic&quot;,&quot;shape_divider_bottom&quot;:&quot;mountains&quot;}\">\n\t\t\t\t\t<div class=\"e-con-inner\">\n\t\t\t\t<div class=\"elementor-shape elementor-shape-bottom\" aria-hidden=\"true\" data-negative=\"false\">\n\t\t\t<svg xmlns=\"http:\/\/www.w3.org\/2000\/svg\" viewBox=\"0 0 1000 100\" preserveAspectRatio=\"none\">\n\t<path class=\"elementor-shape-fill\" opacity=\"0.33\" d=\"M473,67.3c-203.9,88.3-263.1-34-320.3,0C66,119.1,0,59.7,0,59.7V0h1000v59.7 c0,0-62.1,26.1-94.9,29.3c-32.8,3.3-62.8-12.3-75.8-22.1C806,49.6,745.3,8.7,694.9,4.7S492.4,59,473,67.3z\"\/>\n\t<path class=\"elementor-shape-fill\" opacity=\"0.66\" d=\"M734,67.3c-45.5,0-77.2-23.2-129.1-39.1c-28.6-8.7-150.3-10.1-254,39.1 s-91.7-34.4-149.2,0C115.7,118.3,0,39.8,0,39.8V0h1000v36.5c0,0-28.2-18.5-92.1-18.5C810.2,18.1,775.7,67.3,734,67.3z\"\/>\n\t<path class=\"elementor-shape-fill\" d=\"M766.1,28.9c-200-57.5-266,65.5-395.1,19.5C242,1.8,242,5.4,184.8,20.6C128,35.8,132.3,44.9,89.9,52.5C28.6,63.7,0,0,0,0 h1000c0,0-9.9,40.9-83.6,48.1S829.6,47,766.1,28.9z\"\/>\n<\/svg>\t\t<\/div>\n\t\t<div class=\"elementor-element elementor-element-7d47df3 e-con-full e-flex e-con e-child\" data-id=\"7d47df3\" data-element_type=\"container\" data-e-type=\"container\">\n\t\t\t\t<div class=\"elementor-element elementor-element-e3117ac elementor-widget elementor-widget-heading\" data-id=\"e3117ac\" data-element_type=\"widget\" data-e-type=\"widget\" data-widget_type=\"heading.default\">\n\t\t\t\t<div class=\"elementor-widget-container\">\n\t\t\t\t\t<h2 class=\"elementor-heading-title elementor-size-default\">Uvala Luka<\/h2>\t\t\t\t<\/div>\n\t\t\t\t<\/div>\n\t\t\t\t<\/div>\n\t\t\t\t\t<\/div>\n\t\t\t\t<\/div>\n\t\t<div class=\"elementor-element elementor-element-a951db0 e-flex e-con-boxed e-con e-parent\" data-id=\"a951db0\" data-element_type=\"container\" data-e-type=\"container\">\n\t\t\t\t\t<div class=\"e-con-inner\">\n\t\t\t\t<div class=\"elementor-element elementor-element-edfce77 elementor-widget elementor-widget-counter\" data-id=\"edfce77\" data-element_type=\"widget\" data-e-type=\"widget\" data-widget_type=\"counter.default\">\n\t\t\t\t<div class=\"elementor-widget-container\">\n\t\t\t\t\t\t\t<div class=\"elementor-counter\">\n\t\t\t<div class=\"elementor-counter-title\">m\u00b2 Bauland<\/div>\t\t\t<div class=\"elementor-counter-number-wrapper\">\n\t\t\t\t<span class=\"elementor-counter-number-prefix\"><\/span>\n\t\t\t\t<span class=\"elementor-counter-number\" data-duration=\"2000\" data-to-value=\"6000\" data-from-value=\"0\" data-delimiter=\",\">0<\/span>\n\t\t\t\t<span class=\"elementor-counter-number-suffix\"><\/span>\n\t\t\t<\/div>\n\t\t<\/div>\n\t\t\t\t\t\t<\/div>\n\t\t\t\t<\/div>\n\t\t\t\t<div class=\"elementor-element elementor-element-83e3192 elementor-widget elementor-widget-counter\" data-id=\"83e3192\" data-element_type=\"widget\" data-e-type=\"widget\" data-widget_type=\"counter.default\">\n\t\t\t\t<div class=\"elementor-widget-container\">\n\t\t\t\t\t\t\t<div class=\"elementor-counter\">\n\t\t\t<div class=\"elementor-counter-title\">Minuten vom Flughafen Split entfernt<\/div>\t\t\t<div class=\"elementor-counter-number-wrapper\">\n\t\t\t\t<span class=\"elementor-counter-number-prefix\"><\/span>\n\t\t\t\t<span class=\"elementor-counter-number\" data-duration=\"2000\" data-to-value=\"35\" data-from-value=\"0\" data-delimiter=\",\">0<\/span>\n\t\t\t\t<span class=\"elementor-counter-number-suffix\"><\/span>\n\t\t\t<\/div>\n\t\t<\/div>\n\t\t\t\t\t\t<\/div>\n\t\t\t\t<\/div>\n\t\t\t\t\t<\/div>\n\t\t\t\t<\/div>\n\t\t<div class=\"elementor-element elementor-element-37f7ee1 e-flex e-con-boxed e-con e-parent\" data-id=\"37f7ee1\" data-element_type=\"container\" data-e-type=\"container\">\n\t\t\t\t\t<div class=\"e-con-inner\">\n\t\t<div class=\"elementor-element elementor-element-1da5fd8 e-con-full e-flex e-con e-child\" data-id=\"1da5fd8\" data-element_type=\"container\" data-e-type=\"container\">\n\t\t\t\t<div class=\"elementor-element elementor-element-db83423 elementor-widget elementor-widget-heading\" data-id=\"db83423\" data-element_type=\"widget\" data-e-type=\"widget\" data-widget_type=\"heading.default\">\n\t\t\t\t<div class=\"elementor-widget-container\">\n\t\t\t\t\t<h2 class=\"elementor-heading-title elementor-size-default\">Uvala Luka<\/h2>\t\t\t\t<\/div>\n\t\t\t\t<\/div>\n\t\t\t\t<div class=\"elementor-element elementor-element-7abcc21 elementor-widget elementor-widget-text-editor\" data-id=\"7abcc21\" data-element_type=\"widget\" data-e-type=\"widget\" data-widget_type=\"text-editor.default\">\n\t\t\t\t<div class=\"elementor-widget-container\">\n\t\t\t\t\t\t\t\t\t<p>Eine \u00fcberzeugende Gelegenheit an der atemberaubenden dalmatinischen K\u00fcste, nur 250 Meter vom Mastrinka-Strand in der begehrten Gegend von Trogir entfernt. Dieses 320 m\u00b2 gro\u00dfe Anwesen befindet sich auf einem 955 m\u00b2 gro\u00dfen Grundst\u00fcck und ist voll funktionsf\u00e4hig. Es verf\u00fcgt \u00fcber ein neu eingerichtetes Restaurant mit Zugang zu einer gro\u00dfz\u00fcgigen 150 m\u00b2 gro\u00dfen Terrasse, einen beheizten 30 m\u00b2 gro\u00dfen Swimmingpool, drei Schlafzimmer mit eigenem Balkon und sieben Parkpl\u00e4tze im Freien &#8211; eine ideale Grundlage f\u00fcr ein florierendes Tourismusgesch\u00e4ft oder eine hochwertige Investition an der K\u00fcste zwischen Trogir und Split. <\/p>\t\t\t\t\t\t\t\t<\/div>\n\t\t\t\t<\/div>\n\t\t\t\t<\/div>\n\t\t<div class=\"elementor-element elementor-element-7dc1ae8 e-con-full e-flex e-con e-child\" data-id=\"7dc1ae8\" data-element_type=\"container\" data-e-type=\"container\">\n\t\t\t\t<div class=\"elementor-element elementor-element-f626e72 elementor-widget elementor-widget-image\" data-id=\"f626e72\" data-element_type=\"widget\" data-e-type=\"widget\" data-widget_type=\"image.default\">\n\t\t\t\t<div class=\"elementor-widget-container\">\n\t\t\t\t\t\t\t\t\t\t\t\t\t\t\t<img fetchpriority=\"high\" decoding=\"async\" width=\"800\" height=\"706\" src=\"https:\/\/realestate-facilities.com\/wp-content\/uploads\/2026\/02\/uvala-luka-building-plot-bay-village-view-croatia.jpg\" class=\"attachment-full size-full wp-image-4400\" alt=\"uvala luka baugrundst\u00fcck bucht dorfansicht kroatien\" srcset=\"https:\/\/realestate-facilities.com\/wp-content\/uploads\/2026\/02\/uvala-luka-building-plot-bay-village-view-croatia.jpg 800w, https:\/\/realestate-facilities.com\/wp-content\/uploads\/2026\/02\/uvala-luka-building-plot-bay-village-view-croatia-300x265.jpg 300w, https:\/\/realestate-facilities.com\/wp-content\/uploads\/2026\/02\/uvala-luka-building-plot-bay-village-view-croatia-768x678.jpg 768w\" sizes=\"(max-width: 800px) 100vw, 800px\" \/>\t\t\t\t\t\t\t\t\t\t\t\t\t\t\t<\/div>\n\t\t\t\t<\/div>\n\t\t\t\t<\/div>\n\t\t\t\t\t<\/div>\n\t\t\t\t<\/div>\n\t\t<div class=\"elementor-element elementor-element-ee8febd e-flex e-con-boxed e-con e-parent\" data-id=\"ee8febd\" data-element_type=\"container\" data-e-type=\"container\">\n\t\t\t\t\t<div class=\"e-con-inner\">\n\t\t<div class=\"elementor-element elementor-element-b744be2 e-con-full e-flex e-con e-child\" data-id=\"b744be2\" data-element_type=\"container\" data-e-type=\"container\">\n\t\t\t\t<div class=\"elementor-element elementor-element-d75ca24 elementor-arrows-position-inside elementor-widget elementor-widget-image-carousel\" data-id=\"d75ca24\" data-element_type=\"widget\" data-e-type=\"widget\" data-settings=\"{&quot;slides_to_show&quot;:&quot;1&quot;,&quot;navigation&quot;:&quot;arrows&quot;,&quot;lazyload&quot;:&quot;yes&quot;,&quot;effect&quot;:&quot;fade&quot;,&quot;speed&quot;:1000,&quot;autoplay&quot;:&quot;yes&quot;,&quot;pause_on_hover&quot;:&quot;yes&quot;,&quot;pause_on_interaction&quot;:&quot;yes&quot;,&quot;autoplay_speed&quot;:5000,&quot;infinite&quot;:&quot;yes&quot;}\" data-widget_type=\"image-carousel.default\">\n\t\t\t\t<div class=\"elementor-widget-container\">\n\t\t\t\t\t\t\t<div class=\"elementor-image-carousel-wrapper swiper\" role=\"region\" aria-roledescription=\"carousel\" aria-label=\"Afbeelding carrousel\" dir=\"ltr\">\n\t\t\t<div class=\"elementor-image-carousel swiper-wrapper\" aria-live=\"off\">\n\t\t\t\t\t\t\t\t<div class=\"swiper-slide\" role=\"group\" aria-roledescription=\"slide\" aria-label=\"1 von 8\"><figure class=\"swiper-slide-inner\"><img class=\"swiper-slide-image swiper-lazy\" data-src=\"https:\/\/realestate-facilities.com\/wp-content\/uploads\/2026\/02\/uvala-stinasnica-building-land-sea-view-mediterranean-scrub.jpg\" alt=\"uvala stinasnica bauland meerblick mediterranes geb\u00fcsch\" \/><div class=\"swiper-lazy-preloader\"><\/div><\/figure><\/div><div class=\"swiper-slide\" role=\"group\" aria-roledescription=\"slide\" aria-label=\"2 von 8\"><figure class=\"swiper-slide-inner\"><img class=\"swiper-slide-image swiper-lazy\" data-src=\"https:\/\/realestate-facilities.com\/wp-content\/uploads\/2026\/02\/uvala-luka-plot-sea-view-boats-bay-croatia-variant.jpg\" alt=\"uvala luka grundst\u00fcck meerblick boote bucht kroatien variante\" \/><div class=\"swiper-lazy-preloader\"><\/div><\/figure><\/div><div class=\"swiper-slide\" role=\"group\" aria-roledescription=\"slide\" aria-label=\"3 von 8\"><figure class=\"swiper-slide-inner\"><img class=\"swiper-slide-image swiper-lazy\" data-src=\"https:\/\/realestate-facilities.com\/wp-content\/uploads\/2026\/02\/uvala-luka-plot-rocky-hillside-existing-villas-croatia.jpg\" alt=\"uvala luka grundst\u00fcck felsiger h\u00fcgel bestehende villen kroatien\" \/><div class=\"swiper-lazy-preloader\"><\/div><\/figure><\/div><div class=\"swiper-slide\" role=\"group\" aria-roledescription=\"slide\" aria-label=\"4 von 8\"><figure class=\"swiper-slide-inner\"><img class=\"swiper-slide-image swiper-lazy\" data-src=\"https:\/\/realestate-facilities.com\/wp-content\/uploads\/2026\/02\/uvala-luka-building-plot-sea-view-hillside-croatia.jpg\" alt=\"uvala luka baugrundst\u00fcck meerblick h\u00fcgelig kroatien\" \/><div class=\"swiper-lazy-preloader\"><\/div><\/figure><\/div><div class=\"swiper-slide\" role=\"group\" aria-roledescription=\"slide\" aria-label=\"5 von 8\"><figure class=\"swiper-slide-inner\"><img class=\"swiper-slide-image swiper-lazy\" data-src=\"https:\/\/realestate-facilities.com\/wp-content\/uploads\/2026\/02\/uvala-luka-building-plot-bay-village-view-croatia.jpg\" alt=\"uvala luka baugrundst\u00fcck bucht dorfansicht kroatien\" \/><div class=\"swiper-lazy-preloader\"><\/div><\/figure><\/div><div class=\"swiper-slide\" role=\"group\" aria-roledescription=\"slide\" aria-label=\"6 von 8\"><figure class=\"swiper-slide-inner\"><img class=\"swiper-slide-image swiper-lazy\" data-src=\"https:\/\/realestate-facilities.com\/wp-content\/uploads\/2026\/02\/uvala-luka-building-plot-bay-boats-sea-view-croatia.jpg\" alt=\"uvala luka baugrundst\u00fcck bucht boote meerblick kroatien\" \/><div class=\"swiper-lazy-preloader\"><\/div><\/figure><\/div><div class=\"swiper-slide\" role=\"group\" aria-roledescription=\"slide\" aria-label=\"7 von 8\"><figure class=\"swiper-slide-inner\"><img class=\"swiper-slide-image swiper-lazy\" data-src=\"https:\/\/realestate-facilities.com\/wp-content\/uploads\/2026\/02\/uvala-luka-building-land-rocky-terrain-houses-croatia.jpg\" alt=\"uvala luka bauland felsiges gel\u00e4nde h\u00e4user kroatien\" \/><div class=\"swiper-lazy-preloader\"><\/div><\/figure><\/div><div class=\"swiper-slide\" role=\"group\" aria-roledescription=\"slide\" aria-label=\"8 von 8\"><figure class=\"swiper-slide-inner\"><img class=\"swiper-slide-image swiper-lazy\" data-src=\"https:\/\/realestate-facilities.com\/wp-content\/uploads\/2026\/02\/uvala-luka-building-land-coastal-sea-view-croatia.jpg\" alt=\"uvala luka bauland k\u00fcste meerblick kroatien\" \/><div class=\"swiper-lazy-preloader\"><\/div><\/figure><\/div>\t\t\t<\/div>\n\t\t\t\t\t\t\t\t\t\t\t\t<div class=\"elementor-swiper-button elementor-swiper-button-prev\" role=\"button\" tabindex=\"0\">\n\t\t\t\t\t\t<i aria-hidden=\"true\" class=\"eicon-chevron-left\"><\/i>\t\t\t\t\t<\/div>\n\t\t\t\t\t<div class=\"elementor-swiper-button elementor-swiper-button-next\" role=\"button\" tabindex=\"0\">\n\t\t\t\t\t\t<i aria-hidden=\"true\" class=\"eicon-chevron-right\"><\/i>\t\t\t\t\t<\/div>\n\t\t\t\t\n\t\t\t\t\t\t\t\t\t<\/div>\n\t\t\t\t\t\t<\/div>\n\t\t\t\t<\/div>\n\t\t\t\t<div class=\"elementor-element elementor-element-ea92101 elementor-widget elementor-widget-text-editor\" data-id=\"ea92101\" data-element_type=\"widget\" data-e-type=\"widget\" data-widget_type=\"text-editor.default\">\n\t\t\t\t<div class=\"elementor-widget-container\">\n\t\t\t\t\t\t\t\t\t<p data-start=\"4976\" data-end=\"5098\">Ein ger\u00e4umiges Baugrundst\u00fcck mit Panoramablick auf das Meer und die Bucht von Uvala Luka, ideal f\u00fcr eine luxuri\u00f6se Bebauung oder private Nutzung.<\/p><p data-start=\"5100\" data-end=\"5116\"><strong data-start=\"5100\" data-end=\"5116\">Wichtige Details:<\/strong><\/p><ul data-start=\"5117\" data-end=\"5292\"><li data-section-id=\"1cpmsyy\" data-start=\"5117\" data-end=\"5143\">Grundst\u00fcck: ca. 6.000 m\u00b2 <\/li><li data-section-id=\"irqxmc\" data-start=\"5144\" data-end=\"5175\">Panoramablick auf das Meer und die Bucht<\/li><li data-section-id=\"1eevc6e\" data-start=\"5176\" data-end=\"5205\">Ruhige, gr\u00fcne Umgebung<\/li><li data-section-id=\"qe5u1\" data-start=\"5206\" data-end=\"5247\">Gute Infrastruktur und Zug\u00e4nglichkeit<\/li><li data-section-id=\"190lp11\" data-start=\"5248\" data-end=\"5292\">Geeignet f\u00fcr Villa oder Investitionsprojekt<\/li><\/ul><p data-start=\"5294\" data-end=\"5354\"><strong data-start=\"5294\" data-end=\"5307\">Standort:<\/strong> In der N\u00e4he der Marina Frapa, 35 Minuten vom Flughafen Split entfernt<\/p><p data-start=\"5356\" data-end=\"5380\"><strong data-start=\"5356\" data-end=\"5366\">Preis:<\/strong> 295 \u20ac pro m\u00b2<\/p><p data-start=\"989\" data-end=\"1074\"> <\/p>\t\t\t\t\t\t\t\t<\/div>\n\t\t\t\t<\/div>\n\t\t\t\t<\/div>\n\t\t\t\t\t<\/div>\n\t\t\t\t<\/div>\n\t\t<div class=\"elementor-element elementor-element-ba123d8 e-flex e-con-boxed e-con e-parent\" data-id=\"ba123d8\" data-element_type=\"container\" data-e-type=\"container\">\n\t\t\t\t\t<div class=\"e-con-inner\">\n\t\t\t\t<div class=\"elementor-element elementor-element-08282a2 elementor-widget elementor-widget-google_maps\" data-id=\"08282a2\" data-element_type=\"widget\" data-e-type=\"widget\" data-widget_type=\"google_maps.default\">\n\t\t\t\t<div class=\"elementor-widget-container\">\n\t\t\t\t\t\t\t<div class=\"elementor-custom-embed\">\n\t\t\t<iframe loading=\"lazy\"\n\t\t\t\t\tsrc=\"https:\/\/maps.google.com\/maps?q=primosten&#038;t=m&#038;z=12&#038;output=embed&#038;iwloc=near\"\n\t\t\t\t\ttitle=\"primosten\"\n\t\t\t\t\taria-label=\"primosten\"\n\t\t\t><\/iframe>\n\t\t<\/div>\n\t\t\t\t\t\t<\/div>\n\t\t\t\t<\/div>\n\t\t\t\t\t<\/div>\n\t\t\t\t<\/div>\n\t\t\t\t<\/div>\n\t\t","protected":false},"excerpt":{"rendered":"<p>Uvala Luka m\u00b2 Bauland 0 Minuten vom Flughafen Split entfernt 0 Uvala Luka Eine \u00fcberzeugende Gelegenheit an der atemberaubenden dalmatinischen K\u00fcste, nur 250 Meter vom Mastrinka-Strand in der begehrten Gegend von Trogir entfernt. Dieses 320 m\u00b2 gro\u00dfe Anwesen befindet sich auf einem 955 m\u00b2 gro\u00dfen Grundst\u00fcck und ist voll funktionsf\u00e4hig. Es verf\u00fcgt \u00fcber ein neu [&hellip;]<\/p>\n","protected":false},"author":1,"featured_media":0,"parent":0,"menu_order":0,"comment_status":"closed","ping_status":"closed","template":"","meta":{"footnotes":""},"class_list":["post-4408","page","type-page","status-publish","hentry"],"blocksy_meta":[],"_links":{"self":[{"href":"https:\/\/realestate-facilities.com\/de\/wp-json\/wp\/v2\/pages\/4408","targetHints":{"allow":["GET"]}}],"collection":[{"href":"https:\/\/realestate-facilities.com\/de\/wp-json\/wp\/v2\/pages"}],"about":[{"href":"https:\/\/realestate-facilities.com\/de\/wp-json\/wp\/v2\/types\/page"}],"author":[{"embeddable":true,"href":"https:\/\/realestate-facilities.com\/de\/wp-json\/wp\/v2\/users\/1"}],"replies":[{"embeddable":true,"href":"https:\/\/realestate-facilities.com\/de\/wp-json\/wp\/v2\/comments?post=4408"}],"version-history":[{"count":1,"href":"https:\/\/realestate-facilities.com\/de\/wp-json\/wp\/v2\/pages\/4408\/revisions"}],"predecessor-version":[{"id":4409,"href":"https:\/\/realestate-facilities.com\/de\/wp-json\/wp\/v2\/pages\/4408\/revisions\/4409"}],"wp:attachment":[{"href":"https:\/\/realestate-facilities.com\/de\/wp-json\/wp\/v2\/media?parent=4408"}],"curies":[{"name":"wp","href":"https:\/\/api.w.org\/{rel}","templated":true}]}}