{"id":4392,"date":"2026-02-21T11:12:05","date_gmt":"2026-02-21T11:12:05","guid":{"rendered":"https:\/\/darkviolet-jay-311267.hostingersite.com\/slike-villa-magico\/"},"modified":"2026-04-25T11:46:20","modified_gmt":"2026-04-25T11:46:20","slug":"slike-villa-magico","status":"publish","type":"page","link":"https:\/\/realestate-facilities.com\/de\/slike-villa-magico\/","title":{"rendered":"Slike Villa Magico"},"content":{"rendered":"\t\t<div data-elementor-type=\"wp-page\" data-elementor-id=\"4392\" class=\"elementor elementor-4392 elementor-3184\">\n\t\t\t\t<div class=\"elementor-element elementor-element-db50354 e-flex e-con-boxed e-con e-parent\" data-id=\"db50354\" data-element_type=\"container\" data-e-type=\"container\" data-settings=\"{&quot;background_background&quot;:&quot;classic&quot;,&quot;shape_divider_bottom&quot;:&quot;mountains&quot;}\">\n\t\t\t\t\t<div class=\"e-con-inner\">\n\t\t\t\t<div class=\"elementor-shape elementor-shape-bottom\" aria-hidden=\"true\" data-negative=\"false\">\n\t\t\t<svg xmlns=\"http:\/\/www.w3.org\/2000\/svg\" viewBox=\"0 0 1000 100\" preserveAspectRatio=\"none\">\n\t<path class=\"elementor-shape-fill\" opacity=\"0.33\" d=\"M473,67.3c-203.9,88.3-263.1-34-320.3,0C66,119.1,0,59.7,0,59.7V0h1000v59.7 c0,0-62.1,26.1-94.9,29.3c-32.8,3.3-62.8-12.3-75.8-22.1C806,49.6,745.3,8.7,694.9,4.7S492.4,59,473,67.3z\"\/>\n\t<path class=\"elementor-shape-fill\" opacity=\"0.66\" d=\"M734,67.3c-45.5,0-77.2-23.2-129.1-39.1c-28.6-8.7-150.3-10.1-254,39.1 s-91.7-34.4-149.2,0C115.7,118.3,0,39.8,0,39.8V0h1000v36.5c0,0-28.2-18.5-92.1-18.5C810.2,18.1,775.7,67.3,734,67.3z\"\/>\n\t<path class=\"elementor-shape-fill\" d=\"M766.1,28.9c-200-57.5-266,65.5-395.1,19.5C242,1.8,242,5.4,184.8,20.6C128,35.8,132.3,44.9,89.9,52.5C28.6,63.7,0,0,0,0 h1000c0,0-9.9,40.9-83.6,48.1S829.6,47,766.1,28.9z\"\/>\n<\/svg>\t\t<\/div>\n\t\t<div class=\"elementor-element elementor-element-eaf68b8 e-con-full e-flex e-con e-child\" data-id=\"eaf68b8\" data-element_type=\"container\" data-e-type=\"container\">\n\t\t\t\t<div class=\"elementor-element elementor-element-f41ad10 elementor-widget elementor-widget-heading\" data-id=\"f41ad10\" data-element_type=\"widget\" data-e-type=\"widget\" data-widget_type=\"heading.default\">\n\t\t\t\t<div class=\"elementor-widget-container\">\n\t\t\t\t\t<h2 class=\"elementor-heading-title elementor-size-default\">Slike Villa Magico<\/h2>\t\t\t\t<\/div>\n\t\t\t\t<\/div>\n\t\t\t\t<\/div>\n\t\t\t\t\t<\/div>\n\t\t\t\t<\/div>\n\t\t<div class=\"elementor-element elementor-element-78379ad e-flex e-con-boxed e-con e-parent\" data-id=\"78379ad\" data-element_type=\"container\" data-e-type=\"container\">\n\t\t\t\t\t<div class=\"e-con-inner\">\n\t\t\t\t<div class=\"elementor-element elementor-element-599b60b elementor-widget elementor-widget-counter\" data-id=\"599b60b\" data-element_type=\"widget\" data-e-type=\"widget\" data-widget_type=\"counter.default\">\n\t\t\t\t<div class=\"elementor-widget-container\">\n\t\t\t\t\t\t\t<div class=\"elementor-counter\">\n\t\t\t<div class=\"elementor-counter-title\">m\u00b2 Land<\/div>\t\t\t<div class=\"elementor-counter-number-wrapper\">\n\t\t\t\t<span class=\"elementor-counter-number-prefix\"><\/span>\n\t\t\t\t<span class=\"elementor-counter-number\" data-duration=\"2000\" data-to-value=\"955\" data-from-value=\"0\" data-delimiter=\",\">0<\/span>\n\t\t\t\t<span class=\"elementor-counter-number-suffix\"><\/span>\n\t\t\t<\/div>\n\t\t<\/div>\n\t\t\t\t\t\t<\/div>\n\t\t\t\t<\/div>\n\t\t\t\t<div class=\"elementor-element elementor-element-a985cb8 elementor-widget elementor-widget-counter\" data-id=\"a985cb8\" data-element_type=\"widget\" data-e-type=\"widget\" data-widget_type=\"counter.default\">\n\t\t\t\t<div class=\"elementor-widget-container\">\n\t\t\t\t\t\t\t<div class=\"elementor-counter\">\n\t\t\t<div class=\"elementor-counter-title\">m\u00b2 Beheizter Pool<\/div>\t\t\t<div class=\"elementor-counter-number-wrapper\">\n\t\t\t\t<span class=\"elementor-counter-number-prefix\"><\/span>\n\t\t\t\t<span class=\"elementor-counter-number\" data-duration=\"2000\" data-to-value=\"30\" data-from-value=\"0\" data-delimiter=\",\">0<\/span>\n\t\t\t\t<span class=\"elementor-counter-number-suffix\"><\/span>\n\t\t\t<\/div>\n\t\t<\/div>\n\t\t\t\t\t\t<\/div>\n\t\t\t\t<\/div>\n\t\t\t\t<div class=\"elementor-element elementor-element-65444fd elementor-widget elementor-widget-counter\" data-id=\"65444fd\" data-element_type=\"widget\" data-e-type=\"widget\" data-widget_type=\"counter.default\">\n\t\t\t\t<div class=\"elementor-widget-container\">\n\t\t\t\t\t\t\t<div class=\"elementor-counter\">\n\t\t\t<div class=\"elementor-counter-title\">m\u00b2 Terrassen<\/div>\t\t\t<div class=\"elementor-counter-number-wrapper\">\n\t\t\t\t<span class=\"elementor-counter-number-prefix\"><\/span>\n\t\t\t\t<span class=\"elementor-counter-number\" data-duration=\"2000\" data-to-value=\"150\" data-from-value=\"0\" data-delimiter=\",\">0<\/span>\n\t\t\t\t<span class=\"elementor-counter-number-suffix\"><\/span>\n\t\t\t<\/div>\n\t\t<\/div>\n\t\t\t\t\t\t<\/div>\n\t\t\t\t<\/div>\n\t\t\t\t\t<\/div>\n\t\t\t\t<\/div>\n\t\t<div class=\"elementor-element elementor-element-3894982 e-flex e-con-boxed e-con e-parent\" data-id=\"3894982\" data-element_type=\"container\" data-e-type=\"container\">\n\t\t\t\t\t<div class=\"e-con-inner\">\n\t\t<div class=\"elementor-element elementor-element-5894484 e-con-full e-flex e-con e-child\" data-id=\"5894484\" data-element_type=\"container\" data-e-type=\"container\">\n\t\t\t\t<div class=\"elementor-element elementor-element-3d9edce elementor-widget elementor-widget-heading\" data-id=\"3d9edce\" data-element_type=\"widget\" data-e-type=\"widget\" data-widget_type=\"heading.default\">\n\t\t\t\t<div class=\"elementor-widget-container\">\n\t\t\t\t\t<h2 class=\"elementor-heading-title elementor-size-default\">Slike Villa Magico<\/h2>\t\t\t\t<\/div>\n\t\t\t\t<\/div>\n\t\t\t\t<div class=\"elementor-element elementor-element-46bd98f elementor-widget elementor-widget-text-editor\" data-id=\"46bd98f\" data-element_type=\"widget\" data-e-type=\"widget\" data-widget_type=\"text-editor.default\">\n\t\t\t\t<div class=\"elementor-widget-container\">\n\t\t\t\t\t\t\t\t\t<p>Eine \u00fcberzeugende Gelegenheit an der atemberaubenden dalmatinischen K\u00fcste, nur 250 Meter vom Mastrinka-Strand in der begehrten Gegend von Trogir entfernt. Dieses 320 m\u00b2 gro\u00dfe Anwesen befindet sich auf einem 955 m\u00b2 gro\u00dfen Grundst\u00fcck und ist voll funktionsf\u00e4hig. Es verf\u00fcgt \u00fcber ein neu eingerichtetes Restaurant mit Zugang zu einer gro\u00dfz\u00fcgigen 150 m\u00b2 gro\u00dfen Terrasse, einen beheizten 30 m\u00b2 gro\u00dfen Swimmingpool, drei Schlafzimmer mit eigenem Balkon und sieben Parkpl\u00e4tze im Freien &#8211; eine ideale Grundlage f\u00fcr ein florierendes Tourismusgesch\u00e4ft oder eine hochwertige Investition an der K\u00fcste zwischen Trogir und Split. <\/p>\t\t\t\t\t\t\t\t<\/div>\n\t\t\t\t<\/div>\n\t\t\t\t<\/div>\n\t\t<div class=\"elementor-element elementor-element-996cb5d e-con-full e-flex e-con e-child\" data-id=\"996cb5d\" data-element_type=\"container\" data-e-type=\"container\">\n\t\t\t\t<div class=\"elementor-element elementor-element-d5be7ee elementor-widget elementor-widget-image\" data-id=\"d5be7ee\" data-element_type=\"widget\" data-e-type=\"widget\" data-widget_type=\"image.default\">\n\t\t\t\t<div class=\"elementor-widget-container\">\n\t\t\t\t\t\t\t\t\t\t\t\t\t\t\t<img fetchpriority=\"high\" decoding=\"async\" width=\"1024\" height=\"576\" src=\"https:\/\/realestate-facilities.com\/wp-content\/uploads\/2026\/02\/magico-apartments-aerial-view-pool-terrace-day-1024x576.jpg\" class=\"attachment-large size-large wp-image-4225\" alt=\"magico apartments luftaufnahme pool terrasse tag\" srcset=\"https:\/\/realestate-facilities.com\/wp-content\/uploads\/2026\/02\/magico-apartments-aerial-view-pool-terrace-day-1024x576.jpg 1024w, https:\/\/realestate-facilities.com\/wp-content\/uploads\/2026\/02\/magico-apartments-aerial-view-pool-terrace-day-300x169.jpg 300w, https:\/\/realestate-facilities.com\/wp-content\/uploads\/2026\/02\/magico-apartments-aerial-view-pool-terrace-day-768x432.jpg 768w, https:\/\/realestate-facilities.com\/wp-content\/uploads\/2026\/02\/magico-apartments-aerial-view-pool-terrace-day-1536x864.jpg 1536w, https:\/\/realestate-facilities.com\/wp-content\/uploads\/2026\/02\/magico-apartments-aerial-view-pool-terrace-day.jpg 1920w\" sizes=\"(max-width: 1024px) 100vw, 1024px\" \/>\t\t\t\t\t\t\t\t\t\t\t\t\t\t\t<\/div>\n\t\t\t\t<\/div>\n\t\t\t\t<\/div>\n\t\t\t\t\t<\/div>\n\t\t\t\t<\/div>\n\t\t<div class=\"elementor-element elementor-element-b28081a e-flex e-con-boxed e-con e-parent\" data-id=\"b28081a\" data-element_type=\"container\" data-e-type=\"container\">\n\t\t\t\t\t<div class=\"e-con-inner\">\n\t\t<div class=\"elementor-element elementor-element-2b15679 e-con-full e-flex e-con e-child\" data-id=\"2b15679\" data-element_type=\"container\" data-e-type=\"container\">\n\t\t\t\t<div class=\"elementor-element elementor-element-ca57c5a elementor-arrows-position-inside elementor-widget elementor-widget-image-carousel\" data-id=\"ca57c5a\" data-element_type=\"widget\" data-e-type=\"widget\" data-settings=\"{&quot;slides_to_show&quot;:&quot;1&quot;,&quot;navigation&quot;:&quot;arrows&quot;,&quot;lazyload&quot;:&quot;yes&quot;,&quot;effect&quot;:&quot;fade&quot;,&quot;speed&quot;:1000,&quot;autoplay&quot;:&quot;yes&quot;,&quot;pause_on_hover&quot;:&quot;yes&quot;,&quot;pause_on_interaction&quot;:&quot;yes&quot;,&quot;autoplay_speed&quot;:5000,&quot;infinite&quot;:&quot;yes&quot;}\" data-widget_type=\"image-carousel.default\">\n\t\t\t\t<div class=\"elementor-widget-container\">\n\t\t\t\t\t\t\t<div class=\"elementor-image-carousel-wrapper swiper\" role=\"region\" aria-roledescription=\"carousel\" aria-label=\"Afbeelding carrousel\" dir=\"ltr\">\n\t\t\t<div class=\"elementor-image-carousel swiper-wrapper\" aria-live=\"off\">\n\t\t\t\t\t\t\t\t<div class=\"swiper-slide\" role=\"group\" aria-roledescription=\"slide\" aria-label=\"1 von 20\"><figure class=\"swiper-slide-inner\"><img class=\"swiper-slide-image swiper-lazy\" data-src=\"https:\/\/realestate-facilities.com\/wp-content\/uploads\/2026\/02\/magico-apartments-balcony-wine-sea-view-sunset.jpg\" alt=\"magico apartments balkon wein meerblick sonnenuntergang\" \/><div class=\"swiper-lazy-preloader\"><\/div><\/figure><\/div><div class=\"swiper-slide\" role=\"group\" aria-roledescription=\"slide\" aria-label=\"2 von 20\"><figure class=\"swiper-slide-inner\"><img class=\"swiper-slide-image swiper-lazy\" data-src=\"https:\/\/realestate-facilities.com\/wp-content\/uploads\/2026\/02\/magico-apartments-aerial-view-pool-terrace-day.jpg\" alt=\"magico apartments luftaufnahme pool terrasse tag\" \/><div class=\"swiper-lazy-preloader\"><\/div><\/figure><\/div><div class=\"swiper-slide\" role=\"group\" aria-roledescription=\"slide\" aria-label=\"3 von 20\"><figure class=\"swiper-slide-inner\"><img class=\"swiper-slide-image swiper-lazy\" data-src=\"https:\/\/realestate-facilities.com\/wp-content\/uploads\/2026\/02\/magico-apartments-apartment1-bedroom-overview.jpg\" alt=\"magico apartments apartment1 schlafzimmer \u00fcbersicht\" \/><div class=\"swiper-lazy-preloader\"><\/div><\/figure><\/div><div class=\"swiper-slide\" role=\"group\" aria-roledescription=\"slide\" aria-label=\"4 von 20\"><figure class=\"swiper-slide-inner\"><img class=\"swiper-slide-image swiper-lazy\" data-src=\"https:\/\/realestate-facilities.com\/wp-content\/uploads\/2026\/02\/magico-apartments-apartment2-bedroom-red-accents.jpg\" alt=\"magico apartments wohnung2 schlafzimmer rote akzente\" \/><div class=\"swiper-lazy-preloader\"><\/div><\/figure><\/div><div class=\"swiper-slide\" role=\"group\" aria-roledescription=\"slide\" aria-label=\"5 von 20\"><figure class=\"swiper-slide-inner\"><img class=\"swiper-slide-image swiper-lazy\" data-src=\"https:\/\/realestate-facilities.com\/wp-content\/uploads\/2026\/02\/magico-apartments-apartment2-bedroom-wide-view.jpg\" alt=\"magico apartments apartment2 schlafzimmer weitblick\" \/><div class=\"swiper-lazy-preloader\"><\/div><\/figure><\/div><div class=\"swiper-slide\" role=\"group\" aria-roledescription=\"slide\" aria-label=\"6 von 20\"><figure class=\"swiper-slide-inner\"><img class=\"swiper-slide-image swiper-lazy\" data-src=\"https:\/\/realestate-facilities.com\/wp-content\/uploads\/2026\/02\/magico-apartments-apartment3-bedroom-blue-bedding.jpg\" alt=\"magico apartments apartment3 schlafzimmer blau bettw\u00e4sche\" \/><div class=\"swiper-lazy-preloader\"><\/div><\/figure><\/div><div class=\"swiper-slide\" role=\"group\" aria-roledescription=\"slide\" aria-label=\"7 von 20\"><figure class=\"swiper-slide-inner\"><img class=\"swiper-slide-image swiper-lazy\" data-src=\"https:\/\/realestate-facilities.com\/wp-content\/uploads\/2026\/02\/magico-apartments-balcony-sea-view-breakfast-croatia.jpg\" alt=\"magico apartments balkon meerblick fr\u00fchst\u00fcck kroatien\" \/><div class=\"swiper-lazy-preloader\"><\/div><\/figure><\/div><div class=\"swiper-slide\" role=\"group\" aria-roledescription=\"slide\" aria-label=\"8 von 20\"><figure class=\"swiper-slide-inner\"><img class=\"swiper-slide-image swiper-lazy\" data-src=\"https:\/\/realestate-facilities.com\/wp-content\/uploads\/2026\/02\/magico-apartments-balcony-sea-view-orange-juice.jpg\" alt=\"magico apartments Balkon Meerblick Orangensaft\" \/><div class=\"swiper-lazy-preloader\"><\/div><\/figure><\/div><div class=\"swiper-slide\" role=\"group\" aria-roledescription=\"slide\" aria-label=\"9 von 20\"><figure class=\"swiper-slide-inner\"><img class=\"swiper-slide-image swiper-lazy\" data-src=\"https:\/\/realestate-facilities.com\/wp-content\/uploads\/2026\/02\/magico-apartments-bedroom-blue-headboard-close-up.jpg\" alt=\"magico apartments schlafzimmer blaues kopfteil nahaufnahme\" \/><div class=\"swiper-lazy-preloader\"><\/div><\/figure><\/div><div class=\"swiper-slide\" role=\"group\" aria-roledescription=\"slide\" aria-label=\"10 von 20\"><figure class=\"swiper-slide-inner\"><img class=\"swiper-slide-image swiper-lazy\" data-src=\"https:\/\/realestate-facilities.com\/wp-content\/uploads\/2026\/02\/magico-apartments-bedroom-botanical-art-wardrobe.jpg\" alt=\"magico apartments schlafzimmer botanical art schrank\" \/><div class=\"swiper-lazy-preloader\"><\/div><\/figure><\/div><div class=\"swiper-slide\" role=\"group\" aria-roledescription=\"slide\" aria-label=\"11 von 20\"><figure class=\"swiper-slide-inner\"><img class=\"swiper-slide-image swiper-lazy\" data-src=\"https:\/\/realestate-facilities.com\/wp-content\/uploads\/2026\/02\/magico-apartments-bedroom-double-bed-teal-decor.jpg\" alt=\"magico apartments schlafzimmer doppelbett teal dekor\" \/><div class=\"swiper-lazy-preloader\"><\/div><\/figure><\/div><div class=\"swiper-slide\" role=\"group\" aria-roledescription=\"slide\" aria-label=\"12 von 20\"><figure class=\"swiper-slide-inner\"><img class=\"swiper-slide-image swiper-lazy\" data-src=\"https:\/\/realestate-facilities.com\/wp-content\/uploads\/2026\/02\/magico-apartments-bedroom-full-view-balcony-curtains.jpg\" alt=\"magico apartments schlafzimmer mit blick auf balkon vorh\u00e4nge\" \/><div class=\"swiper-lazy-preloader\"><\/div><\/figure><\/div><div class=\"swiper-slide\" role=\"group\" aria-roledescription=\"slide\" aria-label=\"13 von 20\"><figure class=\"swiper-slide-inner\"><img class=\"swiper-slide-image swiper-lazy\" data-src=\"https:\/\/realestate-facilities.com\/wp-content\/uploads\/2026\/02\/magico-apartments-bedroom-twin-towels-blue-duvet.jpg\" alt=\"magico apartments schlafzimmer zwei handt\u00fccher blau bettdecke\" \/><div class=\"swiper-lazy-preloader\"><\/div><\/figure><\/div><div class=\"swiper-slide\" role=\"group\" aria-roledescription=\"slide\" aria-label=\"14 von 20\"><figure class=\"swiper-slide-inner\"><img class=\"swiper-slide-image swiper-lazy\" data-src=\"https:\/\/realestate-facilities.com\/wp-content\/uploads\/2026\/02\/magico-apartments-bedside-lamp-red-pillow-detail.jpg\" alt=\"magico apartments nachttischlampe rot kissen detail\" \/><div class=\"swiper-lazy-preloader\"><\/div><\/figure><\/div><div class=\"swiper-slide\" role=\"group\" aria-roledescription=\"slide\" aria-label=\"15 von 20\"><figure class=\"swiper-slide-inner\"><img class=\"swiper-slide-image swiper-lazy\" data-src=\"https:\/\/realestate-facilities.com\/wp-content\/uploads\/2026\/02\/magico-apartments-bedside-table-book-reading-light.jpg\" alt=\"magico apartments Nachttisch-Buch-Leseleuchte\" \/><div class=\"swiper-lazy-preloader\"><\/div><\/figure><\/div><div class=\"swiper-slide\" role=\"group\" aria-roledescription=\"slide\" aria-label=\"16 von 20\"><figure class=\"swiper-slide-inner\"><img class=\"swiper-slide-image swiper-lazy\" data-src=\"https:\/\/realestate-facilities.com\/wp-content\/uploads\/2026\/02\/magico-apartments-breakfast-croissants-magico-branding.jpg\" alt=\"magico apartments fr\u00fchst\u00fcck croissants magico branding\" \/><div class=\"swiper-lazy-preloader\"><\/div><\/figure><\/div><div class=\"swiper-slide\" role=\"group\" aria-roledescription=\"slide\" aria-label=\"17 von 20\"><figure class=\"swiper-slide-inner\"><img class=\"swiper-slide-image swiper-lazy\" data-src=\"https:\/\/realestate-facilities.com\/wp-content\/uploads\/2026\/02\/magico-apartments-lobby-lounge-blue-velvet-sofa.jpg\" alt=\"magico apartments lobby lounge blaues samtsofa\" \/><div class=\"swiper-lazy-preloader\"><\/div><\/figure><\/div><div class=\"swiper-slide\" role=\"group\" aria-roledescription=\"slide\" aria-label=\"18 von 20\"><figure class=\"swiper-slide-inner\"><img class=\"swiper-slide-image swiper-lazy\" data-src=\"https:\/\/realestate-facilities.com\/wp-content\/uploads\/2026\/02\/magico-apartments-reception-lounge-seating-area.jpg\" alt=\"magico apartments rezeption lounge sitzbereich\" \/><div class=\"swiper-lazy-preloader\"><\/div><\/figure><\/div><div class=\"swiper-slide\" role=\"group\" aria-roledescription=\"slide\" aria-label=\"19 von 20\"><figure class=\"swiper-slide-inner\"><img class=\"swiper-slide-image swiper-lazy\" data-src=\"https:\/\/realestate-facilities.com\/wp-content\/uploads\/2026\/02\/magico-apartments-twin-beds-red-bedding-headboard.jpg\" alt=\"magico apartments twin betten rot bettzeug kopfteil\" \/><div class=\"swiper-lazy-preloader\"><\/div><\/figure><\/div><div class=\"swiper-slide\" role=\"group\" aria-roledescription=\"slide\" aria-label=\"20 von 20\"><figure class=\"swiper-slide-inner\"><img class=\"swiper-slide-image swiper-lazy\" data-src=\"https:\/\/realestate-facilities.com\/wp-content\/uploads\/2026\/02\/magico-apartments-aerial-view-pool-party-night.jpg\" alt=\"magico apartments luftaufnahme pool party nacht\" \/><div class=\"swiper-lazy-preloader\"><\/div><\/figure><\/div>\t\t\t<\/div>\n\t\t\t\t\t\t\t\t\t\t\t\t<div class=\"elementor-swiper-button elementor-swiper-button-prev\" role=\"button\" tabindex=\"0\">\n\t\t\t\t\t\t<i aria-hidden=\"true\" class=\"eicon-chevron-left\"><\/i>\t\t\t\t\t<\/div>\n\t\t\t\t\t<div class=\"elementor-swiper-button elementor-swiper-button-next\" role=\"button\" tabindex=\"0\">\n\t\t\t\t\t\t<i aria-hidden=\"true\" class=\"eicon-chevron-right\"><\/i>\t\t\t\t\t<\/div>\n\t\t\t\t\n\t\t\t\t\t\t\t\t\t<\/div>\n\t\t\t\t\t\t<\/div>\n\t\t\t\t<\/div>\n\t\t\t\t<\/div>\n\t\t\t\t<div class=\"elementor-element elementor-element-650395b elementor-widget elementor-widget-text-editor\" data-id=\"650395b\" data-element_type=\"widget\" data-e-type=\"widget\" data-widget_type=\"text-editor.default\">\n\t\t\t\t<div class=\"elementor-widget-container\">\n\t\t\t\t\t\t\t\t\t<p data-start=\"3065\" data-end=\"3246\">Eine schl\u00fcsselfertige Villa, die Wohnkomfort mit kommerziellem Potenzial kombiniert und nur 250 Meter vom Strand entfernt liegt. Geeignet f\u00fcr Tourismus, Gastgewerbe oder private Nutzung mit Mieteinnahmen. <\/p><p data-start=\"3248\" data-end=\"3264\"><strong data-start=\"3248\" data-end=\"3264\">Wichtige Details:<\/strong><\/p><ul data-start=\"3265\" data-end=\"3436\"><li data-section-id=\"7ly8oj\" data-start=\"3265\" data-end=\"3281\">Grundst\u00fcck: 955 m\u00b2<\/li><li data-section-id=\"1hedeqv\" data-start=\"3282\" data-end=\"3312\">Bebaute Fl\u00e4che: ca. 320 m\u00b2 <\/li><li data-section-id=\"15rxy0q\" data-start=\"3313\" data-end=\"3347\">Restaurant mit 150 m\u00b2 Terrasse<\/li><li data-section-id=\"hoiafi\" data-start=\"3348\" data-end=\"3384\">Beheizter Pool und 7 Parkpl\u00e4tze<\/li><li data-section-id=\"70wnyp\" data-start=\"3385\" data-end=\"3436\">3 Schlafzimmer mit eigenen B\u00e4dern und Balkonen<\/li><\/ul><p data-start=\"3438\" data-end=\"3483\"><strong data-start=\"3438\" data-end=\"3451\">Standort:<\/strong> Slatine, in der N\u00e4he von Mastrinka Beach<\/p><p data-start=\"3485\" data-end=\"3514\"><strong data-start=\"3485\" data-end=\"3496\">Status:<\/strong> Verkauft &#8211; \u20ac960.000<\/p><p data-start=\"989\" data-end=\"1074\"> <\/p>\t\t\t\t\t\t\t\t<\/div>\n\t\t\t\t<\/div>\n\t\t\t\t\t<\/div>\n\t\t\t\t<\/div>\n\t\t<div class=\"elementor-element elementor-element-407a852 e-flex e-con-boxed e-con e-parent\" data-id=\"407a852\" data-element_type=\"container\" data-e-type=\"container\">\n\t\t\t\t\t<div class=\"e-con-inner\">\n\t\t\t\t<div class=\"elementor-element elementor-element-9d843fe elementor-widget elementor-widget-google_maps\" data-id=\"9d843fe\" data-element_type=\"widget\" data-e-type=\"widget\" data-widget_type=\"google_maps.default\">\n\t\t\t\t<div class=\"elementor-widget-container\">\n\t\t\t\t\t\t\t<div class=\"elementor-custom-embed\">\n\t\t\t<iframe loading=\"lazy\"\n\t\t\t\t\tsrc=\"https:\/\/maps.google.com\/maps?q=primosten&#038;t=m&#038;z=12&#038;output=embed&#038;iwloc=near\"\n\t\t\t\t\ttitle=\"primosten\"\n\t\t\t\t\taria-label=\"primosten\"\n\t\t\t><\/iframe>\n\t\t<\/div>\n\t\t\t\t\t\t<\/div>\n\t\t\t\t<\/div>\n\t\t\t\t\t<\/div>\n\t\t\t\t<\/div>\n\t\t\t\t<\/div>\n\t\t","protected":false},"excerpt":{"rendered":"<p>Slike Villa Magico m\u00b2 Land 0 m\u00b2 Beheizter Pool 0 m\u00b2 Terrassen 0 Slike Villa Magico Eine \u00fcberzeugende Gelegenheit an der atemberaubenden dalmatinischen K\u00fcste, nur 250 Meter vom Mastrinka-Strand in der begehrten Gegend von Trogir entfernt. Dieses 320 m\u00b2 gro\u00dfe Anwesen befindet sich auf einem 955 m\u00b2 gro\u00dfen Grundst\u00fcck und ist voll funktionsf\u00e4hig. Es verf\u00fcgt [&hellip;]<\/p>\n","protected":false},"author":1,"featured_media":0,"parent":0,"menu_order":0,"comment_status":"closed","ping_status":"closed","template":"","meta":{"footnotes":""},"class_list":["post-4392","page","type-page","status-publish","hentry"],"blocksy_meta":[],"_links":{"self":[{"href":"https:\/\/realestate-facilities.com\/de\/wp-json\/wp\/v2\/pages\/4392","targetHints":{"allow":["GET"]}}],"collection":[{"href":"https:\/\/realestate-facilities.com\/de\/wp-json\/wp\/v2\/pages"}],"about":[{"href":"https:\/\/realestate-facilities.com\/de\/wp-json\/wp\/v2\/types\/page"}],"author":[{"embeddable":true,"href":"https:\/\/realestate-facilities.com\/de\/wp-json\/wp\/v2\/users\/1"}],"replies":[{"embeddable":true,"href":"https:\/\/realestate-facilities.com\/de\/wp-json\/wp\/v2\/comments?post=4392"}],"version-history":[{"count":1,"href":"https:\/\/realestate-facilities.com\/de\/wp-json\/wp\/v2\/pages\/4392\/revisions"}],"predecessor-version":[{"id":4395,"href":"https:\/\/realestate-facilities.com\/de\/wp-json\/wp\/v2\/pages\/4392\/revisions\/4395"}],"wp:attachment":[{"href":"https:\/\/realestate-facilities.com\/de\/wp-json\/wp\/v2\/media?parent=4392"}],"curies":[{"name":"wp","href":"https:\/\/api.w.org\/{rel}","templated":true}]}}