{"id":4360,"date":"2026-03-20T21:08:14","date_gmt":"2026-03-20T21:08:14","guid":{"rendered":"https:\/\/darkviolet-jay-311267.hostingersite.com\/projekte\/"},"modified":"2026-04-25T11:50:21","modified_gmt":"2026-04-25T11:50:21","slug":"projekte","status":"publish","type":"page","link":"https:\/\/realestate-facilities.com\/de\/projekte\/","title":{"rendered":"Projekte"},"content":{"rendered":"\t\t<div data-elementor-type=\"wp-page\" data-elementor-id=\"4360\" class=\"elementor elementor-4360 elementor-3525\">\n\t\t\t\t<div class=\"elementor-element elementor-element-e2c3b3e e-flex e-con-boxed e-con e-parent\" data-id=\"e2c3b3e\" data-element_type=\"container\" data-e-type=\"container\" data-settings=\"{&quot;background_background&quot;:&quot;classic&quot;,&quot;shape_divider_bottom&quot;:&quot;mountains&quot;}\">\n\t\t\t\t\t<div class=\"e-con-inner\">\n\t\t\t\t<div class=\"elementor-shape elementor-shape-bottom\" aria-hidden=\"true\" data-negative=\"false\">\n\t\t\t<svg xmlns=\"http:\/\/www.w3.org\/2000\/svg\" viewBox=\"0 0 1000 100\" preserveAspectRatio=\"none\">\n\t<path class=\"elementor-shape-fill\" opacity=\"0.33\" d=\"M473,67.3c-203.9,88.3-263.1-34-320.3,0C66,119.1,0,59.7,0,59.7V0h1000v59.7 c0,0-62.1,26.1-94.9,29.3c-32.8,3.3-62.8-12.3-75.8-22.1C806,49.6,745.3,8.7,694.9,4.7S492.4,59,473,67.3z\"\/>\n\t<path class=\"elementor-shape-fill\" opacity=\"0.66\" d=\"M734,67.3c-45.5,0-77.2-23.2-129.1-39.1c-28.6-8.7-150.3-10.1-254,39.1 s-91.7-34.4-149.2,0C115.7,118.3,0,39.8,0,39.8V0h1000v36.5c0,0-28.2-18.5-92.1-18.5C810.2,18.1,775.7,67.3,734,67.3z\"\/>\n\t<path class=\"elementor-shape-fill\" d=\"M766.1,28.9c-200-57.5-266,65.5-395.1,19.5C242,1.8,242,5.4,184.8,20.6C128,35.8,132.3,44.9,89.9,52.5C28.6,63.7,0,0,0,0 h1000c0,0-9.9,40.9-83.6,48.1S829.6,47,766.1,28.9z\"\/>\n<\/svg>\t\t<\/div>\n\t\t\t\t\t<\/div>\n\t\t\t\t<\/div>\n\t\t<div class=\"elementor-element elementor-element-e50c883 e-flex e-con-boxed e-con e-parent\" data-id=\"e50c883\" data-element_type=\"container\" data-e-type=\"container\">\n\t\t\t\t\t<div class=\"e-con-inner\">\n\t\t\t\t<div class=\"elementor-element elementor-element-f750652 elementor-widget elementor-widget-heading\" data-id=\"f750652\" data-element_type=\"widget\" data-e-type=\"widget\" data-widget_type=\"heading.default\">\n\t\t\t\t<div class=\"elementor-widget-container\">\n\t\t\t\t\t<h2 class=\"elementor-heading-title elementor-size-default\">Unsere Projekte<\/h2>\t\t\t\t<\/div>\n\t\t\t\t<\/div>\n\t\t\t\t<div class=\"elementor-element elementor-element-a5be8fe elementor-widget elementor-widget-text-editor\" data-id=\"a5be8fe\" data-element_type=\"widget\" data-e-type=\"widget\" data-widget_type=\"text-editor.default\">\n\t\t\t\t<div class=\"elementor-widget-container\">\n\t\t\t\t\t\t\t\t\t<p>Entdecken Sie sorgf\u00e4ltig ausgew\u00e4hlte Entwicklungsm\u00f6glichkeiten in ganz Kroatien, von exklusiven Wohnkonzepten bis hin zu gro\u00df angelegten Investitionsprojekten. Jedes Projekt wird aufgrund seiner Lage, seines Potenzials und seines langfristigen Wertes an der Adriak\u00fcste ausgew\u00e4hlt. <\/p>\t\t\t\t\t\t\t\t<\/div>\n\t\t\t\t<\/div>\n\t\t\t\t\t<\/div>\n\t\t\t\t<\/div>\n\t\t<div class=\"elementor-element elementor-element-f11a09b e-grid e-con-boxed e-con e-parent\" data-id=\"f11a09b\" data-element_type=\"container\" data-e-type=\"container\" data-settings=\"{&quot;background_background&quot;:&quot;classic&quot;}\">\n\t\t\t\t\t<div class=\"e-con-inner\">\n\t\t\t\t<div class=\"elementor-element elementor-element-4482cdc e-transform elementor-position-top elementor-invisible elementor-widget elementor-widget-image-box\" data-id=\"4482cdc\" data-element_type=\"widget\" data-e-type=\"widget\" data-settings=\"{&quot;_transform_translateY_effect_hover&quot;:{&quot;unit&quot;:&quot;px&quot;,&quot;size&quot;:-10,&quot;sizes&quot;:[]},&quot;_animation&quot;:&quot;fadeIn&quot;,&quot;_animation_delay&quot;:0.5,&quot;_transform_translateX_effect_hover&quot;:{&quot;unit&quot;:&quot;px&quot;,&quot;size&quot;:&quot;&quot;,&quot;sizes&quot;:[]},&quot;_transform_translateX_effect_hover_tablet&quot;:{&quot;unit&quot;:&quot;px&quot;,&quot;size&quot;:&quot;&quot;,&quot;sizes&quot;:[]},&quot;_transform_translateX_effect_hover_mobile&quot;:{&quot;unit&quot;:&quot;px&quot;,&quot;size&quot;:&quot;&quot;,&quot;sizes&quot;:[]},&quot;_transform_translateY_effect_hover_tablet&quot;:{&quot;unit&quot;:&quot;px&quot;,&quot;size&quot;:&quot;&quot;,&quot;sizes&quot;:[]},&quot;_transform_translateY_effect_hover_mobile&quot;:{&quot;unit&quot;:&quot;px&quot;,&quot;size&quot;:&quot;&quot;,&quot;sizes&quot;:[]}}\" data-widget_type=\"image-box.default\">\n\t\t\t\t<div class=\"elementor-widget-container\">\n\t\t\t\t\t<div class=\"elementor-image-box-wrapper\"><figure class=\"elementor-image-box-img\"><a href=\"https:\/\/darkviolet-jay-311267.hostingersite.com\/primosten-villa-project\/\" tabindex=\"-1\"><img fetchpriority=\"high\" decoding=\"async\" width=\"1600\" height=\"900\" src=\"https:\/\/realestate-facilities.com\/wp-content\/uploads\/2026\/02\/modern-villa-primosten-craotia.jpeg\" class=\"attachment-full size-full wp-image-4129\" alt=\"Moderne Luxusvilla mit Infinity-Pool in Primo\u0161ten, Kroatien\" srcset=\"https:\/\/realestate-facilities.com\/wp-content\/uploads\/2026\/02\/modern-villa-primosten-craotia.jpeg 1600w, https:\/\/realestate-facilities.com\/wp-content\/uploads\/2026\/02\/modern-villa-primosten-craotia-300x169.jpeg 300w, https:\/\/realestate-facilities.com\/wp-content\/uploads\/2026\/02\/modern-villa-primosten-craotia-1024x576.jpeg 1024w, https:\/\/realestate-facilities.com\/wp-content\/uploads\/2026\/02\/modern-villa-primosten-craotia-768x432.jpeg 768w, https:\/\/realestate-facilities.com\/wp-content\/uploads\/2026\/02\/modern-villa-primosten-craotia-1536x864.jpeg 1536w\" sizes=\"(max-width: 1600px) 100vw, 1600px\" \/><\/a><\/figure><div class=\"elementor-image-box-content\"><p class=\"elementor-image-box-title\"><a href=\"https:\/\/darkviolet-jay-311267.hostingersite.com\/primosten-villa-project\/\">PRIMO\u0160TEN VILLA PROJEKT<\/a><\/p><p class=\"elementor-image-box-description\">265 Preis pro m\u00b2 | 800 m\u00b2\n <\/p><\/div><\/div>\t\t\t\t<\/div>\n\t\t\t\t<\/div>\n\t\t\t\t<div class=\"elementor-element elementor-element-f2c5e55 e-transform elementor-position-top elementor-invisible elementor-widget elementor-widget-image-box\" data-id=\"f2c5e55\" data-element_type=\"widget\" data-e-type=\"widget\" data-settings=\"{&quot;_transform_translateY_effect_hover&quot;:{&quot;unit&quot;:&quot;px&quot;,&quot;size&quot;:-10,&quot;sizes&quot;:[]},&quot;_animation&quot;:&quot;fadeIn&quot;,&quot;_animation_delay&quot;:1,&quot;_transform_translateX_effect_hover&quot;:{&quot;unit&quot;:&quot;px&quot;,&quot;size&quot;:&quot;&quot;,&quot;sizes&quot;:[]},&quot;_transform_translateX_effect_hover_tablet&quot;:{&quot;unit&quot;:&quot;px&quot;,&quot;size&quot;:&quot;&quot;,&quot;sizes&quot;:[]},&quot;_transform_translateX_effect_hover_mobile&quot;:{&quot;unit&quot;:&quot;px&quot;,&quot;size&quot;:&quot;&quot;,&quot;sizes&quot;:[]},&quot;_transform_translateY_effect_hover_tablet&quot;:{&quot;unit&quot;:&quot;px&quot;,&quot;size&quot;:&quot;&quot;,&quot;sizes&quot;:[]},&quot;_transform_translateY_effect_hover_mobile&quot;:{&quot;unit&quot;:&quot;px&quot;,&quot;size&quot;:&quot;&quot;,&quot;sizes&quot;:[]}}\" data-widget_type=\"image-box.default\">\n\t\t\t\t<div class=\"elementor-widget-container\">\n\t\t\t\t\t<div class=\"elementor-image-box-wrapper\"><figure class=\"elementor-image-box-img\"><a href=\"https:\/\/darkviolet-jay-311267.hostingersite.com\/villa-martin\/\" tabindex=\"-1\"><img decoding=\"async\" src=\"https:\/\/darkviolet-jay-311267.hostingersite.com\/wp-content\/uploads\/2026\/04\/Viz-ekst-1_x-scaled.jpg\" title=\"\" alt=\"\" loading=\"lazy\" \/><\/a><\/figure><div class=\"elementor-image-box-content\"><p class=\"elementor-image-box-title\"><a href=\"https:\/\/darkviolet-jay-311267.hostingersite.com\/villa-martin\/\">VILLA MARTIN<\/a><\/p><p class=\"elementor-image-box-description\">4 Luxus-Badezimmer | 1000 m\u00b2 Baugebiet  <\/p><\/div><\/div>\t\t\t\t<\/div>\n\t\t\t\t<\/div>\n\t\t\t\t<div class=\"elementor-element elementor-element-3632006 e-transform elementor-position-top elementor-widget elementor-widget-image-box\" data-id=\"3632006\" data-element_type=\"widget\" data-e-type=\"widget\" data-settings=\"{&quot;_transform_translateY_effect_hover&quot;:{&quot;unit&quot;:&quot;px&quot;,&quot;size&quot;:-10,&quot;sizes&quot;:[]},&quot;_transform_translateX_effect_hover&quot;:{&quot;unit&quot;:&quot;px&quot;,&quot;size&quot;:&quot;&quot;,&quot;sizes&quot;:[]},&quot;_transform_translateX_effect_hover_tablet&quot;:{&quot;unit&quot;:&quot;px&quot;,&quot;size&quot;:&quot;&quot;,&quot;sizes&quot;:[]},&quot;_transform_translateX_effect_hover_mobile&quot;:{&quot;unit&quot;:&quot;px&quot;,&quot;size&quot;:&quot;&quot;,&quot;sizes&quot;:[]},&quot;_transform_translateY_effect_hover_tablet&quot;:{&quot;unit&quot;:&quot;px&quot;,&quot;size&quot;:&quot;&quot;,&quot;sizes&quot;:[]},&quot;_transform_translateY_effect_hover_mobile&quot;:{&quot;unit&quot;:&quot;px&quot;,&quot;size&quot;:&quot;&quot;,&quot;sizes&quot;:[]}}\" data-widget_type=\"image-box.default\">\n\t\t\t\t<div class=\"elementor-widget-container\">\n\t\t\t\t\t<div class=\"elementor-image-box-wrapper\"><figure class=\"elementor-image-box-img\"><a href=\"https:\/\/darkviolet-jay-311267.hostingersite.com\/p\/\" tabindex=\"-1\"><img decoding=\"async\" src=\"https:\/\/darkviolet-jay-311267.hostingersite.com\/wp-content\/uploads\/2026\/04\/Scene-1-1.png\" title=\"\" alt=\"\" loading=\"lazy\" \/><\/a><\/figure><div class=\"elementor-image-box-content\"><p class=\"elementor-image-box-title\"><a href=\"https:\/\/darkviolet-jay-311267.hostingersite.com\/p\/\">PIMO\u0160TEN HILLS<\/a><\/p><p class=\"elementor-image-box-description\">  2 Terrassen | 230 m\u00b2<\/p><\/div><\/div>\t\t\t\t<\/div>\n\t\t\t\t<\/div>\n\t\t\t\t<div class=\"elementor-element elementor-element-a895a79 e-transform animated-slow elementor-position-top elementor-invisible elementor-widget elementor-widget-image-box\" data-id=\"a895a79\" data-element_type=\"widget\" data-e-type=\"widget\" data-settings=\"{&quot;_transform_translateY_effect_hover&quot;:{&quot;unit&quot;:&quot;px&quot;,&quot;size&quot;:-10,&quot;sizes&quot;:[]},&quot;_animation&quot;:&quot;fadeIn&quot;,&quot;_transform_translateX_effect_hover&quot;:{&quot;unit&quot;:&quot;px&quot;,&quot;size&quot;:&quot;&quot;,&quot;sizes&quot;:[]},&quot;_transform_translateX_effect_hover_tablet&quot;:{&quot;unit&quot;:&quot;px&quot;,&quot;size&quot;:&quot;&quot;,&quot;sizes&quot;:[]},&quot;_transform_translateX_effect_hover_mobile&quot;:{&quot;unit&quot;:&quot;px&quot;,&quot;size&quot;:&quot;&quot;,&quot;sizes&quot;:[]},&quot;_transform_translateY_effect_hover_tablet&quot;:{&quot;unit&quot;:&quot;px&quot;,&quot;size&quot;:&quot;&quot;,&quot;sizes&quot;:[]},&quot;_transform_translateY_effect_hover_mobile&quot;:{&quot;unit&quot;:&quot;px&quot;,&quot;size&quot;:&quot;&quot;,&quot;sizes&quot;:[]}}\" data-widget_type=\"image-box.default\">\n\t\t\t\t<div class=\"elementor-widget-container\">\n\t\t\t\t\t<div class=\"elementor-image-box-wrapper\"><figure class=\"elementor-image-box-img\"><a href=\"https:\/\/darkviolet-jay-311267.hostingersite.com\/posedarje\/\" tabindex=\"-1\"><img decoding=\"async\" width=\"2000\" height=\"1500\" src=\"https:\/\/realestate-facilities.com\/wp-content\/uploads\/2026\/02\/modern-villa-posedarje-pool.jpg\" class=\"attachment-full size-full wp-image-4149\" alt=\"moderne Villa posedarje Pool\" srcset=\"https:\/\/realestate-facilities.com\/wp-content\/uploads\/2026\/02\/modern-villa-posedarje-pool.jpg 2000w, https:\/\/realestate-facilities.com\/wp-content\/uploads\/2026\/02\/modern-villa-posedarje-pool-300x225.jpg 300w, https:\/\/realestate-facilities.com\/wp-content\/uploads\/2026\/02\/modern-villa-posedarje-pool-1024x768.jpg 1024w, https:\/\/realestate-facilities.com\/wp-content\/uploads\/2026\/02\/modern-villa-posedarje-pool-768x576.jpg 768w, https:\/\/realestate-facilities.com\/wp-content\/uploads\/2026\/02\/modern-villa-posedarje-pool-1536x1152.jpg 1536w\" sizes=\"(max-width: 2000px) 100vw, 2000px\" \/><\/a><\/figure><div class=\"elementor-image-box-content\"><p class=\"elementor-image-box-title\"><a href=\"https:\/\/darkviolet-jay-311267.hostingersite.com\/posedarje\/\">POSEDARJE<\/a><\/p><p class=\"elementor-image-box-description\">800 Privatgrundst\u00fcck m\u00b2 | 208 m\u00b2<\/p><\/div><\/div>\t\t\t\t<\/div>\n\t\t\t\t<\/div>\n\t\t\t\t<div class=\"elementor-element elementor-element-8a990e5 e-transform elementor-position-top elementor-widget elementor-widget-image-box\" data-id=\"8a990e5\" data-element_type=\"widget\" data-e-type=\"widget\" data-settings=\"{&quot;_transform_translateY_effect_hover&quot;:{&quot;unit&quot;:&quot;px&quot;,&quot;size&quot;:-10,&quot;sizes&quot;:[]},&quot;_transform_translateX_effect_hover&quot;:{&quot;unit&quot;:&quot;px&quot;,&quot;size&quot;:&quot;&quot;,&quot;sizes&quot;:[]},&quot;_transform_translateX_effect_hover_tablet&quot;:{&quot;unit&quot;:&quot;px&quot;,&quot;size&quot;:&quot;&quot;,&quot;sizes&quot;:[]},&quot;_transform_translateX_effect_hover_mobile&quot;:{&quot;unit&quot;:&quot;px&quot;,&quot;size&quot;:&quot;&quot;,&quot;sizes&quot;:[]},&quot;_transform_translateY_effect_hover_tablet&quot;:{&quot;unit&quot;:&quot;px&quot;,&quot;size&quot;:&quot;&quot;,&quot;sizes&quot;:[]},&quot;_transform_translateY_effect_hover_mobile&quot;:{&quot;unit&quot;:&quot;px&quot;,&quot;size&quot;:&quot;&quot;,&quot;sizes&quot;:[]}}\" data-widget_type=\"image-box.default\">\n\t\t\t\t<div class=\"elementor-widget-container\">\n\t\t\t\t\t<div class=\"elementor-image-box-wrapper\"><figure class=\"elementor-image-box-img\"><img decoding=\"async\" width=\"1800\" height=\"1199\" src=\"https:\/\/realestate-facilities.com\/wp-content\/uploads\/2026\/02\/lovran-croatia-apartment-building-street-view.jpg\" class=\"attachment-full size-full wp-image-4203\" alt=\"lovran kroatien wohnhaus stra\u00dfenansicht\" srcset=\"https:\/\/realestate-facilities.com\/wp-content\/uploads\/2026\/02\/lovran-croatia-apartment-building-street-view.jpg 1800w, https:\/\/realestate-facilities.com\/wp-content\/uploads\/2026\/02\/lovran-croatia-apartment-building-street-view-300x200.jpg 300w, https:\/\/realestate-facilities.com\/wp-content\/uploads\/2026\/02\/lovran-croatia-apartment-building-street-view-1024x682.jpg 1024w, https:\/\/realestate-facilities.com\/wp-content\/uploads\/2026\/02\/lovran-croatia-apartment-building-street-view-768x512.jpg 768w, https:\/\/realestate-facilities.com\/wp-content\/uploads\/2026\/02\/lovran-croatia-apartment-building-street-view-1536x1023.jpg 1536w\" sizes=\"(max-width: 1800px) 100vw, 1800px\" \/><\/figure><div class=\"elementor-image-box-content\"><p class=\"elementor-image-box-title\">LOVRAN ISTRIA<\/p><p class=\"elementor-image-box-description\">155 m\u00b2 Erdgeschoss | 184 m\u00b2 Erdgeschoss  <\/p><\/div><\/div>\t\t\t\t<\/div>\n\t\t\t\t<\/div>\n\t\t\t\t<div class=\"elementor-element elementor-element-52cf9f0 elementor-view-framed elementor-shape-rounded elementor-mobile-position-block-start elementor-widget elementor-widget-icon-box\" data-id=\"52cf9f0\" data-element_type=\"widget\" data-e-type=\"widget\" data-widget_type=\"icon-box.default\">\n\t\t\t\t<div class=\"elementor-widget-container\">\n\t\t\t\t\t\t\t<div class=\"elementor-icon-box-wrapper\">\n\n\t\t\t\t\t\t<div class=\"elementor-icon-box-icon\">\n\t\t\t\t<span  class=\"elementor-icon\">\n\t\t\t\t<i aria-hidden=\"true\" class=\"far fa-comments\"><\/i>\t\t\t\t<\/span>\n\t\t\t<\/div>\n\t\t\t\n\t\t\t\t\t\t<div class=\"elementor-icon-box-content\">\n\n\t\t\t\t\t\t\t\t\t<h3 class=\"elementor-icon-box-title\">\n\t\t\t\t\t\t<span  >\n\t\t\t\t\t\t\tKontaktieren Sie uns\t\t\t\t\t\t<\/span>\n\t\t\t\t\t<\/h3>\n\t\t\t\t\n\t\t\t\t\t\t\t\t\t<p class=\"elementor-icon-box-description\">\n\t\t\t\t\t\tSie suchen nach weiteren Projekten oder detaillierten Informationen \u00fcber eine bestimmte Immobilie? Kontaktieren Sie uns f\u00fcr Brosch\u00fcren, Verf\u00fcgbarkeit, Preise und pers\u00f6nliche Empfehlungen. Wir sind hier, um Ihnen zu helfen, die perfekte Gelegenheit an der wundersch\u00f6nen Adriak\u00fcste zu finden.\n\t\t\t\t\t<\/p>\n\t\t\t\t\n\t\t\t<\/div>\n\t\t\t\n\t\t<\/div>\n\t\t\t\t\t\t<\/div>\n\t\t\t\t<\/div>\n\t\t\t\t\t<\/div>\n\t\t\t\t<\/div>\n\t\t<div class=\"elementor-element elementor-element-480efb5 e-flex e-con-boxed e-con e-parent\" data-id=\"480efb5\" data-element_type=\"container\" data-e-type=\"container\">\n\t\t\t\t\t<div class=\"e-con-inner\">\n\t\t\t\t<div class=\"elementor-element elementor-element-4dd78e3 elementor-widget elementor-widget-google_maps\" data-id=\"4dd78e3\" data-element_type=\"widget\" data-e-type=\"widget\" data-widget_type=\"google_maps.default\">\n\t\t\t\t<div class=\"elementor-widget-container\">\n\t\t\t\t\t\t\t<div class=\"elementor-custom-embed\">\n\t\t\t<iframe loading=\"lazy\"\n\t\t\t\t\tsrc=\"https:\/\/maps.google.com\/maps?q=Ulica%20hrvatskih%20%C5%BErtava%20360&#038;t=m&#038;z=10&#038;output=embed&#038;iwloc=near\"\n\t\t\t\t\ttitle=\"Ulica hrvatskih \u017ertava 360\"\n\t\t\t\t\taria-label=\"Ulica hrvatskih \u017ertava 360\"\n\t\t\t><\/iframe>\n\t\t<\/div>\n\t\t\t\t\t\t<\/div>\n\t\t\t\t<\/div>\n\t\t\t\t\t<\/div>\n\t\t\t\t<\/div>\n\t\t\t\t<\/div>\n\t\t","protected":false},"excerpt":{"rendered":"<p>Unsere Projekte Entdecken Sie sorgf\u00e4ltig ausgew\u00e4hlte Entwicklungsm\u00f6glichkeiten in ganz Kroatien, von exklusiven Wohnkonzepten bis hin zu gro\u00df angelegten Investitionsprojekten. Jedes Projekt wird aufgrund seiner Lage, seines Potenzials und seines langfristigen Wertes an der Adriak\u00fcste ausgew\u00e4hlt. PRIMO\u0160TEN VILLA PROJEKT 265 Preis pro m\u00b2 | 800 m\u00b2 VILLA MARTIN 4 Luxus-Badezimmer | 1000 m\u00b2 Baugebiet PIMO\u0160TEN HILLS [&hellip;]<\/p>\n","protected":false},"author":1,"featured_media":0,"parent":0,"menu_order":0,"comment_status":"closed","ping_status":"closed","template":"","meta":{"footnotes":""},"class_list":["post-4360","page","type-page","status-publish","hentry"],"blocksy_meta":[],"_links":{"self":[{"href":"https:\/\/realestate-facilities.com\/de\/wp-json\/wp\/v2\/pages\/4360","targetHints":{"allow":["GET"]}}],"collection":[{"href":"https:\/\/realestate-facilities.com\/de\/wp-json\/wp\/v2\/pages"}],"about":[{"href":"https:\/\/realestate-facilities.com\/de\/wp-json\/wp\/v2\/types\/page"}],"author":[{"embeddable":true,"href":"https:\/\/realestate-facilities.com\/de\/wp-json\/wp\/v2\/users\/1"}],"replies":[{"embeddable":true,"href":"https:\/\/realestate-facilities.com\/de\/wp-json\/wp\/v2\/comments?post=4360"}],"version-history":[{"count":1,"href":"https:\/\/realestate-facilities.com\/de\/wp-json\/wp\/v2\/pages\/4360\/revisions"}],"predecessor-version":[{"id":4361,"href":"https:\/\/realestate-facilities.com\/de\/wp-json\/wp\/v2\/pages\/4360\/revisions\/4361"}],"wp:attachment":[{"href":"https:\/\/realestate-facilities.com\/de\/wp-json\/wp\/v2\/media?parent=4360"}],"curies":[{"name":"wp","href":"https:\/\/api.w.org\/{rel}","templated":true}]}}