{"id":4338,"date":"2026-02-18T09:18:43","date_gmt":"2026-02-18T09:18:43","guid":{"rendered":"https:\/\/darkviolet-jay-311267.hostingersite.com\/primosten-villa-projekt\/"},"modified":"2026-04-25T11:45:10","modified_gmt":"2026-04-25T11:45:10","slug":"primosten-villa-projekt","status":"publish","type":"page","link":"https:\/\/realestate-facilities.com\/de\/primosten-villa-projekt\/","title":{"rendered":"Primosten Villa Projekt"},"content":{"rendered":"\t\t<div data-elementor-type=\"wp-page\" data-elementor-id=\"4338\" class=\"elementor elementor-4338 elementor-3012\">\n\t\t\t\t<div class=\"elementor-element elementor-element-eadc413 e-flex e-con-boxed e-con e-parent\" data-id=\"eadc413\" data-element_type=\"container\" data-e-type=\"container\" data-settings=\"{&quot;background_background&quot;:&quot;classic&quot;,&quot;shape_divider_bottom&quot;:&quot;mountains&quot;}\">\n\t\t\t\t\t<div class=\"e-con-inner\">\n\t\t\t\t<div class=\"elementor-shape elementor-shape-bottom\" aria-hidden=\"true\" data-negative=\"false\">\n\t\t\t<svg xmlns=\"http:\/\/www.w3.org\/2000\/svg\" viewBox=\"0 0 1000 100\" preserveAspectRatio=\"none\">\n\t<path class=\"elementor-shape-fill\" opacity=\"0.33\" d=\"M473,67.3c-203.9,88.3-263.1-34-320.3,0C66,119.1,0,59.7,0,59.7V0h1000v59.7 c0,0-62.1,26.1-94.9,29.3c-32.8,3.3-62.8-12.3-75.8-22.1C806,49.6,745.3,8.7,694.9,4.7S492.4,59,473,67.3z\"\/>\n\t<path class=\"elementor-shape-fill\" opacity=\"0.66\" d=\"M734,67.3c-45.5,0-77.2-23.2-129.1-39.1c-28.6-8.7-150.3-10.1-254,39.1 s-91.7-34.4-149.2,0C115.7,118.3,0,39.8,0,39.8V0h1000v36.5c0,0-28.2-18.5-92.1-18.5C810.2,18.1,775.7,67.3,734,67.3z\"\/>\n\t<path class=\"elementor-shape-fill\" d=\"M766.1,28.9c-200-57.5-266,65.5-395.1,19.5C242,1.8,242,5.4,184.8,20.6C128,35.8,132.3,44.9,89.9,52.5C28.6,63.7,0,0,0,0 h1000c0,0-9.9,40.9-83.6,48.1S829.6,47,766.1,28.9z\"\/>\n<\/svg>\t\t<\/div>\n\t\t<div class=\"elementor-element elementor-element-245f272 e-con-full e-flex e-con e-child\" data-id=\"245f272\" data-element_type=\"container\" data-e-type=\"container\">\n\t\t\t\t<div class=\"elementor-element elementor-element-62bf8b3 elementor-widget elementor-widget-heading\" data-id=\"62bf8b3\" data-element_type=\"widget\" data-e-type=\"widget\" data-widget_type=\"heading.default\">\n\t\t\t\t<div class=\"elementor-widget-container\">\n\t\t\t\t\t<h2 class=\"elementor-heading-title elementor-size-default\">Primosten Villa Projekt<\/h2>\t\t\t\t<\/div>\n\t\t\t\t<\/div>\n\t\t\t\t<\/div>\n\t\t\t\t\t<\/div>\n\t\t\t\t<\/div>\n\t\t<div class=\"elementor-element elementor-element-74a2b17 e-flex e-con-boxed e-con e-parent\" data-id=\"74a2b17\" data-element_type=\"container\" data-e-type=\"container\">\n\t\t\t\t\t<div class=\"e-con-inner\">\n\t\t\t\t<div class=\"elementor-element elementor-element-58034cc elementor-widget elementor-widget-counter\" data-id=\"58034cc\" data-element_type=\"widget\" data-e-type=\"widget\" data-widget_type=\"counter.default\">\n\t\t\t\t<div class=\"elementor-widget-container\">\n\t\t\t\t\t\t\t<div class=\"elementor-counter\">\n\t\t\t<div class=\"elementor-counter-title\">Preis pro m\u00b2  <\/div>\t\t\t<div class=\"elementor-counter-number-wrapper\">\n\t\t\t\t<span class=\"elementor-counter-number-prefix\"><\/span>\n\t\t\t\t<span class=\"elementor-counter-number\" data-duration=\"2000\" data-to-value=\"265\" data-from-value=\"0\" data-delimiter=\",\">0<\/span>\n\t\t\t\t<span class=\"elementor-counter-number-suffix\"><\/span>\n\t\t\t<\/div>\n\t\t<\/div>\n\t\t\t\t\t\t<\/div>\n\t\t\t\t<\/div>\n\t\t\t\t<div class=\"elementor-element elementor-element-078a3a0 elementor-widget elementor-widget-counter\" data-id=\"078a3a0\" data-element_type=\"widget\" data-e-type=\"widget\" data-widget_type=\"counter.default\">\n\t\t\t\t<div class=\"elementor-widget-container\">\n\t\t\t\t\t\t\t<div class=\"elementor-counter\">\n\t\t\t<div class=\"elementor-counter-title\">m\u00b2 <\/div>\t\t\t<div class=\"elementor-counter-number-wrapper\">\n\t\t\t\t<span class=\"elementor-counter-number-prefix\"><\/span>\n\t\t\t\t<span class=\"elementor-counter-number\" data-duration=\"2000\" data-to-value=\"800\" data-from-value=\"0\" data-delimiter=\",\">0<\/span>\n\t\t\t\t<span class=\"elementor-counter-number-suffix\"><\/span>\n\t\t\t<\/div>\n\t\t<\/div>\n\t\t\t\t\t\t<\/div>\n\t\t\t\t<\/div>\n\t\t\t\t\t<\/div>\n\t\t\t\t<\/div>\n\t\t<div class=\"elementor-element elementor-element-093692a e-flex e-con-boxed e-con e-parent\" data-id=\"093692a\" data-element_type=\"container\" data-e-type=\"container\">\n\t\t\t\t\t<div class=\"e-con-inner\">\n\t\t<div class=\"elementor-element elementor-element-a324ff2 e-con-full e-flex e-con e-child\" data-id=\"a324ff2\" data-element_type=\"container\" data-e-type=\"container\">\n\t\t\t\t<div class=\"elementor-element elementor-element-eaa30bf elementor-widget elementor-widget-heading\" data-id=\"eaa30bf\" data-element_type=\"widget\" data-e-type=\"widget\" data-widget_type=\"heading.default\">\n\t\t\t\t<div class=\"elementor-widget-container\">\n\t\t\t\t\t<h2 class=\"elementor-heading-title elementor-size-default\">Primosten Villa Projekt<\/h2>\t\t\t\t<\/div>\n\t\t\t\t<\/div>\n\t\t\t\t<div class=\"elementor-element elementor-element-bc3460a elementor-widget elementor-widget-text-editor\" data-id=\"bc3460a\" data-element_type=\"widget\" data-e-type=\"widget\" data-widget_type=\"text-editor.default\">\n\t\t\t\t<div class=\"elementor-widget-container\">\n\t\t\t\t\t\t\t\t\t<p>Eingebettet in der N\u00e4he der kultigen Bergstadt Primo\u0161ten an der mitteldalmatinischen K\u00fcste bietet dieses exklusive Villenprojekt eine bemerkenswerte Flexibilit\u00e4t auf 800 m\u00b2 gro\u00dfen Grundst\u00fccken mit Panoramablick auf die Adria. Die K\u00e4ufer haben die Wahl zwischen zwei unabh\u00e4ngigen Villen von je 169 m\u00b2, die sich ideal f\u00fcr Mieteinnahmen oder ein Mehrgenerationenhaus eignen, oder sie k\u00f6nnen die gesamte Grundfl\u00e4che zu einer einzigen gro\u00dfartigen 338 m\u00b2 gro\u00dfen Residenz zusammenlegen. Mit einem Masterplan, einer starken tourismusbedingten Mietnachfrage und dem unwiderstehlichen Charme einer der beliebtesten K\u00fcstenst\u00e4dte Dalmatiens vor der Haust\u00fcr ist dies eine Gelegenheit von echtem Rang.  <\/p>\t\t\t\t\t\t\t\t<\/div>\n\t\t\t\t<\/div>\n\t\t\t\t<\/div>\n\t\t<div class=\"elementor-element elementor-element-466ee84 e-con-full e-flex e-con e-child\" data-id=\"466ee84\" data-element_type=\"container\" data-e-type=\"container\">\n\t\t\t\t<div class=\"elementor-element elementor-element-f7372ba elementor-widget elementor-widget-image\" data-id=\"f7372ba\" data-element_type=\"widget\" data-e-type=\"widget\" data-widget_type=\"image.default\">\n\t\t\t\t<div class=\"elementor-widget-container\">\n\t\t\t\t\t\t\t\t\t\t\t\t\t\t\t<img fetchpriority=\"high\" decoding=\"async\" width=\"1024\" height=\"576\" src=\"https:\/\/realestate-facilities.com\/wp-content\/uploads\/2026\/02\/modern-villa-primosten-craotia-1024x576.jpeg\" class=\"attachment-large size-large wp-image-4129\" alt=\"Moderne Luxusvilla mit Infinity-Pool in Primo\u0161ten, Kroatien\" srcset=\"https:\/\/realestate-facilities.com\/wp-content\/uploads\/2026\/02\/modern-villa-primosten-craotia-1024x576.jpeg 1024w, https:\/\/realestate-facilities.com\/wp-content\/uploads\/2026\/02\/modern-villa-primosten-craotia-300x169.jpeg 300w, https:\/\/realestate-facilities.com\/wp-content\/uploads\/2026\/02\/modern-villa-primosten-craotia-768x432.jpeg 768w, https:\/\/realestate-facilities.com\/wp-content\/uploads\/2026\/02\/modern-villa-primosten-craotia-1536x864.jpeg 1536w, https:\/\/realestate-facilities.com\/wp-content\/uploads\/2026\/02\/modern-villa-primosten-craotia.jpeg 1600w\" sizes=\"(max-width: 1024px) 100vw, 1024px\" \/>\t\t\t\t\t\t\t\t\t\t\t\t\t\t\t<\/div>\n\t\t\t\t<\/div>\n\t\t\t\t<\/div>\n\t\t\t\t\t<\/div>\n\t\t\t\t<\/div>\n\t\t<div class=\"elementor-element elementor-element-3a02d87 e-flex e-con-boxed e-con e-parent\" data-id=\"3a02d87\" data-element_type=\"container\" data-e-type=\"container\">\n\t\t\t\t\t<div class=\"e-con-inner\">\n\t\t<div class=\"elementor-element elementor-element-322b8dd e-con-full e-flex e-con e-child\" data-id=\"322b8dd\" data-element_type=\"container\" data-e-type=\"container\">\n\t\t\t\t<div class=\"elementor-element elementor-element-38a9397 elementor-arrows-position-inside elementor-widget elementor-widget-image-carousel\" data-id=\"38a9397\" data-element_type=\"widget\" data-e-type=\"widget\" data-settings=\"{&quot;slides_to_show&quot;:&quot;1&quot;,&quot;navigation&quot;:&quot;arrows&quot;,&quot;lazyload&quot;:&quot;yes&quot;,&quot;effect&quot;:&quot;fade&quot;,&quot;speed&quot;:1000,&quot;autoplay&quot;:&quot;yes&quot;,&quot;pause_on_hover&quot;:&quot;yes&quot;,&quot;pause_on_interaction&quot;:&quot;yes&quot;,&quot;autoplay_speed&quot;:5000,&quot;infinite&quot;:&quot;yes&quot;}\" data-widget_type=\"image-carousel.default\">\n\t\t\t\t<div class=\"elementor-widget-container\">\n\t\t\t\t\t\t\t<div class=\"elementor-image-carousel-wrapper swiper\" role=\"region\" aria-roledescription=\"carousel\" aria-label=\"Afbeelding carrousel\" dir=\"ltr\">\n\t\t\t<div class=\"elementor-image-carousel swiper-wrapper\" aria-live=\"off\">\n\t\t\t\t\t\t\t\t<div class=\"swiper-slide\" role=\"group\" aria-roledescription=\"slide\" aria-label=\"1 von 6\"><figure class=\"swiper-slide-inner\"><img class=\"swiper-slide-image swiper-lazy\" data-src=\"https:\/\/realestate-facilities.com\/wp-content\/uploads\/2026\/02\/primosten-villa-render-poolside-deck-lounge-area-1536x864.jpg\" alt=\"primosten villa render poolside deck lounge area\" \/><div class=\"swiper-lazy-preloader\"><\/div><\/figure><\/div><div class=\"swiper-slide\" role=\"group\" aria-roledescription=\"slide\" aria-label=\"2 von 6\"><figure class=\"swiper-slide-inner\"><img class=\"swiper-slide-image swiper-lazy\" data-src=\"https:\/\/realestate-facilities.com\/wp-content\/uploads\/2026\/02\/primosten-villa-render-pool-terrace-stone-facade-evening-1536x864.jpg\" alt=\"primosten villa putz pool terrasse steinfassade abend\" \/><div class=\"swiper-lazy-preloader\"><\/div><\/figure><\/div><div class=\"swiper-slide\" role=\"group\" aria-roledescription=\"slide\" aria-label=\"3 von 6\"><figure class=\"swiper-slide-inner\"><img class=\"swiper-slide-image swiper-lazy\" data-src=\"https:\/\/realestate-facilities.com\/wp-content\/uploads\/2026\/02\/primosten-villa-render-pool-summer-wildflower-garden-1536x864.jpg\" alt=\"primosten villa render pool sommer wildblumen garten\" \/><div class=\"swiper-lazy-preloader\"><\/div><\/figure><\/div><div class=\"swiper-slide\" role=\"group\" aria-roledescription=\"slide\" aria-label=\"4 von 6\"><figure class=\"swiper-slide-inner\"><img class=\"swiper-slide-image swiper-lazy\" data-src=\"https:\/\/realestate-facilities.com\/wp-content\/uploads\/2026\/02\/primosten-villa-render-pool-garden-dusk-front-view-1536x864.jpg\" alt=\"primosten villa render pool garten d\u00e4mmerung frontansicht\" \/><div class=\"swiper-lazy-preloader\"><\/div><\/figure><\/div><div class=\"swiper-slide\" role=\"group\" aria-roledescription=\"slide\" aria-label=\"5 von 6\"><figure class=\"swiper-slide-inner\"><img class=\"swiper-slide-image swiper-lazy\" data-src=\"https:\/\/realestate-facilities.com\/wp-content\/uploads\/2026\/02\/primosten-villa-render-pool-front-view-daytime-1536x864.jpg\" alt=\"primosten villa render pool front view daytime\" \/><div class=\"swiper-lazy-preloader\"><\/div><\/figure><\/div><div class=\"swiper-slide\" role=\"group\" aria-roledescription=\"slide\" aria-label=\"6 von 6\"><figure class=\"swiper-slide-inner\"><img class=\"swiper-slide-image swiper-lazy\" data-src=\"https:\/\/realestate-facilities.com\/wp-content\/uploads\/2026\/02\/primosten-luxury-villa-architectural-render-pool-sunset-croatia-1536x864.jpg\" alt=\"primosten luxusvilla architektonischer render pool sonnenuntergang kroatien\" \/><div class=\"swiper-lazy-preloader\"><\/div><\/figure><\/div>\t\t\t<\/div>\n\t\t\t\t\t\t\t\t\t\t\t\t<div class=\"elementor-swiper-button elementor-swiper-button-prev\" role=\"button\" tabindex=\"0\">\n\t\t\t\t\t\t<i aria-hidden=\"true\" class=\"eicon-chevron-left\"><\/i>\t\t\t\t\t<\/div>\n\t\t\t\t\t<div class=\"elementor-swiper-button elementor-swiper-button-next\" role=\"button\" tabindex=\"0\">\n\t\t\t\t\t\t<i aria-hidden=\"true\" class=\"eicon-chevron-right\"><\/i>\t\t\t\t\t<\/div>\n\t\t\t\t\n\t\t\t\t\t\t\t\t\t<\/div>\n\t\t\t\t\t\t<\/div>\n\t\t\t\t<\/div>\n\t\t\t\t<div class=\"elementor-element elementor-element-f9ef0e1 elementor-widget elementor-widget-text-editor\" data-id=\"f9ef0e1\" data-element_type=\"widget\" data-e-type=\"widget\" data-widget_type=\"text-editor.default\">\n\t\t\t\t<div class=\"elementor-widget-container\">\n\t\t\t\t\t\t\t\t\t<p data-start=\"1113\" data-end=\"1306\">Ein exklusives Villenkonzept in bester K\u00fcstenlage, das moderne Architektur mit einer friedlichen mediterranen Atmosph\u00e4re und Meerblick kombiniert. Ideal f\u00fcr die private Nutzung oder eine hochwertige Mietinvestition. <\/p><p data-start=\"1308\" data-end=\"1324\"><strong data-start=\"1308\" data-end=\"1324\">Wichtige Details:<\/strong><\/p><ul data-start=\"1325\" data-end=\"1516\"><li data-section-id=\"1ktbq9p\" data-start=\"1325\" data-end=\"1354\">Grundst\u00fccksgr\u00f6\u00dfe: ca. 800 m\u00b2 <\/li><li data-section-id=\"u4vyud\" data-start=\"1355\" data-end=\"1395\">Masterplan f\u00fcr Luxusvilla inklusive<\/li><li data-section-id=\"p2bxtu\" data-start=\"1396\" data-end=\"1449\">Flexible Bauoptionen (2 x 169 m\u00b2 oder 1 x 338 m\u00b2)<\/li><li data-section-id=\"w8idcf\" data-start=\"1450\" data-end=\"1477\">Modernes, offenes Design<\/li><li data-section-id=\"ojbaki\" data-start=\"1478\" data-end=\"1516\">Meerblick und private Umgebung<\/li><\/ul><p data-start=\"1518\" data-end=\"1578\"><strong data-start=\"1518\" data-end=\"1531\">Standort:<\/strong> Primo\u0161ten, nahe dem Zentrum und der K\u00fcste<\/p><p data-start=\"1580\" data-end=\"1603\"><strong data-start=\"1580\" data-end=\"1590\">Preis:<\/strong> Auf Anfrage<\/p>\t\t\t\t\t\t\t\t<\/div>\n\t\t\t\t<\/div>\n\t\t\t\t<\/div>\n\t\t\t\t\t<\/div>\n\t\t\t\t<\/div>\n\t\t<div class=\"elementor-element elementor-element-107c24f e-flex e-con-boxed e-con e-parent\" data-id=\"107c24f\" data-element_type=\"container\" data-e-type=\"container\">\n\t\t\t\t\t<div class=\"e-con-inner\">\n\t\t\t\t<div class=\"elementor-element elementor-element-f6bece2 elementor-widget elementor-widget-google_maps\" data-id=\"f6bece2\" data-element_type=\"widget\" data-e-type=\"widget\" data-widget_type=\"google_maps.default\">\n\t\t\t\t<div class=\"elementor-widget-container\">\n\t\t\t\t\t\t\t<div class=\"elementor-custom-embed\">\n\t\t\t<iframe loading=\"lazy\"\n\t\t\t\t\tsrc=\"https:\/\/maps.google.com\/maps?q=primosten&#038;t=m&#038;z=12&#038;output=embed&#038;iwloc=near\"\n\t\t\t\t\ttitle=\"primosten\"\n\t\t\t\t\taria-label=\"primosten\"\n\t\t\t><\/iframe>\n\t\t<\/div>\n\t\t\t\t\t\t<\/div>\n\t\t\t\t<\/div>\n\t\t\t\t\t<\/div>\n\t\t\t\t<\/div>\n\t\t\t\t<\/div>\n\t\t","protected":false},"excerpt":{"rendered":"<p>Primosten Villa Projekt Preis pro m\u00b2 0 m\u00b2 0 Primosten Villa Projekt Eingebettet in der N\u00e4he der kultigen Bergstadt Primo\u0161ten an der mitteldalmatinischen K\u00fcste bietet dieses exklusive Villenprojekt eine bemerkenswerte Flexibilit\u00e4t auf 800 m\u00b2 gro\u00dfen Grundst\u00fccken mit Panoramablick auf die Adria. Die K\u00e4ufer haben die Wahl zwischen zwei unabh\u00e4ngigen Villen von je 169 m\u00b2, die [&hellip;]<\/p>\n","protected":false},"author":1,"featured_media":0,"parent":0,"menu_order":0,"comment_status":"closed","ping_status":"closed","template":"","meta":{"footnotes":""},"class_list":["post-4338","page","type-page","status-publish","hentry"],"blocksy_meta":[],"_links":{"self":[{"href":"https:\/\/realestate-facilities.com\/de\/wp-json\/wp\/v2\/pages\/4338","targetHints":{"allow":["GET"]}}],"collection":[{"href":"https:\/\/realestate-facilities.com\/de\/wp-json\/wp\/v2\/pages"}],"about":[{"href":"https:\/\/realestate-facilities.com\/de\/wp-json\/wp\/v2\/types\/page"}],"author":[{"embeddable":true,"href":"https:\/\/realestate-facilities.com\/de\/wp-json\/wp\/v2\/users\/1"}],"replies":[{"embeddable":true,"href":"https:\/\/realestate-facilities.com\/de\/wp-json\/wp\/v2\/comments?post=4338"}],"version-history":[{"count":1,"href":"https:\/\/realestate-facilities.com\/de\/wp-json\/wp\/v2\/pages\/4338\/revisions"}],"predecessor-version":[{"id":4339,"href":"https:\/\/realestate-facilities.com\/de\/wp-json\/wp\/v2\/pages\/4338\/revisions\/4339"}],"wp:attachment":[{"href":"https:\/\/realestate-facilities.com\/de\/wp-json\/wp\/v2\/media?parent=4338"}],"curies":[{"name":"wp","href":"https:\/\/api.w.org\/{rel}","templated":true}]}}