{"id":4330,"date":"2026-02-18T10:35:51","date_gmt":"2026-02-18T10:35:51","guid":{"rendered":"https:\/\/darkviolet-jay-311267.hostingersite.com\/primosten-hills\/"},"modified":"2026-04-25T11:44:31","modified_gmt":"2026-04-25T11:44:31","slug":"primosten-hills","status":"publish","type":"page","link":"https:\/\/realestate-facilities.com\/de\/primosten-hills\/","title":{"rendered":"Primosten Hills"},"content":{"rendered":"\t\t<div data-elementor-type=\"wp-page\" data-elementor-id=\"4330\" class=\"elementor elementor-4330 elementor-3057\">\n\t\t\t\t<div class=\"elementor-element elementor-element-b580535 e-flex e-con-boxed e-con e-parent\" data-id=\"b580535\" data-element_type=\"container\" data-e-type=\"container\" data-settings=\"{&quot;background_background&quot;:&quot;classic&quot;,&quot;shape_divider_bottom&quot;:&quot;mountains&quot;}\">\n\t\t\t\t\t<div class=\"e-con-inner\">\n\t\t\t\t<div class=\"elementor-shape elementor-shape-bottom\" aria-hidden=\"true\" data-negative=\"false\">\n\t\t\t<svg xmlns=\"http:\/\/www.w3.org\/2000\/svg\" viewBox=\"0 0 1000 100\" preserveAspectRatio=\"none\">\n\t<path class=\"elementor-shape-fill\" opacity=\"0.33\" d=\"M473,67.3c-203.9,88.3-263.1-34-320.3,0C66,119.1,0,59.7,0,59.7V0h1000v59.7 c0,0-62.1,26.1-94.9,29.3c-32.8,3.3-62.8-12.3-75.8-22.1C806,49.6,745.3,8.7,694.9,4.7S492.4,59,473,67.3z\"\/>\n\t<path class=\"elementor-shape-fill\" opacity=\"0.66\" d=\"M734,67.3c-45.5,0-77.2-23.2-129.1-39.1c-28.6-8.7-150.3-10.1-254,39.1 s-91.7-34.4-149.2,0C115.7,118.3,0,39.8,0,39.8V0h1000v36.5c0,0-28.2-18.5-92.1-18.5C810.2,18.1,775.7,67.3,734,67.3z\"\/>\n\t<path class=\"elementor-shape-fill\" d=\"M766.1,28.9c-200-57.5-266,65.5-395.1,19.5C242,1.8,242,5.4,184.8,20.6C128,35.8,132.3,44.9,89.9,52.5C28.6,63.7,0,0,0,0 h1000c0,0-9.9,40.9-83.6,48.1S829.6,47,766.1,28.9z\"\/>\n<\/svg>\t\t<\/div>\n\t\t<div class=\"elementor-element elementor-element-1ffe6ec e-con-full e-flex e-con e-child\" data-id=\"1ffe6ec\" data-element_type=\"container\" data-e-type=\"container\">\n\t\t\t\t<div class=\"elementor-element elementor-element-e54b504 elementor-widget elementor-widget-heading\" data-id=\"e54b504\" data-element_type=\"widget\" data-e-type=\"widget\" data-widget_type=\"heading.default\">\n\t\t\t\t<div class=\"elementor-widget-container\">\n\t\t\t\t\t<h2 class=\"elementor-heading-title elementor-size-default\">Primo\u0161ten-H\u00fcgel<\/h2>\t\t\t\t<\/div>\n\t\t\t\t<\/div>\n\t\t\t\t<\/div>\n\t\t\t\t\t<\/div>\n\t\t\t\t<\/div>\n\t\t<div class=\"elementor-element elementor-element-a586a81 e-flex e-con-boxed e-con e-parent\" data-id=\"a586a81\" data-element_type=\"container\" data-e-type=\"container\">\n\t\t\t\t\t<div class=\"e-con-inner\">\n\t\t\t\t<div class=\"elementor-element elementor-element-f97f517 elementor-widget elementor-widget-counter\" data-id=\"f97f517\" data-element_type=\"widget\" data-e-type=\"widget\" data-widget_type=\"counter.default\">\n\t\t\t\t<div class=\"elementor-widget-container\">\n\t\t\t\t\t\t\t<div class=\"elementor-counter\">\n\t\t\t<div class=\"elementor-counter-title\">Wohnungen pro Etage<\/div>\t\t\t<div class=\"elementor-counter-number-wrapper\">\n\t\t\t\t<span class=\"elementor-counter-number-prefix\"><\/span>\n\t\t\t\t<span class=\"elementor-counter-number\" data-duration=\"2000\" data-to-value=\"2\" data-from-value=\"0\" data-delimiter=\",\">0<\/span>\n\t\t\t\t<span class=\"elementor-counter-number-suffix\"><\/span>\n\t\t\t<\/div>\n\t\t<\/div>\n\t\t\t\t\t\t<\/div>\n\t\t\t\t<\/div>\n\t\t\t\t<div class=\"elementor-element elementor-element-62d978c elementor-widget elementor-widget-counter\" data-id=\"62d978c\" data-element_type=\"widget\" data-e-type=\"widget\" data-widget_type=\"counter.default\">\n\t\t\t\t<div class=\"elementor-widget-container\">\n\t\t\t\t\t\t\t<div class=\"elementor-counter\">\n\t\t\t<div class=\"elementor-counter-title\">m2<\/div>\t\t\t<div class=\"elementor-counter-number-wrapper\">\n\t\t\t\t<span class=\"elementor-counter-number-prefix\"><\/span>\n\t\t\t\t<span class=\"elementor-counter-number\" data-duration=\"2000\" data-to-value=\"230\" data-from-value=\"0\" data-delimiter=\",\">0<\/span>\n\t\t\t\t<span class=\"elementor-counter-number-suffix\"><\/span>\n\t\t\t<\/div>\n\t\t<\/div>\n\t\t\t\t\t\t<\/div>\n\t\t\t\t<\/div>\n\t\t\t\t<div class=\"elementor-element elementor-element-523b165 elementor-widget elementor-widget-counter\" data-id=\"523b165\" data-element_type=\"widget\" data-e-type=\"widget\" data-widget_type=\"counter.default\">\n\t\t\t\t<div class=\"elementor-widget-container\">\n\t\t\t\t\t\t\t<div class=\"elementor-counter\">\n\t\t\t<div class=\"elementor-counter-title\">Terrassen<\/div>\t\t\t<div class=\"elementor-counter-number-wrapper\">\n\t\t\t\t<span class=\"elementor-counter-number-prefix\"><\/span>\n\t\t\t\t<span class=\"elementor-counter-number\" data-duration=\"2000\" data-to-value=\"2\" data-from-value=\"0\" data-delimiter=\",\">0<\/span>\n\t\t\t\t<span class=\"elementor-counter-number-suffix\"><\/span>\n\t\t\t<\/div>\n\t\t<\/div>\n\t\t\t\t\t\t<\/div>\n\t\t\t\t<\/div>\n\t\t\t\t\t<\/div>\n\t\t\t\t<\/div>\n\t\t<div class=\"elementor-element elementor-element-7baece5 e-flex e-con-boxed e-con e-parent\" data-id=\"7baece5\" data-element_type=\"container\" data-e-type=\"container\">\n\t\t\t\t\t<div class=\"e-con-inner\">\n\t\t<div class=\"elementor-element elementor-element-97b60b3 e-con-full e-flex e-con e-child\" data-id=\"97b60b3\" data-element_type=\"container\" data-e-type=\"container\">\n\t\t\t\t<div class=\"elementor-element elementor-element-2fe8306 elementor-widget elementor-widget-heading\" data-id=\"2fe8306\" data-element_type=\"widget\" data-e-type=\"widget\" data-widget_type=\"heading.default\">\n\t\t\t\t<div class=\"elementor-widget-container\">\n\t\t\t\t\t<h2 class=\"elementor-heading-title elementor-size-default\">Primo\u0161ten Hills Villa's<\/h2>\t\t\t\t<\/div>\n\t\t\t\t<\/div>\n\t\t\t\t<div class=\"elementor-element elementor-element-f732b29 elementor-widget elementor-widget-text-editor\" data-id=\"f732b29\" data-element_type=\"widget\" data-e-type=\"widget\" data-widget_type=\"text-editor.default\">\n\t\t\t\t<div class=\"elementor-widget-container\">\n\t\t\t\t\t\t\t\t\t<p>In den friedlichen gr\u00fcnen H\u00fcgeln vor den Toren von Primo\u0161ten gelegen, bietet dieses exklusive Neubauprojekt zwei luxuri\u00f6se Villen, die f\u00fcr diejenigen entworfen wurden, die Privatsph\u00e4re, Raum und einen ungest\u00f6rten Meerblick sch\u00e4tzen. Umgeben von Natur und angrenzend an eine landwirtschaftliche Zone ohne zuk\u00fcnftige Bebauung, garantiert die Lage langfristige Ruhe, Sonnenlicht und freie Ausblicke nach S\u00fcden und Westen. Diese Villen verbinden moderne Architektur mit mediterraner Eleganz und bieten ein raffiniertes Wohnerlebnis nur wenige Minuten von der lebhaften K\u00fcste entfernt. Die Primo\u0161ten Hills Villas sind ideal als Zweitwohnsitz oder als hochwertige Investition geeignet und vereinen Komfort, Exklusivit\u00e4t und ein seltenes Gef\u00fchl von Freiheit an der dalmatinischen K\u00fcste.   <\/p>\t\t\t\t\t\t\t\t<\/div>\n\t\t\t\t<\/div>\n\t\t\t\t<\/div>\n\t\t<div class=\"elementor-element elementor-element-78551a8 e-con-full e-flex e-con e-child\" data-id=\"78551a8\" data-element_type=\"container\" data-e-type=\"container\">\n\t\t\t\t<div class=\"elementor-element elementor-element-1324dbb elementor-widget elementor-widget-image\" data-id=\"1324dbb\" data-element_type=\"widget\" data-e-type=\"widget\" data-widget_type=\"image.default\">\n\t\t\t\t<div class=\"elementor-widget-container\">\n\t\t\t\t\t\t\t\t\t\t\t\t\t\t\t<img decoding=\"async\" src=\"https:\/\/darkviolet-jay-311267.hostingersite.com\/wp-content\/uploads\/2026\/04\/Scene-1-1.png\" title=\"\" alt=\"\" loading=\"lazy\" \/>\t\t\t\t\t\t\t\t\t\t\t\t\t\t\t<\/div>\n\t\t\t\t<\/div>\n\t\t\t\t<\/div>\n\t\t\t\t\t<\/div>\n\t\t\t\t<\/div>\n\t\t<div class=\"elementor-element elementor-element-e22c216 e-con-full e-flex e-con e-child\" data-id=\"e22c216\" data-element_type=\"container\" data-e-type=\"container\">\n\t\t\t\t<div class=\"elementor-element elementor-element-4ab5bf1 elementor-arrows-position-inside elementor-widget elementor-widget-image-carousel\" data-id=\"4ab5bf1\" data-element_type=\"widget\" data-e-type=\"widget\" data-settings=\"{&quot;slides_to_show&quot;:&quot;1&quot;,&quot;navigation&quot;:&quot;arrows&quot;,&quot;lazyload&quot;:&quot;yes&quot;,&quot;effect&quot;:&quot;fade&quot;,&quot;speed&quot;:1000,&quot;autoplay&quot;:&quot;yes&quot;,&quot;pause_on_hover&quot;:&quot;yes&quot;,&quot;pause_on_interaction&quot;:&quot;yes&quot;,&quot;autoplay_speed&quot;:5000,&quot;infinite&quot;:&quot;yes&quot;}\" data-widget_type=\"image-carousel.default\">\n\t\t\t\t<div class=\"elementor-widget-container\">\n\t\t\t\t\t\t\t<div class=\"elementor-image-carousel-wrapper swiper\" role=\"region\" aria-roledescription=\"carousel\" aria-label=\"Afbeelding carrousel\" dir=\"ltr\">\n\t\t\t<div class=\"elementor-image-carousel swiper-wrapper\" aria-live=\"off\">\n\t\t\t\t\t\t\t\t<div class=\"swiper-slide\" role=\"group\" aria-roledescription=\"slide\" aria-label=\"1 von 19\"><figure class=\"swiper-slide-inner\"><img class=\"swiper-slide-image swiper-lazy\" data-src=\"https:\/\/realestate-facilities.com\/wp-content\/uploads\/2026\/04\/Scene-24-1-1.png\" alt=\"Szene 24 (1)\" \/><div class=\"swiper-lazy-preloader\"><\/div><\/figure><\/div><div class=\"swiper-slide\" role=\"group\" aria-roledescription=\"slide\" aria-label=\"2 von 19\"><figure class=\"swiper-slide-inner\"><img class=\"swiper-slide-image swiper-lazy\" data-src=\"https:\/\/realestate-facilities.com\/wp-content\/uploads\/2026\/04\/Scene-21-1.png\" alt=\"Szene 21 (1)\" \/><div class=\"swiper-lazy-preloader\"><\/div><\/figure><\/div><div class=\"swiper-slide\" role=\"group\" aria-roledescription=\"slide\" aria-label=\"3 von 19\"><figure class=\"swiper-slide-inner\"><img class=\"swiper-slide-image swiper-lazy\" data-src=\"https:\/\/realestate-facilities.com\/wp-content\/uploads\/2026\/04\/Scene-20-1.png\" alt=\"Szene 20 (1)\" \/><div class=\"swiper-lazy-preloader\"><\/div><\/figure><\/div><div class=\"swiper-slide\" role=\"group\" aria-roledescription=\"slide\" aria-label=\"4 von 19\"><figure class=\"swiper-slide-inner\"><img class=\"swiper-slide-image swiper-lazy\" data-src=\"https:\/\/realestate-facilities.com\/wp-content\/uploads\/2026\/04\/Scene-19.png\" alt=\"Szene 19\" \/><div class=\"swiper-lazy-preloader\"><\/div><\/figure><\/div><div class=\"swiper-slide\" role=\"group\" aria-roledescription=\"slide\" aria-label=\"5 von 19\"><figure class=\"swiper-slide-inner\"><img class=\"swiper-slide-image swiper-lazy\" data-src=\"https:\/\/realestate-facilities.com\/wp-content\/uploads\/2026\/04\/Scene-18.png\" alt=\"Szene 18\" \/><div class=\"swiper-lazy-preloader\"><\/div><\/figure><\/div><div class=\"swiper-slide\" role=\"group\" aria-roledescription=\"slide\" aria-label=\"6 von 19\"><figure class=\"swiper-slide-inner\"><img class=\"swiper-slide-image swiper-lazy\" data-src=\"https:\/\/realestate-facilities.com\/wp-content\/uploads\/2026\/04\/Scene-17.png\" alt=\"Szene 17\" \/><div class=\"swiper-lazy-preloader\"><\/div><\/figure><\/div><div class=\"swiper-slide\" role=\"group\" aria-roledescription=\"slide\" aria-label=\"7 von 19\"><figure class=\"swiper-slide-inner\"><img class=\"swiper-slide-image swiper-lazy\" data-src=\"https:\/\/realestate-facilities.com\/wp-content\/uploads\/2026\/04\/Scene-16-1.png\" alt=\"Szene 16 (1)\" \/><div class=\"swiper-lazy-preloader\"><\/div><\/figure><\/div><div class=\"swiper-slide\" role=\"group\" aria-roledescription=\"slide\" aria-label=\"8 von 19\"><figure class=\"swiper-slide-inner\"><img class=\"swiper-slide-image swiper-lazy\" data-src=\"https:\/\/realestate-facilities.com\/wp-content\/uploads\/2026\/04\/Scene-15-1.png\" alt=\"Szene 15 (1)\" \/><div class=\"swiper-lazy-preloader\"><\/div><\/figure><\/div><div class=\"swiper-slide\" role=\"group\" aria-roledescription=\"slide\" aria-label=\"9 von 19\"><figure class=\"swiper-slide-inner\"><img class=\"swiper-slide-image swiper-lazy\" data-src=\"https:\/\/realestate-facilities.com\/wp-content\/uploads\/2026\/04\/Scene-13-1.png\" alt=\"Szene 13 (1)\" \/><div class=\"swiper-lazy-preloader\"><\/div><\/figure><\/div><div class=\"swiper-slide\" role=\"group\" aria-roledescription=\"slide\" aria-label=\"10 von 19\"><figure class=\"swiper-slide-inner\"><img class=\"swiper-slide-image swiper-lazy\" data-src=\"https:\/\/realestate-facilities.com\/wp-content\/uploads\/2026\/04\/Scene-11-2.png\" alt=\"Szene 11\" \/><div class=\"swiper-lazy-preloader\"><\/div><\/figure><\/div><div class=\"swiper-slide\" role=\"group\" aria-roledescription=\"slide\" aria-label=\"11 von 19\"><figure class=\"swiper-slide-inner\"><img class=\"swiper-slide-image swiper-lazy\" data-src=\"https:\/\/realestate-facilities.com\/wp-content\/uploads\/2026\/04\/Scene-10-2.png\" alt=\"Szene 10\" \/><div class=\"swiper-lazy-preloader\"><\/div><\/figure><\/div><div class=\"swiper-slide\" role=\"group\" aria-roledescription=\"slide\" aria-label=\"12 von 19\"><figure class=\"swiper-slide-inner\"><img class=\"swiper-slide-image swiper-lazy\" data-src=\"https:\/\/realestate-facilities.com\/wp-content\/uploads\/2026\/04\/Scene-9-2.png\" alt=\"Szene 9\" \/><div class=\"swiper-lazy-preloader\"><\/div><\/figure><\/div><div class=\"swiper-slide\" role=\"group\" aria-roledescription=\"slide\" aria-label=\"13 von 19\"><figure class=\"swiper-slide-inner\"><img class=\"swiper-slide-image swiper-lazy\" data-src=\"https:\/\/realestate-facilities.com\/wp-content\/uploads\/2026\/04\/Scene-8-1.png\" alt=\"Szene 8 (1)\" \/><div class=\"swiper-lazy-preloader\"><\/div><\/figure><\/div><div class=\"swiper-slide\" role=\"group\" aria-roledescription=\"slide\" aria-label=\"14 von 19\"><figure class=\"swiper-slide-inner\"><img class=\"swiper-slide-image swiper-lazy\" data-src=\"https:\/\/realestate-facilities.com\/wp-content\/uploads\/2026\/04\/Scene-7-1-1.png\" alt=\"Szene 7 (1)\" \/><div class=\"swiper-lazy-preloader\"><\/div><\/figure><\/div><div class=\"swiper-slide\" role=\"group\" aria-roledescription=\"slide\" aria-label=\"15 von 19\"><figure class=\"swiper-slide-inner\"><img class=\"swiper-slide-image swiper-lazy\" data-src=\"https:\/\/realestate-facilities.com\/wp-content\/uploads\/2026\/04\/Scene-6-1-1.png\" alt=\"Szene 6 (1)\" \/><div class=\"swiper-lazy-preloader\"><\/div><\/figure><\/div><div class=\"swiper-slide\" role=\"group\" aria-roledescription=\"slide\" aria-label=\"16 von 19\"><figure class=\"swiper-slide-inner\"><img class=\"swiper-slide-image swiper-lazy\" data-src=\"https:\/\/realestate-facilities.com\/wp-content\/uploads\/2026\/04\/Scene-5-1.png\" alt=\"Szene 5 (1)\" \/><div class=\"swiper-lazy-preloader\"><\/div><\/figure><\/div><div class=\"swiper-slide\" role=\"group\" aria-roledescription=\"slide\" aria-label=\"17 von 19\"><figure class=\"swiper-slide-inner\"><img class=\"swiper-slide-image swiper-lazy\" data-src=\"https:\/\/realestate-facilities.com\/wp-content\/uploads\/2026\/04\/Scene-3-1.png\" alt=\"Szene 3 (1)\" \/><div class=\"swiper-lazy-preloader\"><\/div><\/figure><\/div><div class=\"swiper-slide\" role=\"group\" aria-roledescription=\"slide\" aria-label=\"18 von 19\"><figure class=\"swiper-slide-inner\"><img class=\"swiper-slide-image swiper-lazy\" data-src=\"https:\/\/realestate-facilities.com\/wp-content\/uploads\/2026\/04\/Scene-2-1.png\" alt=\"Szene 2 (1)\" \/><div class=\"swiper-lazy-preloader\"><\/div><\/figure><\/div><div class=\"swiper-slide\" role=\"group\" aria-roledescription=\"slide\" aria-label=\"19 von 19\"><figure class=\"swiper-slide-inner\"><img class=\"swiper-slide-image swiper-lazy\" data-src=\"https:\/\/darkviolet-jay-311267.hostingersite.com\/wp-content\/uploads\/2026\/04\/Scene-1-1.png\" alt=\"\" \/><div class=\"swiper-lazy-preloader\"><\/div><\/figure><\/div>\t\t\t<\/div>\n\t\t\t\t\t\t\t\t\t\t\t\t<div class=\"elementor-swiper-button elementor-swiper-button-prev\" role=\"button\" tabindex=\"0\">\n\t\t\t\t\t\t<i aria-hidden=\"true\" class=\"eicon-chevron-left\"><\/i>\t\t\t\t\t<\/div>\n\t\t\t\t\t<div class=\"elementor-swiper-button elementor-swiper-button-next\" role=\"button\" tabindex=\"0\">\n\t\t\t\t\t\t<i aria-hidden=\"true\" class=\"eicon-chevron-right\"><\/i>\t\t\t\t\t<\/div>\n\t\t\t\t\n\t\t\t\t\t\t\t\t\t<\/div>\n\t\t\t\t\t\t<\/div>\n\t\t\t\t<\/div>\n\t\t\t\t<div class=\"elementor-element elementor-element-23e3c92 elementor-widget elementor-widget-text-editor\" data-id=\"23e3c92\" data-element_type=\"widget\" data-e-type=\"widget\" data-widget_type=\"text-editor.default\">\n\t\t\t\t<div class=\"elementor-widget-container\">\n\t\t\t\t\t\t\t\t\t<p data-start=\"4976\" data-end=\"5098\">Ein exklusives Neubauprojekt mit zwei Luxusvillen in den gr\u00fcnen H\u00fcgeln au\u00dferhalb von Primo\u0161ten. Mit absoluter Privatsph\u00e4re, Panoramablick auf das Meer und einem raffinierten mediterranen Lebensstil ist dies eine seltene Gelegenheit sowohl f\u00fcr die private Nutzung als auch f\u00fcr eine langfristige Investition. <\/p><p data-start=\"467\" data-end=\"483\"><strong data-start=\"467\" data-end=\"483\">Wichtige Details:<\/strong><\/p><ul data-start=\"484\" data-end=\"925\"><li data-section-id=\"v4cjjc\" data-start=\"484\" data-end=\"514\">Zwei freistehende Luxusvillen<\/li><li data-section-id=\"1cd8fec\" data-start=\"515\" data-end=\"565\">4 km vom Zentrum und den Str\u00e4nden von Primo\u0161ten entfernt<\/li><li data-section-id=\"8ycbd4\" data-start=\"566\" data-end=\"653\">Auf einem Privatgrundst\u00fcck gelegen, das an eine landwirtschaftliche Zone grenzt (keine zuk\u00fcnftige Bebauung)<\/li><li data-section-id=\"5jgcqr\" data-start=\"654\" data-end=\"711\">S\u00fcd- und Westausrichtung mit freiem Meerblick<\/li><li data-section-id=\"1rtydo8\" data-start=\"712\" data-end=\"763\">Privater Swimmingpool und Sonnenterrasse pro Villa<\/li><li data-section-id=\"d05wlx\" data-start=\"764\" data-end=\"816\">Gro\u00dfz\u00fcgige Au\u00dfenwohnbereiche (Garten, Terrassen)<\/li><li data-section-id=\"8aflnx\" data-start=\"817\" data-end=\"863\">Private Parkpl\u00e4tze in das Design integriert<\/li><li data-section-id=\"1kgmwtd\" data-start=\"864\" data-end=\"925\">Moderne Architektur mit starker Indoor-Outdoor-Verbindung<\/li><\/ul><p data-start=\"927\" data-end=\"938\"><strong data-start=\"927\" data-end=\"938\">Layout:<\/strong><\/p><ul data-start=\"939\" data-end=\"1131\"><li data-section-id=\"19wpey6\" data-start=\"939\" data-end=\"1012\">Erdgeschoss: offener Wohnbereich mit direktem Zugang zur Terrasse und zum Pool<\/li><li data-section-id=\"jx89hi\" data-start=\"1013\" data-end=\"1071\">Erster Stock: mehrere Schlafzimmer mit eigenem Bad<\/li><li data-section-id=\"1v73uof\" data-start=\"1072\" data-end=\"1131\">Dachterrasse \/ obere Ebene: Panoramaterrasse mit Meerblick<\/li><\/ul><p data-start=\"1133\" data-end=\"1278\">Jede Villa ist so konzipiert, dass sie ein Maximum an Licht, Raum und Privatsph\u00e4re bietet, mit gro\u00dfen Glasfassaden und nahtlosen \u00dcberg\u00e4ngen zwischen Innen- und Au\u00dfenbereich.<\/p><p data-start=\"1280\" data-end=\"1368\"><strong data-start=\"1280\" data-end=\"1293\">Standort:<\/strong> Hinterland von Primo\u0161ten, 4 km von der K\u00fcste entfernt, 35 Minuten vom Flughafen Split<\/p><p data-start=\"1370\" data-end=\"1393\"><strong data-start=\"1370\" data-end=\"1380\">Preis:<\/strong> Auf Anfrage<\/p>\t\t\t\t\t\t\t\t<\/div>\n\t\t\t\t<\/div>\n\t\t\t\t<\/div>\n\t\t<div class=\"elementor-element elementor-element-3b9b04c e-flex e-con-boxed e-con e-parent\" data-id=\"3b9b04c\" data-element_type=\"container\" data-e-type=\"container\">\n\t\t\t\t\t<div class=\"e-con-inner\">\n\t\t\t\t<div class=\"elementor-element elementor-element-17b2c1d elementor-widget elementor-widget-google_maps\" data-id=\"17b2c1d\" data-element_type=\"widget\" data-e-type=\"widget\" data-widget_type=\"google_maps.default\">\n\t\t\t\t<div class=\"elementor-widget-container\">\n\t\t\t\t\t\t\t<div class=\"elementor-custom-embed\">\n\t\t\t<iframe loading=\"lazy\"\n\t\t\t\t\tsrc=\"https:\/\/maps.google.com\/maps?q=primosten&#038;t=m&#038;z=12&#038;output=embed&#038;iwloc=near\"\n\t\t\t\t\ttitle=\"primosten\"\n\t\t\t\t\taria-label=\"primosten\"\n\t\t\t><\/iframe>\n\t\t<\/div>\n\t\t\t\t\t\t<\/div>\n\t\t\t\t<\/div>\n\t\t\t\t\t<\/div>\n\t\t\t\t<\/div>\n\t\t\t\t<\/div>\n\t\t","protected":false},"excerpt":{"rendered":"<p>Primo\u0161ten-H\u00fcgel Wohnungen pro Etage 0 m2 0 Terrassen 0 Primo\u0161ten Hills Villa&#8217;s In den friedlichen gr\u00fcnen H\u00fcgeln vor den Toren von Primo\u0161ten gelegen, bietet dieses exklusive Neubauprojekt zwei luxuri\u00f6se Villen, die f\u00fcr diejenigen entworfen wurden, die Privatsph\u00e4re, Raum und einen ungest\u00f6rten Meerblick sch\u00e4tzen. Umgeben von Natur und angrenzend an eine landwirtschaftliche Zone ohne zuk\u00fcnftige Bebauung, [&hellip;]<\/p>\n","protected":false},"author":1,"featured_media":0,"parent":0,"menu_order":0,"comment_status":"closed","ping_status":"closed","template":"","meta":{"footnotes":""},"class_list":["post-4330","page","type-page","status-publish","hentry"],"blocksy_meta":[],"_links":{"self":[{"href":"https:\/\/realestate-facilities.com\/de\/wp-json\/wp\/v2\/pages\/4330","targetHints":{"allow":["GET"]}}],"collection":[{"href":"https:\/\/realestate-facilities.com\/de\/wp-json\/wp\/v2\/pages"}],"about":[{"href":"https:\/\/realestate-facilities.com\/de\/wp-json\/wp\/v2\/types\/page"}],"author":[{"embeddable":true,"href":"https:\/\/realestate-facilities.com\/de\/wp-json\/wp\/v2\/users\/1"}],"replies":[{"embeddable":true,"href":"https:\/\/realestate-facilities.com\/de\/wp-json\/wp\/v2\/comments?post=4330"}],"version-history":[{"count":1,"href":"https:\/\/realestate-facilities.com\/de\/wp-json\/wp\/v2\/pages\/4330\/revisions"}],"predecessor-version":[{"id":4335,"href":"https:\/\/realestate-facilities.com\/de\/wp-json\/wp\/v2\/pages\/4330\/revisions\/4335"}],"wp:attachment":[{"href":"https:\/\/realestate-facilities.com\/de\/wp-json\/wp\/v2\/media?parent=4330"}],"curies":[{"name":"wp","href":"https:\/\/api.w.org\/{rel}","templated":true}]}}