{"id":4244,"date":"2026-03-20T21:03:44","date_gmt":"2026-03-20T21:03:44","guid":{"rendered":"https:\/\/darkviolet-jay-311267.hostingersite.com\/grundstuecke\/"},"modified":"2026-04-25T11:46:53","modified_gmt":"2026-04-25T11:46:53","slug":"grundstuecke","status":"publish","type":"page","link":"https:\/\/realestate-facilities.com\/de\/grundstuecke\/","title":{"rendered":"Grundst\u00fccke"},"content":{"rendered":"\t\t<div data-elementor-type=\"wp-page\" data-elementor-id=\"4244\" class=\"elementor elementor-4244 elementor-3518\">\n\t\t\t\t<div class=\"elementor-element elementor-element-453dc76 e-flex e-con-boxed e-con e-parent\" data-id=\"453dc76\" data-element_type=\"container\" data-e-type=\"container\" data-settings=\"{&quot;background_background&quot;:&quot;classic&quot;,&quot;shape_divider_bottom&quot;:&quot;mountains&quot;}\">\n\t\t\t\t\t<div class=\"e-con-inner\">\n\t\t\t\t<div class=\"elementor-shape elementor-shape-bottom\" aria-hidden=\"true\" data-negative=\"false\">\n\t\t\t<svg xmlns=\"http:\/\/www.w3.org\/2000\/svg\" viewBox=\"0 0 1000 100\" preserveAspectRatio=\"none\">\n\t<path class=\"elementor-shape-fill\" opacity=\"0.33\" d=\"M473,67.3c-203.9,88.3-263.1-34-320.3,0C66,119.1,0,59.7,0,59.7V0h1000v59.7 c0,0-62.1,26.1-94.9,29.3c-32.8,3.3-62.8-12.3-75.8-22.1C806,49.6,745.3,8.7,694.9,4.7S492.4,59,473,67.3z\"\/>\n\t<path class=\"elementor-shape-fill\" opacity=\"0.66\" d=\"M734,67.3c-45.5,0-77.2-23.2-129.1-39.1c-28.6-8.7-150.3-10.1-254,39.1 s-91.7-34.4-149.2,0C115.7,118.3,0,39.8,0,39.8V0h1000v36.5c0,0-28.2-18.5-92.1-18.5C810.2,18.1,775.7,67.3,734,67.3z\"\/>\n\t<path class=\"elementor-shape-fill\" d=\"M766.1,28.9c-200-57.5-266,65.5-395.1,19.5C242,1.8,242,5.4,184.8,20.6C128,35.8,132.3,44.9,89.9,52.5C28.6,63.7,0,0,0,0 h1000c0,0-9.9,40.9-83.6,48.1S829.6,47,766.1,28.9z\"\/>\n<\/svg>\t\t<\/div>\n\t\t\t\t\t<\/div>\n\t\t\t\t<\/div>\n\t\t<div class=\"elementor-element elementor-element-f9d716b e-flex e-con-boxed e-con e-parent\" data-id=\"f9d716b\" data-element_type=\"container\" data-e-type=\"container\">\n\t\t\t\t\t<div class=\"e-con-inner\">\n\t\t\t\t<div class=\"elementor-element elementor-element-488dc3e elementor-widget elementor-widget-heading\" data-id=\"488dc3e\" data-element_type=\"widget\" data-e-type=\"widget\" data-widget_type=\"heading.default\">\n\t\t\t\t<div class=\"elementor-widget-container\">\n\t\t\t\t\t<h2 class=\"elementor-heading-title elementor-size-default\">Unsere Parzellen<\/h2>\t\t\t\t<\/div>\n\t\t\t\t<\/div>\n\t\t\t\t<div class=\"elementor-element elementor-element-2e68d70 elementor-widget elementor-widget-text-editor\" data-id=\"2e68d70\" data-element_type=\"widget\" data-e-type=\"widget\" data-widget_type=\"text-editor.default\">\n\t\t\t\t<div class=\"elementor-widget-container\">\n\t\t\t\t\t\t\t\t\t<p>Entdecken Sie sorgf\u00e4ltig ausgew\u00e4hlte Baugrundst\u00fccke in ganz Kroatien, von exklusiven Lagen mit Meerblick bis hin zu strategischem Bauland. Jedes Grundst\u00fcck wird aufgrund seiner Lage, seines Potenzials und seines langfristigen Investitionswertes an der Adriak\u00fcste ausgew\u00e4hlt.<\/p>\t\t\t\t\t\t\t\t<\/div>\n\t\t\t\t<\/div>\n\t\t\t\t\t<\/div>\n\t\t\t\t<\/div>\n\t\t<div class=\"elementor-element elementor-element-5865114 e-grid e-con-boxed e-con e-parent\" data-id=\"5865114\" data-element_type=\"container\" data-e-type=\"container\" data-settings=\"{&quot;background_background&quot;:&quot;classic&quot;}\">\n\t\t\t\t\t<div class=\"e-con-inner\">\n\t\t\t\t<div class=\"elementor-element elementor-element-98a8b44 e-transform elementor-position-top elementor-widget elementor-widget-image-box\" data-id=\"98a8b44\" data-element_type=\"widget\" data-e-type=\"widget\" data-settings=\"{&quot;_transform_translateY_effect_hover&quot;:{&quot;unit&quot;:&quot;px&quot;,&quot;size&quot;:-10,&quot;sizes&quot;:[]},&quot;_transform_translateX_effect_hover&quot;:{&quot;unit&quot;:&quot;px&quot;,&quot;size&quot;:&quot;&quot;,&quot;sizes&quot;:[]},&quot;_transform_translateX_effect_hover_tablet&quot;:{&quot;unit&quot;:&quot;px&quot;,&quot;size&quot;:&quot;&quot;,&quot;sizes&quot;:[]},&quot;_transform_translateX_effect_hover_mobile&quot;:{&quot;unit&quot;:&quot;px&quot;,&quot;size&quot;:&quot;&quot;,&quot;sizes&quot;:[]},&quot;_transform_translateY_effect_hover_tablet&quot;:{&quot;unit&quot;:&quot;px&quot;,&quot;size&quot;:&quot;&quot;,&quot;sizes&quot;:[]},&quot;_transform_translateY_effect_hover_mobile&quot;:{&quot;unit&quot;:&quot;px&quot;,&quot;size&quot;:&quot;&quot;,&quot;sizes&quot;:[]}}\" data-widget_type=\"image-box.default\">\n\t\t\t\t<div class=\"elementor-widget-container\">\n\t\t\t\t\t<div class=\"elementor-image-box-wrapper\"><figure class=\"elementor-image-box-img\"><a href=\"https:\/\/darkviolet-jay-311267.hostingersite.com\/opatija\/\" tabindex=\"-1\"><img fetchpriority=\"high\" decoding=\"async\" width=\"1920\" height=\"1279\" src=\"https:\/\/realestate-facilities.com\/wp-content\/uploads\/2026\/02\/opatija-croatia-riviera-aerial-view-adriatic-sea.jpg\" class=\"attachment-full size-full wp-image-4134\" alt=\"opatija kroatien riviera luftaufnahme adriatisches meer\" srcset=\"https:\/\/realestate-facilities.com\/wp-content\/uploads\/2026\/02\/opatija-croatia-riviera-aerial-view-adriatic-sea.jpg 1920w, https:\/\/realestate-facilities.com\/wp-content\/uploads\/2026\/02\/opatija-croatia-riviera-aerial-view-adriatic-sea-300x200.jpg 300w, https:\/\/realestate-facilities.com\/wp-content\/uploads\/2026\/02\/opatija-croatia-riviera-aerial-view-adriatic-sea-1024x682.jpg 1024w, https:\/\/realestate-facilities.com\/wp-content\/uploads\/2026\/02\/opatija-croatia-riviera-aerial-view-adriatic-sea-768x512.jpg 768w, https:\/\/realestate-facilities.com\/wp-content\/uploads\/2026\/02\/opatija-croatia-riviera-aerial-view-adriatic-sea-1536x1023.jpg 1536w\" sizes=\"(max-width: 1920px) 100vw, 1920px\" \/><\/a><\/figure><div class=\"elementor-image-box-content\"><p class=\"elementor-image-box-title\"><a href=\"https:\/\/darkviolet-jay-311267.hostingersite.com\/opatija\/\">OPATIJA<\/a><\/p><p class=\"elementor-image-box-description\">300 m von der K\u00fcste entfernt | 1204 m\u00b2 Baugebiet<\/p><\/div><\/div>\t\t\t\t<\/div>\n\t\t\t\t<\/div>\n\t\t\t\t<div class=\"elementor-element elementor-element-eed69f6 e-transform elementor-position-top elementor-widget elementor-widget-image-box\" data-id=\"eed69f6\" data-element_type=\"widget\" data-e-type=\"widget\" data-settings=\"{&quot;_transform_translateY_effect_hover&quot;:{&quot;unit&quot;:&quot;px&quot;,&quot;size&quot;:-10,&quot;sizes&quot;:[]},&quot;_transform_translateX_effect_hover&quot;:{&quot;unit&quot;:&quot;px&quot;,&quot;size&quot;:&quot;&quot;,&quot;sizes&quot;:[]},&quot;_transform_translateX_effect_hover_tablet&quot;:{&quot;unit&quot;:&quot;px&quot;,&quot;size&quot;:&quot;&quot;,&quot;sizes&quot;:[]},&quot;_transform_translateX_effect_hover_mobile&quot;:{&quot;unit&quot;:&quot;px&quot;,&quot;size&quot;:&quot;&quot;,&quot;sizes&quot;:[]},&quot;_transform_translateY_effect_hover_tablet&quot;:{&quot;unit&quot;:&quot;px&quot;,&quot;size&quot;:&quot;&quot;,&quot;sizes&quot;:[]},&quot;_transform_translateY_effect_hover_mobile&quot;:{&quot;unit&quot;:&quot;px&quot;,&quot;size&quot;:&quot;&quot;,&quot;sizes&quot;:[]}}\" data-widget_type=\"image-box.default\">\n\t\t\t\t<div class=\"elementor-widget-container\">\n\t\t\t\t\t<div class=\"elementor-image-box-wrapper\"><figure class=\"elementor-image-box-img\"><a href=\"https:\/\/darkviolet-jay-311267.hostingersite.com\/uvala-luka\/\" tabindex=\"-1\"><img decoding=\"async\" width=\"800\" height=\"706\" src=\"https:\/\/realestate-facilities.com\/wp-content\/uploads\/2026\/02\/uvala-luka-plot-sea-view-boats-bay-croatia-variant.jpg\" class=\"attachment-full size-full wp-image-4229\" alt=\"uvala luka grundst\u00fcck meerblick boote bucht kroatien variante\" srcset=\"https:\/\/realestate-facilities.com\/wp-content\/uploads\/2026\/02\/uvala-luka-plot-sea-view-boats-bay-croatia-variant.jpg 800w, https:\/\/realestate-facilities.com\/wp-content\/uploads\/2026\/02\/uvala-luka-plot-sea-view-boats-bay-croatia-variant-300x265.jpg 300w, https:\/\/realestate-facilities.com\/wp-content\/uploads\/2026\/02\/uvala-luka-plot-sea-view-boats-bay-croatia-variant-768x678.jpg 768w\" sizes=\"(max-width: 800px) 100vw, 800px\" \/><\/a><\/figure><div class=\"elementor-image-box-content\"><p class=\"elementor-image-box-title\"><a href=\"https:\/\/darkviolet-jay-311267.hostingersite.com\/uvala-luka\/\">UVALA LUKA<\/a><\/p><p class=\"elementor-image-box-description\">6000 m\u00b2 Bauland<\/p><\/div><\/div>\t\t\t\t<\/div>\n\t\t\t\t<\/div>\n\t\t\t\t<div class=\"elementor-element elementor-element-5c5c1cb elementor-view-framed elementor-shape-rounded elementor-mobile-position-block-start elementor-widget elementor-widget-icon-box\" data-id=\"5c5c1cb\" data-element_type=\"widget\" data-e-type=\"widget\" data-widget_type=\"icon-box.default\">\n\t\t\t\t<div class=\"elementor-widget-container\">\n\t\t\t\t\t\t\t<div class=\"elementor-icon-box-wrapper\">\n\n\t\t\t\t\t\t<div class=\"elementor-icon-box-icon\">\n\t\t\t\t<span  class=\"elementor-icon\">\n\t\t\t\t<i aria-hidden=\"true\" class=\"far fa-comments\"><\/i>\t\t\t\t<\/span>\n\t\t\t<\/div>\n\t\t\t\n\t\t\t\t\t\t<div class=\"elementor-icon-box-content\">\n\n\t\t\t\t\t\t\t\t\t<h3 class=\"elementor-icon-box-title\">\n\t\t\t\t\t\t<span  >\n\t\t\t\t\t\t\tKontaktieren Sie uns\t\t\t\t\t\t<\/span>\n\t\t\t\t\t<\/h3>\n\t\t\t\t\n\t\t\t\t\t\t\t\t\t<p class=\"elementor-icon-box-description\">\n\t\t\t\t\t\tSie suchen nach weiteren Projekten oder detaillierten Informationen \u00fcber eine bestimmte Immobilie? Kontaktieren Sie uns f\u00fcr Brosch\u00fcren, Verf\u00fcgbarkeit, Preise und pers\u00f6nliche Empfehlungen. Wir sind hier, um Ihnen zu helfen, die perfekte Gelegenheit an der wundersch\u00f6nen Adriak\u00fcste zu finden.\n\t\t\t\t\t<\/p>\n\t\t\t\t\n\t\t\t<\/div>\n\t\t\t\n\t\t<\/div>\n\t\t\t\t\t\t<\/div>\n\t\t\t\t<\/div>\n\t\t\t\t\t<\/div>\n\t\t\t\t<\/div>\n\t\t<div class=\"elementor-element elementor-element-884a146 e-flex e-con-boxed e-con e-parent\" data-id=\"884a146\" data-element_type=\"container\" data-e-type=\"container\">\n\t\t\t\t\t<div class=\"e-con-inner\">\n\t\t\t\t<div class=\"elementor-element elementor-element-f8906e7 elementor-widget elementor-widget-google_maps\" data-id=\"f8906e7\" data-element_type=\"widget\" data-e-type=\"widget\" data-widget_type=\"google_maps.default\">\n\t\t\t\t<div class=\"elementor-widget-container\">\n\t\t\t\t\t\t\t<div class=\"elementor-custom-embed\">\n\t\t\t<iframe loading=\"lazy\"\n\t\t\t\t\tsrc=\"https:\/\/maps.google.com\/maps?q=Ulica%20hrvatskih%20%C5%BErtava%20360&#038;t=m&#038;z=10&#038;output=embed&#038;iwloc=near\"\n\t\t\t\t\ttitle=\"Ulica hrvatskih \u017ertava 360\"\n\t\t\t\t\taria-label=\"Ulica hrvatskih \u017ertava 360\"\n\t\t\t><\/iframe>\n\t\t<\/div>\n\t\t\t\t\t\t<\/div>\n\t\t\t\t<\/div>\n\t\t\t\t\t<\/div>\n\t\t\t\t<\/div>\n\t\t\t\t<\/div>\n\t\t","protected":false},"excerpt":{"rendered":"<p>Unsere Parzellen Entdecken Sie sorgf\u00e4ltig ausgew\u00e4hlte Baugrundst\u00fccke in ganz Kroatien, von exklusiven Lagen mit Meerblick bis hin zu strategischem Bauland. Jedes Grundst\u00fcck wird aufgrund seiner Lage, seines Potenzials und seines langfristigen Investitionswertes an der Adriak\u00fcste ausgew\u00e4hlt. OPATIJA 300 m von der K\u00fcste entfernt | 1204 m\u00b2 Baugebiet UVALA LUKA 6000 m\u00b2 Bauland Kontaktieren Sie uns [&hellip;]<\/p>\n","protected":false},"author":1,"featured_media":0,"parent":0,"menu_order":0,"comment_status":"closed","ping_status":"closed","template":"","meta":{"footnotes":""},"class_list":["post-4244","page","type-page","status-publish","hentry"],"blocksy_meta":[],"_links":{"self":[{"href":"https:\/\/realestate-facilities.com\/de\/wp-json\/wp\/v2\/pages\/4244","targetHints":{"allow":["GET"]}}],"collection":[{"href":"https:\/\/realestate-facilities.com\/de\/wp-json\/wp\/v2\/pages"}],"about":[{"href":"https:\/\/realestate-facilities.com\/de\/wp-json\/wp\/v2\/types\/page"}],"author":[{"embeddable":true,"href":"https:\/\/realestate-facilities.com\/de\/wp-json\/wp\/v2\/users\/1"}],"replies":[{"embeddable":true,"href":"https:\/\/realestate-facilities.com\/de\/wp-json\/wp\/v2\/comments?post=4244"}],"version-history":[{"count":1,"href":"https:\/\/realestate-facilities.com\/de\/wp-json\/wp\/v2\/pages\/4244\/revisions"}],"predecessor-version":[{"id":4245,"href":"https:\/\/realestate-facilities.com\/de\/wp-json\/wp\/v2\/pages\/4244\/revisions\/4245"}],"wp:attachment":[{"href":"https:\/\/realestate-facilities.com\/de\/wp-json\/wp\/v2\/media?parent=4244"}],"curies":[{"name":"wp","href":"https:\/\/api.w.org\/{rel}","templated":true}]}}