{"id":4240,"date":"2026-03-20T21:00:39","date_gmt":"2026-03-20T21:00:39","guid":{"rendered":"https:\/\/darkviolet-jay-311267.hostingersite.com\/unsere-villen\/"},"modified":"2026-04-25T11:57:47","modified_gmt":"2026-04-25T11:57:47","slug":"unsere-villen","status":"publish","type":"page","link":"https:\/\/realestate-facilities.com\/de\/unsere-villen\/","title":{"rendered":"Unsere Villen"},"content":{"rendered":"\t\t<div data-elementor-type=\"wp-page\" data-elementor-id=\"4240\" class=\"elementor elementor-4240 elementor-3504\">\n\t\t\t\t<div class=\"elementor-element elementor-element-2c6e946 e-flex e-con-boxed e-con e-parent\" data-id=\"2c6e946\" data-element_type=\"container\" data-e-type=\"container\" data-settings=\"{&quot;background_background&quot;:&quot;classic&quot;,&quot;shape_divider_bottom&quot;:&quot;mountains&quot;}\">\n\t\t\t\t\t<div class=\"e-con-inner\">\n\t\t\t\t<div class=\"elementor-shape elementor-shape-bottom\" aria-hidden=\"true\" data-negative=\"false\">\n\t\t\t<svg xmlns=\"http:\/\/www.w3.org\/2000\/svg\" viewBox=\"0 0 1000 100\" preserveAspectRatio=\"none\">\n\t<path class=\"elementor-shape-fill\" opacity=\"0.33\" d=\"M473,67.3c-203.9,88.3-263.1-34-320.3,0C66,119.1,0,59.7,0,59.7V0h1000v59.7 c0,0-62.1,26.1-94.9,29.3c-32.8,3.3-62.8-12.3-75.8-22.1C806,49.6,745.3,8.7,694.9,4.7S492.4,59,473,67.3z\"\/>\n\t<path class=\"elementor-shape-fill\" opacity=\"0.66\" d=\"M734,67.3c-45.5,0-77.2-23.2-129.1-39.1c-28.6-8.7-150.3-10.1-254,39.1 s-91.7-34.4-149.2,0C115.7,118.3,0,39.8,0,39.8V0h1000v36.5c0,0-28.2-18.5-92.1-18.5C810.2,18.1,775.7,67.3,734,67.3z\"\/>\n\t<path class=\"elementor-shape-fill\" d=\"M766.1,28.9c-200-57.5-266,65.5-395.1,19.5C242,1.8,242,5.4,184.8,20.6C128,35.8,132.3,44.9,89.9,52.5C28.6,63.7,0,0,0,0 h1000c0,0-9.9,40.9-83.6,48.1S829.6,47,766.1,28.9z\"\/>\n<\/svg>\t\t<\/div>\n\t\t\t\t\t<\/div>\n\t\t\t\t<\/div>\n\t\t<div class=\"elementor-element elementor-element-ec877cd e-flex e-con-boxed e-con e-parent\" data-id=\"ec877cd\" data-element_type=\"container\" data-e-type=\"container\">\n\t\t\t\t\t<div class=\"e-con-inner\">\n\t\t\t\t<div class=\"elementor-element elementor-element-3f949d5 elementor-widget elementor-widget-heading\" data-id=\"3f949d5\" data-element_type=\"widget\" data-e-type=\"widget\" data-widget_type=\"heading.default\">\n\t\t\t\t<div class=\"elementor-widget-container\">\n\t\t\t\t\t<h2 class=\"elementor-heading-title elementor-size-default\">Unsere bestehenden Villen<\/h2>\t\t\t\t<\/div>\n\t\t\t\t<\/div>\n\t\t\t\t<div class=\"elementor-element elementor-element-6e91514 elementor-widget elementor-widget-text-editor\" data-id=\"6e91514\" data-element_type=\"widget\" data-e-type=\"widget\" data-widget_type=\"text-editor.default\">\n\t\t\t\t<div class=\"elementor-widget-container\">\n\t\t\t\t\t\t\t\t\t<p><span style=\"font-weight: 400;\">Kroatien entwickelt sich schnell zu einem der einzigartigsten Reiseziele in Europa. Mit atemberaubenden Aussichten, unber\u00fchrter Natur, mehr als 1.200 Inseln und \u00fcber 6.000 Kilometern K\u00fcstenlinie, kombiniert mit kurzen Flugstrecken innerhalb Europas, bietet Kroatien au\u00dfergew\u00f6hnliche M\u00f6glichkeiten. Das Land profitiert au\u00dferdem von einer gut ausgebauten Infrastruktur und modernen Flugh\u00e4fen in der gesamten Region.<\/span><\/p>\t\t\t\t\t\t\t\t<\/div>\n\t\t\t\t<\/div>\n\t\t\t\t\t<\/div>\n\t\t\t\t<\/div>\n\t\t<div class=\"elementor-element elementor-element-7b969d6 e-grid e-con-boxed e-con e-parent\" data-id=\"7b969d6\" data-element_type=\"container\" data-e-type=\"container\" data-settings=\"{&quot;background_background&quot;:&quot;classic&quot;}\">\n\t\t\t\t\t<div class=\"e-con-inner\">\n\t\t\t\t<div class=\"elementor-element elementor-element-ac7f692 e-transform elementor-position-top elementor-widget elementor-widget-image-box\" data-id=\"ac7f692\" data-element_type=\"widget\" data-e-type=\"widget\" data-settings=\"{&quot;_transform_translateY_effect_hover&quot;:{&quot;unit&quot;:&quot;px&quot;,&quot;size&quot;:-10,&quot;sizes&quot;:[]},&quot;_transform_translateX_effect_hover&quot;:{&quot;unit&quot;:&quot;px&quot;,&quot;size&quot;:&quot;&quot;,&quot;sizes&quot;:[]},&quot;_transform_translateX_effect_hover_tablet&quot;:{&quot;unit&quot;:&quot;px&quot;,&quot;size&quot;:&quot;&quot;,&quot;sizes&quot;:[]},&quot;_transform_translateX_effect_hover_mobile&quot;:{&quot;unit&quot;:&quot;px&quot;,&quot;size&quot;:&quot;&quot;,&quot;sizes&quot;:[]},&quot;_transform_translateY_effect_hover_tablet&quot;:{&quot;unit&quot;:&quot;px&quot;,&quot;size&quot;:&quot;&quot;,&quot;sizes&quot;:[]},&quot;_transform_translateY_effect_hover_mobile&quot;:{&quot;unit&quot;:&quot;px&quot;,&quot;size&quot;:&quot;&quot;,&quot;sizes&quot;:[]}}\" data-widget_type=\"image-box.default\">\n\t\t\t\t<div class=\"elementor-widget-container\">\n\t\t\t\t\t<div class=\"elementor-image-box-wrapper\"><figure class=\"elementor-image-box-img\"><a href=\"https:\/\/darkviolet-jay-311267.hostingersite.com\/slike-villa-magico\/\" tabindex=\"-1\"><img fetchpriority=\"high\" decoding=\"async\" width=\"1920\" height=\"1080\" src=\"https:\/\/realestate-facilities.com\/wp-content\/uploads\/2026\/02\/magico-apartments-aerial-view-pool-terrace-day.jpg\" class=\"attachment-full size-full wp-image-4225\" alt=\"magico apartments luftaufnahme pool terrasse tag\" srcset=\"https:\/\/realestate-facilities.com\/wp-content\/uploads\/2026\/02\/magico-apartments-aerial-view-pool-terrace-day.jpg 1920w, https:\/\/realestate-facilities.com\/wp-content\/uploads\/2026\/02\/magico-apartments-aerial-view-pool-terrace-day-300x169.jpg 300w, https:\/\/realestate-facilities.com\/wp-content\/uploads\/2026\/02\/magico-apartments-aerial-view-pool-terrace-day-1024x576.jpg 1024w, https:\/\/realestate-facilities.com\/wp-content\/uploads\/2026\/02\/magico-apartments-aerial-view-pool-terrace-day-768x432.jpg 768w, https:\/\/realestate-facilities.com\/wp-content\/uploads\/2026\/02\/magico-apartments-aerial-view-pool-terrace-day-1536x864.jpg 1536w\" sizes=\"(max-width: 1920px) 100vw, 1920px\" \/><\/a><\/figure><div class=\"elementor-image-box-content\"><p class=\"elementor-image-box-title\"><a href=\"https:\/\/darkviolet-jay-311267.hostingersite.com\/slike-villa-magico\/\">WIE DIE VILLA MAGICO<\/a><\/p><p class=\"elementor-image-box-description\">150 m\u00b2 Terrassen | 955 m\u00b2 Grundst\u00fcck<\/p><\/div><\/div>\t\t\t\t<\/div>\n\t\t\t\t<\/div>\n\t\t\t\t<div class=\"elementor-element elementor-element-c48c280 e-transform elementor-position-top elementor-widget elementor-widget-image-box\" data-id=\"c48c280\" data-element_type=\"widget\" data-e-type=\"widget\" data-settings=\"{&quot;_transform_translateY_effect_hover&quot;:{&quot;unit&quot;:&quot;px&quot;,&quot;size&quot;:-10,&quot;sizes&quot;:[]},&quot;_transform_translateX_effect_hover&quot;:{&quot;unit&quot;:&quot;px&quot;,&quot;size&quot;:&quot;&quot;,&quot;sizes&quot;:[]},&quot;_transform_translateX_effect_hover_tablet&quot;:{&quot;unit&quot;:&quot;px&quot;,&quot;size&quot;:&quot;&quot;,&quot;sizes&quot;:[]},&quot;_transform_translateX_effect_hover_mobile&quot;:{&quot;unit&quot;:&quot;px&quot;,&quot;size&quot;:&quot;&quot;,&quot;sizes&quot;:[]},&quot;_transform_translateY_effect_hover_tablet&quot;:{&quot;unit&quot;:&quot;px&quot;,&quot;size&quot;:&quot;&quot;,&quot;sizes&quot;:[]},&quot;_transform_translateY_effect_hover_mobile&quot;:{&quot;unit&quot;:&quot;px&quot;,&quot;size&quot;:&quot;&quot;,&quot;sizes&quot;:[]}}\" data-widget_type=\"image-box.default\">\n\t\t\t\t<div class=\"elementor-widget-container\">\n\t\t\t\t\t<div class=\"elementor-image-box-wrapper\"><figure class=\"elementor-image-box-img\"><a href=\"https:\/\/darkviolet-jay-311267.hostingersite.com\/villa-seget-vranjica\/\" tabindex=\"-1\"><img decoding=\"async\" width=\"800\" height=\"706\" src=\"https:\/\/realestate-facilities.com\/wp-content\/uploads\/2026\/02\/seget-vranjica-croatia-villa-infinity-pool-pergola.jpg\" class=\"attachment-full size-full wp-image-4226\" alt=\"seget vranjica kroatien villa infinity pool pergola\" srcset=\"https:\/\/realestate-facilities.com\/wp-content\/uploads\/2026\/02\/seget-vranjica-croatia-villa-infinity-pool-pergola.jpg 800w, https:\/\/realestate-facilities.com\/wp-content\/uploads\/2026\/02\/seget-vranjica-croatia-villa-infinity-pool-pergola-300x265.jpg 300w, https:\/\/realestate-facilities.com\/wp-content\/uploads\/2026\/02\/seget-vranjica-croatia-villa-infinity-pool-pergola-768x678.jpg 768w\" sizes=\"(max-width: 800px) 100vw, 800px\" \/><\/a><\/figure><div class=\"elementor-image-box-content\"><p class=\"elementor-image-box-title\"><a href=\"https:\/\/darkviolet-jay-311267.hostingersite.com\/villa-seget-vranjica\/\">VILLA SEGET VRANJICA<\/a><\/p><p class=\"elementor-image-box-description\">6 Zimmer | 2 Terrassen | 230 m\u00b2<\/p><\/div><\/div>\t\t\t\t<\/div>\n\t\t\t\t<\/div>\n\t\t\t\t<div class=\"elementor-element elementor-element-89ffefa e-transform elementor-position-top elementor-widget elementor-widget-image-box\" data-id=\"89ffefa\" data-element_type=\"widget\" data-e-type=\"widget\" data-settings=\"{&quot;_transform_translateY_effect_hover&quot;:{&quot;unit&quot;:&quot;px&quot;,&quot;size&quot;:-10,&quot;sizes&quot;:[]},&quot;_transform_translateX_effect_hover&quot;:{&quot;unit&quot;:&quot;px&quot;,&quot;size&quot;:&quot;&quot;,&quot;sizes&quot;:[]},&quot;_transform_translateX_effect_hover_tablet&quot;:{&quot;unit&quot;:&quot;px&quot;,&quot;size&quot;:&quot;&quot;,&quot;sizes&quot;:[]},&quot;_transform_translateX_effect_hover_mobile&quot;:{&quot;unit&quot;:&quot;px&quot;,&quot;size&quot;:&quot;&quot;,&quot;sizes&quot;:[]},&quot;_transform_translateY_effect_hover_tablet&quot;:{&quot;unit&quot;:&quot;px&quot;,&quot;size&quot;:&quot;&quot;,&quot;sizes&quot;:[]},&quot;_transform_translateY_effect_hover_mobile&quot;:{&quot;unit&quot;:&quot;px&quot;,&quot;size&quot;:&quot;&quot;,&quot;sizes&quot;:[]}}\" data-widget_type=\"image-box.default\">\n\t\t\t\t<div class=\"elementor-widget-container\">\n\t\t\t\t\t<div class=\"elementor-image-box-wrapper\"><figure class=\"elementor-image-box-img\"><a href=\"https:\/\/darkviolet-jay-311267.hostingersite.com\/villa-luciana-ardiatica\/\" tabindex=\"-1\"><img decoding=\"async\" width=\"1920\" height=\"1279\" src=\"https:\/\/realestate-facilities.com\/wp-content\/uploads\/2026\/02\/luciana-residence-outdoor-terrace-bbq-fireplace.webp\" class=\"attachment-full size-full wp-image-4227\" alt=\"luciana residence terrasse bbq kamin\" srcset=\"https:\/\/realestate-facilities.com\/wp-content\/uploads\/2026\/02\/luciana-residence-outdoor-terrace-bbq-fireplace.webp 1920w, https:\/\/realestate-facilities.com\/wp-content\/uploads\/2026\/02\/luciana-residence-outdoor-terrace-bbq-fireplace-300x200.webp 300w, https:\/\/realestate-facilities.com\/wp-content\/uploads\/2026\/02\/luciana-residence-outdoor-terrace-bbq-fireplace-1024x682.webp 1024w, https:\/\/realestate-facilities.com\/wp-content\/uploads\/2026\/02\/luciana-residence-outdoor-terrace-bbq-fireplace-768x512.webp 768w, https:\/\/realestate-facilities.com\/wp-content\/uploads\/2026\/02\/luciana-residence-outdoor-terrace-bbq-fireplace-1536x1023.webp 1536w\" sizes=\"(max-width: 1920px) 100vw, 1920px\" \/><\/a><\/figure><div class=\"elementor-image-box-content\"><p class=\"elementor-image-box-title\"><a href=\"https:\/\/darkviolet-jay-311267.hostingersite.com\/villa-luciana-ardiatica\/\">VILLA LUCIANA ARDIATICA<\/a><\/p><p class=\"elementor-image-box-description\">  2 Swimmingpools | 817 m\u00b2 Hauptgrundst\u00fcck<\/p><\/div><\/div>\t\t\t\t<\/div>\n\t\t\t\t<\/div>\n\t\t\t\t<div class=\"elementor-element elementor-element-d1203d4 e-transform elementor-position-top elementor-widget elementor-widget-image-box\" data-id=\"d1203d4\" data-element_type=\"widget\" data-e-type=\"widget\" data-settings=\"{&quot;_transform_translateY_effect_hover&quot;:{&quot;unit&quot;:&quot;px&quot;,&quot;size&quot;:-10,&quot;sizes&quot;:[]},&quot;_transform_translateX_effect_hover&quot;:{&quot;unit&quot;:&quot;px&quot;,&quot;size&quot;:&quot;&quot;,&quot;sizes&quot;:[]},&quot;_transform_translateX_effect_hover_tablet&quot;:{&quot;unit&quot;:&quot;px&quot;,&quot;size&quot;:&quot;&quot;,&quot;sizes&quot;:[]},&quot;_transform_translateX_effect_hover_mobile&quot;:{&quot;unit&quot;:&quot;px&quot;,&quot;size&quot;:&quot;&quot;,&quot;sizes&quot;:[]},&quot;_transform_translateY_effect_hover_tablet&quot;:{&quot;unit&quot;:&quot;px&quot;,&quot;size&quot;:&quot;&quot;,&quot;sizes&quot;:[]},&quot;_transform_translateY_effect_hover_mobile&quot;:{&quot;unit&quot;:&quot;px&quot;,&quot;size&quot;:&quot;&quot;,&quot;sizes&quot;:[]}}\" data-widget_type=\"image-box.default\">\n\t\t\t\t<div class=\"elementor-widget-container\">\n\t\t\t\t\t<div class=\"elementor-image-box-wrapper\"><figure class=\"elementor-image-box-img\"><a href=\"https:\/\/darkviolet-jay-311267.hostingersite.com\/v\/\" tabindex=\"-1\"><img loading=\"lazy\" decoding=\"async\" width=\"800\" height=\"550\" src=\"https:\/\/realestate-facilities.com\/wp-content\/uploads\/2026\/02\/luxury-villa-croatia-aerial-night-view-complex.jpg\" class=\"attachment-full size-full wp-image-4228\" alt=\"luxusvilla kroatien luftfahrt nachtansicht komplex\" srcset=\"https:\/\/realestate-facilities.com\/wp-content\/uploads\/2026\/02\/luxury-villa-croatia-aerial-night-view-complex.jpg 800w, https:\/\/realestate-facilities.com\/wp-content\/uploads\/2026\/02\/luxury-villa-croatia-aerial-night-view-complex-300x206.jpg 300w, https:\/\/realestate-facilities.com\/wp-content\/uploads\/2026\/02\/luxury-villa-croatia-aerial-night-view-complex-768x528.jpg 768w\" sizes=\"(max-width: 800px) 100vw, 800px\" \/><\/a><\/figure><div class=\"elementor-image-box-content\"><p class=\"elementor-image-box-title\"><a href=\"https:\/\/darkviolet-jay-311267.hostingersite.com\/v\/\">VILLA BURA<\/a><\/p><p class=\"elementor-image-box-description\">6 Zimmer | 2 Terrassen | 230 m\u00b2<\/p><\/div><\/div>\t\t\t\t<\/div>\n\t\t\t\t<\/div>\n\t\t\t\t<div class=\"elementor-element elementor-element-d9ab92e elementor-view-framed elementor-shape-rounded elementor-mobile-position-block-start elementor-widget elementor-widget-icon-box\" data-id=\"d9ab92e\" data-element_type=\"widget\" data-e-type=\"widget\" data-widget_type=\"icon-box.default\">\n\t\t\t\t<div class=\"elementor-widget-container\">\n\t\t\t\t\t\t\t<div class=\"elementor-icon-box-wrapper\">\n\n\t\t\t\t\t\t<div class=\"elementor-icon-box-icon\">\n\t\t\t\t<span  class=\"elementor-icon\">\n\t\t\t\t<i aria-hidden=\"true\" class=\"far fa-comments\"><\/i>\t\t\t\t<\/span>\n\t\t\t<\/div>\n\t\t\t\n\t\t\t\t\t\t<div class=\"elementor-icon-box-content\">\n\n\t\t\t\t\t\t\t\t\t<h3 class=\"elementor-icon-box-title\">\n\t\t\t\t\t\t<span  >\n\t\t\t\t\t\t\tKontaktieren Sie uns\t\t\t\t\t\t<\/span>\n\t\t\t\t\t<\/h3>\n\t\t\t\t\n\t\t\t\t\t\t\t\t\t<p class=\"elementor-icon-box-description\">\n\t\t\t\t\t\tSie suchen nach weiteren Projekten oder detaillierten Informationen \u00fcber eine bestimmte Immobilie? Kontaktieren Sie uns f\u00fcr Brosch\u00fcren, Verf\u00fcgbarkeit, Preise und pers\u00f6nliche Empfehlungen. Wir sind hier, um Ihnen zu helfen, die perfekte Gelegenheit an der wundersch\u00f6nen Adriak\u00fcste zu finden.\n\t\t\t\t\t<\/p>\n\t\t\t\t\n\t\t\t<\/div>\n\t\t\t\n\t\t<\/div>\n\t\t\t\t\t\t<\/div>\n\t\t\t\t<\/div>\n\t\t\t\t\t<\/div>\n\t\t\t\t<\/div>\n\t\t<div class=\"elementor-element elementor-element-e258d5e e-flex e-con-boxed e-con e-parent\" data-id=\"e258d5e\" data-element_type=\"container\" data-e-type=\"container\">\n\t\t\t\t\t<div class=\"e-con-inner\">\n\t\t\t\t<div class=\"elementor-element elementor-element-87d8c7a elementor-widget elementor-widget-google_maps\" data-id=\"87d8c7a\" data-element_type=\"widget\" data-e-type=\"widget\" data-widget_type=\"google_maps.default\">\n\t\t\t\t<div class=\"elementor-widget-container\">\n\t\t\t\t\t\t\t<div class=\"elementor-custom-embed\">\n\t\t\t<iframe loading=\"lazy\"\n\t\t\t\t\tsrc=\"https:\/\/maps.google.com\/maps?q=Ulica%20hrvatskih%20%C5%BErtava%20360&#038;t=m&#038;z=10&#038;output=embed&#038;iwloc=near\"\n\t\t\t\t\ttitle=\"Ulica hrvatskih \u017ertava 360\"\n\t\t\t\t\taria-label=\"Ulica hrvatskih \u017ertava 360\"\n\t\t\t><\/iframe>\n\t\t<\/div>\n\t\t\t\t\t\t<\/div>\n\t\t\t\t<\/div>\n\t\t\t\t\t<\/div>\n\t\t\t\t<\/div>\n\t\t\t\t<\/div>\n\t\t","protected":false},"excerpt":{"rendered":"<p>Unsere bestehenden Villen Kroatien entwickelt sich schnell zu einem der einzigartigsten Reiseziele in Europa. Mit atemberaubenden Aussichten, unber\u00fchrter Natur, mehr als 1.200 Inseln und \u00fcber 6.000 Kilometern K\u00fcstenlinie, kombiniert mit kurzen Flugstrecken innerhalb Europas, bietet Kroatien au\u00dfergew\u00f6hnliche M\u00f6glichkeiten. Das Land profitiert au\u00dferdem von einer gut ausgebauten Infrastruktur und modernen Flugh\u00e4fen in der gesamten Region. WIE [&hellip;]<\/p>\n","protected":false},"author":1,"featured_media":0,"parent":0,"menu_order":0,"comment_status":"closed","ping_status":"closed","template":"","meta":{"footnotes":""},"class_list":["post-4240","page","type-page","status-publish","hentry"],"blocksy_meta":[],"_links":{"self":[{"href":"https:\/\/realestate-facilities.com\/de\/wp-json\/wp\/v2\/pages\/4240","targetHints":{"allow":["GET"]}}],"collection":[{"href":"https:\/\/realestate-facilities.com\/de\/wp-json\/wp\/v2\/pages"}],"about":[{"href":"https:\/\/realestate-facilities.com\/de\/wp-json\/wp\/v2\/types\/page"}],"author":[{"embeddable":true,"href":"https:\/\/realestate-facilities.com\/de\/wp-json\/wp\/v2\/users\/1"}],"replies":[{"embeddable":true,"href":"https:\/\/realestate-facilities.com\/de\/wp-json\/wp\/v2\/comments?post=4240"}],"version-history":[{"count":1,"href":"https:\/\/realestate-facilities.com\/de\/wp-json\/wp\/v2\/pages\/4240\/revisions"}],"predecessor-version":[{"id":4241,"href":"https:\/\/realestate-facilities.com\/de\/wp-json\/wp\/v2\/pages\/4240\/revisions\/4241"}],"wp:attachment":[{"href":"https:\/\/realestate-facilities.com\/de\/wp-json\/wp\/v2\/media?parent=4240"}],"curies":[{"name":"wp","href":"https:\/\/api.w.org\/{rel}","templated":true}]}}