{"id":4236,"date":"2026-03-20T21:22:52","date_gmt":"2026-03-20T21:22:52","guid":{"rendered":"https:\/\/darkviolet-jay-311267.hostingersite.com\/penthaeuser\/"},"modified":"2026-04-25T11:42:10","modified_gmt":"2026-04-25T11:42:10","slug":"penthaeuser","status":"publish","type":"page","link":"https:\/\/realestate-facilities.com\/de\/penthaeuser\/","title":{"rendered":"Penth\u00e4user"},"content":{"rendered":"\t\t<div data-elementor-type=\"wp-page\" data-elementor-id=\"4236\" class=\"elementor elementor-4236 elementor-3545\">\n\t\t\t\t<div class=\"elementor-element elementor-element-6ac98ff e-flex e-con-boxed e-con e-parent\" data-id=\"6ac98ff\" data-element_type=\"container\" data-e-type=\"container\" data-settings=\"{&quot;background_background&quot;:&quot;classic&quot;,&quot;shape_divider_bottom&quot;:&quot;mountains&quot;}\">\n\t\t\t\t\t<div class=\"e-con-inner\">\n\t\t\t\t<div class=\"elementor-shape elementor-shape-bottom\" aria-hidden=\"true\" data-negative=\"false\">\n\t\t\t<svg xmlns=\"http:\/\/www.w3.org\/2000\/svg\" viewBox=\"0 0 1000 100\" preserveAspectRatio=\"none\">\n\t<path class=\"elementor-shape-fill\" opacity=\"0.33\" d=\"M473,67.3c-203.9,88.3-263.1-34-320.3,0C66,119.1,0,59.7,0,59.7V0h1000v59.7 c0,0-62.1,26.1-94.9,29.3c-32.8,3.3-62.8-12.3-75.8-22.1C806,49.6,745.3,8.7,694.9,4.7S492.4,59,473,67.3z\"\/>\n\t<path class=\"elementor-shape-fill\" opacity=\"0.66\" d=\"M734,67.3c-45.5,0-77.2-23.2-129.1-39.1c-28.6-8.7-150.3-10.1-254,39.1 s-91.7-34.4-149.2,0C115.7,118.3,0,39.8,0,39.8V0h1000v36.5c0,0-28.2-18.5-92.1-18.5C810.2,18.1,775.7,67.3,734,67.3z\"\/>\n\t<path class=\"elementor-shape-fill\" d=\"M766.1,28.9c-200-57.5-266,65.5-395.1,19.5C242,1.8,242,5.4,184.8,20.6C128,35.8,132.3,44.9,89.9,52.5C28.6,63.7,0,0,0,0 h1000c0,0-9.9,40.9-83.6,48.1S829.6,47,766.1,28.9z\"\/>\n<\/svg>\t\t<\/div>\n\t\t\t\t\t<\/div>\n\t\t\t\t<\/div>\n\t\t<div class=\"elementor-element elementor-element-779195d e-flex e-con-boxed e-con e-parent\" data-id=\"779195d\" data-element_type=\"container\" data-e-type=\"container\">\n\t\t\t\t\t<div class=\"e-con-inner\">\n\t\t\t\t<div class=\"elementor-element elementor-element-f626186 elementor-widget elementor-widget-heading\" data-id=\"f626186\" data-element_type=\"widget\" data-e-type=\"widget\" data-widget_type=\"heading.default\">\n\t\t\t\t<div class=\"elementor-widget-container\">\n\t\t\t\t\t<h2 class=\"elementor-heading-title elementor-size-default\">Unsere Penth\u00e4user<\/h2>\t\t\t\t<\/div>\n\t\t\t\t<\/div>\n\t\t\t\t<div class=\"elementor-element elementor-element-2d7900d elementor-widget elementor-widget-text-editor\" data-id=\"2d7900d\" data-element_type=\"widget\" data-e-type=\"widget\" data-widget_type=\"text-editor.default\">\n\t\t\t\t<div class=\"elementor-widget-container\">\n\t\t\t\t\t\t\t\t\t<p>Erleben Sie gehobenes Wohnen mit exklusiven Penthouses, die au\u00dfergew\u00f6hnliche Ausblicke, raffiniertes Design und ultimative Privatsph\u00e4re bieten. Die perfekte Mischung aus Luxus, Platz und Lage an der Adria.<\/p><p><span style=\"text-decoration: underline;\">Zurzeit sind keine Penth\u00e4user verf\u00fcgbar!<\/span><\/p>\t\t\t\t\t\t\t\t<\/div>\n\t\t\t\t<\/div>\n\t\t\t\t\t<\/div>\n\t\t\t\t<\/div>\n\t\t<div class=\"elementor-element elementor-element-2f69870 e-flex e-con-boxed e-con e-parent\" data-id=\"2f69870\" data-element_type=\"container\" data-e-type=\"container\">\n\t\t\t\t\t<div class=\"e-con-inner\">\n\t\t\t\t<div class=\"elementor-element elementor-element-0cf3c4a elementor-widget elementor-widget-google_maps\" data-id=\"0cf3c4a\" data-element_type=\"widget\" data-e-type=\"widget\" data-widget_type=\"google_maps.default\">\n\t\t\t\t<div class=\"elementor-widget-container\">\n\t\t\t\t\t\t\t<div class=\"elementor-custom-embed\">\n\t\t\t<iframe loading=\"lazy\"\n\t\t\t\t\tsrc=\"https:\/\/maps.google.com\/maps?q=Ulica%20hrvatskih%20%C5%BErtava%20360&#038;t=m&#038;z=10&#038;output=embed&#038;iwloc=near\"\n\t\t\t\t\ttitle=\"Ulica hrvatskih \u017ertava 360\"\n\t\t\t\t\taria-label=\"Ulica hrvatskih \u017ertava 360\"\n\t\t\t><\/iframe>\n\t\t<\/div>\n\t\t\t\t\t\t<\/div>\n\t\t\t\t<\/div>\n\t\t\t\t\t<\/div>\n\t\t\t\t<\/div>\n\t\t\t\t<\/div>\n\t\t","protected":false},"excerpt":{"rendered":"<p>Unsere Penth\u00e4user Erleben Sie gehobenes Wohnen mit exklusiven Penthouses, die au\u00dfergew\u00f6hnliche Ausblicke, raffiniertes Design und ultimative Privatsph\u00e4re bieten. Die perfekte Mischung aus Luxus, Platz und Lage an der Adria. Zurzeit sind keine Penth\u00e4user verf\u00fcgbar!<\/p>\n","protected":false},"author":1,"featured_media":0,"parent":0,"menu_order":0,"comment_status":"closed","ping_status":"closed","template":"","meta":{"footnotes":""},"class_list":["post-4236","page","type-page","status-publish","hentry"],"blocksy_meta":[],"_links":{"self":[{"href":"https:\/\/realestate-facilities.com\/de\/wp-json\/wp\/v2\/pages\/4236","targetHints":{"allow":["GET"]}}],"collection":[{"href":"https:\/\/realestate-facilities.com\/de\/wp-json\/wp\/v2\/pages"}],"about":[{"href":"https:\/\/realestate-facilities.com\/de\/wp-json\/wp\/v2\/types\/page"}],"author":[{"embeddable":true,"href":"https:\/\/realestate-facilities.com\/de\/wp-json\/wp\/v2\/users\/1"}],"replies":[{"embeddable":true,"href":"https:\/\/realestate-facilities.com\/de\/wp-json\/wp\/v2\/comments?post=4236"}],"version-history":[{"count":1,"href":"https:\/\/realestate-facilities.com\/de\/wp-json\/wp\/v2\/pages\/4236\/revisions"}],"predecessor-version":[{"id":4237,"href":"https:\/\/realestate-facilities.com\/de\/wp-json\/wp\/v2\/pages\/4236\/revisions\/4237"}],"wp:attachment":[{"href":"https:\/\/realestate-facilities.com\/de\/wp-json\/wp\/v2\/media?parent=4236"}],"curies":[{"name":"wp","href":"https:\/\/api.w.org\/{rel}","templated":true}]}}