{"id":4217,"date":"2026-02-18T10:12:49","date_gmt":"2026-02-18T10:12:49","guid":{"rendered":"https:\/\/darkviolet-jay-311267.hostingersite.com\/opatija\/"},"modified":"2026-04-25T11:40:46","modified_gmt":"2026-04-25T11:40:46","slug":"opatija","status":"publish","type":"page","link":"https:\/\/realestate-facilities.com\/de\/opatija\/","title":{"rendered":"Opatija"},"content":{"rendered":"\t\t<div data-elementor-type=\"wp-page\" data-elementor-id=\"4217\" class=\"elementor elementor-4217 elementor-3046\">\n\t\t\t\t<div class=\"elementor-element elementor-element-c4702a5 e-flex e-con-boxed e-con e-parent\" data-id=\"c4702a5\" data-element_type=\"container\" data-e-type=\"container\" data-settings=\"{&quot;background_background&quot;:&quot;classic&quot;,&quot;shape_divider_bottom&quot;:&quot;mountains&quot;}\">\n\t\t\t\t\t<div class=\"e-con-inner\">\n\t\t\t\t<div class=\"elementor-shape elementor-shape-bottom\" aria-hidden=\"true\" data-negative=\"false\">\n\t\t\t<svg xmlns=\"http:\/\/www.w3.org\/2000\/svg\" viewBox=\"0 0 1000 100\" preserveAspectRatio=\"none\">\n\t<path class=\"elementor-shape-fill\" opacity=\"0.33\" d=\"M473,67.3c-203.9,88.3-263.1-34-320.3,0C66,119.1,0,59.7,0,59.7V0h1000v59.7 c0,0-62.1,26.1-94.9,29.3c-32.8,3.3-62.8-12.3-75.8-22.1C806,49.6,745.3,8.7,694.9,4.7S492.4,59,473,67.3z\"\/>\n\t<path class=\"elementor-shape-fill\" opacity=\"0.66\" d=\"M734,67.3c-45.5,0-77.2-23.2-129.1-39.1c-28.6-8.7-150.3-10.1-254,39.1 s-91.7-34.4-149.2,0C115.7,118.3,0,39.8,0,39.8V0h1000v36.5c0,0-28.2-18.5-92.1-18.5C810.2,18.1,775.7,67.3,734,67.3z\"\/>\n\t<path class=\"elementor-shape-fill\" d=\"M766.1,28.9c-200-57.5-266,65.5-395.1,19.5C242,1.8,242,5.4,184.8,20.6C128,35.8,132.3,44.9,89.9,52.5C28.6,63.7,0,0,0,0 h1000c0,0-9.9,40.9-83.6,48.1S829.6,47,766.1,28.9z\"\/>\n<\/svg>\t\t<\/div>\n\t\t<div class=\"elementor-element elementor-element-154bde6 e-con-full e-flex e-con e-child\" data-id=\"154bde6\" data-element_type=\"container\" data-e-type=\"container\">\n\t\t\t\t<div class=\"elementor-element elementor-element-273b890 elementor-widget elementor-widget-heading\" data-id=\"273b890\" data-element_type=\"widget\" data-e-type=\"widget\" data-widget_type=\"heading.default\">\n\t\t\t\t<div class=\"elementor-widget-container\">\n\t\t\t\t\t<h2 class=\"elementor-heading-title elementor-size-default\">Opatija<\/h2>\t\t\t\t<\/div>\n\t\t\t\t<\/div>\n\t\t\t\t<\/div>\n\t\t\t\t\t<\/div>\n\t\t\t\t<\/div>\n\t\t<div class=\"elementor-element elementor-element-a7396ca e-flex e-con-boxed e-con e-parent\" data-id=\"a7396ca\" data-element_type=\"container\" data-e-type=\"container\">\n\t\t\t\t\t<div class=\"e-con-inner\">\n\t\t\t\t<div class=\"elementor-element elementor-element-a2ecdf5 elementor-widget elementor-widget-counter\" data-id=\"a2ecdf5\" data-element_type=\"widget\" data-e-type=\"widget\" data-widget_type=\"counter.default\">\n\t\t\t\t<div class=\"elementor-widget-container\">\n\t\t\t\t\t\t\t<div class=\"elementor-counter\">\n\t\t\t<div class=\"elementor-counter-title\">Meters From Coast<\/div>\t\t\t<div class=\"elementor-counter-number-wrapper\">\n\t\t\t\t<span class=\"elementor-counter-number-prefix\"><\/span>\n\t\t\t\t<span class=\"elementor-counter-number\" data-duration=\"2000\" data-to-value=\"300\" data-from-value=\"0\" data-delimiter=\",\">0<\/span>\n\t\t\t\t<span class=\"elementor-counter-number-suffix\"><\/span>\n\t\t\t<\/div>\n\t\t<\/div>\n\t\t\t\t\t\t<\/div>\n\t\t\t\t<\/div>\n\t\t\t\t<div class=\"elementor-element elementor-element-2f289cc elementor-widget elementor-widget-counter\" data-id=\"2f289cc\" data-element_type=\"widget\" data-e-type=\"widget\" data-widget_type=\"counter.default\">\n\t\t\t\t<div class=\"elementor-widget-container\">\n\t\t\t\t\t\t\t<div class=\"elementor-counter\">\n\t\t\t<div class=\"elementor-counter-title\">m\u00b2 Geb\u00e4ude Zone<\/div>\t\t\t<div class=\"elementor-counter-number-wrapper\">\n\t\t\t\t<span class=\"elementor-counter-number-prefix\"><\/span>\n\t\t\t\t<span class=\"elementor-counter-number\" data-duration=\"2000\" data-to-value=\"1204\" data-from-value=\"0\" data-delimiter=\",\">0<\/span>\n\t\t\t\t<span class=\"elementor-counter-number-suffix\"><\/span>\n\t\t\t<\/div>\n\t\t<\/div>\n\t\t\t\t\t\t<\/div>\n\t\t\t\t<\/div>\n\t\t\t\t<div class=\"elementor-element elementor-element-4e70f1f elementor-widget elementor-widget-counter\" data-id=\"4e70f1f\" data-element_type=\"widget\" data-e-type=\"widget\" data-widget_type=\"counter.default\">\n\t\t\t\t<div class=\"elementor-widget-container\">\n\t\t\t\t\t\t\t<div class=\"elementor-counter\">\n\t\t\t<div class=\"elementor-counter-title\">Minuten vom Flughafen Rijeka entfernt<\/div>\t\t\t<div class=\"elementor-counter-number-wrapper\">\n\t\t\t\t<span class=\"elementor-counter-number-prefix\"><\/span>\n\t\t\t\t<span class=\"elementor-counter-number\" data-duration=\"2000\" data-to-value=\"25\" data-from-value=\"0\" data-delimiter=\",\">0<\/span>\n\t\t\t\t<span class=\"elementor-counter-number-suffix\"><\/span>\n\t\t\t<\/div>\n\t\t<\/div>\n\t\t\t\t\t\t<\/div>\n\t\t\t\t<\/div>\n\t\t\t\t\t<\/div>\n\t\t\t\t<\/div>\n\t\t<div class=\"elementor-element elementor-element-81817bd e-flex e-con-boxed e-con e-parent\" data-id=\"81817bd\" data-element_type=\"container\" data-e-type=\"container\">\n\t\t\t\t\t<div class=\"e-con-inner\">\n\t\t<div class=\"elementor-element elementor-element-d80816c e-con-full e-flex e-con e-child\" data-id=\"d80816c\" data-element_type=\"container\" data-e-type=\"container\">\n\t\t\t\t<div class=\"elementor-element elementor-element-a6ce7bd elementor-widget elementor-widget-heading\" data-id=\"a6ce7bd\" data-element_type=\"widget\" data-e-type=\"widget\" data-widget_type=\"heading.default\">\n\t\t\t\t<div class=\"elementor-widget-container\">\n\t\t\t\t\t<h2 class=\"elementor-heading-title elementor-size-default\">Opatija<\/h2>\t\t\t\t<\/div>\n\t\t\t\t<\/div>\n\t\t\t\t<div class=\"elementor-element elementor-element-fae5be0 elementor-widget elementor-widget-text-editor\" data-id=\"fae5be0\" data-element_type=\"widget\" data-e-type=\"widget\" data-widget_type=\"text-editor.default\">\n\t\t\t\t<div class=\"elementor-widget-container\">\n\t\t\t\t\t\t\t\t\t<p>Dieses au\u00dfergew\u00f6hnliche 1.240 m\u00b2 gro\u00dfe Baugrundst\u00fcck stellt eine wirklich seltene Gelegenheit in Opatija dar, einem der renommiertesten und historisch gefeierten K\u00fcstenorte Kroatiens. Das Grundst\u00fcck liegt nur 300 Meter vom Meer und zwei Minuten vom Stadtzentrum entfernt und profitiert von einer hervorragenden bestehenden Infrastruktur sowie einer geplanten Autobahnanbindung, die seine ohnehin schon gro\u00dfe Attraktivit\u00e4t als langfristige Investition noch weiter steigern wird. Der Flughafen Rijeka ist nur 25 Minuten entfernt, so dass die Erreichbarkeit perfekt zur Eleganz der Lage passt.  <\/p>\t\t\t\t\t\t\t\t<\/div>\n\t\t\t\t<\/div>\n\t\t\t\t<\/div>\n\t\t<div class=\"elementor-element elementor-element-5d4204c e-con-full e-flex e-con e-child\" data-id=\"5d4204c\" data-element_type=\"container\" data-e-type=\"container\">\n\t\t\t\t<div class=\"elementor-element elementor-element-5a55aca elementor-widget elementor-widget-image\" data-id=\"5a55aca\" data-element_type=\"widget\" data-e-type=\"widget\" data-widget_type=\"image.default\">\n\t\t\t\t<div class=\"elementor-widget-container\">\n\t\t\t\t\t\t\t\t\t\t\t\t\t\t\t<img fetchpriority=\"high\" decoding=\"async\" width=\"1024\" height=\"754\" src=\"https:\/\/realestate-facilities.com\/wp-content\/uploads\/2026\/02\/opatija-croatia-sea-view-building-land-street-1024x754.jpg\" class=\"attachment-large size-large wp-image-4213\" alt=\"opatija kroatien meerblick geb\u00e4ude grundst\u00fcck stra\u00dfe\" srcset=\"https:\/\/realestate-facilities.com\/wp-content\/uploads\/2026\/02\/opatija-croatia-sea-view-building-land-street-1024x754.jpg 1024w, https:\/\/realestate-facilities.com\/wp-content\/uploads\/2026\/02\/opatija-croatia-sea-view-building-land-street-300x221.jpg 300w, https:\/\/realestate-facilities.com\/wp-content\/uploads\/2026\/02\/opatija-croatia-sea-view-building-land-street-768x566.jpg 768w, https:\/\/realestate-facilities.com\/wp-content\/uploads\/2026\/02\/opatija-croatia-sea-view-building-land-street-1536x1131.jpg 1536w, https:\/\/realestate-facilities.com\/wp-content\/uploads\/2026\/02\/opatija-croatia-sea-view-building-land-street.jpg 1920w\" sizes=\"(max-width: 1024px) 100vw, 1024px\" \/>\t\t\t\t\t\t\t\t\t\t\t\t\t\t\t<\/div>\n\t\t\t\t<\/div>\n\t\t\t\t<\/div>\n\t\t\t\t\t<\/div>\n\t\t\t\t<\/div>\n\t\t<div class=\"elementor-element elementor-element-d71495d e-flex e-con-boxed e-con e-parent\" data-id=\"d71495d\" data-element_type=\"container\" data-e-type=\"container\">\n\t\t\t\t\t<div class=\"e-con-inner\">\n\t\t<div class=\"elementor-element elementor-element-37a3004 e-con-full e-flex e-con e-child\" data-id=\"37a3004\" data-element_type=\"container\" data-e-type=\"container\">\n\t\t\t\t<div class=\"elementor-element elementor-element-b4c6dde elementor-arrows-position-inside elementor-widget elementor-widget-image-carousel\" data-id=\"b4c6dde\" data-element_type=\"widget\" data-e-type=\"widget\" data-settings=\"{&quot;slides_to_show&quot;:&quot;1&quot;,&quot;navigation&quot;:&quot;arrows&quot;,&quot;lazyload&quot;:&quot;yes&quot;,&quot;effect&quot;:&quot;fade&quot;,&quot;speed&quot;:1000,&quot;autoplay&quot;:&quot;yes&quot;,&quot;pause_on_hover&quot;:&quot;yes&quot;,&quot;pause_on_interaction&quot;:&quot;yes&quot;,&quot;autoplay_speed&quot;:5000,&quot;infinite&quot;:&quot;yes&quot;}\" data-widget_type=\"image-carousel.default\">\n\t\t\t\t<div class=\"elementor-widget-container\">\n\t\t\t\t\t\t\t<div class=\"elementor-image-carousel-wrapper swiper\" role=\"region\" aria-roledescription=\"carousel\" aria-label=\"Afbeelding carrousel\" dir=\"ltr\">\n\t\t\t<div class=\"elementor-image-carousel swiper-wrapper\" aria-live=\"off\">\n\t\t\t\t\t\t\t\t<div class=\"swiper-slide\" role=\"group\" aria-roledescription=\"slide\" aria-label=\"1 von 4\"><figure class=\"swiper-slide-inner\"><img class=\"swiper-slide-image swiper-lazy\" data-src=\"https:\/\/realestate-facilities.com\/wp-content\/uploads\/2026\/02\/opatija-croatia-building-plot-wooded-hillside-1536x1226.jpg\" alt=\"opatija kroatien baugrundst\u00fcck bewaldeter h\u00fcgel\" \/><div class=\"swiper-lazy-preloader\"><\/div><\/figure><\/div><div class=\"swiper-slide\" role=\"group\" aria-roledescription=\"slide\" aria-label=\"2 von 4\"><figure class=\"swiper-slide-inner\"><img class=\"swiper-slide-image swiper-lazy\" data-src=\"https:\/\/realestate-facilities.com\/wp-content\/uploads\/2026\/02\/opatija-croatia-building-plot-location-map-1536x994.jpg\" alt=\"opatija kroatien bauplatz-karte\" \/><div class=\"swiper-lazy-preloader\"><\/div><\/figure><\/div><div class=\"swiper-slide\" role=\"group\" aria-roledescription=\"slide\" aria-label=\"3 von 4\"><figure class=\"swiper-slide-inner\"><img class=\"swiper-slide-image swiper-lazy\" data-src=\"https:\/\/realestate-facilities.com\/wp-content\/uploads\/2026\/02\/opatija-croatia-building-plot-forest-road-1536x1209.jpg\" alt=\"opatija kroatien Baugrundst\u00fcck Waldstra\u00dfe\" \/><div class=\"swiper-lazy-preloader\"><\/div><\/figure><\/div><div class=\"swiper-slide\" role=\"group\" aria-roledescription=\"slide\" aria-label=\"4 von 4\"><figure class=\"swiper-slide-inner\"><img class=\"swiper-slide-image swiper-lazy\" data-src=\"https:\/\/realestate-facilities.com\/wp-content\/uploads\/2026\/02\/opatija-croatia-sea-view-building-land-street-1536x1131.jpg\" alt=\"opatija kroatien meerblick geb\u00e4ude grundst\u00fcck stra\u00dfe\" \/><div class=\"swiper-lazy-preloader\"><\/div><\/figure><\/div>\t\t\t<\/div>\n\t\t\t\t\t\t\t\t\t\t\t\t<div class=\"elementor-swiper-button elementor-swiper-button-prev\" role=\"button\" tabindex=\"0\">\n\t\t\t\t\t\t<i aria-hidden=\"true\" class=\"eicon-chevron-left\"><\/i>\t\t\t\t\t<\/div>\n\t\t\t\t\t<div class=\"elementor-swiper-button elementor-swiper-button-next\" role=\"button\" tabindex=\"0\">\n\t\t\t\t\t\t<i aria-hidden=\"true\" class=\"eicon-chevron-right\"><\/i>\t\t\t\t\t<\/div>\n\t\t\t\t\n\t\t\t\t\t\t\t\t\t<\/div>\n\t\t\t\t\t\t<\/div>\n\t\t\t\t<\/div>\n\t\t\t\t<div class=\"elementor-element elementor-element-e87407d elementor-widget elementor-widget-text-editor\" data-id=\"e87407d\" data-element_type=\"widget\" data-e-type=\"widget\" data-widget_type=\"text-editor.default\">\n\t\t\t\t<div class=\"elementor-widget-container\">\n\t\t\t\t\t\t\t\t\t<p>Ein erstklassiges Baugrundst\u00fcck in einer der prestigetr\u00e4chtigsten K\u00fcstenregionen Kroatiens mit Panoramablick aufs Meer und gro\u00dfem Entwicklungspotenzial.<\/p><p data-start=\"2292\" data-end=\"2308\"><strong data-start=\"2292\" data-end=\"2308\">Wichtige Details:<\/strong><\/p><ul data-start=\"2309\" data-end=\"2491\"><li data-section-id=\"1innpes\" data-start=\"2309\" data-end=\"2332\">Grundst\u00fccksgr\u00f6\u00dfe: 1.240 m\u00b2<\/li><li data-section-id=\"k63g94\" data-start=\"2333\" data-end=\"2369\">Innerhalb der Bauzone gelegen<\/li><li data-section-id=\"1oghozo\" data-start=\"2370\" data-end=\"2400\">Ca. 300 m vom Meer entfernt <\/li><li data-section-id=\"1o2bra\" data-start=\"2401\" data-end=\"2449\">Direkter Stra\u00dfenzugang und gute Infrastruktur<\/li><li data-section-id=\"14twpw0\" data-start=\"2450\" data-end=\"2491\">Geeignet f\u00fcr die Entwicklung von Luxusvillen<\/li><\/ul><p data-start=\"2493\" data-end=\"2539\"><strong data-start=\"2493\" data-end=\"2506\">Standort:<\/strong> Opatija, 25 Min. Flughafen Rijeka<\/p><p data-start=\"2541\" data-end=\"2565\"><strong data-start=\"2541\" data-end=\"2551\">Preis:<\/strong> 825 \u20ac pro m\u00b2<\/p><p data-start=\"989\" data-end=\"1074\"> <\/p>\t\t\t\t\t\t\t\t<\/div>\n\t\t\t\t<\/div>\n\t\t\t\t<\/div>\n\t\t\t\t\t<\/div>\n\t\t\t\t<\/div>\n\t\t<div class=\"elementor-element elementor-element-40d4517 e-flex e-con-boxed e-con e-parent\" data-id=\"40d4517\" data-element_type=\"container\" data-e-type=\"container\">\n\t\t\t\t\t<div class=\"e-con-inner\">\n\t\t\t\t<div class=\"elementor-element elementor-element-0112387 elementor-widget elementor-widget-google_maps\" data-id=\"0112387\" data-element_type=\"widget\" data-e-type=\"widget\" data-widget_type=\"google_maps.default\">\n\t\t\t\t<div class=\"elementor-widget-container\">\n\t\t\t\t\t\t\t<div class=\"elementor-custom-embed\">\n\t\t\t<iframe loading=\"lazy\"\n\t\t\t\t\tsrc=\"https:\/\/maps.google.com\/maps?q=opatija&#038;t=m&#038;z=12&#038;output=embed&#038;iwloc=near\"\n\t\t\t\t\ttitle=\"opatija\"\n\t\t\t\t\taria-label=\"opatija\"\n\t\t\t><\/iframe>\n\t\t<\/div>\n\t\t\t\t\t\t<\/div>\n\t\t\t\t<\/div>\n\t\t\t\t\t<\/div>\n\t\t\t\t<\/div>\n\t\t\t\t<\/div>\n\t\t","protected":false},"excerpt":{"rendered":"<p>Opatija Meters From Coast 0 m\u00b2 Geb\u00e4ude Zone 0 Minuten vom Flughafen Rijeka entfernt 0 Opatija Dieses au\u00dfergew\u00f6hnliche 1.240 m\u00b2 gro\u00dfe Baugrundst\u00fcck stellt eine wirklich seltene Gelegenheit in Opatija dar, einem der renommiertesten und historisch gefeierten K\u00fcstenorte Kroatiens. Das Grundst\u00fcck liegt nur 300 Meter vom Meer und zwei Minuten vom Stadtzentrum entfernt und profitiert von [&hellip;]<\/p>\n","protected":false},"author":1,"featured_media":0,"parent":0,"menu_order":0,"comment_status":"closed","ping_status":"closed","template":"","meta":{"footnotes":""},"class_list":["post-4217","page","type-page","status-publish","hentry"],"blocksy_meta":[],"_links":{"self":[{"href":"https:\/\/realestate-facilities.com\/de\/wp-json\/wp\/v2\/pages\/4217","targetHints":{"allow":["GET"]}}],"collection":[{"href":"https:\/\/realestate-facilities.com\/de\/wp-json\/wp\/v2\/pages"}],"about":[{"href":"https:\/\/realestate-facilities.com\/de\/wp-json\/wp\/v2\/types\/page"}],"author":[{"embeddable":true,"href":"https:\/\/realestate-facilities.com\/de\/wp-json\/wp\/v2\/users\/1"}],"replies":[{"embeddable":true,"href":"https:\/\/realestate-facilities.com\/de\/wp-json\/wp\/v2\/comments?post=4217"}],"version-history":[{"count":1,"href":"https:\/\/realestate-facilities.com\/de\/wp-json\/wp\/v2\/pages\/4217\/revisions"}],"predecessor-version":[{"id":4224,"href":"https:\/\/realestate-facilities.com\/de\/wp-json\/wp\/v2\/pages\/4217\/revisions\/4224"}],"wp:attachment":[{"href":"https:\/\/realestate-facilities.com\/de\/wp-json\/wp\/v2\/media?parent=4217"}],"curies":[{"name":"wp","href":"https:\/\/api.w.org\/{rel}","templated":true}]}}