{"id":4167,"date":"2026-01-30T19:31:48","date_gmt":"2026-01-30T19:31:48","guid":{"rendered":"https:\/\/darkviolet-jay-311267.hostingersite.com\/ueber-uns\/"},"modified":"2026-04-25T11:38:26","modified_gmt":"2026-04-25T11:38:26","slug":"ueber-uns","status":"publish","type":"page","link":"https:\/\/realestate-facilities.com\/de\/ueber-uns\/","title":{"rendered":"\u00dcber uns"},"content":{"rendered":"\t\t<div data-elementor-type=\"wp-page\" data-elementor-id=\"4167\" class=\"elementor elementor-4167 elementor-2415\">\n\t\t\t\t<div class=\"elementor-element elementor-element-825f1f6 e-flex e-con-boxed e-con e-parent\" data-id=\"825f1f6\" data-element_type=\"container\" data-e-type=\"container\" data-settings=\"{&quot;background_background&quot;:&quot;classic&quot;,&quot;shape_divider_bottom&quot;:&quot;mountains&quot;}\">\n\t\t\t\t\t<div class=\"e-con-inner\">\n\t\t\t\t<div class=\"elementor-shape elementor-shape-bottom\" aria-hidden=\"true\" data-negative=\"false\">\n\t\t\t<svg xmlns=\"http:\/\/www.w3.org\/2000\/svg\" viewBox=\"0 0 1000 100\" preserveAspectRatio=\"none\">\n\t<path class=\"elementor-shape-fill\" opacity=\"0.33\" d=\"M473,67.3c-203.9,88.3-263.1-34-320.3,0C66,119.1,0,59.7,0,59.7V0h1000v59.7 c0,0-62.1,26.1-94.9,29.3c-32.8,3.3-62.8-12.3-75.8-22.1C806,49.6,745.3,8.7,694.9,4.7S492.4,59,473,67.3z\"\/>\n\t<path class=\"elementor-shape-fill\" opacity=\"0.66\" d=\"M734,67.3c-45.5,0-77.2-23.2-129.1-39.1c-28.6-8.7-150.3-10.1-254,39.1 s-91.7-34.4-149.2,0C115.7,118.3,0,39.8,0,39.8V0h1000v36.5c0,0-28.2-18.5-92.1-18.5C810.2,18.1,775.7,67.3,734,67.3z\"\/>\n\t<path class=\"elementor-shape-fill\" d=\"M766.1,28.9c-200-57.5-266,65.5-395.1,19.5C242,1.8,242,5.4,184.8,20.6C128,35.8,132.3,44.9,89.9,52.5C28.6,63.7,0,0,0,0 h1000c0,0-9.9,40.9-83.6,48.1S829.6,47,766.1,28.9z\"\/>\n<\/svg>\t\t<\/div>\n\t\t<div class=\"elementor-element elementor-element-8d63952 e-con-full e-flex e-con e-child\" data-id=\"8d63952\" data-element_type=\"container\" data-e-type=\"container\">\n\t\t\t\t<div class=\"elementor-element elementor-element-1ff5632 elementor-widget elementor-widget-heading\" data-id=\"1ff5632\" data-element_type=\"widget\" data-e-type=\"widget\" data-widget_type=\"heading.default\">\n\t\t\t\t<div class=\"elementor-widget-container\">\n\t\t\t\t\t<h2 class=\"elementor-heading-title elementor-size-default\">\u00dcber uns<\/h2>\t\t\t\t<\/div>\n\t\t\t\t<\/div>\n\t\t\t\t<div class=\"elementor-element elementor-element-be11111 elementor-widget elementor-widget-text-editor\" data-id=\"be11111\" data-element_type=\"widget\" data-e-type=\"widget\" data-widget_type=\"text-editor.default\">\n\t\t\t\t<div class=\"elementor-widget-container\">\n\t\t\t\t\t\t\t\t\t<p>Mit \u00fcber 25 Jahren Erfahrung auf dem kroatischen Immobilienmarkt begleiten wir unsere Kunden von der ersten Idee bis zur endg\u00fcltigen Realisierung. Durch die Kombination von fundierten lokalen Kenntnissen und einem internationalen Ansatz schaffen wir nahtlose und sichere Investitionsm\u00f6glichkeiten entlang der Adriak\u00fcste. <\/p>\t\t\t\t\t\t\t\t<\/div>\n\t\t\t\t<\/div>\n\t\t\t\t<div class=\"elementor-element elementor-element-09e8ce1 elementor-align-center elementor-widget elementor-widget-button\" data-id=\"09e8ce1\" data-element_type=\"widget\" data-e-type=\"widget\" data-widget_type=\"button.default\">\n\t\t\t\t<div class=\"elementor-widget-container\">\n\t\t\t\t\t\t\t\t\t<div class=\"elementor-button-wrapper\">\n\t\t\t\t\t<a class=\"elementor-button elementor-button-link elementor-size-sm\" href=\"https:\/\/darkviolet-jay-311267.hostingersite.com\/our-projects\/\">\n\t\t\t\t\t\t<span class=\"elementor-button-content-wrapper\">\n\t\t\t\t\t\t\t\t\t<span class=\"elementor-button-text\">PROJEKTE ANSEHEN<\/span>\n\t\t\t\t\t<\/span>\n\t\t\t\t\t<\/a>\n\t\t\t\t<\/div>\n\t\t\t\t\t\t\t\t<\/div>\n\t\t\t\t<\/div>\n\t\t\t\t<\/div>\n\t\t\t\t\t<\/div>\n\t\t\t\t<\/div>\n\t\t<div class=\"elementor-element elementor-element-9818345 e-flex e-con-boxed e-con e-parent\" data-id=\"9818345\" data-element_type=\"container\" data-e-type=\"container\">\n\t\t\t\t\t<div class=\"e-con-inner\">\n\t\t\t\t<div class=\"elementor-element elementor-element-7e73b83 elementor-widget elementor-widget-counter\" data-id=\"7e73b83\" data-element_type=\"widget\" data-e-type=\"widget\" data-widget_type=\"counter.default\">\n\t\t\t\t<div class=\"elementor-widget-container\">\n\t\t\t\t\t\t\t<div class=\"elementor-counter\">\n\t\t\t<div class=\"elementor-counter-title\">Jahre Erfahrung<\/div>\t\t\t<div class=\"elementor-counter-number-wrapper\">\n\t\t\t\t<span class=\"elementor-counter-number-prefix\"><\/span>\n\t\t\t\t<span class=\"elementor-counter-number\" data-duration=\"2000\" data-to-value=\"25\" data-from-value=\"0\" data-delimiter=\",\">0<\/span>\n\t\t\t\t<span class=\"elementor-counter-number-suffix\">+<\/span>\n\t\t\t<\/div>\n\t\t<\/div>\n\t\t\t\t\t\t<\/div>\n\t\t\t\t<\/div>\n\t\t\t\t<div class=\"elementor-element elementor-element-63c2e0e elementor-widget elementor-widget-counter\" data-id=\"63c2e0e\" data-element_type=\"widget\" data-e-type=\"widget\" data-widget_type=\"counter.default\">\n\t\t\t\t<div class=\"elementor-widget-container\">\n\t\t\t\t\t\t\t<div class=\"elementor-counter\">\n\t\t\t<div class=\"elementor-counter-title\">Umfassender ServiceSupport<\/div>\t\t\t<div class=\"elementor-counter-number-wrapper\">\n\t\t\t\t<span class=\"elementor-counter-number-prefix\"><\/span>\n\t\t\t\t<span class=\"elementor-counter-number\" data-duration=\"2000\" data-to-value=\"100\" data-from-value=\"0\" data-delimiter=\",\">0<\/span>\n\t\t\t\t<span class=\"elementor-counter-number-suffix\">%<\/span>\n\t\t\t<\/div>\n\t\t<\/div>\n\t\t\t\t\t\t<\/div>\n\t\t\t\t<\/div>\n\t\t\t\t\t<\/div>\n\t\t\t\t<\/div>\n\t\t<div class=\"elementor-element elementor-element-dca57ad e-flex e-con-boxed e-con e-parent\" data-id=\"dca57ad\" data-element_type=\"container\" data-e-type=\"container\">\n\t\t\t\t\t<div class=\"e-con-inner\">\n\t\t<div class=\"elementor-element elementor-element-8ec59ee e-con-full e-flex e-con e-child\" data-id=\"8ec59ee\" data-element_type=\"container\" data-e-type=\"container\">\n\t\t\t\t<div class=\"elementor-element elementor-element-7da0e9e elementor-widget elementor-widget-heading\" data-id=\"7da0e9e\" data-element_type=\"widget\" data-e-type=\"widget\" data-widget_type=\"heading.default\">\n\t\t\t\t<div class=\"elementor-widget-container\">\n\t\t\t\t\t<h2 class=\"elementor-heading-title elementor-size-default\">Warum sollten Sie sich f\u00fcr Immobilieneinrichtungen entscheiden?<\/h2>\t\t\t\t<\/div>\n\t\t\t\t<\/div>\n\t\t\t\t<div class=\"elementor-element elementor-element-4fda5f2 elementor-widget elementor-widget-text-editor\" data-id=\"4fda5f2\" data-element_type=\"widget\" data-e-type=\"widget\" data-widget_type=\"text-editor.default\">\n\t\t\t\t<div class=\"elementor-widget-container\">\n\t\t\t\t\t\t\t\t\t<p><span style=\"font-weight: 400;\">Keine Ortskenntnis bedeutet keine Sicherheit, und ohne Leidenschaft gibt es keine Ergebnisse. Real Estate Facilities unterst\u00fctzt Sie von der ersten Orientierung bis zur endg\u00fcltigen \u00dcbergabe Ihrer Immobilie oder Ihres Projekts. Mit \u00fcber 25 Jahren Erfahrung in Kroatien kennen wir die Vorschriften, den Markt und die richtigen Leute. Ob es um Notare, Architekten, Bauunternehmer oder lokale Beh\u00f6rden geht, unser Netzwerk sorgt daf\u00fcr, dass Ihre Investition sicher, transparent und gut verwaltet wird, einschlie\u00dflich aller Genehmigungsverfahren.Der Beitritt Kroatiens zur Europ\u00e4ischen Union im Jahr 2013 und die Einf\u00fchrung des Euro im Jahr 2023 haben das Investitionsklima erheblich verbessert. Real Estate Facilities steht f\u00fcr Zuverl\u00e4ssigkeit, Klarheit und einen realistischen Schritt-f\u00fcr-Schritt-Ansatz.    <\/span><\/p>\t\t\t\t\t\t\t\t<\/div>\n\t\t\t\t<\/div>\n\t\t\t\t<div class=\"elementor-element elementor-element-bef64f4 elementor-widget elementor-widget-video\" data-id=\"bef64f4\" data-element_type=\"widget\" data-e-type=\"widget\" data-settings=\"{&quot;youtube_url&quot;:&quot;https:\\\/\\\/youtu.be\\\/h4XjPaQb47M&quot;,&quot;start&quot;:1,&quot;autoplay&quot;:&quot;yes&quot;,&quot;loop&quot;:&quot;yes&quot;,&quot;yt_privacy&quot;:&quot;yes&quot;,&quot;end&quot;:83,&quot;mute&quot;:&quot;yes&quot;,&quot;video_type&quot;:&quot;youtube&quot;,&quot;controls&quot;:&quot;yes&quot;}\" data-widget_type=\"video.default\">\n\t\t\t\t<div class=\"elementor-widget-container\">\n\t\t\t\t\t\t\t<div class=\"elementor-wrapper elementor-open-inline\">\n\t\t\t<div class=\"elementor-video\"><\/div>\t\t<\/div>\n\t\t\t\t\t\t<\/div>\n\t\t\t\t<\/div>\n\t\t\t\t<\/div>\n\t\t\t\t\t<\/div>\n\t\t\t\t<\/div>\n\t\t<div class=\"elementor-element elementor-element-7066ad8 e-flex e-con-boxed e-con e-parent\" data-id=\"7066ad8\" data-element_type=\"container\" data-e-type=\"container\">\n\t\t\t\t\t<div class=\"e-con-inner\">\n\t\t\t\t<div class=\"elementor-element elementor-element-aa00e3a elementor-view-framed elementor-shape-rounded elementor-mobile-position-block-start elementor-widget elementor-widget-icon-box\" data-id=\"aa00e3a\" data-element_type=\"widget\" data-e-type=\"widget\" data-widget_type=\"icon-box.default\">\n\t\t\t\t<div class=\"elementor-widget-container\">\n\t\t\t\t\t\t\t<div class=\"elementor-icon-box-wrapper\">\n\n\t\t\t\t\t\t<div class=\"elementor-icon-box-icon\">\n\t\t\t\t<span  class=\"elementor-icon\">\n\t\t\t\t<i aria-hidden=\"true\" class=\"fas fa-home\"><\/i>\t\t\t\t<\/span>\n\t\t\t<\/div>\n\t\t\t\n\t\t\t\t\t\t<div class=\"elementor-icon-box-content\">\n\n\t\t\t\t\t\t\t\t\t<h3 class=\"elementor-icon-box-title\">\n\t\t\t\t\t\t<span  >\n\t\t\t\t\t\t\tWohnungen\t\t\t\t\t\t<\/span>\n\t\t\t\t\t<\/h3>\n\t\t\t\t\n\t\t\t\t\t\t\t\t\t<p class=\"elementor-icon-box-description\">\n\t\t\t\t\t\tImmobilienmarktes hilft Ihnen Real Estate Facilities bei der Suche nach hochwertigen Wohnungen in Dalmatien und Umgebung.\nDurch unser umfangreiches Netzwerk bieten wir Ihnen Zugang zu exklusiven Wohnungen in erstklassigen Lagen, von modernen Stadtresidenzen bis hin zu luxuri\u00f6sen H\u00e4usern an der K\u00fcste mit Panoramablick auf das Meer.\nWir bieten Ihnen eine pers\u00f6nliche Beratung, ber\u00fccksichtigen sorgf\u00e4ltig Ihre Pr\u00e4ferenzen und stellen sicher, dass Sie mit Zuversicht in eine Immobilie investieren k\u00f6nnen, die Ihrem Lebensstil und Ihren langfristigen Zielen entspricht. Sehen Sie sich unsere aktuellen Angebote an oder lassen Sie uns Ihnen helfen, Ihre ideale Wohnung in Kroatien zu finden. \t\t\t\t\t<\/p>\n\t\t\t\t\n\t\t\t<\/div>\n\t\t\t\n\t\t<\/div>\n\t\t\t\t\t\t<\/div>\n\t\t\t\t<\/div>\n\t\t\t\t<div class=\"elementor-element elementor-element-f7709f4 elementor-view-framed elementor-shape-rounded elementor-mobile-position-block-start elementor-widget elementor-widget-icon-box\" data-id=\"f7709f4\" data-element_type=\"widget\" data-e-type=\"widget\" data-widget_type=\"icon-box.default\">\n\t\t\t\t<div class=\"elementor-widget-container\">\n\t\t\t\t\t\t\t<div class=\"elementor-icon-box-wrapper\">\n\n\t\t\t\t\t\t<div class=\"elementor-icon-box-icon\">\n\t\t\t\t<span  class=\"elementor-icon\">\n\t\t\t\t<i aria-hidden=\"true\" class=\"fas fa-handshake\"><\/i>\t\t\t\t<\/span>\n\t\t\t<\/div>\n\t\t\t\n\t\t\t\t\t\t<div class=\"elementor-icon-box-content\">\n\n\t\t\t\t\t\t\t\t\t<h3 class=\"elementor-icon-box-title\">\n\t\t\t\t\t\t<span  >\n\t\t\t\t\t\t\tEntwicklung\t\t\t\t\t\t<\/span>\n\t\t\t\t\t<\/h3>\n\t\t\t\t\n\t\t\t\t\t\t\t\t\t<p class=\"elementor-icon-box-description\">\n\t\t\t\t\t\tEntwicklung von Wohnungen, Grundst\u00fccken und Immobilienprojekten in Kroatien. Real Estate Facilities unterst\u00fctzt sowohl private K\u00e4ufer als auch Investoren bei der Entwicklung und Realisierung von Wohnungen, Villen, Penth\u00e4usern und anderen Immobilienprojekten in ganz Kroatien. Mit unserer umfassenden Erfahrung in Bauprozessen und lokalen Vorschriften begleiten wir Projekte vom ersten Konzept bis zur endg\u00fcltigen \u00dcbergabe. Gemeinsam mit unserem vertrauensw\u00fcrdigen Netzwerk von Partnern sorgen wir f\u00fcr Transparenz, hochwertige Ausf\u00fchrungen und einen reibungslosen Entwicklungsprozess. Wir realisieren hochwertige Wohnprojekte in attraktiven Lagen entlang der Adriak\u00fcste.    \n\t\t\t\t\t<\/p>\n\t\t\t\t\n\t\t\t<\/div>\n\t\t\t\n\t\t<\/div>\n\t\t\t\t\t\t<\/div>\n\t\t\t\t<\/div>\n\t\t\t\t<div class=\"elementor-element elementor-element-7cc6b6b elementor-view-framed elementor-shape-rounded elementor-mobile-position-block-start elementor-widget elementor-widget-icon-box\" data-id=\"7cc6b6b\" data-element_type=\"widget\" data-e-type=\"widget\" data-widget_type=\"icon-box.default\">\n\t\t\t\t<div class=\"elementor-widget-container\">\n\t\t\t\t\t\t\t<div class=\"elementor-icon-box-wrapper\">\n\n\t\t\t\t\t\t<div class=\"elementor-icon-box-icon\">\n\t\t\t\t<span  class=\"elementor-icon\">\n\t\t\t\t<i aria-hidden=\"true\" class=\"fas fa-mountain\"><\/i>\t\t\t\t<\/span>\n\t\t\t<\/div>\n\t\t\t\n\t\t\t\t\t\t<div class=\"elementor-icon-box-content\">\n\n\t\t\t\t\t\t\t\t\t<h3 class=\"elementor-icon-box-title\">\n\t\t\t\t\t\t<span  >\n\t\t\t\t\t\t\tLand\t\t\t\t\t\t<\/span>\n\t\t\t\t\t<\/h3>\n\t\t\t\t\n\t\t\t\t\t\t\t\t\t<p class=\"elementor-icon-box-description\">\n\t\t\t\t\t\tBaugrundst\u00fccke zu attraktiven Preisen in Dalmatien (Kroatien). Mit mehr als 25 Jahren pers\u00f6nlicher Erfahrung in Kroatien bietet Real Estate Facilities direkten und exklusiven Zugang zu Baugrundst\u00fccken in erstklassigen Lagen, ohne Zwischenh\u00e4ndler.\nDank unseres sorgf\u00e4ltig aufgebauten und zuverl\u00e4ssigen Netzwerks sind wir in der Lage, Grundst\u00fccke zu \u00e4u\u00dferst wettbewerbsf\u00e4higen Preisen anzubieten. Wie immer begleiten wir Sie von A bis Z. Sind Sie auf der Suche nach dem perfekten Baugrundst\u00fcck in Dalmatien? Sehen Sie sich unsere aktuellen Angebote an oder stellen Sie eine unverbindliche Anfrage. Ihr idealer Standort ist zum Greifen nah.    \t\t\t\t\t<\/p>\n\t\t\t\t\n\t\t\t<\/div>\n\t\t\t\n\t\t<\/div>\n\t\t\t\t\t\t<\/div>\n\t\t\t\t<\/div>\n\t\t\t\t\t<\/div>\n\t\t\t\t<\/div>\n\t\t<div class=\"elementor-element elementor-element-4329510 e-flex e-con-boxed e-con e-parent\" data-id=\"4329510\" data-element_type=\"container\" data-e-type=\"container\">\n\t\t\t\t\t<div class=\"e-con-inner\">\n\t\t\t\t<div class=\"elementor-element elementor-element-7794f1f elementor-widget elementor-widget-heading\" data-id=\"7794f1f\" data-element_type=\"widget\" data-e-type=\"widget\" data-widget_type=\"heading.default\">\n\t\t\t\t<div class=\"elementor-widget-container\">\n\t\t\t\t\t<h2 class=\"elementor-heading-title elementor-size-default\">Fachwissen<\/h2>\t\t\t\t<\/div>\n\t\t\t\t<\/div>\n\t\t\t\t<div class=\"elementor-element elementor-element-9f59c38 elementor-widget elementor-widget-elementskit-accordion\" data-id=\"9f59c38\" data-element_type=\"widget\" data-e-type=\"widget\" data-widget_type=\"elementskit-accordion.default\">\n\t\t\t\t<div class=\"elementor-widget-container\">\n\t\t\t\t\t<div class=\"ekit-wid-con\" >\n        <div class=\"elementskit-accordion accoedion-primary\" id=\"accordion-69fa10a07f114\">\n\n            \n                <div class=\"elementskit-card active\">\n                    <div class=\"elementskit-card-header\" id=\"primaryHeading-0-9f59c38\">\n                        <a href=\"#collapse-d58c76369fa10a07f114\" class=\"ekit-accordion--toggler elementskit-btn-link collapsed\" data-ekit-toggle=\"collapse\" data-target=\"#Collapse-d58c76369fa10a07f114\" aria-expanded=\"true\" aria-controls=\"Collapse-d58c76369fa10a07f114\">\n                            \n                            <span class=\"ekit-accordion-title\">Experte f\u00fcr Bauwesen und Projektentwicklung in Kroatien<\/span>\n\n                            \n                                <div class=\"ekit_accordion_icon_group\">\n                                    <div class=\"ekit_accordion_normal_icon\">\n                                        <!-- Normal Icon -->\n\t\t\t\t\t\t\t\t\t\t<i class=\"icon icon-down-arrow1\"><\/i>                                    <\/div>\n\n                                    <div class=\"ekit_accordion_active_icon\">\n                                        <!-- Active Icon -->\n\t\t\t\t\t\t\t\t\t\t<i class=\"icon icon-up-arrow1\"><\/i>                                    <\/div>\n                                <\/div>\n\n                            \n                                                    <\/a>\n                    <\/div>\n\n                    <div id=\"Collapse-d58c76369fa10a07f114\" class=\" show collapse\" aria-labelledby=\"primaryHeading-0-9f59c38\" data-parent=\"#accordion-69fa10a07f114\">\n\n                        <div class=\"elementskit-card-body ekit-accordion--content\">\n                            <p><span style=\"font-weight: 400\">Real Estate Facilities arbeitet mit einem starken Netzwerk von lokalen Spezialisten zusammen, die Sie bei jedem Schritt Ihrer Investition begleiten:<\/span><\/p>\n                        <\/div>\n\n                    <\/div>\n\n                <\/div><!-- .elementskit-card END -->\n\n                \n                <div class=\"elementskit-card \">\n                    <div class=\"elementskit-card-header\" id=\"primaryHeading-1-9f59c38\">\n                        <a href=\"#collapse-fe27dda69fa10a07f114\" class=\"ekit-accordion--toggler elementskit-btn-link collapsed\" data-ekit-toggle=\"collapse\" data-target=\"#Collapse-fe27dda69fa10a07f114\" aria-expanded=\"false\" aria-controls=\"Collapse-fe27dda69fa10a07f114\">\n                            \n                            <span class=\"ekit-accordion-title\">Rechtliche und steuerliche Beratung<\/span>\n\n                            \n                                <div class=\"ekit_accordion_icon_group\">\n                                    <div class=\"ekit_accordion_normal_icon\">\n                                        <!-- Normal Icon -->\n\t\t\t\t\t\t\t\t\t\t<i class=\"icon icon-down-arrow1\"><\/i>                                    <\/div>\n\n                                    <div class=\"ekit_accordion_active_icon\">\n                                        <!-- Active Icon -->\n\t\t\t\t\t\t\t\t\t\t<i class=\"icon icon-up-arrow1\"><\/i>                                    <\/div>\n                                <\/div>\n\n                            \n                                                    <\/a>\n                    <\/div>\n\n                    <div id=\"Collapse-fe27dda69fa10a07f114\" class=\" collapse\" aria-labelledby=\"primaryHeading-1-9f59c38\" data-parent=\"#accordion-69fa10a07f114\">\n\n                        <div class=\"elementskit-card-body ekit-accordion--content\">\n                            <p><span style=\"font-weight: 400\">Unsere lokalen Anw\u00e4lte und Steuerberater sorgen f\u00fcr einen rechtssicheren Kauf.<\/span><\/p>\n                        <\/div>\n\n                    <\/div>\n\n                <\/div><!-- .elementskit-card END -->\n\n                \n                <div class=\"elementskit-card \">\n                    <div class=\"elementskit-card-header\" id=\"primaryHeading-2-9f59c38\">\n                        <a href=\"#collapse-08a6ee569fa10a07f114\" class=\"ekit-accordion--toggler elementskit-btn-link collapsed\" data-ekit-toggle=\"collapse\" data-target=\"#Collapse-08a6ee569fa10a07f114\" aria-expanded=\"false\" aria-controls=\"Collapse-08a6ee569fa10a07f114\">\n                            \n                            <span class=\"ekit-accordion-title\">Baugenehmigungen und Architektur<\/span>\n\n                            \n                                <div class=\"ekit_accordion_icon_group\">\n                                    <div class=\"ekit_accordion_normal_icon\">\n                                        <!-- Normal Icon -->\n\t\t\t\t\t\t\t\t\t\t<i class=\"icon icon-down-arrow1\"><\/i>                                    <\/div>\n\n                                    <div class=\"ekit_accordion_active_icon\">\n                                        <!-- Active Icon -->\n\t\t\t\t\t\t\t\t\t\t<i class=\"icon icon-up-arrow1\"><\/i>                                    <\/div>\n                                <\/div>\n\n                            \n                                                    <\/a>\n                    <\/div>\n\n                    <div id=\"Collapse-08a6ee569fa10a07f114\" class=\" collapse\" aria-labelledby=\"primaryHeading-2-9f59c38\" data-parent=\"#accordion-69fa10a07f114\">\n\n                        <div class=\"elementskit-card-body ekit-accordion--content\">\n                            <p><span style=\"font-weight: 400\">In Zusammenarbeit mit unseren Architekten und Spezialisten werden alle Genehmigungen professionell verwaltet.<\/span><\/p>\n                        <\/div>\n\n                    <\/div>\n\n                <\/div><!-- .elementskit-card END -->\n\n                \n                <div class=\"elementskit-card \">\n                    <div class=\"elementskit-card-header\" id=\"primaryHeading-3-9f59c38\">\n                        <a href=\"#collapse-e4de8d369fa10a07f114\" class=\"ekit-accordion--toggler elementskit-btn-link collapsed\" data-ekit-toggle=\"collapse\" data-target=\"#Collapse-e4de8d369fa10a07f114\" aria-expanded=\"false\" aria-controls=\"Collapse-e4de8d369fa10a07f114\">\n                            \n                            <span class=\"ekit-accordion-title\">Gesch\u00e4ftliche Investitionen<\/span>\n\n                            \n                                <div class=\"ekit_accordion_icon_group\">\n                                    <div class=\"ekit_accordion_normal_icon\">\n                                        <!-- Normal Icon -->\n\t\t\t\t\t\t\t\t\t\t<i class=\"icon icon-down-arrow1\"><\/i>                                    <\/div>\n\n                                    <div class=\"ekit_accordion_active_icon\">\n                                        <!-- Active Icon -->\n\t\t\t\t\t\t\t\t\t\t<i class=\"icon icon-up-arrow1\"><\/i>                                    <\/div>\n                                <\/div>\n\n                            \n                                                    <\/a>\n                    <\/div>\n\n                    <div id=\"Collapse-e4de8d369fa10a07f114\" class=\" collapse\" aria-labelledby=\"primaryHeading-3-9f59c38\" data-parent=\"#accordion-69fa10a07f114\">\n\n                        <div class=\"elementskit-card-body ekit-accordion--content\">\n                            <p><span style=\"font-weight: 400\">F\u00fcr Investoren helfen wir bei der Gr\u00fcndung einer kroatischen Gesellschaft (d.o.o.), die vorbehaltlich der Genehmigung durch die zust\u00e4ndigen Beh\u00f6rden innerhalb eines Monats betriebsbereit sein kann. Kroatien bietet attraktive Steuervorteile. <\/span><\/p>\n                        <\/div>\n\n                    <\/div>\n\n                <\/div><!-- .elementskit-card END -->\n\n                \n                <div class=\"elementskit-card \">\n                    <div class=\"elementskit-card-header\" id=\"primaryHeading-4-9f59c38\">\n                        <a href=\"#collapse-d5f788069fa10a07f114\" class=\"ekit-accordion--toggler elementskit-btn-link collapsed\" data-ekit-toggle=\"collapse\" data-target=\"#Collapse-d5f788069fa10a07f114\" aria-expanded=\"false\" aria-controls=\"Collapse-d5f788069fa10a07f114\">\n                            \n                            <span class=\"ekit-accordion-title\">Mieteinnahmen<\/span>\n\n                            \n                                <div class=\"ekit_accordion_icon_group\">\n                                    <div class=\"ekit_accordion_normal_icon\">\n                                        <!-- Normal Icon -->\n\t\t\t\t\t\t\t\t\t\t<i class=\"icon icon-down-arrow1\"><\/i>                                    <\/div>\n\n                                    <div class=\"ekit_accordion_active_icon\">\n                                        <!-- Active Icon -->\n\t\t\t\t\t\t\t\t\t\t<i class=\"icon icon-up-arrow1\"><\/i>                                    <\/div>\n                                <\/div>\n\n                            \n                                                    <\/a>\n                    <\/div>\n\n                    <div id=\"Collapse-d5f788069fa10a07f114\" class=\" collapse\" aria-labelledby=\"primaryHeading-4-9f59c38\" data-parent=\"#accordion-69fa10a07f114\">\n\n                        <div class=\"elementskit-card-body ekit-accordion--content\">\n                            <p><span style=\"font-weight: 400\">Gewerbeimmobilien in Kroatien bieten hohe Mietrenditen, die im Vergleich zu anderen europ\u00e4ischen L\u00e4ndern oft \u00fcberdurchschnittlich hoch sind.<\/span><\/p>\n                        <\/div>\n\n                    <\/div>\n\n                <\/div><!-- .elementskit-card END -->\n\n                                        <\/div>\n    <\/div>\t\t\t\t<\/div>\n\t\t\t\t<\/div>\n\t\t\t\t\t<\/div>\n\t\t\t\t<\/div>\n\t\t\t\t<\/div>\n\t\t","protected":false},"excerpt":{"rendered":"<p>\u00dcber uns Mit \u00fcber 25 Jahren Erfahrung auf dem kroatischen Immobilienmarkt begleiten wir unsere Kunden von der ersten Idee bis zur endg\u00fcltigen Realisierung. Durch die Kombination von fundierten lokalen Kenntnissen und einem internationalen Ansatz schaffen wir nahtlose und sichere Investitionsm\u00f6glichkeiten entlang der Adriak\u00fcste. PROJEKTE ANSEHEN Jahre Erfahrung 0 + Umfassender ServiceSupport 0 % Warum sollten [&hellip;]<\/p>\n","protected":false},"author":1,"featured_media":0,"parent":0,"menu_order":0,"comment_status":"closed","ping_status":"closed","template":"","meta":{"footnotes":""},"class_list":["post-4167","page","type-page","status-publish","hentry"],"blocksy_meta":[],"_links":{"self":[{"href":"https:\/\/realestate-facilities.com\/de\/wp-json\/wp\/v2\/pages\/4167","targetHints":{"allow":["GET"]}}],"collection":[{"href":"https:\/\/realestate-facilities.com\/de\/wp-json\/wp\/v2\/pages"}],"about":[{"href":"https:\/\/realestate-facilities.com\/de\/wp-json\/wp\/v2\/types\/page"}],"author":[{"embeddable":true,"href":"https:\/\/realestate-facilities.com\/de\/wp-json\/wp\/v2\/users\/1"}],"replies":[{"embeddable":true,"href":"https:\/\/realestate-facilities.com\/de\/wp-json\/wp\/v2\/comments?post=4167"}],"version-history":[{"count":2,"href":"https:\/\/realestate-facilities.com\/de\/wp-json\/wp\/v2\/pages\/4167\/revisions"}],"predecessor-version":[{"id":4170,"href":"https:\/\/realestate-facilities.com\/de\/wp-json\/wp\/v2\/pages\/4167\/revisions\/4170"}],"wp:attachment":[{"href":"https:\/\/realestate-facilities.com\/de\/wp-json\/wp\/v2\/media?parent=4167"}],"curies":[{"name":"wp","href":"https:\/\/api.w.org\/{rel}","templated":true}]}}