{"id":4163,"date":"2026-03-20T21:19:34","date_gmt":"2026-03-20T21:19:34","guid":{"rendered":"https:\/\/darkviolet-jay-311267.hostingersite.com\/wohnungen\/"},"modified":"2026-04-25T11:38:26","modified_gmt":"2026-04-25T11:38:26","slug":"wohnungen","status":"publish","type":"page","link":"https:\/\/realestate-facilities.com\/de\/wohnungen\/","title":{"rendered":"Wohnungen"},"content":{"rendered":"\t\t<div data-elementor-type=\"wp-page\" data-elementor-id=\"4163\" class=\"elementor elementor-4163 elementor-3540\">\n\t\t\t\t<div class=\"elementor-element elementor-element-36742e8 e-flex e-con-boxed e-con e-parent\" data-id=\"36742e8\" data-element_type=\"container\" data-e-type=\"container\" data-settings=\"{&quot;background_background&quot;:&quot;classic&quot;,&quot;shape_divider_bottom&quot;:&quot;mountains&quot;}\">\n\t\t\t\t\t<div class=\"e-con-inner\">\n\t\t\t\t<div class=\"elementor-shape elementor-shape-bottom\" aria-hidden=\"true\" data-negative=\"false\">\n\t\t\t<svg xmlns=\"http:\/\/www.w3.org\/2000\/svg\" viewBox=\"0 0 1000 100\" preserveAspectRatio=\"none\">\n\t<path class=\"elementor-shape-fill\" opacity=\"0.33\" d=\"M473,67.3c-203.9,88.3-263.1-34-320.3,0C66,119.1,0,59.7,0,59.7V0h1000v59.7 c0,0-62.1,26.1-94.9,29.3c-32.8,3.3-62.8-12.3-75.8-22.1C806,49.6,745.3,8.7,694.9,4.7S492.4,59,473,67.3z\"\/>\n\t<path class=\"elementor-shape-fill\" opacity=\"0.66\" d=\"M734,67.3c-45.5,0-77.2-23.2-129.1-39.1c-28.6-8.7-150.3-10.1-254,39.1 s-91.7-34.4-149.2,0C115.7,118.3,0,39.8,0,39.8V0h1000v36.5c0,0-28.2-18.5-92.1-18.5C810.2,18.1,775.7,67.3,734,67.3z\"\/>\n\t<path class=\"elementor-shape-fill\" d=\"M766.1,28.9c-200-57.5-266,65.5-395.1,19.5C242,1.8,242,5.4,184.8,20.6C128,35.8,132.3,44.9,89.9,52.5C28.6,63.7,0,0,0,0 h1000c0,0-9.9,40.9-83.6,48.1S829.6,47,766.1,28.9z\"\/>\n<\/svg>\t\t<\/div>\n\t\t\t\t\t<\/div>\n\t\t\t\t<\/div>\n\t\t<div class=\"elementor-element elementor-element-11daf9c e-flex e-con-boxed e-con e-parent\" data-id=\"11daf9c\" data-element_type=\"container\" data-e-type=\"container\">\n\t\t\t\t\t<div class=\"e-con-inner\">\n\t\t\t\t<div class=\"elementor-element elementor-element-9c043ec elementor-widget elementor-widget-heading\" data-id=\"9c043ec\" data-element_type=\"widget\" data-e-type=\"widget\" data-widget_type=\"heading.default\">\n\t\t\t\t<div class=\"elementor-widget-container\">\n\t\t\t\t\t<h2 class=\"elementor-heading-title elementor-size-default\">Unsere Wohnungen  <\/h2>\t\t\t\t<\/div>\n\t\t\t\t<\/div>\n\t\t\t\t<div class=\"elementor-element elementor-element-e6e5c04 elementor-widget elementor-widget-heading\" data-id=\"e6e5c04\" data-element_type=\"widget\" data-e-type=\"widget\" data-widget_type=\"heading.default\">\n\t\t\t\t<div class=\"elementor-widget-container\">\n\t\t\t\t\t<h2 class=\"elementor-heading-title elementor-size-default\">Unsere Wohnungen<\/h2>\t\t\t\t<\/div>\n\t\t\t\t<\/div>\n\t\t\t\t<div class=\"elementor-element elementor-element-ed0b5ac elementor-widget elementor-widget-text-editor\" data-id=\"ed0b5ac\" data-element_type=\"widget\" data-e-type=\"widget\" data-widget_type=\"text-editor.default\">\n\t\t\t\t<div class=\"elementor-widget-container\">\n\t\t\t\t\t\t\t\t\t<p>Finden Sie hochwertige Apartments in bester Lage, von pulsierenden Stadtresidenzen bis hin zu H\u00e4usern an der K\u00fcste mit Panoramablick aufs Meer. Ideal sowohl f\u00fcr den pers\u00f6nlichen Gebrauch als auch f\u00fcr intelligente Investitionsm\u00f6glichkeiten.<br><br><span style=\"text-decoration: underline;\">Im Moment sind keine Wohnungen verf\u00fcgbar!<\/span><\/p>\t\t\t\t\t\t\t\t<\/div>\n\t\t\t\t<\/div>\n\t\t\t\t\t<\/div>\n\t\t\t\t<\/div>\n\t\t<div class=\"elementor-element elementor-element-457ca8d e-flex e-con-boxed e-con e-parent\" data-id=\"457ca8d\" data-element_type=\"container\" data-e-type=\"container\">\n\t\t\t\t\t<div class=\"e-con-inner\">\n\t\t\t\t<div class=\"elementor-element elementor-element-5fa42fc elementor-widget elementor-widget-google_maps\" data-id=\"5fa42fc\" data-element_type=\"widget\" data-e-type=\"widget\" data-widget_type=\"google_maps.default\">\n\t\t\t\t<div class=\"elementor-widget-container\">\n\t\t\t\t\t\t\t<div class=\"elementor-custom-embed\">\n\t\t\t<iframe loading=\"lazy\"\n\t\t\t\t\tsrc=\"https:\/\/maps.google.com\/maps?q=Ulica%20hrvatskih%20%C5%BErtava%20360&#038;t=m&#038;z=10&#038;output=embed&#038;iwloc=near\"\n\t\t\t\t\ttitle=\"Ulica hrvatskih \u017ertava 360\"\n\t\t\t\t\taria-label=\"Ulica hrvatskih \u017ertava 360\"\n\t\t\t><\/iframe>\n\t\t<\/div>\n\t\t\t\t\t\t<\/div>\n\t\t\t\t<\/div>\n\t\t\t\t\t<\/div>\n\t\t\t\t<\/div>\n\t\t\t\t<\/div>\n\t\t","protected":false},"excerpt":{"rendered":"<p>Unsere Wohnungen Unsere Wohnungen Finden Sie hochwertige Apartments in bester Lage, von pulsierenden Stadtresidenzen bis hin zu H\u00e4usern an der K\u00fcste mit Panoramablick aufs Meer. Ideal sowohl f\u00fcr den pers\u00f6nlichen Gebrauch als auch f\u00fcr intelligente Investitionsm\u00f6glichkeiten. Im Moment sind keine Wohnungen verf\u00fcgbar!<\/p>\n","protected":false},"author":1,"featured_media":0,"parent":0,"menu_order":0,"comment_status":"closed","ping_status":"closed","template":"","meta":{"footnotes":""},"class_list":["post-4163","page","type-page","status-publish","hentry"],"blocksy_meta":[],"_links":{"self":[{"href":"https:\/\/realestate-facilities.com\/de\/wp-json\/wp\/v2\/pages\/4163","targetHints":{"allow":["GET"]}}],"collection":[{"href":"https:\/\/realestate-facilities.com\/de\/wp-json\/wp\/v2\/pages"}],"about":[{"href":"https:\/\/realestate-facilities.com\/de\/wp-json\/wp\/v2\/types\/page"}],"author":[{"embeddable":true,"href":"https:\/\/realestate-facilities.com\/de\/wp-json\/wp\/v2\/users\/1"}],"replies":[{"embeddable":true,"href":"https:\/\/realestate-facilities.com\/de\/wp-json\/wp\/v2\/comments?post=4163"}],"version-history":[{"count":1,"href":"https:\/\/realestate-facilities.com\/de\/wp-json\/wp\/v2\/pages\/4163\/revisions"}],"predecessor-version":[{"id":4164,"href":"https:\/\/realestate-facilities.com\/de\/wp-json\/wp\/v2\/pages\/4163\/revisions\/4164"}],"wp:attachment":[{"href":"https:\/\/realestate-facilities.com\/de\/wp-json\/wp\/v2\/media?parent=4163"}],"curies":[{"name":"wp","href":"https:\/\/api.w.org\/{rel}","templated":true}]}}