{"id":1945,"date":"2021-05-06T09:18:21","date_gmt":"2021-05-06T09:18:21","guid":{"rendered":"https:\/\/croatiaproperties.nl\/?page_id=1945"},"modified":"2021-05-06T09:18:21","modified_gmt":"2021-05-06T09:18:21","slug":"seget-donji-baugrundstueck-kaufen","status":"publish","type":"page","link":"https:\/\/realestate-facilities.com\/de\/seget-donji-baugrundstueck-kaufen\/","title":{"rendered":"Seget Donji Baugrundst\u00fcck kaufen"},"content":{"rendered":"<p>[et_pb_section fb_built=&#8220;1&#8243; admin_label=&#8220;Header Section&#8220; _builder_version=&#8220;3.22&#8243; background_color=&#8220;#ededed&#8220; use_background_color_gradient=&#8220;on&#8220; background_color_gradient_start=&#8220;#ffffff&#8220; background_color_gradient_end=&#8220;rgba(255,255,255,0)&#8220; background_color_gradient_overlays_image=&#8220;on&#8220; background_position=&#8220;top_center&#8220; custom_padding=&#8220;0px||0px|&#8220; locked=&#8220;off&#8220;][et_pb_row column_structure=&#8220;1_2,1_2&#8243; use_custom_gutter=&#8220;on&#8220; make_equal=&#8220;on&#8220; admin_label=&#8220;CTA Row&#8220; _builder_version=&#8220;4.9.4&#8243; width=&#8220;100%&#8220; max_width=&#8220;100%&#8220; custom_margin=&#8220;|||&#8220; custom_padding=&#8220;0px|0px|0px|0px&#8220; use_custom_width=&#8220;on&#8220; width_unit=&#8220;off&#8220; custom_width_percent=&#8220;100%&#8220;][et_pb_column type=&#8220;1_2&#8243; _builder_version=&#8220;4.9.4&#8243; custom_padding=&#8220;18%||18%|10%&#8220; custom_padding_tablet=&#8220;|10%||&#8220; custom_padding_phone=&#8220;&#8220; custom_padding_last_edited=&#8220;on|tablet&#8220; padding_tablet=&#8220;|10%||&#8220; padding_last_edited=&#8220;on|tablet&#8220; custom_padding__hover=&#8220;|||&#8220;][et_pb_cta title=&#8220;Perceel: Seget Donji 10.000&#8243; button_url=&#8220;@ET-DC@eyJkeW5hbWljIjp0cnVlLCJjb250ZW50IjoicG9zdF9saW5rX3VybF9wYWdlIiwic2V0dGluZ3MiOnsicG9zdF9pZCI6Ijk2In19@&#8220; button_text=&#8220;Kontakt&#8220; admin_label=&#8220;Heading, Subheading &#038; CTA Button&#8220; _builder_version=&#8220;4.9.4&#8243; _dynamic_attributes=&#8220;button_url&#8220; header_level=&#8220;h1&#8243; header_font=&#8220;Muli|700|||||||&#8220; header_text_align=&#8220;left&#8220; header_font_size=&#8220;65px&#8220; header_line_height=&#8220;1.4em&#8220; body_font=&#8220;Muli|600|||||||&#8220; body_text_align=&#8220;left&#8220; body_font_size=&#8220;18px&#8220; body_line_height=&#8220;1.8em&#8220; use_background_color=&#8220;off&#8220; custom_button=&#8220;on&#8220; button_text_size=&#8220;16px&#8220; button_text_color=&#8220;#ffffff&#8220; button_bg_color=&#8220;#f4583f&#8220; button_border_width=&#8220;10px&#8220; button_border_color=&#8220;#f4583f&#8220; button_border_radius=&#8220;0px&#8220; button_font=&#8220;Muli|700|||||||&#8220; button_use_icon=&#8220;off&#8220; background_layout=&#8220;light&#8220; max_width=&#8220;540px&#8220; module_alignment=&#8220;right&#8220; custom_margin=&#8220;|||&#8220; custom_margin_tablet=&#8220;3vw||3vw|&#8220; custom_margin_phone=&#8220;|||&#8220; custom_margin_last_edited=&#8220;on|desktop&#8220; animation_style=&#8220;fade&#8220; hover_enabled=&#8220;0&#8243; header_font_size_tablet=&#8220;&#8220; header_font_size_phone=&#8220;50px&#8220; header_font_size_last_edited=&#8220;on|phone&#8220; button_border_radius_hover=&#8220;0px&#8220; locked=&#8220;off&#8220; button_text_size__hover_enabled=&#8220;off&#8220; button_one_text_size__hover_enabled=&#8220;off&#8220; button_two_text_size__hover_enabled=&#8220;off&#8220; button_text_color__hover_enabled=&#8220;off&#8220; button_one_text_color__hover_enabled=&#8220;off&#8220; button_two_text_color__hover_enabled=&#8220;off&#8220; button_border_width__hover_enabled=&#8220;off&#8220; button_one_border_width__hover_enabled=&#8220;off&#8220; button_two_border_width__hover_enabled=&#8220;off&#8220; button_border_color__hover_enabled=&#8220;off&#8220; button_one_border_color__hover_enabled=&#8220;off&#8220; button_two_border_color__hover_enabled=&#8220;off&#8220; button_border_radius__hover_enabled=&#8220;on&#8220; button_border_radius__hover=&#8220;0px&#8220; button_one_border_radius__hover_enabled=&#8220;off&#8220; button_two_border_radius__hover_enabled=&#8220;off&#8220; button_letter_spacing__hover_enabled=&#8220;off&#8220; button_one_letter_spacing__hover_enabled=&#8220;off&#8220; button_two_letter_spacing__hover_enabled=&#8220;off&#8220; button_bg_color__hover_enabled=&#8220;off&#8220; button_one_bg_color__hover_enabled=&#8220;off&#8220; button_two_bg_color__hover_enabled=&#8220;off&#8220; sticky_enabled=&#8220;0&#8243;]<\/p>\n<p>Einzigartiges Grundst\u00fcck \/ Baugrundst\u00fcck von 10.000 m\u00b2 zum Verkauf, um Ihr Traumhaus in Kroatien zu verwirklichen. Preis 295 \u20ac pro m\u00b2<\/p>\n<p>[\/et_pb_cta][\/et_pb_column][et_pb_column type=&#8220;1_2&#8243; _builder_version=&#8220;4.9.4&#8243; background_image=&#8220;https:\/\/realestate-facilities.com\/wp-content\/uploads\/2021\/04\/bouwgrond-perceel-seget-donji-kroatie-4.jpg&#8220; custom_padding=&#8220;|||&#8220; custom_padding__hover=&#8220;|||&#8220;][et_pb_divider show_divider=&#8220;off&#8220; _builder_version=&#8220;3.2&#8243; height=&#8220;300px&#8220;][\/et_pb_divider][\/et_pb_column][\/et_pb_row][\/et_pb_section][et_pb_section fb_built=&#8220;1&#8243; admin_label=&#8220;CTA Section&#8220; _builder_version=&#8220;3.22&#8243; custom_padding=&#8220;100px||100px|&#8220; global_module=&#8220;797&#8243;][et_pb_row use_custom_gutter=&#8220;on&#8220; admin_label=&#8220;CTA Row&#8220; _builder_version=&#8220;3.25&#8243; custom_margin=&#8220;|||&#8220; custom_padding=&#8220;|||&#8220;][et_pb_column type=&#8220;4_4&#8243; _builder_version=&#8220;3.25&#8243; custom_padding=&#8220;|||&#8220; custom_padding__hover=&#8220;|||&#8220;][et_pb_text admin_label=&#8220;Title &#038; Paragraph&#8220; _builder_version=&#8220;4.9.4&#8243; text_font=&#8220;Muli|600|||||||&#8220; text_font_size=&#8220;18px&#8220; text_line_height=&#8220;1.8em&#8220; header_font=&#8220;||||||||&#8220; header_2_font=&#8220;Muli|700|||||||&#8220; header_2_font_size=&#8220;50px&#8220; header_2_line_height=&#8220;1.4em&#8220; text_orientation=&#8220;center&#8220; max_width=&#8220;640px&#8220; max_width_last_edited=&#8220;off|desktop&#8220; module_alignment=&#8220;center&#8220; custom_margin=&#8220;|||&#8220; custom_margin_tablet=&#8220;0px|||0px&#8220; custom_margin_last_edited=&#8220;off|desktop&#8220; custom_padding=&#8220;|||&#8220; custom_padding_last_edited=&#8220;off|desktop&#8220; header_2_font_size_tablet=&#8220;&#8220; header_2_font_size_phone=&#8220;40px&#8220; header_2_font_size_last_edited=&#8220;on|desktop&#8220; locked=&#8220;off&#8220;]<\/p>\n<h2>Alles f\u00fcr Sie arrangiert<\/h2>\n<p>Suchen Sie nach Bauland in Kroatien, dann sind Sie bei Real Estate Facilities genau richtig. Dank unserer langj\u00e4hrigen Erfahrung helfen wir Ihnen in allen Bereichen. Von der Auswahl des richtigen Standorts \u00fcber die Beantragung von Genehmigungen bis hin zur Realisierung Ihres Bauprojekts.<\/p>\n<p>[\/et_pb_text][\/et_pb_column][\/et_pb_row][et_pb_row column_structure=&#8220;1_3,1_3,1_3&#8243; admin_label=&#8220;Process Row&#8220; _builder_version=&#8220;3.25&#8243;][et_pb_column type=&#8220;1_3&#8243; _builder_version=&#8220;3.25&#8243; custom_padding=&#8220;|||&#8220; custom_padding__hover=&#8220;|||&#8220;][et_pb_blurb title=&#8220;Gute Investition&#8220; image=&#8220;https:\/\/realestate-facilities.com\/wp-content\/uploads\/2020\/08\/number-icons_1.png&#8220; image_max_width=&#8220;38px&#8220; admin_label=&#8220;Process&#8220; _builder_version=&#8220;4.6.0&#8243; header_font=&#8220;Muli|700|||||||&#8220; header_text_align=&#8220;center&#8220; header_font_size=&#8220;20px&#8220; header_line_height=&#8220;1.4em&#8220; body_font=&#8220;Muli|600|||||||&#8220; body_text_align=&#8220;center&#8220; body_font_size=&#8220;16px&#8220; body_line_height=&#8220;1.8em&#8220; border_width_all_image=&#8220;4px&#8220; border_color_all_image=&#8220;#f4583f&#8220;]<\/p>\n<p>Der Kauf von Bauland in Kroatien ist derzeit eine interessante und gute Investition oder Investition. Es ist ein sehr sch\u00f6ner Ort, um selbst zu leben oder selbst ein Grundst\u00fcck zu entwickeln.<\/p>\n<p>[\/et_pb_blurb][\/et_pb_column][et_pb_column type=&#8220;1_3&#8243; _builder_version=&#8220;3.25&#8243; custom_padding=&#8220;|||&#8220; custom_padding__hover=&#8220;|||&#8220;][et_pb_blurb title=&#8220;Komplette Entlastung&#8220; image=&#8220;https:\/\/realestate-facilities.com\/wp-content\/uploads\/2020\/08\/number-icons_2.png&#8220; image_max_width=&#8220;38px&#8220; admin_label=&#8220;Process&#8220; _builder_version=&#8220;4.6.0&#8243; header_font=&#8220;Muli|700|||||||&#8220; header_text_align=&#8220;center&#8220; header_font_size=&#8220;20px&#8220; header_line_height=&#8220;1.4em&#8220; body_font=&#8220;Muli|600|||||||&#8220; body_text_align=&#8220;center&#8220; body_font_size=&#8220;16px&#8220; body_line_height=&#8220;1.8em&#8220; border_width_all_image=&#8220;4px&#8220; border_color_all_image=&#8220;#f4583f&#8220;]<\/p>\n<p>Unser Team ist immer f\u00fcr Sie da. Zum Beispiel bei der Beantragung einer Baugenehmigung, der Gestaltung Ihres Traumprojekts, technischen, rechtlichen und steuerlichen Fragen usw.<\/p>\n<p>[\/et_pb_blurb][\/et_pb_column][et_pb_column type=&#8220;1_3&#8243; _builder_version=&#8220;3.25&#8243; custom_padding=&#8220;|||&#8220; custom_padding__hover=&#8220;|||&#8220;][et_pb_blurb title=&#8220;Bauen&#8220; image=&#8220;https:\/\/realestate-facilities.com\/wp-content\/uploads\/2020\/08\/number-icons_3.png&#8220; image_max_width=&#8220;38px&#8220; admin_label=&#8220;Process&#8220; _builder_version=&#8220;4.6.0&#8243; header_font=&#8220;Muli|700|||||||&#8220; header_text_align=&#8220;center&#8220; header_font_size=&#8220;20px&#8220; header_line_height=&#8220;1.4em&#8220; body_font=&#8220;Muli|600|||||||&#8220; body_text_align=&#8220;center&#8220; body_font_size=&#8220;16px&#8220; body_line_height=&#8220;1.8em&#8220; border_width_all_image=&#8220;4px&#8220; border_color_all_image=&#8220;#f4583f&#8220;]<\/p>\n<p>Wir verf\u00fcgen \u00fcber eine Reihe lokaler zuverl\u00e4ssiger Bauunternehmen, die gem\u00e4\u00df Vereinbarungen liefern. Die Bau\u00fcberwachung ist bei uns in guten und sicheren H\u00e4nden.<\/p>\n<p>[\/et_pb_blurb][\/et_pb_column][\/et_pb_row][\/et_pb_section][et_pb_section fb_built=&#8220;1&#8243; admin_label=&#8220;Our Works CTA Section&#8220; _builder_version=&#8220;3.22&#8243; background_color=&#8220;#1a1a1a&#8220; custom_padding=&#8220;0px|0px|0px|0px&#8220;][et_pb_row column_structure=&#8220;1_2,1_2&#8243; admin_label=&#8220;CTA Row&#8220; _builder_version=&#8220;3.25&#8243; width=&#8220;100%&#8220; max_width=&#8220;100%&#8220; custom_margin=&#8220;|||&#8220; custom_padding=&#8220;0px|0px|0px|0px&#8220; use_custom_width=&#8220;on&#8220; width_unit=&#8220;off&#8220; custom_width_percent=&#8220;100%&#8220;][et_pb_column type=&#8220;1_2&#8243; _builder_version=&#8220;3.25&#8243; custom_padding=&#8220;|||&#8220; custom_padding__hover=&#8220;|||&#8220;][et_pb_image src=&#8220;https:\/\/realestate-facilities.com\/wp-content\/uploads\/2021\/04\/overzicht-Map-Arbanija.jpg&#8220; title_text=&#8220;overzicht-Map-Arbanija&#8220; force_fullwidth=&#8220;on&#8220; align_tablet=&#8220;center&#8220; align_phone=&#8220;&#8220; align_last_edited=&#8220;on|desktop&#8220; _builder_version=&#8220;4.9.1&#8243;][\/et_pb_image][\/et_pb_column][et_pb_column type=&#8220;1_2&#8243; _builder_version=&#8220;3.25&#8243; custom_padding=&#8220;100px|60px|100px|&#8220; custom_padding_tablet=&#8220;|||60px&#8220; custom_padding_phone=&#8220;&#8220; custom_padding_last_edited=&#8220;on|desktop&#8220; padding_tablet=&#8220;|||60px&#8220; padding_last_edited=&#8220;on|desktop&#8220; custom_padding__hover=&#8220;|||&#8220;][et_pb_cta title=&#8220;Beschreibung&#8220; button_url=&#8220;@ET-DC@eyJkeW5hbWljIjp0cnVlLCJjb250ZW50IjoicG9zdF9saW5rX3VybF9wYWdlIiwic2V0dGluZ3MiOnsicG9zdF9pZCI6Ijk2In19@&#8220; button_text=&#8220;Kontakt&#8220; _builder_version=&#8220;4.9.4&#8243; _dynamic_attributes=&#8220;button_url&#8220; header_font=&#8220;Muli|700|||||||&#8220; header_text_color=&#8220;#ffffff&#8220; header_font_size=&#8220;50px&#8220; header_line_height=&#8220;1.4em&#8220; body_font=&#8220;Muli|600|||||||&#8220; body_text_align=&#8220;left&#8220; body_text_color=&#8220;rgba(255,255,255,0.55)&#8220; body_font_size=&#8220;18px&#8220; body_line_height=&#8220;1.8em&#8220; use_background_color=&#8220;off&#8220; custom_button=&#8220;on&#8220; button_text_size=&#8220;16px&#8220; button_text_color=&#8220;#ffffff&#8220; button_bg_color=&#8220;#f4583f&#8220; button_border_width=&#8220;10px&#8220; button_border_color=&#8220;#f4583f&#8220; button_border_radius=&#8220;0px&#8220; button_font=&#8220;Muli|700|||||||&#8220; button_use_icon=&#8220;off&#8220; max_width=&#8220;600px&#8220; max_width_tablet=&#8220;&#8220; max_width_phone=&#8220;&#8220; max_width_last_edited=&#8220;on|desktop&#8220; module_alignment=&#8220;left&#8220; custom_margin=&#8220;|||&#8220; custom_margin_tablet=&#8220;|||&#8220; custom_margin_phone=&#8220;|||&#8220; custom_margin_last_edited=&#8220;off|desktop&#8220; custom_padding=&#8220;|||&#8220; custom_padding_tablet=&#8220;|||&#8220; custom_padding_phone=&#8220;|||&#8220; custom_padding_last_edited=&#8220;off|desktop&#8220; hover_enabled=&#8220;0&#8243; header_font_size_tablet=&#8220;&#8220; header_font_size_phone=&#8220;40px&#8220; header_font_size_last_edited=&#8220;on|phone&#8220; button_border_radius_hover=&#8220;0px&#8220; button_text_size__hover_enabled=&#8220;off&#8220; button_one_text_size__hover_enabled=&#8220;off&#8220; button_two_text_size__hover_enabled=&#8220;off&#8220; button_text_color__hover_enabled=&#8220;off&#8220; button_one_text_color__hover_enabled=&#8220;off&#8220; button_two_text_color__hover_enabled=&#8220;off&#8220; button_border_width__hover_enabled=&#8220;off&#8220; button_one_border_width__hover_enabled=&#8220;off&#8220; button_two_border_width__hover_enabled=&#8220;off&#8220; button_border_color__hover_enabled=&#8220;off&#8220; button_one_border_color__hover_enabled=&#8220;off&#8220; button_two_border_color__hover_enabled=&#8220;off&#8220; button_border_radius__hover_enabled=&#8220;on&#8220; button_border_radius__hover=&#8220;0px&#8220; button_one_border_radius__hover_enabled=&#8220;off&#8220; button_two_border_radius__hover_enabled=&#8220;off&#8220; button_letter_spacing__hover_enabled=&#8220;off&#8220; button_one_letter_spacing__hover_enabled=&#8220;off&#8220; button_two_letter_spacing__hover_enabled=&#8220;off&#8220; button_bg_color__hover_enabled=&#8220;off&#8220; button_one_bg_color__hover_enabled=&#8220;off&#8220; button_two_bg_color__hover_enabled=&#8220;off&#8220; sticky_enabled=&#8220;0&#8243;]<\/p>\n<p>Grundst\u00fcck von 10.000m\u00b2 mit atemberaubendem Blick und Blick auf die sehr ber\u00fchmte Blaue Lagune. Voller Meerblick, 10 Autominuten vom Flughafen Split entfernt. Sehr gute Infrastruktur und leicht zug\u00e4nglich, Eingang an einer Provinzstra\u00dfe.<\/p>\n<p>Preis 295 \u20ac pro m\u00b2.<\/p>\n<p>[\/et_pb_cta][\/et_pb_column][\/et_pb_row][\/et_pb_section][et_pb_section fb_built=&#8220;1&#8243; admin_label=&#8220;Blog Section&#8220; _builder_version=&#8220;3.22&#8243; background_position=&#8220;top_center&#8220; custom_padding=&#8220;100px|0px|100px|0px&#8220;][et_pb_row admin_label=&#8220;Title Row&#8220; _builder_version=&#8220;3.25&#8243; global_module=&#8220;798&#8243;][et_pb_column type=&#8220;4_4&#8243; _builder_version=&#8220;3.25&#8243; custom_padding=&#8220;|||&#8220; custom_padding__hover=&#8220;|||&#8220;][et_pb_text admin_label=&#8220;Title &#038; Paragraph&#8220; _builder_version=&#8220;4.6.0&#8243; text_font=&#8220;Muli|600|||||||&#8220; text_font_size=&#8220;18px&#8220; text_line_height=&#8220;1.8em&#8220; header_font=&#8220;||||||||&#8220; header_2_font=&#8220;Muli|700|||||||&#8220; header_2_font_size=&#8220;50px&#8220; header_2_line_height=&#8220;1.4em&#8220; text_orientation=&#8220;center&#8220; max_width=&#8220;640px&#8220; max_width_last_edited=&#8220;off|desktop&#8220; module_alignment=&#8220;center&#8220; custom_margin=&#8220;|||&#8220; custom_margin_tablet=&#8220;0px|||0px&#8220; custom_margin_last_edited=&#8220;off|desktop&#8220; custom_padding=&#8220;|||&#8220; custom_padding_last_edited=&#8220;off|desktop&#8220; header_2_font_size_tablet=&#8220;&#8220; header_2_font_size_phone=&#8220;40px&#8220; header_2_font_size_last_edited=&#8220;on|desktop&#8220;]<\/p>\n<h2>Eindruck<\/h2>\n<p>Unten sehen Sie einen kurzen Eindruck des Grundst\u00fccks und der Umgebung. Z\u00f6gern Sie nicht, weitere Informationen anzufordern oder einen pers\u00f6nlichen Termin in unserem B\u00fcro in den Niederlanden oder in Kroatien zu vereinbaren<\/p>\n<p>[\/et_pb_text][\/et_pb_column][\/et_pb_row][et_pb_row column_structure=&#8220;1_3,1_3,1_3&#8243; _builder_version=&#8220;4.5.3&#8243; _module_preset=&#8220;default&#8220;][et_pb_column type=&#8220;1_3&#8243; _builder_version=&#8220;4.5.3&#8243; _module_preset=&#8220;default&#8220;][et_pb_image src=&#8220;https:\/\/realestate-facilities.com\/wp-content\/uploads\/2021\/04\/overzicht-Map-Arbanija.jpg&#8220; title_text=&#8220;overzicht-Map-Arbanija&#8220; show_in_lightbox=&#8220;on&#8220; _builder_version=&#8220;4.9.1&#8243; _module_preset=&#8220;default&#8220;][\/et_pb_image][\/et_pb_column][et_pb_column type=&#8220;1_3&#8243; _builder_version=&#8220;4.5.3&#8243; _module_preset=&#8220;default&#8220;][\/et_pb_column][et_pb_column type=&#8220;1_3&#8243; _builder_version=&#8220;4.5.3&#8243; _module_preset=&#8220;default&#8220;][\/et_pb_column][\/et_pb_row][\/et_pb_section]<\/p>\n","protected":false},"excerpt":{"rendered":"<p>Einzigartiges Grundst\u00fcck \/ Baugrundst\u00fcck von 10.000 m\u00b2 zum Verkauf, um Ihr Traumhaus in Kroatien zu verwirklichen. Preis 295 \u20ac pro m\u00b2Alles f\u00fcr Sie arrangiert Suchen Sie nach Bauland in Kroatien, dann sind Sie bei Real Estate Facilities genau richtig. Dank unserer langj\u00e4hrigen Erfahrung helfen wir Ihnen in allen Bereichen. Von der Auswahl des richtigen Standorts [&hellip;]<\/p>\n","protected":false},"author":1,"featured_media":0,"parent":0,"menu_order":0,"comment_status":"closed","ping_status":"closed","template":"","meta":{"_et_pb_use_builder":"on","_et_pb_old_content":"","_et_gb_content_width":"","_monsterinsights_skip_tracking":false,"_monsterinsights_sitenote_active":false,"_monsterinsights_sitenote_note":"","_monsterinsights_sitenote_category":0,"footnotes":""},"class_list":["post-1945","page","type-page","status-publish","hentry"],"yoast_head":"<!-- This site is optimized with the Yoast SEO plugin v27.4 - https:\/\/yoast.com\/product\/yoast-seo-wordpress\/ -->\n<title>Seget Donji Baugrundst\u00fcck kaufen - Real Estate Facilities<\/title>\n<meta name=\"robots\" content=\"index, follow, max-snippet:-1, max-image-preview:large, max-video-preview:-1\" \/>\n<link rel=\"canonical\" href=\"https:\/\/realestate-facilities.com\/de\/seget-donji-baugrundstueck-kaufen\/\" \/>\n<meta property=\"og:locale\" content=\"de_DE\" \/>\n<meta property=\"og:type\" content=\"article\" \/>\n<meta property=\"og:title\" content=\"Seget Donji Baugrundst\u00fcck kaufen - Real Estate Facilities\" \/>\n<meta property=\"og:description\" content=\"Einzigartiges Grundst\u00fcck \/ Baugrundst\u00fcck von 10.000 m\u00b2 zum Verkauf, um Ihr Traumhaus in Kroatien zu verwirklichen. Preis 295 \u20ac pro m\u00b2Alles f\u00fcr Sie arrangiert Suchen Sie nach Bauland in Kroatien, dann sind Sie bei Real Estate Facilities genau richtig. Dank unserer langj\u00e4hrigen Erfahrung helfen wir Ihnen in allen Bereichen. Von der Auswahl des richtigen Standorts [&hellip;]\" \/>\n<meta property=\"og:url\" content=\"https:\/\/realestate-facilities.com\/de\/seget-donji-baugrundstueck-kaufen\/\" \/>\n<meta property=\"og:site_name\" content=\"Real Estate Facilities\" \/>\n<meta name=\"twitter:card\" content=\"summary_large_image\" \/>\n<meta name=\"twitter:label1\" content=\"Gesch\u00e4tzte Lesezeit\" \/>\n\t<meta name=\"twitter:data1\" content=\"9\u00a0Minuten\" \/>\n<script type=\"application\/ld+json\" class=\"yoast-schema-graph\">{\"@context\":\"https:\\\/\\\/schema.org\",\"@graph\":[{\"@type\":\"WebPage\",\"@id\":\"https:\\\/\\\/realestate-facilities.com\\\/de\\\/seget-donji-baugrundstueck-kaufen\\\/\",\"url\":\"https:\\\/\\\/realestate-facilities.com\\\/de\\\/seget-donji-baugrundstueck-kaufen\\\/\",\"name\":\"Seget Donji Baugrundst\u00fcck kaufen - Real Estate Facilities\",\"isPartOf\":{\"@id\":\"https:\\\/\\\/realestate-facilities.com\\\/de\\\/#website\"},\"datePublished\":\"2021-05-06T09:18:21+00:00\",\"breadcrumb\":{\"@id\":\"https:\\\/\\\/realestate-facilities.com\\\/de\\\/seget-donji-baugrundstueck-kaufen\\\/#breadcrumb\"},\"inLanguage\":\"de\",\"potentialAction\":[{\"@type\":\"ReadAction\",\"target\":[\"https:\\\/\\\/realestate-facilities.com\\\/de\\\/seget-donji-baugrundstueck-kaufen\\\/\"]}]},{\"@type\":\"BreadcrumbList\",\"@id\":\"https:\\\/\\\/realestate-facilities.com\\\/de\\\/seget-donji-baugrundstueck-kaufen\\\/#breadcrumb\",\"itemListElement\":[{\"@type\":\"ListItem\",\"position\":1,\"name\":\"Home\",\"item\":\"https:\\\/\\\/realestate-facilities.com\\\/de\\\/neu\\\/\"},{\"@type\":\"ListItem\",\"position\":2,\"name\":\"Seget Donji Baugrundst\u00fcck kaufen\"}]},{\"@type\":\"WebSite\",\"@id\":\"https:\\\/\\\/realestate-facilities.com\\\/de\\\/#website\",\"url\":\"https:\\\/\\\/realestate-facilities.com\\\/de\\\/\",\"name\":\"Projectontwikkeling Kroati\u00eb\",\"description\":\"Projectontwikkeling in Kroati&euml;\",\"potentialAction\":[{\"@type\":\"SearchAction\",\"target\":{\"@type\":\"EntryPoint\",\"urlTemplate\":\"https:\\\/\\\/realestate-facilities.com\\\/de\\\/?s={search_term_string}\"},\"query-input\":{\"@type\":\"PropertyValueSpecification\",\"valueRequired\":true,\"valueName\":\"search_term_string\"}}],\"inLanguage\":\"de\"}]}<\/script>\n<!-- \/ Yoast SEO plugin. -->","yoast_head_json":{"title":"Seget Donji Baugrundst\u00fcck kaufen - Real Estate Facilities","robots":{"index":"index","follow":"follow","max-snippet":"max-snippet:-1","max-image-preview":"max-image-preview:large","max-video-preview":"max-video-preview:-1"},"canonical":"https:\/\/realestate-facilities.com\/de\/seget-donji-baugrundstueck-kaufen\/","og_locale":"de_DE","og_type":"article","og_title":"Seget Donji Baugrundst\u00fcck kaufen - Real Estate Facilities","og_description":"Einzigartiges Grundst\u00fcck \/ Baugrundst\u00fcck von 10.000 m\u00b2 zum Verkauf, um Ihr Traumhaus in Kroatien zu verwirklichen. Preis 295 \u20ac pro m\u00b2Alles f\u00fcr Sie arrangiert Suchen Sie nach Bauland in Kroatien, dann sind Sie bei Real Estate Facilities genau richtig. Dank unserer langj\u00e4hrigen Erfahrung helfen wir Ihnen in allen Bereichen. Von der Auswahl des richtigen Standorts [&hellip;]","og_url":"https:\/\/realestate-facilities.com\/de\/seget-donji-baugrundstueck-kaufen\/","og_site_name":"Real Estate Facilities","twitter_card":"summary_large_image","twitter_misc":{"Gesch\u00e4tzte Lesezeit":"9\u00a0Minuten"},"schema":{"@context":"https:\/\/schema.org","@graph":[{"@type":"WebPage","@id":"https:\/\/realestate-facilities.com\/de\/seget-donji-baugrundstueck-kaufen\/","url":"https:\/\/realestate-facilities.com\/de\/seget-donji-baugrundstueck-kaufen\/","name":"Seget Donji Baugrundst\u00fcck kaufen - Real Estate Facilities","isPartOf":{"@id":"https:\/\/realestate-facilities.com\/de\/#website"},"datePublished":"2021-05-06T09:18:21+00:00","breadcrumb":{"@id":"https:\/\/realestate-facilities.com\/de\/seget-donji-baugrundstueck-kaufen\/#breadcrumb"},"inLanguage":"de","potentialAction":[{"@type":"ReadAction","target":["https:\/\/realestate-facilities.com\/de\/seget-donji-baugrundstueck-kaufen\/"]}]},{"@type":"BreadcrumbList","@id":"https:\/\/realestate-facilities.com\/de\/seget-donji-baugrundstueck-kaufen\/#breadcrumb","itemListElement":[{"@type":"ListItem","position":1,"name":"Home","item":"https:\/\/realestate-facilities.com\/de\/neu\/"},{"@type":"ListItem","position":2,"name":"Seget Donji Baugrundst\u00fcck kaufen"}]},{"@type":"WebSite","@id":"https:\/\/realestate-facilities.com\/de\/#website","url":"https:\/\/realestate-facilities.com\/de\/","name":"Projectontwikkeling Kroati\u00eb","description":"Projectontwikkeling in Kroati&euml;","potentialAction":[{"@type":"SearchAction","target":{"@type":"EntryPoint","urlTemplate":"https:\/\/realestate-facilities.com\/de\/?s={search_term_string}"},"query-input":{"@type":"PropertyValueSpecification","valueRequired":true,"valueName":"search_term_string"}}],"inLanguage":"de"}]}},"_links":{"self":[{"href":"https:\/\/realestate-facilities.com\/de\/wp-json\/wp\/v2\/pages\/1945","targetHints":{"allow":["GET"]}}],"collection":[{"href":"https:\/\/realestate-facilities.com\/de\/wp-json\/wp\/v2\/pages"}],"about":[{"href":"https:\/\/realestate-facilities.com\/de\/wp-json\/wp\/v2\/types\/page"}],"author":[{"embeddable":true,"href":"https:\/\/realestate-facilities.com\/de\/wp-json\/wp\/v2\/users\/1"}],"replies":[{"embeddable":true,"href":"https:\/\/realestate-facilities.com\/de\/wp-json\/wp\/v2\/comments?post=1945"}],"version-history":[{"count":0,"href":"https:\/\/realestate-facilities.com\/de\/wp-json\/wp\/v2\/pages\/1945\/revisions"}],"wp:attachment":[{"href":"https:\/\/realestate-facilities.com\/de\/wp-json\/wp\/v2\/media?parent=1945"}],"curies":[{"name":"wp","href":"https:\/\/api.w.org\/{rel}","templated":true}]}}